{"id":514,"date":"2019-09-12T23:57:29","date_gmt":"2019-09-12T21:57:29","guid":{"rendered":"https:\/\/animaweb.cat\/?page_id=514"},"modified":"2022-12-30T21:30:49","modified_gmt":"2022-12-30T19:30:49","slug":"testimoniatge-damy-cas-de-suicidi-i-pas-per-la-biblioteca-dels-llibres-de-la-vida","status":"publish","type":"page","link":"https:\/\/animaweb.blog.pangea.org\/ru\/testimoniatge-damy-cas-de-suicidi-i-pas-per-la-biblioteca-dels-llibres-de-la-vida\/","title":{"rendered":"(Catal\u00e0) Testimoniatge d\u2019Amy. Cas de su\u00efcidi i pas per la biblioteca dels Llibres de la Vida."},"content":{"rendered":"<p class=\"qtranxs-available-languages-message qtranxs-available-languages-message-ru\">\u0418\u0437\u0432\u0438\u043d\u0438\u0442\u0435, \u044d\u0442\u043e\u0442 \u0442\u0435\u043a\u0441\u0442 \u0434\u043e\u0441\u0442\u0443\u043f\u0435\u043d \u0442\u043e\u043b\u044c\u043a\u043e \u043d\u0430 &ldquo;<a href=\"https:\/\/animaweb.blog.pangea.org\/ca\/wp-json\/wp\/v2\/pages\/514\" class=\"qtranxs-available-language-link qtranxs-available-language-link-ca\" title=\"Catal\u00e0\">Catal\u00e0<\/a>&rdquo;, &ldquo;<a href=\"https:\/\/animaweb.blog.pangea.org\/es\/wp-json\/wp\/v2\/pages\/514\" class=\"qtranxs-available-language-link qtranxs-available-language-link-es\" title=\"Castellano\">Castellano<\/a>&rdquo;, &ldquo;<a href=\"https:\/\/animaweb.blog.pangea.org\/en\/wp-json\/wp\/v2\/pages\/514\" class=\"qtranxs-available-language-link qtranxs-available-language-link-en\" title=\"English\">English<\/a>&rdquo;, &ldquo;<a href=\"https:\/\/animaweb.blog.pangea.org\/fr\/wp-json\/wp\/v2\/pages\/514\" class=\"qtranxs-available-language-link qtranxs-available-language-link-fr\" title=\"Fran\u00e7ais\">Fran\u00e7ais<\/a>&rdquo;, &ldquo;<a href=\"https:\/\/animaweb.blog.pangea.org\/it\/wp-json\/wp\/v2\/pages\/514\" class=\"qtranxs-available-language-link qtranxs-available-language-link-it\" title=\"Italiano\">Italiano<\/a>&rdquo;, &ldquo;<a href=\"https:\/\/animaweb.blog.pangea.org\/de\/wp-json\/wp\/v2\/pages\/514\" class=\"qtranxs-available-language-link qtranxs-available-language-link-de\" title=\"Deutsch\">Deutsch<\/a>&rdquo;, &ldquo;<a href=\"https:\/\/animaweb.blog.pangea.org\/gl\/wp-json\/wp\/v2\/pages\/514\" class=\"qtranxs-available-language-link qtranxs-available-language-link-gl\" title=\"Galego\">Galego<\/a>&rdquo;, &ldquo;<a href=\"https:\/\/animaweb.blog.pangea.org\/pt\/wp-json\/wp\/v2\/pages\/514\" class=\"qtranxs-available-language-link qtranxs-available-language-link-pt\" title=\"Portugu\u00eas\">Portugu\u00eas<\/a>&rdquo;, &ldquo;<a href=\"https:\/\/animaweb.blog.pangea.org\/eo\/wp-json\/wp\/v2\/pages\/514\" class=\"qtranxs-available-language-link qtranxs-available-language-link-eo\" title=\"Esperanto\">Esperanto<\/a>&rdquo;, &ldquo;<a href=\"https:\/\/animaweb.blog.pangea.org\/eu\/wp-json\/wp\/v2\/pages\/514\" class=\"qtranxs-available-language-link qtranxs-available-language-link-eu\" title=\"Euskera\">Euskera<\/a>&rdquo; \u0438 &ldquo;<a href=\"https:\/\/animaweb.blog.pangea.org\/ro\/wp-json\/wp\/v2\/pages\/514\" class=\"qtranxs-available-language-link qtranxs-available-language-link-ro\" title=\"Rom\u00e2n\u0103\">Rom\u00e2n\u0103<\/a>&rdquo;.<\/p>","protected":false},"excerpt":{"rendered":"<p>\u0418\u0437\u0432\u0438\u043d\u0438\u0442\u0435, \u044d\u0442\u043e\u0442 \u0442\u0435\u043a\u0441\u0442 \u0434\u043e\u0441\u0442\u0443\u043f\u0435\u043d \u0442\u043e\u043b\u044c\u043a\u043e \u043d\u0430 &ldquo;Catal\u00e0&rdquo;, &ldquo;Castellano&rdquo;, &ldquo;English&rdquo;, &ldquo;Fran\u00e7ais&rdquo;, &ldquo;Italiano&rdquo;, &ldquo;Deutsch&rdquo;, &ldquo;Galego&rdquo;, &ldquo;Portugu\u00eas&rdquo;, &ldquo;Esperanto&rdquo;, &ldquo;Euskera&rdquo; \u0438 &ldquo;Rom\u00e2n\u0103&rdquo;.<\/p>\n","protected":false},"author":12345698,"featured_media":0,"parent":0,"menu_order":0,"comment_status":"closed","ping_status":"closed","template":"","meta":{"ngg_post_thumbnail":0,"footnotes":""},"class_list":["post-514","page","type-page","status-publish","hentry"],"_links":{"self":[{"href":"https:\/\/animaweb.blog.pangea.org\/ru\/wp-json\/wp\/v2\/pages\/514","targetHints":{"allow":["GET"]}}],"collection":[{"href":"https:\/\/animaweb.blog.pangea.org\/ru\/wp-json\/wp\/v2\/pages"}],"about":[{"href":"https:\/\/animaweb.blog.pangea.org\/ru\/wp-json\/wp\/v2\/types\/page"}],"author":[{"embeddable":true,"href":"https:\/\/animaweb.blog.pangea.org\/ru\/wp-json\/wp\/v2\/users\/12345698"}],"replies":[{"embeddable":true,"href":"https:\/\/animaweb.blog.pangea.org\/ru\/wp-json\/wp\/v2\/comments?post=514"}],"version-history":[{"count":18,"href":"https:\/\/animaweb.blog.pangea.org\/ru\/wp-json\/wp\/v2\/pages\/514\/revisions"}],"predecessor-version":[{"id":2299,"href":"https:\/\/animaweb.blog.pangea.org\/ru\/wp-json\/wp\/v2\/pages\/514\/revisions\/2299"}],"wp:attachment":[{"href":"https:\/\/animaweb.blog.pangea.org\/ru\/wp-json\/wp\/v2\/media?parent=514"}],"curies":[{"name":"wp","href":"https:\/\/api.w.org\/{rel}","templated":true}]}}