{"id":890,"date":"2020-09-16T21:31:36","date_gmt":"2020-09-16T19:31:36","guid":{"rendered":"https:\/\/animaweb.cat\/?page_id=890"},"modified":"2022-12-16T13:42:35","modified_gmt":"2022-12-16T11:42:35","slug":"retorn-a-la-pau-entrevista-a-brian-weiss","status":"publish","type":"page","link":"https:\/\/animaweb.blog.pangea.org\/ro\/retorn-a-la-pau-entrevista-a-brian-weiss\/","title":{"rendered":"(Catal\u00e0) Retorn a la pau. Entrevista a Brian Weiss."},"content":{"rendered":"<p class=\"qtranxs-available-languages-message qtranxs-available-languages-message-ro\">Din p\u0103cate acest articol este disponibil doar \u00een <a href=\"https:\/\/animaweb.blog.pangea.org\/ca\/wp-json\/wp\/v2\/pages\/890\" class=\"qtranxs-available-language-link qtranxs-available-language-link-ca\" title=\"Catal\u00e0\">Catal\u00e0<\/a>, <a href=\"https:\/\/animaweb.blog.pangea.org\/es\/wp-json\/wp\/v2\/pages\/890\" class=\"qtranxs-available-language-link qtranxs-available-language-link-es\" title=\"Castellano\">Castellano<\/a>, <a href=\"https:\/\/animaweb.blog.pangea.org\/en\/wp-json\/wp\/v2\/pages\/890\" class=\"qtranxs-available-language-link qtranxs-available-language-link-en\" title=\"English\">English<\/a>, <a href=\"https:\/\/animaweb.blog.pangea.org\/fr\/wp-json\/wp\/v2\/pages\/890\" class=\"qtranxs-available-language-link qtranxs-available-language-link-fr\" title=\"Fran\u00e7ais\">Fran\u00e7ais<\/a>, <a href=\"https:\/\/animaweb.blog.pangea.org\/it\/wp-json\/wp\/v2\/pages\/890\" class=\"qtranxs-available-language-link qtranxs-available-language-link-it\" title=\"Italiano\">Italiano<\/a>, <a href=\"https:\/\/animaweb.blog.pangea.org\/de\/wp-json\/wp\/v2\/pages\/890\" class=\"qtranxs-available-language-link qtranxs-available-language-link-de\" title=\"Deutsch\">Deutsch<\/a> \u0219i <a href=\"https:\/\/animaweb.blog.pangea.org\/gl\/wp-json\/wp\/v2\/pages\/890\" class=\"qtranxs-available-language-link qtranxs-available-language-link-gl\" title=\"Galego\">Galego<\/a>.<\/p>","protected":false},"excerpt":{"rendered":"<p>Din p\u0103cate acest articol este disponibil doar \u00een Catal\u00e0, Castellano, English, Fran\u00e7ais, Italiano, Deutsch \u0219i Galego.<\/p>\n","protected":false},"author":12345698,"featured_media":0,"parent":0,"menu_order":0,"comment_status":"closed","ping_status":"closed","template":"","meta":{"ngg_post_thumbnail":0,"footnotes":""},"class_list":["post-890","page","type-page","status-publish","hentry"],"_links":{"self":[{"href":"https:\/\/animaweb.blog.pangea.org\/ro\/wp-json\/wp\/v2\/pages\/890","targetHints":{"allow":["GET"]}}],"collection":[{"href":"https:\/\/animaweb.blog.pangea.org\/ro\/wp-json\/wp\/v2\/pages"}],"about":[{"href":"https:\/\/animaweb.blog.pangea.org\/ro\/wp-json\/wp\/v2\/types\/page"}],"author":[{"embeddable":true,"href":"https:\/\/animaweb.blog.pangea.org\/ro\/wp-json\/wp\/v2\/users\/12345698"}],"replies":[{"embeddable":true,"href":"https:\/\/animaweb.blog.pangea.org\/ro\/wp-json\/wp\/v2\/comments?post=890"}],"version-history":[{"count":13,"href":"https:\/\/animaweb.blog.pangea.org\/ro\/wp-json\/wp\/v2\/pages\/890\/revisions"}],"predecessor-version":[{"id":2226,"href":"https:\/\/animaweb.blog.pangea.org\/ro\/wp-json\/wp\/v2\/pages\/890\/revisions\/2226"}],"wp:attachment":[{"href":"https:\/\/animaweb.blog.pangea.org\/ro\/wp-json\/wp\/v2\/media?parent=890"}],"curies":[{"name":"wp","href":"https:\/\/api.w.org\/{rel}","templated":true}]}}