{"id":43,"date":"2018-01-17T23:36:04","date_gmt":"2018-01-17T21:36:04","guid":{"rendered":"http:\/\/animaweb.blog.pangea.org\/?page_id=43"},"modified":"2023-02-15T20:31:44","modified_gmt":"2023-02-15T18:31:44","slug":"entrevista-al-dr-jose-luis-cabouli-al-diari-reforma-mexic-df","status":"publish","type":"page","link":"https:\/\/animaweb.blog.pangea.org\/ro\/entrevista-al-dr-jose-luis-cabouli-al-diari-reforma-mexic-df\/","title":{"rendered":"Interviu cu Dr. Jos\u00e9 Luis Cabouli \u00een ziarul Reforma, Mexico DF."},"content":{"rendered":"<p class=\"western\" lang=\"ro-RO\" align=\"justify\"><span style=\"font-family: Times New Roman, serif\"><span style=\"font-size: x-large\"><b>Interviu cu Dr. Jos\u00e9 Luis Cabouli \u00een ziarul <\/b><i><b>Reforma<\/b><\/i><b>, Mexico DF.<br \/>\n<\/b><\/span><\/span><span style=\"font-family: Times New Roman, serif\"><span style=\"font-size: large\"><b><i><img loading=\"lazy\" decoding=\"async\" class=\"alignright wp-image-783 size-full\" title=\"Reforma. Sigl\u0103.\" src=\"https:\/\/animaweb.cat\/files\/2020\/01\/Reforma_Logotipo_72ppp_200x50px.png\" alt=\"Reforma. Sigl\u0103.\" width=\"200\" height=\"50\" \/><\/i>de Natalia Vitela, Mexic, 26 august 2006.<\/b><\/span><\/span><\/p>\n<p class=\"western\" lang=\"ro-RO\" align=\"justify\"><span style=\"font-family: Times New Roman, serif\"><span style=\"font-size: large\"><b>Explic\u0103 fenomenul sufletelor posedate.<\/b><\/span><\/span><\/p>\n<p class=\"western\" lang=\"ro-RO\" align=\"justify\"><span style=\"font-family: Times New Roman, serif\"><span style=\"font-size: large\">Ai experimentat vreodat\u0103 c\u0103 cel care g\u00e2nde\u0219te, spune \u0219i ac\u021bioneaz\u0103 nu e\u0219ti tu \u0219i c\u0103 este motivat de o alt\u0103 voin\u021b\u0103 dec\u00e2t a ta? Dac\u0103 da, nu exclude\u021bi posibilitatea de a fi &#8222;posedat&#8221;.<\/span><\/span><\/p>\n<p class=\"western\" lang=\"ro-RO\" align=\"justify\"><span style=\"font-family: Times New Roman, serif\"><span style=\"font-size: large\">Cel pu\u021bin a\u0219a sus\u021bine terapeutul argentinian Jos\u00e9 Luis Cabouli, care practic\u0103 terapia vie\u021bilor trecute, care sus\u021bine c\u0103 a efectuat peste patru mii de regresii, iar \u00een zece la sut\u0103 dintre ele a \u00eent\u00e2lnit experien\u021be de posedare spiritual\u0103.<\/span><\/span><\/p>\n<p class=\"western\" lang=\"ro-RO\" align=\"justify\"><span style=\"font-family: Times New Roman, serif\"><span style=\"font-size: large\">Autorul c\u0103r\u021bii <i>Terapia de la posesi\u00f3n espiritual<\/i> (<i>T<\/i><i>erapia posed\u0103rii spiritelor<\/i>, Indigo), care a format peste dou\u0103zeci de terapeu\u021bi mexicani, precizeaz\u0103 c\u0103 atunci c\u00e2nd vorbe\u0219te despre posedare nu se refer\u0103 la ceea ce se vede \u00een filme precum <i>Ghost<\/i>, un film \u00een care Sam (Patrick Swayze) intr\u0103 \u00een corpul unei medium (Whoopi Woldberg) sau <i>The exorcism of Emily Rose<\/i>, un film \u00een care Emily Rose (Jennifer Carpenter) este posedat\u0103 de un demon.<\/span><\/span><\/p>\n<p class=\"western\" lang=\"ro-RO\" align=\"justify\"><span style=\"font-family: Times New Roman, serif\"><span style=\"font-size: large\">Ce \u00een\u021belege\u021bi prin posedare spiritual\u0103, cui i se \u00eent\u00e2mpl\u0103? \u0218i cum pot face fa\u021b\u0103? Acestea sunt c\u00e2teva dintre \u00eentreb\u0103rile la care r\u0103spunde Cabouli.<\/span><\/span><\/p>\n<p class=\"western\" lang=\"ro-RO\" align=\"justify\">\u2013<span style=\"font-family: Times New Roman, serif\"><span style=\"font-size: large\"><b>Ce este posesia spiritual\u0103?\u2013<\/b><\/span><\/span><\/p>\n<p class=\"western\" lang=\"ro-RO\" align=\"justify\">\u2013<span style=\"font-family: Times New Roman, serif\"><span style=\"font-size: large\">Vorbim despre posedare pentru c\u0103 a\u0219a a fost numit\u0103 de-a lungul timpului, pentru c\u0103, \u00een aparen\u021b\u0103, oamenii sunt poseda\u021bi, dar \u00een realitate, sufletul ne\u00eensufle\u021bit sau entitatea spiritual\u0103 a unei persoane decedate nu poate intra \u00een corp.<\/span><\/span><\/p>\n<p class=\"western\" lang=\"ro-RO\" align=\"justify\"><span style=\"font-family: Times New Roman, serif\"><span style=\"font-size: large\">Ceea ce se \u00eent\u00e2mpl\u0103 este c\u0103 intr\u0103 \u00een contact cu c\u00e2mpul vibrator al unei persoane vii \u0219i produce o interferen\u021b\u0103, deoarece psihicul persoanei moarte se amestec\u0103 la nivel subcon\u0219tient cu g\u00e2ndurile persoanei vii, dar persoana vie nu este con\u0219tient\u0103 de ceea ce se \u00eent\u00e2mpl\u0103.\u2013<\/span><\/span><\/p>\n<p class=\"western\" lang=\"ro-RO\" align=\"justify\">\u2013<span style=\"font-family: Times New Roman, serif\"><span style=\"font-size: large\"><b>Ce este un suflet ne\u00een<\/b><b>sufle\u021bit sau pierdut?\u2013<\/b><\/span><\/span><\/p>\n<p class=\"western\" lang=\"ro-RO\" align=\"justify\">\u2013<span style=\"font-family: Times New Roman, serif\"><span style=\"font-size: large\">Este sufletul unei persoane decedate care, din anumite motive, este prins \u00een planul fizic \u0219i nu se poate muta \u00een dimensiunea spiritual\u0103. Incon\u0219tien\u021ba mor\u021bii \u0219i leg\u0103turile emo\u021bionale puternice sunt c\u00e2teva motive, precum \u0219i dorin\u021ba de a avea grij\u0103 de cei dragi sau chiar de a se r\u0103zbuna pe cineva.<\/span><\/span><\/p>\n<p class=\"western\" lang=\"ro-RO\" align=\"justify\"><span style=\"font-family: Times New Roman, serif\"><span style=\"font-size: large\">Oamenii cred c\u0103 sunt demoni, dar \u00een nou\u0103zeci la sut\u0103 din cazuri sunt membri ai familiei. Exist\u0103, de asemenea, suflete oportuniste, care r\u0103m\u00e2n blocate atunci c\u00e2nd oamenii vin s\u0103 se uite \u00een jur la un accident sau merg la cimitir, iar c\u00e2mpul lor vibra\u021bional este deschis.\u2013<\/span><\/span><\/p>\n<p class=\"western\" lang=\"ro-RO\" align=\"justify\">\u2013<span style=\"font-family: Times New Roman, serif\"><span style=\"font-size: large\"><b>Ce este c\u00e2mpul vibrator?\u2013<\/b><\/span><\/span><\/p>\n<p class=\"western\" lang=\"ro-RO\" align=\"justify\">\u2013<span style=\"font-family: Times New Roman, serif\"><span style=\"font-size: large\">C\u00e2mpul vibrator care \u00eenconjoar\u0103 oamenii, denumit de obicei aura magnetic\u0103. Este un c\u00e2mp care vibreaz\u0103 \u00een permanen\u021b\u0103 \u0219i care \u00eei \u00eenconjoar\u0103 pe oameni. Acesta poate fi modificat de g\u00e2ndurile, emo\u021biile \u0219i senza\u021biile indivizilor.\u2013<\/span><\/span><\/p>\n<p class=\"western\" lang=\"ro-RO\" align=\"justify\">\u2013<span style=\"font-family: Times New Roman, serif\"><span style=\"font-size: large\"><b>Cum afecteaz\u0103 &#8222;posesia&#8221; persoana asupra c\u0103reia se intervine?\u2013<\/b><\/span><\/span><\/p>\n<p class=\"western\" lang=\"ro-RO\" align=\"justify\">\u2013<span style=\"font-family: Times New Roman, serif\"><span style=\"font-size: large\">C\u00e2nd psihicul celui decedat se amestec\u0103 cu subcon\u0219tientul celui viu, persoana poate experimenta senza\u021bii \u0219i emo\u021bii care nu-i apar\u021bin \u0219i poate suferi tulbur\u0103ri de comportament, ca \u0219i cum brusc ar exista mai mult de o voin\u021b\u0103.<\/span><\/span><\/p>\n<p class=\"western\" lang=\"ro-RO\" align=\"justify\"><span style=\"font-family: Times New Roman, serif\"><span style=\"font-size: large\">\u00cen cazurile de influen\u021b\u0103 sever\u0103, sufletul pierdut domin\u0103 mintea \u0219i voin\u021ba. Exist\u0103 momente \u00een care persoana \u00ee\u0219i pierde con\u0219tiin\u021ba de sine \u0219i cel\u0103lalt se manifest\u0103, astfel \u00eenc\u00e2t, atunci c\u00e2nd \u00ee\u0219i revine din aceast\u0103 stare, nu \u0219tie ce s-a \u00eent\u00e2mplat.\u2013<\/span><\/span><\/p>\n<p class=\"western\" lang=\"ro-RO\" align=\"justify\">\u2013<span style=\"font-family: Times New Roman, serif\"><span style=\"font-size: large\"><b>Cine este mai susceptibil?\u2013<\/b><\/span><\/span><\/p>\n<p class=\"western\" lang=\"ro-RO\" align=\"justify\">\u2013<span style=\"font-family: Times New Roman, serif\"><span style=\"font-size: large\">Nu toat\u0103 lumea sufer\u0103 de interferen\u021be, ci doar cei care au o sl\u0103biciune \u00een c\u00e2mpul vibrator din cauza unor traume psihologice \u0219i fizice. C\u00e2mpul vibrator al copiilor nu este \u00eenc\u0103 bine format, a\u0219a c\u0103 sunt mai sensibili.\u2013<\/span><\/span><\/p>\n<p class=\"western\" lang=\"ro-RO\" align=\"justify\">\u2013<span style=\"font-family: Times New Roman, serif\"><span style=\"font-size: large\"><b>\u00cen ce const\u0103 tratamentul?\u2013<\/b><\/span><\/span><\/p>\n<p class=\"western\" lang=\"ro-RO\" align=\"justify\">\u2013<span style=\"font-family: Times New Roman, serif\"><span style=\"font-size: large\">Persoana trebuie s\u0103 permit\u0103 sufletului pierdut s\u0103 vorbeasc\u0103 prin el sau ea. \u00cen primul r\u00e2nd, terapia trebuie s\u0103 fie oferit\u0103 celeilalte persoane. Cele mai multe suflete pierdute nu \u0219tiu ce se \u00eent\u00e2mpl\u0103 \u0219i trebuie s\u0103 le explica\u021bi situa\u021bia sau s\u0103 vede\u021bi care este nevoia de a r\u0103m\u00e2ne aici, \u00een planul fizic, \u0219i s\u0103 le ajuta\u021bi s\u0103 treac\u0103 \u00een dimensiunea spiritual\u0103.<\/span><\/span><\/p>\n<p class=\"western\" lang=\"ro-RO\" align=\"justify\"><span style=\"font-family: Times New Roman, serif\"><span style=\"font-size: large\">Uneori, sufletele pierdute nu pot pleca pentru c\u0103 oamenii nu-i las\u0103, ei \u00eei cheam\u0103 s\u0103 \u00eei ajute.<\/span><\/span><\/p>\n<p class=\"western\" lang=\"ro-RO\" align=\"justify\"><span style=\"font-family: Times New Roman, serif\"><span style=\"font-size: large\">Apoi, persoana trebuie s\u0103 lucreze cu ceea ce a f\u0103cut ca sufletul s\u0103 se &#8222;lipeasc\u0103&#8221; mai u\u0219or de ea.\u2013<\/span><\/span><\/p>\n<p class=\"western\" lang=\"ro-RO\" align=\"justify\"><span style=\"font-family: Times New Roman, serif\"><span style=\"font-size: large\"><b>Simptomele posesiunii spirituale.<\/b><\/span><\/span><\/p>\n<p class=\"western\" lang=\"ro-RO\" align=\"justify\"><span style=\"font-family: Times New Roman, serif\"><span style=\"font-size: large\">Manifest\u0103rile clinice de care o persoan\u0103 poate suferi atunci c\u00e2nd se afl\u0103 sub influen\u021ba sufletelor pierdute sunt:<\/span><\/span><\/p>\n<ul>\n<li>\n<p class=\"western\" lang=\"ro-RO\" align=\"justify\"><span style=\"font-family: Times New Roman, serif\"><span style=\"font-size: large\">Aud voci care vorbesc \u00een interiorul sau \u00een afara capului.<\/span><\/span><\/p>\n<\/li>\n<li>\n<p class=\"western\" lang=\"ro-RO\" align=\"justify\"><span style=\"font-family: Times New Roman, serif\"><span style=\"font-size: large\">G\u00e2nduri bizare \u0219i obsesive.<\/span><\/span><\/p>\n<\/li>\n<li>\n<p class=\"western\" lang=\"ro-RO\" align=\"justify\"><span style=\"font-family: Times New Roman, serif\"><span style=\"font-size: large\">Tulbur\u0103ri compulsive.<\/span><\/span><\/p>\n<\/li>\n<li>\n<p class=\"western\" lang=\"ro-RO\" align=\"justify\"><span style=\"font-family: Times New Roman, serif\"><span style=\"font-size: large\">Obsesii de toate felurile.<\/span><\/span><\/p>\n<\/li>\n<li>\n<p class=\"western\" lang=\"ro-RO\" align=\"justify\"><span style=\"font-family: Times New Roman, serif\"><span style=\"font-size: large\">Personalitate multipl\u0103.<\/span><\/span><\/p>\n<\/li>\n<li>\n<p class=\"western\" lang=\"ro-RO\" align=\"justify\"><span style=\"font-family: Times New Roman, serif\"><span style=\"font-size: large\">Fobii \u0219i temeri.<\/span><\/span><\/p>\n<\/li>\n<\/ul>\n<p class=\"western\" lang=\"ro-RO\" align=\"justify\"><span style=\"font-family: Times New Roman, serif\"><span style=\"font-size: large\">Link c\u0103tre interviul original \u00een limba spaniol\u0103 de pe site-ul <i>Terapia de vidas pasadas<\/i> (<i>Terapia vie\u021bii anterioare<\/i>):<\/span><\/span><\/p>\n<p class=\"western\" lang=\"ro-RO\" align=\"justify\"><span style=\"font-family: Times New Roman, serif\"><span style=\"font-size: large\"><a href=\"https:\/\/www.vidaspasadas.com.ar\/articulos\/entrevista1.html\"><span lang=\"ro-RO\"><u>https:\/\/www.vidaspasadas.com.ar\/articulos\/entrevista1.html<\/u><\/span><\/a><\/span><\/span><\/p>\n<p class=\"western\" lang=\"ro-RO\" align=\"justify\"><span style=\"font-family: Times New Roman, serif\"><span style=\"font-size: large\"><b>Traducere: Govor Marian Cosmin.<\/b><\/span><\/span><\/p>","protected":false},"excerpt":{"rendered":"<p>Interviu cu Dr. Jos\u00e9 Luis Cabouli \u00een ziarul Reforma, Mexico DF. de Natalia Vitela, Mexic, 26 august 2006. Explic\u0103 fenomenul sufletelor posedate. Ai experimentat vreodat\u0103 c\u0103 cel care g\u00e2nde\u0219te, spune &hellip; <a href=\"https:\/\/animaweb.blog.pangea.org\/ro\/entrevista-al-dr-jose-luis-cabouli-al-diari-reforma-mexic-df\/\" class=\"more-link\">Continu\u0103 lectura<span class=\"screen-reader-text\"> \u201eInterviu cu Dr. Jos\u00e9 Luis Cabouli \u00een ziarul Reforma, Mexico DF.\u201d<\/span><\/a><\/p>\n","protected":false},"author":12345698,"featured_media":0,"parent":0,"menu_order":0,"comment_status":"closed","ping_status":"closed","template":"","meta":{"ngg_post_thumbnail":0,"footnotes":""},"class_list":["post-43","page","type-page","status-publish","hentry"],"_links":{"self":[{"href":"https:\/\/animaweb.blog.pangea.org\/ro\/wp-json\/wp\/v2\/pages\/43","targetHints":{"allow":["GET"]}}],"collection":[{"href":"https:\/\/animaweb.blog.pangea.org\/ro\/wp-json\/wp\/v2\/pages"}],"about":[{"href":"https:\/\/animaweb.blog.pangea.org\/ro\/wp-json\/wp\/v2\/types\/page"}],"author":[{"embeddable":true,"href":"https:\/\/animaweb.blog.pangea.org\/ro\/wp-json\/wp\/v2\/users\/12345698"}],"replies":[{"embeddable":true,"href":"https:\/\/animaweb.blog.pangea.org\/ro\/wp-json\/wp\/v2\/comments?post=43"}],"version-history":[{"count":12,"href":"https:\/\/animaweb.blog.pangea.org\/ro\/wp-json\/wp\/v2\/pages\/43\/revisions"}],"predecessor-version":[{"id":2401,"href":"https:\/\/animaweb.blog.pangea.org\/ro\/wp-json\/wp\/v2\/pages\/43\/revisions\/2401"}],"wp:attachment":[{"href":"https:\/\/animaweb.blog.pangea.org\/ro\/wp-json\/wp\/v2\/media?parent=43"}],"curies":[{"name":"wp","href":"https:\/\/api.w.org\/{rel}","templated":true}]}}