{"id":281,"date":"2018-09-10T12:51:15","date_gmt":"2018-09-10T10:51:15","guid":{"rendered":"https:\/\/animaweb.cat\/?page_id=281"},"modified":"2023-02-16T06:05:05","modified_gmt":"2023-02-16T04:05:05","slug":"cites-i-testimonis","status":"publish","type":"page","link":"https:\/\/animaweb.blog.pangea.org\/ro\/cites-i-testimonis\/","title":{"rendered":"Citate \u0219i m\u0103rturii"},"content":{"rendered":"<p lang=\"ro-RO\" align=\"justify\"><a href=\"\/ro\/respectar-els-individus-de-les-altres-condicions-el-testimoni-develyn\/\"><span style=\"font-family: Times New Roman, serif\"><span style=\"font-size: x-large\"><b>Respecta\u021bi persoanele fizice de alte condi\u021bii. M\u0103rturia lui Evelyn.<br \/>\n<\/b><\/span><\/span><\/a><span style=\"font-family: Times New Roman, serif\"><span style=\"font-size: large\"><i>Acest caz al dr. Brian Weiss apar\u021bine unui pacient care aici ia numele de Evelyn, unde evident \u00ee\u0219i ar\u0103ta nevoia de a \u00eenv\u0103\u021ba s\u0103 respecte persoanele care apar\u021bin unui colectiv str\u0103in.<br \/>\n<\/i><\/span><\/span><span style=\"font-family: Times New Roman, serif\"><span style=\"font-size: large\">Doctorul Brian Weiss. <i>Same Soul, Many Bodies<\/i> (<i>Multe trupuri, acela\u0219i suflet<\/i><i>)<\/i>.<br \/>\n<\/span><\/span><span style=\"font-family: Times New Roman, serif\"><span style=\"font-size: large\"><b>Traducere: Govor Marian Cosmin.<\/b><\/span><\/span><\/p>\n<p class=\"western\" align=\"justify\"><span style=\"font-family: Times New Roman, serif\"><span style=\"font-size: x-large\"><b><a href=\"\/ro\/tipus-de-karma-karma-collectiu-fama-objectiu-i-perdo-cites-dels-savis\/\">Tipuri de karma, karma colectiv\u0103, faima, scopul \u0219i iertarea. Mesajele intelep\u021bilor.<\/a><br \/>\n<\/b><\/span><\/span><span style=\"font-family: Times New Roman, serif\"><span style=\"font-size: large\"><i>Prin corpul pacien\u021bilor doctorului Brian Weiss supu\u0219i la regresie hipnotic\u0103, nu numai c\u0103 poate fi accesat trecutul sufletului lor \u00een c\u0103utarea unui eveniment traumatizant, dar pot interveni \u0219i suflete ale diferi\u021bilor \u00een\u021belep\u021bi sau mae\u0219tri pentru a-i transmite terapeutului explica\u021bii despre evolu\u021bia spiritual\u0103 (&#8230;).<br \/>\n<\/i><\/span><\/span><span style=\"font-family: Times New Roman, serif\"><span style=\"font-size: large\">Doctor Brian Weiss. <i>Only Love is Real <\/i>(<i>Numai Dragostea este Real\u0103<\/i>).<br \/>\n<\/span><\/span><span style=\"font-family: Times New Roman, serif\"><span style=\"font-size: large\"><b>Traducere: Govor Marian Cosmin.<\/b><\/span><\/span><\/p>\n<p class=\"western\" lang=\"ro-RO\" align=\"justify\"><span style=\"font-family: Times New Roman, serif\"><span style=\"font-size: x-large\"><b><a href=\"\/ro\/a-la-comprensio-per-lexperiencia\/\">\u00cen\u021belegerea prin experien\u021b\u0103.<\/a><br \/>\n<\/b><\/span><\/span><span style=\"font-family: Times New Roman, serif\"><span style=\"font-size: large\">&#8222;<i>Medicul de psihiatrie Brian Weiss poveste\u0219<\/i><i>te cercet\u0103rile sale ini<\/i><i>\u021b<\/i><i>iale \u00een c\u0103utarea referin<\/i><i>\u021b<\/i><i>elor la re\u00eencarnare dup\u0103 primii pa<\/i><i>\u0219<\/i><i>i \u00ee<\/i><i>n tehnica terapiei vie\u021bii trecute <\/i><i>(&#8230;)<\/i>&#8222;.<br \/>\n<\/span><\/span><span style=\"font-family: Times New Roman, serif\"><span style=\"font-size: large\">Doctorul Brian Weiss. <i>Through Time into Healing: Discovering the Power of Regression Therapy to Erase Trauma and Transform Mind<\/i> (<i>De-a lungul timpului: Descoperirea puterii terapiei de regresie pentru a \u0219terge traumele \u0219i a transforma mintea, corpul \u0219i rela\u021biile<\/i>).<br \/>\n<\/span><\/span><span style=\"font-family: Times New Roman, serif\"><span style=\"font-size: large\"><b>Traducere: Govor Marian Cosmin.<\/b><\/span><\/span><\/p>\n<p lang=\"ro-RO\" align=\"justify\"><a href=\"\/ro\/un-cas-de-reencarnacio-immediata-en-el-grup-familiar-terapia-de-vides-passades\/\"><span style=\"font-family: Times New Roman, serif\"><span style=\"font-size: x-large\"><b>Un caz de re\u00eencarnare imediat\u0103, \u00een grupul familial.<br \/>\n<\/b><\/span><\/span><\/a><span style=\"font-family: Times New Roman, serif\"><span style=\"font-size: large\">de Leopoldo Lage, Merlo, San Luis, Argentina.<br \/>\n<\/span><\/span><span style=\"font-family: Times New Roman, serif\"><span style=\"font-size: large\"><i>Marcela (45 de ani), a venit la consulta\u021bie cu scopul de a lucra la fobia ei fa\u021b\u0103 de c\u00e2ini. De c\u00e2\u021biva ani, cei doi copii ai s\u0103i, de doisprezece \u0219i zece ani, pretindeau c\u0103 \u00ee\u0219i doresc un c\u00e2ine ca animal de companie, dar Marcelei \u00eei era foarte fric\u0103 de c\u00e2ini p\u00e2n\u0103 la punctul de a nu se putea plimba singur\u0103 prin cartierul ei \u00een care mul\u021bi c\u00e2inii liberi abundau. Marcela a vrut s\u0103 scape de acea fric\u0103 enervant\u0103 care a determinat-o s\u0103 ia atitudini aproape comice atunci c\u00e2nd d\u0103dea de un c\u00e2ine, indiferent de m\u0103rimea lui sau de circumstan\u021be <\/i><i>(&#8230;)<\/i><i>.<br \/>\n<\/i><\/span><\/span><span style=\"font-family: Times New Roman, serif\"><span style=\"font-size: large\"><b>Traducere: Govor Marian Cosmin.<\/b><\/span><\/span><\/p>\n<p class=\"western\" lang=\"ro-RO\" align=\"justify\"><span style=\"font-family: Times New Roman, serif\"><span style=\"font-size: x-large\"><b><a href=\"\/ro\/testimoniatge-damy-cas-de-suicidi-i-pas-per-la-biblioteca-dels-llibres-de-la-vida\/\">M\u0103rturia lui Amy. Caz de sinucidere \u0219i trecere prin biblioteca C\u0103r\u021bilor Vie\u021bii.<\/a><br \/>\n<\/b><\/span><\/span><span style=\"font-family: Times New Roman, serif\"><span style=\"font-size: large\"><span lang=\"ro-RO\"><i>\u00cen povestea urm\u0103toare, o pacient\u0103 a doctorului Michael Newton, care ia aici numele de Amy, retr\u0103ie\u0219te o via\u021b\u0103 trecut\u0103 \u00een care ea se sinucide pentru c\u0103 este singur\u0103, \u00eens\u0103rcinat\u0103 \u0219i \u0219i-a pierdut partenerul \u00eentr-un accident \u00een Anglia victorian\u0103. Sufletul s\u0103u r\u0103m\u00e2ne stagnant de aproximativ o sut\u0103 de ani dedicat reflect\u0103rii asupra a ceea ce a f\u0103cut, p\u00e2n\u0103 c\u00e2nd acceseaz\u0103 o bibliotec\u0103 a C\u0103r\u021bilor Vie\u021bii. Acolo stabile\u0219te un dialog cu sufletul unuia dintre bibliotecari, un profesor expert care o ajut\u0103 s\u0103-\u0219i continue drumul de evolu\u021bie spiritual\u0103 (&#8230;).<br \/>\n<\/i><\/span><\/span><\/span><span style=\"font-family: Times New Roman, serif\"><span style=\"font-size: large\"><span lang=\"ro-RO\">Michael Newton. <\/span><\/span><span style=\"font-size: large\"><span lang=\"ro-RO\"><i>Destinul Sufletelor<\/i><\/span><\/span><span style=\"font-size: large\"><span lang=\"ro-RO\">. Paginile 92 p\u00e2n\u0103 la 95.<br \/>\n<\/span><\/span><\/span><span style=\"font-family: Times New Roman, serif\"><span style=\"font-size: large\"><b>Traducere: Govor Marian Cosmin.<\/b><\/span><\/span><\/p>\n<p class=\"western\" align=\"justify\"><span style=\"font-family: Times New Roman, serif\"><span style=\"font-size: x-large\"><b><a href=\"\/ro\/cas-davortament-terapia-de-possessio-espiritual\/\">Cazul de avort. Terapia de posesiune spiritual\u0103.<\/a><br \/>\n<\/b><\/span><\/span><span style=\"font-family: Times New Roman, serif\"><span style=\"font-size: large\"><i>&#8222;BET (Bioenergoterapia) corespunde unei femei de 35 de ani care a pierdut o sarcin\u0103 de trei luni \u00een urma unui accident. Femeia s-a declarat speriat\u0103 \u0219i vinovat\u0103 pentru c\u0103 accidentul s-a datorat impruden\u021bei sale. BEG a fost ob\u021binuta \u00een timpul \u0219edin\u021bei de regresie chiar \u00een momentul \u00een care pacientul a exprimat urm\u0103toarele: &#8216;\u00cen acest moment simt c\u0103 bebelu\u0219ul este \u00een capul meu&#8217; <\/i><i>(&#8230;)&#8221;<\/i>.<br \/>\n<\/span><\/span><span style=\"font-family: Times New Roman, serif\"><span style=\"font-size: large\">Imaginea lui BET: Ra\u00fal Torres. Din cartea Doctor Jos\u00e9 Lu\u00eds Cabouli. <i>Terapia de la posesi\u00f3n espiritual. T\u00e9cnica y pr\u00e1ctica cl\u00ednica<\/i> (<i>Terapia de posesiune spiritual\u0103. Tehnic\u0103 \u0219i practic\u0103 clinic\u0103<\/i>). Editorial Indigo. Pagina 397.<br \/>\n<\/span><\/span><span style=\"font-family: Times New Roman, serif\"><span style=\"font-size: large\"><b>Traducere: Govor Marian Cosmin.<\/b><\/span><\/span><\/p>","protected":false},"excerpt":{"rendered":"<p>Respecta\u021bi persoanele fizice de alte condi\u021bii. M\u0103rturia lui Evelyn. Acest caz al dr. Brian Weiss apar\u021bine unui pacient care aici ia numele de Evelyn, unde evident \u00ee\u0219i ar\u0103ta nevoia de &hellip; <a href=\"https:\/\/animaweb.blog.pangea.org\/ro\/cites-i-testimonis\/\" class=\"more-link\">Continu\u0103 lectura<span class=\"screen-reader-text\"> \u201eCitate \u0219i m\u0103rturii\u201d<\/span><\/a><\/p>\n","protected":false},"author":12345698,"featured_media":0,"parent":0,"menu_order":0,"comment_status":"closed","ping_status":"closed","template":"","meta":{"ngg_post_thumbnail":0,"footnotes":""},"class_list":["post-281","page","type-page","status-publish","hentry"],"_links":{"self":[{"href":"https:\/\/animaweb.blog.pangea.org\/ro\/wp-json\/wp\/v2\/pages\/281","targetHints":{"allow":["GET"]}}],"collection":[{"href":"https:\/\/animaweb.blog.pangea.org\/ro\/wp-json\/wp\/v2\/pages"}],"about":[{"href":"https:\/\/animaweb.blog.pangea.org\/ro\/wp-json\/wp\/v2\/types\/page"}],"author":[{"embeddable":true,"href":"https:\/\/animaweb.blog.pangea.org\/ro\/wp-json\/wp\/v2\/users\/12345698"}],"replies":[{"embeddable":true,"href":"https:\/\/animaweb.blog.pangea.org\/ro\/wp-json\/wp\/v2\/comments?post=281"}],"version-history":[{"count":136,"href":"https:\/\/animaweb.blog.pangea.org\/ro\/wp-json\/wp\/v2\/pages\/281\/revisions"}],"predecessor-version":[{"id":2407,"href":"https:\/\/animaweb.blog.pangea.org\/ro\/wp-json\/wp\/v2\/pages\/281\/revisions\/2407"}],"wp:attachment":[{"href":"https:\/\/animaweb.blog.pangea.org\/ro\/wp-json\/wp\/v2\/media?parent=281"}],"curies":[{"name":"wp","href":"https:\/\/api.w.org\/{rel}","templated":true}]}}