{"id":1985,"date":"2022-08-24T08:58:08","date_gmt":"2022-08-24T06:58:08","guid":{"rendered":"https:\/\/animaweb.cat\/?page_id=1985"},"modified":"2023-01-22T23:16:12","modified_gmt":"2023-01-22T21:16:12","slug":"multimedia","status":"publish","type":"page","link":"https:\/\/animaweb.blog.pangea.org\/ro\/multimedia\/","title":{"rendered":"Multimedia"},"content":{"rendered":"<p lang=\"ro-RO\"><span style=\"font-family: Times New Roman, serif\"><span style=\"font-size: x-large\"><b>Multimedia<\/b><\/span><\/span><\/p>\n<p lang=\"ro-RO\" align=\"justify\"><a href=\"\/ro\/el-credit-cosmic-pel-doctor-jose-luis-cabouli-conferencia-en-castella-subtitulada-en-catala\/\"><span style=\"font-family: Times New Roman, serif\"><span style=\"font-size: x-large\"><b>&#8222;Creditul cosmic&#8221; de doctorul Jos\u00e9 Lu\u00eds Cabouli. Conferin\u021b\u0103 \u00een limba spaniol\u0103 subtitrat\u0103 \u00een <\/b><\/span><\/span><span style=\"font-family: Times New Roman, serif\"><span style=\"font-size: x-large\"><b>limba rom\u00e2n\u0103<\/b><\/span><\/span><\/a><span style=\"font-family: Times New Roman, serif\"><span style=\"font-size: x-large\"><b>.<br \/>\n<\/b><\/span><\/span><i><span style=\"font-family: Times New Roman, serif\"><span style=\"font-size: large\">Fragment din conferin\u021ba intitulat\u0103 &#8222;Via\u021ba \u00eenainte de na\u0219tere&#8221; de d<\/span><\/span><span style=\"font-family: Times New Roman, serif\"><span style=\"font-size: large\">octo<\/span><\/span><span style=\"font-family: Times New Roman, serif\"><span style=\"font-size: large\">r<\/span><\/span><span style=\"font-family: Times New Roman, serif\"><span style=\"font-size: large\">ul<\/span><\/span><span style=\"font-family: Times New Roman, serif\"><span style=\"font-size: large\"> Jos\u00e9 Lu\u00eds Cabouli, care a avut loc s\u00e2mb\u0103t\u0103, 29 august 2020, Sala Polivalent\u0103 Soler\u00e0s (L<\/span><\/span><span style=\"color: #000000\"><span style=\"font-family: Times New Roman, serif\"><span style=\"font-size: large\">e<\/span><\/span><\/span><span style=\"font-family: Times New Roman, serif\"><span style=\"font-size: large\">s Garrigues, Catalonia).<br \/>\n<\/span><\/span><\/i><span style=\"font-family: Times New Roman, serif\"><span style=\"font-size: large\">Profilul publica\u021biei &#8222;<\/span><\/span><span style=\"font-family: Times New Roman, serif\"><span style=\"font-size: large\"><i>Odysee<\/i><\/span><\/span><span style=\"font-family: Times New Roman, serif\"><span style=\"font-size: large\">&#8222;: Animaweb. Prelegeri \u00een <\/span><\/span><span style=\"font-family: Times New Roman, serif\"><span style=\"font-size: large\">limba rom\u00e2n\u0103<\/span><\/span><span style=\"font-family: Times New Roman, serif\"><span style=\"font-size: large\">. Data public\u0103rii <\/span><\/span><span style=\"font-family: Times New Roman, serif\"><span style=\"font-size: large\">\u00een<\/span><\/span><span style=\"font-family: Times New Roman, serif\"><span style=\"font-size: large\"> &#8222;<\/span><\/span><span style=\"font-family: Times New Roman, serif\"><span style=\"font-size: large\"><i>Odysee<\/i><\/span><\/span><span style=\"font-family: Times New Roman, serif\"><span style=\"font-size: large\">&#8222;: <\/span><\/span><span style=\"color: #000000\"><span style=\"font-family: Times New Roman, serif\"><span style=\"font-size: large\">m<\/span><\/span><\/span><span style=\"font-family: Times New Roman, serif\"><span style=\"font-size: large\">ar\u021bi, 20 septembrie 2022. Durata videoclipului: 3 minute \u0219i 33 de secunde. Limba: voce \u00een spaniol\u0103 cu subtitrare \u00een <\/span><\/span><span style=\"font-family: Times New Roman, serif\"><span style=\"font-size: large\">limba rom\u00e2n\u0103<\/span><\/span><span style=\"font-family: Times New Roman, serif\"><span style=\"font-size: large\">.<br \/>\n<\/span><\/span><span style=\"font-family: Times New Roman, serif\"><span style=\"font-size: large\"><b>Traducere: Govor Marian Cosmin.<\/b><\/span><\/span><\/p>","protected":false},"excerpt":{"rendered":"<p>Multimedia &#8222;Creditul cosmic&#8221; de doctorul Jos\u00e9 Lu\u00eds Cabouli. Conferin\u021b\u0103 \u00een limba spaniol\u0103 subtitrat\u0103 \u00een limba rom\u00e2n\u0103. Fragment din conferin\u021ba intitulat\u0103 &#8222;Via\u021ba \u00eenainte de na\u0219tere&#8221; de doctorul Jos\u00e9 Lu\u00eds Cabouli, care &hellip; <a href=\"https:\/\/animaweb.blog.pangea.org\/ro\/multimedia\/\" class=\"more-link\">Continu\u0103 lectura<span class=\"screen-reader-text\"> \u201eMultimedia\u201d<\/span><\/a><\/p>\n","protected":false},"author":12345698,"featured_media":0,"parent":0,"menu_order":0,"comment_status":"closed","ping_status":"closed","template":"","meta":{"ngg_post_thumbnail":0,"footnotes":""},"class_list":["post-1985","page","type-page","status-publish","hentry"],"_links":{"self":[{"href":"https:\/\/animaweb.blog.pangea.org\/ro\/wp-json\/wp\/v2\/pages\/1985","targetHints":{"allow":["GET"]}}],"collection":[{"href":"https:\/\/animaweb.blog.pangea.org\/ro\/wp-json\/wp\/v2\/pages"}],"about":[{"href":"https:\/\/animaweb.blog.pangea.org\/ro\/wp-json\/wp\/v2\/types\/page"}],"author":[{"embeddable":true,"href":"https:\/\/animaweb.blog.pangea.org\/ro\/wp-json\/wp\/v2\/users\/12345698"}],"replies":[{"embeddable":true,"href":"https:\/\/animaweb.blog.pangea.org\/ro\/wp-json\/wp\/v2\/comments?post=1985"}],"version-history":[{"count":16,"href":"https:\/\/animaweb.blog.pangea.org\/ro\/wp-json\/wp\/v2\/pages\/1985\/revisions"}],"predecessor-version":[{"id":2380,"href":"https:\/\/animaweb.blog.pangea.org\/ro\/wp-json\/wp\/v2\/pages\/1985\/revisions\/2380"}],"wp:attachment":[{"href":"https:\/\/animaweb.blog.pangea.org\/ro\/wp-json\/wp\/v2\/media?parent=1985"}],"curies":[{"name":"wp","href":"https:\/\/api.w.org\/{rel}","templated":true}]}}