{"id":171,"date":"2018-02-04T21:04:23","date_gmt":"2018-02-04T19:04:23","guid":{"rendered":"https:\/\/animaweb.cat\/?page_id=171"},"modified":"2023-02-15T20:08:51","modified_gmt":"2023-02-15T18:08:51","slug":"jose-luis-cabouli-hi-ha-casos-de-gent-amb-lanima-de-germans-morts","status":"publish","type":"page","link":"https:\/\/animaweb.blog.pangea.org\/ro\/jose-luis-cabouli-hi-ha-casos-de-gent-amb-lanima-de-germans-morts\/","title":{"rendered":"Jos\u00e9 Luis Cabouli: &#8222;Exist\u0103 cazuri de oameni cu sufletele fra\u021bilor mor\u021bi&#8221;."},"content":{"rendered":"<p class=\"western\" lang=\"ro-RO\" align=\"center\"><span style=\"font-family: Times New Roman, serif\"><span style=\"font-size: x-large\"><b>Jos\u00e9 Luis Cabouli: &#8222;Exist\u0103 cazuri de oameni cu sufletele fra<\/b><b>\u021bilor mor\u021bi&#8221;.<\/b><\/span><\/span><\/p>\n<p class=\"western\" lang=\"ro-RO\" align=\"justify\"><span style=\"font-family: Times New Roman, serif\"><span style=\"font-size: large\"><b><img loading=\"lazy\" decoding=\"async\" class=\"alignright wp-image-779 size-full\" title=\"La Verdad (Adev\u0103rul). Sigl\u0103.\" src=\"https:\/\/animaweb.cat\/files\/2020\/01\/La_Verdad_Logotip_72ppp_200x26px.png\" alt=\"La Verdad (Adev\u0103rul). Sigl\u0103.\" width=\"200\" height=\"26\" \/>La verdad. Vineri, 25 mai 2012.<\/b><\/span><\/span><\/p>\n<p class=\"western\" lang=\"ro-RO\" align=\"justify\"><span style=\"font-family: Times New Roman, serif\"><span style=\"font-size: large\"><b>&#8222;Exist\u0103<\/b><b> cazuri de oameni cu sufletele fra\u021bilor mor\u021bi&#8221;.<\/b><\/span><\/span><\/p>\n<p class=\"western\" lang=\"ro-RO\" align=\"justify\"><span style=\"font-family: Times New Roman, serif\"><span style=\"font-size: large\">Jos\u00e9 Luis Cabouli. Specialist \u00een terapie regresiv\u0103.<\/span><\/span><\/p>\n<p class=\"western\" lang=\"ro-RO\" align=\"justify\"><span style=\"font-family: Times New Roman, serif\"><span style=\"font-size: large\">Expertul folose\u0219te o tehnic\u0103 de regresie \u00een vie\u021bile anterioare pentru a rezolva conflictele \u0219i problemele psihologice ale pacien\u021bilor s\u0103i.<\/span><\/span><\/p>\n<p><img loading=\"lazy\" decoding=\"async\" class=\"aligncenter wp-image-179 size-full\" title=\"Specialistul argentinian Jos\u00e9 Luis Cabouli. A.C.\" src=\"https:\/\/animaweb.cat\/files\/2018\/02\/Jose_Luis_Cabouli_-_La_Verdad_400x428px.png\" alt=\"Specialistul argentinian Jos\u00e9 Luis Cabouli. A.C.\" width=\"400\" height=\"428\" srcset=\"https:\/\/animaweb.blog.pangea.org\/files\/2018\/02\/Jose_Luis_Cabouli_-_La_Verdad_400x428px.png 400w, https:\/\/animaweb.blog.pangea.org\/files\/2018\/02\/Jose_Luis_Cabouli_-_La_Verdad_400x428px-280x300.png 280w\" sizes=\"auto, (max-width: 400px) 85vw, 400px\" \/><\/p>\n<p class=\"western\" lang=\"ro-RO\" align=\"center\"><span style=\"font-family: Times New Roman, serif\"><span style=\"font-size: large\"><b>Specialistul a<\/b><b>rgentinian Jos\u00e9 Luis Cabouli. A.C.<\/b><\/span><\/span><\/p>\n<p class=\"western\" lang=\"ro-RO\" align=\"justify\"><span style=\"font-family: Times New Roman, serif\"><span style=\"font-size: large\"><b>M.T.B. El<\/b><\/span><\/span><span style=\"font-family: Times New Roman, serif\"><span style=\"font-size: large\"><span lang=\"ro-RO\"><b>x<\/b><\/span><\/span><\/span><span style=\"font-family: Times New Roman, serif\"><span style=\"font-size: large\">. Terapia pe care o practic\u0103 nu are nimic de-a face cu magia, hipnotismul sau <\/span><\/span><span style=\"font-family: Times New Roman, serif\"><span style=\"font-size: large\">\u0219edin\u021b<\/span><\/span><span style=\"font-family: Times New Roman, serif\"><span style=\"font-size: large\">ele ezoterice. Dr. Jos\u00e9 Luis Cabouli (Buenos Aires, Argentina, 1950), o referin<\/span><\/span><span style=\"font-family: Times New Roman, serif\"><span style=\"font-size: large\">\u021b<\/span><\/span><span style=\"font-family: Times New Roman, serif\"><span style=\"font-size: large\">\u0103 mondial\u0103 \u00een domeniul terapiei regresive, s<\/span><\/span><span style=\"font-family: Times New Roman, serif\"><span style=\"font-size: large\">us\u021b<\/span><\/span><span style=\"font-family: Times New Roman, serif\"><span style=\"font-size: large\">ine c\u0103 retr\u0103irea experien<\/span><\/span><span style=\"font-family: Times New Roman, serif\"><span style=\"font-size: large\">\u021belor traumatice din vie\u021b<\/span><\/span><span style=\"font-family: Times New Roman, serif\"><span style=\"font-size: large\">ile anterioare rezolv\u0103 conflictele <\/span><\/span><span style=\"font-family: Times New Roman, serif\"><span style=\"font-size: large\">\u0219i problemele psihologice, cum ar fi fobiile \u0219i fricile. Cele mai \u0219<\/span><\/span><span style=\"font-family: Times New Roman, serif\"><span style=\"font-size: large\">ocante cazuri pe care le-a tratat \u00een cei 25 de ani de practic\u0103 sunt cele ale pacien<\/span><\/span><span style=\"font-family: Times New Roman, serif\"><span style=\"font-size: large\">\u021bilor care descope<\/span><\/span><span style=\"font-family: Times New Roman, serif\"><span style=\"font-size: large\">r\u0103 c\u0103 sufletul unui frate sau al unei surori decedate s-a re\u00eencarnat \u00een ei. \u00cen acest weekend, acest absolvent de medicin\u0103, care a fost chirurg plastician, va sus<\/span><\/span><span style=\"font-family: Times New Roman, serif\"><span style=\"font-size: large\">\u021bine o conferin\u021b<\/span><\/span><span style=\"font-family: Times New Roman, serif\"><span style=\"font-size: large\">\u0103 <\/span><\/span><span style=\"font-family: Times New Roman, serif\"><span style=\"font-size: large\">\u0219<\/span><\/span><span style=\"font-family: Times New Roman, serif\"><span style=\"font-size: large\">i un seminar la centrul de terapii naturale Esp\u00edgol.<\/span><\/span><\/p>\n<p class=\"western\" lang=\"ro-RO\" align=\"justify\">\u2013<span style=\"font-family: Times New Roman, serif\"><span style=\"font-size: large\"><b>Trebuie s\u0103 crezi pentru ca terapia regresiv\u0103 s\u0103 fie eficient\u0103?\u2013<\/b><\/span><\/span><\/p>\n<p class=\"western\" lang=\"ro-RO\" align=\"justify\">\u2013<span style=\"font-family: Times New Roman, serif\"><span style=\"font-size: large\">Nu, nu are nimic de-a face cu convingerile, este pentru toat\u0103 lumea.\u2013<\/span><\/span><\/p>\n<p class=\"western\" lang=\"ro-RO\" align=\"justify\">\u2013<span style=\"font-family: Times New Roman, serif\"><span style=\"font-size: large\"><b>Care este obiectivul s\u0103u?\u2013<\/b><\/span><\/span><\/p>\n<p class=\"western\" lang=\"ro-RO\" align=\"justify\">\u2013<span style=\"font-family: Times New Roman, serif\"><span style=\"font-size: large\">Este vorba despre vindecarea r\u0103nilor sufletului \u0219i a traumelor. Este folosit\u0103 pentru a trata probleme psihologice, cum ar fi depresia, fobiile, fricile&#8230; chiar \u0219i durerile care nu au o cauz\u0103 medical\u0103, cum ar fi anumite dureri de cap sau nevralgii.\u2013<\/span><\/span><\/p>\n<p class=\"western\" lang=\"ro-RO\" align=\"justify\">\u2013<span style=\"font-family: Times New Roman, serif\"><span style=\"font-size: large\"><b>Sus\u021bine\u021b<\/b><b>i c\u0103 ,,cauza\u201c se afl\u0103 \u00een alte vie<\/b><b>\u021b<\/b><b>i pe care le-am tr\u0103it?\u2013<\/b><\/span><\/span><\/p>\n<p class=\"western\" lang=\"ro-RO\" align=\"justify\">\u2013<span style=\"font-family: Times New Roman, serif\"><span style=\"font-size: large\">\u00cen vie\u021bile anterioare \u0219i chiar \u00een copil\u0103rie, \u00een momentul na\u0219terii sau \u00een timpul vie\u021bii fetale. Experien\u021bele se afl\u0103 \u00een subcon\u0219tient \u0219i trebuie s\u0103 c\u0103ut\u0103m motivul traumatic ini\u021bial, pentru c\u0103 \u00eentotdeauna exist\u0103 unul, \u0219i s\u0103 \u00eel retr\u0103im pentru a-l dep\u0103\u0219i.\u2013<\/span><\/span><\/p>\n<p class=\"western\" lang=\"ro-RO\" align=\"justify\">\u2013<span style=\"font-family: Times New Roman, serif\"><span style=\"font-size: large\"><b>\u0218i cum este posibil a\u0219a ceva?\u2013<\/b><\/span><\/span><\/p>\n<p class=\"western\" lang=\"ro-RO\" align=\"justify\">\u2013<span style=\"font-family: Times New Roman, serif\"><span style=\"font-size: large\">C\u00e2nd lucrezi cu emo\u021biile, \u00eencep s\u0103 apar\u0103 experien\u021be care nu apar\u021bin domeniului vie\u021bii de zi cu zi \u0219i care apar \u00een mod natural. Prin intermediul emo\u021biilor, pacientul intr\u0103 \u00eentr-o stare de con\u0219tiin\u021b\u0103 extins\u0103. Cheia este c\u0103, pentru suflet, timpul nu exist\u0103. De exemplu, o persoan\u0103 c\u0103reia \u00eei este fric\u0103 de mare sau de naviga\u021bie poate s\u0103 fi avut experien\u021ba scufund\u0103rii Titanicului \u00eentr-o via\u021b\u0103 anterioar\u0103. Trupul a murit, dar sufletul a r\u0103mas captiv \u00een acel moment, \u00eentr-o experien\u021b\u0103 care nu are sf\u00e2r\u0219it \u0219i care s-a instalat \u00een via\u021ba prezent\u0103.\u2013<\/span><\/span><\/p>\n<p class=\"western\" lang=\"ro-RO\" align=\"justify\">\u2013<span style=\"font-family: Times New Roman, serif\"><span style=\"font-size: large\"><b>Cum v\u0103 ajuta<\/b><b>\u021bi pacien\u021b<\/b><b>ii s\u0103 le retr\u0103iasc\u0103 f\u0103r\u0103 a recurge la hipnoz\u0103?\u2013<\/b><\/span><\/span><\/p>\n<p class=\"western\" lang=\"ro-RO\" align=\"justify\">\u2013<span style=\"font-family: Times New Roman, serif\"><span style=\"font-size: large\">Trebuie s\u0103 te concentrezi asupra acelei senza\u021bii \u0219i s\u0103 o sim\u021bi profund p\u00e2n\u0103 c\u00e2nd po\u021bi asem\u0103na acea senza\u021bie cu ceea ce a provocat-o. Ceea ce te vindec\u0103 este retr\u0103irea \u00een corp \u0219i asta este partea cea mai grea, de exemplu, dac\u0103 problemele tale de respira\u021bie sau sufocarea sunt legate de faptul c\u0103 ai murit pe sp\u00e2nzur\u0103toare, trebuie s\u0103 ajungi s\u0103 sim\u021bi \u0219treangul de g\u00e2t. Astfel, sufletul se poate deta\u0219a de acea traum\u0103 \u0219i s\u0103 termine cu ea.\u2013<\/span><\/span><\/p>\n<p class=\"western\" lang=\"ro-RO\" align=\"justify\">\u2013<span style=\"font-family: Times New Roman, serif\"><span style=\"font-size: large\"><b>Ce se \u00eent\u00e2mpl\u0103 cu na<\/b><b>\u0219terea sau via\u021b<\/b><b>a fetal\u0103?\u2013<\/b><\/span><\/span><\/p>\n<p class=\"western\" lang=\"ro-RO\" align=\"justify\">\u2013<span style=\"font-family: Times New Roman, serif\"><span style=\"font-size: large\">Dac\u0103 momentul na\u0219terii noastre a fost traumatizant, ar fi putut trezi acea experien\u021b\u0103 dintr-o alt\u0103 via\u021b\u0103 trecut\u0103. De asemenea, \u00een uter, tot ceea ce i se \u00eent\u00e2mpl\u0103 mamei, f\u0103tul simte ca fiind al s\u0103u. Uneori, depresia \u0219i frica pot veni din p\u00e2ntecele mamei.\u2013<\/span><\/span><\/p>\n<p class=\"western\" lang=\"ro-RO\" align=\"justify\">\u2013<span style=\"font-family: Times New Roman, serif\"><span style=\"font-size: large\"><b>Spune\u021bi-mi cel mai \u0219ocant caz cu care v-a\u021b<\/b><b>i confruntat \u00een practica dumneavoastr\u0103.\u2013<\/b><\/span><\/span><\/p>\n<p class=\"western\" lang=\"ro-RO\" align=\"justify\">\u2013<span style=\"font-family: Times New Roman, serif\"><span style=\"font-size: large\">Unele dintre cele mai \u0219ocante cazuri se \u00eent\u00e2mpl\u0103 atunci c\u00e2nd un adult descoper\u0103, atunci c\u00e2nd lucreaz\u0103 cu regresia, c\u0103 fratele mai mare a murit \u00eenainte de a se na\u0219te. \u00cen familiile cu copii deceda\u021bi exist\u0103 o mare probabilitate ca sufletul lor s\u0103 se re\u00eencarneze \u00eentr-un alt frate sau sor\u0103.\u2013<\/span><\/span><\/p>\n<p class=\"western\" lang=\"ro-RO\" align=\"justify\"><span style=\"font-family: Times New Roman, serif\"><span style=\"font-size: large\"><b>Traducere: Govor Marian Cosmin.<\/b><\/span><\/span><\/p>","protected":false},"excerpt":{"rendered":"<p>Jos\u00e9 Luis Cabouli: &#8222;Exist\u0103 cazuri de oameni cu sufletele fra\u021bilor mor\u021bi&#8221;. La verdad. Vineri, 25 mai 2012. &#8222;Exist\u0103 cazuri de oameni cu sufletele fra\u021bilor mor\u021bi&#8221;. Jos\u00e9 Luis Cabouli. Specialist \u00een &hellip; <a href=\"https:\/\/animaweb.blog.pangea.org\/ro\/jose-luis-cabouli-hi-ha-casos-de-gent-amb-lanima-de-germans-morts\/\" class=\"more-link\">Continu\u0103 lectura<span class=\"screen-reader-text\"> \u201eJos\u00e9 Luis Cabouli: &#8222;Exist\u0103 cazuri de oameni cu sufletele fra\u021bilor mor\u021bi&#8221;.\u201d<\/span><\/a><\/p>\n","protected":false},"author":12345698,"featured_media":0,"parent":0,"menu_order":0,"comment_status":"closed","ping_status":"closed","template":"","meta":{"ngg_post_thumbnail":0,"footnotes":""},"class_list":["post-171","page","type-page","status-publish","hentry"],"_links":{"self":[{"href":"https:\/\/animaweb.blog.pangea.org\/ro\/wp-json\/wp\/v2\/pages\/171","targetHints":{"allow":["GET"]}}],"collection":[{"href":"https:\/\/animaweb.blog.pangea.org\/ro\/wp-json\/wp\/v2\/pages"}],"about":[{"href":"https:\/\/animaweb.blog.pangea.org\/ro\/wp-json\/wp\/v2\/types\/page"}],"author":[{"embeddable":true,"href":"https:\/\/animaweb.blog.pangea.org\/ro\/wp-json\/wp\/v2\/users\/12345698"}],"replies":[{"embeddable":true,"href":"https:\/\/animaweb.blog.pangea.org\/ro\/wp-json\/wp\/v2\/comments?post=171"}],"version-history":[{"count":21,"href":"https:\/\/animaweb.blog.pangea.org\/ro\/wp-json\/wp\/v2\/pages\/171\/revisions"}],"predecessor-version":[{"id":2399,"href":"https:\/\/animaweb.blog.pangea.org\/ro\/wp-json\/wp\/v2\/pages\/171\/revisions\/2399"}],"wp:attachment":[{"href":"https:\/\/animaweb.blog.pangea.org\/ro\/wp-json\/wp\/v2\/media?parent=171"}],"curies":[{"name":"wp","href":"https:\/\/api.w.org\/{rel}","templated":true}]}}