{"id":11,"date":"2018-01-17T13:56:50","date_gmt":"2018-01-17T11:56:50","guid":{"rendered":"http:\/\/animaweb.blog.pangea.org\/?page_id=11"},"modified":"2023-02-15T20:37:58","modified_gmt":"2023-02-15T18:37:58","slug":"entrevistes","status":"publish","type":"page","link":"https:\/\/animaweb.blog.pangea.org\/ro\/entrevistes\/","title":{"rendered":"Interviuri"},"content":{"rendered":"<p align=\"justify\"><a href=\"\/ro\/brian-weiss-som-animes-i-anem-de-cos-en-cos\/\"><span style=\"font-family: Times New Roman, serif\"><span style=\"font-size: x-large\"><span lang=\"ro-RO\"><b>Brian Weiss: \u201e<\/b><\/span><\/span><\/span><span style=\"font-family: Times New Roman, serif\"><span style=\"font-size: x-large\"><span lang=\"ro-RO\"><b>Suntem suflete \u0219i mergem din trup \u00een trup<\/b><\/span><\/span><\/span><span style=\"font-family: Times New Roman, serif\"><span style=\"font-size: x-large\"><span lang=\"ro-RO\"><b>\u201d.<br \/>\n<\/b><\/span><\/span><\/span><\/a><strong><span style=\"font-family: Times New Roman, serif\"><span style=\"font-size: large\"><span lang=\"ca-ES\">El Peri\u00f3dico de Catalunya<\/span><\/span><\/span><\/strong><strong><span style=\"font-family: Times New Roman, serif\"><span style=\"font-size: large\"><span lang=\"ro-RO\"> (<\/span><\/span><\/span><\/strong><span style=\"font-family: Times New Roman, serif\"><span style=\"font-size: large\"><span lang=\"ro-RO\"><b>Ziarul Cataloniei). Miercuri, 21 ianuarie 2009. Opinie. Pagina 80.<br \/>\n<\/b><\/span><\/span><\/span><span style=\"font-family: Times New Roman, serif\"><span style=\"font-size: large\"><i>Interviul cu Brian Weiss, Psihiatru specializat \u00een terapie regresiv\u0103. \u00cen Statele Unite, el a tratat aproape 4.000 de pacien\u021bi care au amintiri din vie\u021bile lor anterioare.<br \/>\n<\/i><\/span><\/span><span style=\"font-family: Times New Roman, serif\"><span style=\"font-size: large\"><span lang=\"es-ES\"><b>Traducere: Govor Marian Cosmin.<\/b><\/span><\/span><\/span><\/p>\n<p align=\"justify\"><span style=\"font-family: Times New Roman, serif\"><span style=\"font-size: x-large\"><b><a href=\"\/ro\/jose-luis-cabouli-el-teu-ego-no-suporta-tota-la-veritat\/\">Jos\u00e9 Luis Cabouli: &#8222;Ego-ul t\u0103u nu poate suporta tot adev\u0103rul&#8221;.<\/a><br \/>\n<\/b><span style=\"font-size: large\"><b>La Vanguardia. S\u00e2mb\u0103t\u0103, 23 august 2003. La Contra.<br \/>\n<\/b><\/span><\/span><\/span><span style=\"font-family: Times New Roman, serif\"><span style=\"font-size: large\"><i>Am 52 de ani. M-am n\u0103scut \u00een Buenos Aires. Am fost chirurg plastician, dar unul dintre cei care nu se \u00eembog\u0103\u021besc, iar ast\u0103zi sunt un terapeut regresiv. Am un fiu de 10 luni \u0219i unul de 20 de ani. Cred c\u0103 \u00een aceast\u0103 via\u021b\u0103 purcedem la erori din vie\u021bile anterioare pe care trebuie s\u0103 le remediem cu iubire \u0219i la traume teribile de care con\u0219tiin\u021ba noastr\u0103 trebuie s\u0103 se debaraseze atunci c\u00e2nd ne amintim de ele (&#8230;).<br \/>\n<\/i><\/span><\/span><span style=\"font-family: Times New Roman, serif\"><span style=\"font-size: large\"><b>Traducere: Govor Marian Cosmin.<\/b><\/span><\/span><\/p>\n<p class=\"western\" lang=\"ro-RO\" align=\"justify\"><a href=\"\/ro\/jose-luis-cabouli-lanima-es-el-xofer-el-cos-el-vehicle\/\"><span style=\"font-family: Times New Roman, serif\"><span style=\"font-size: x-large\"><b>Jos\u00e9 Luis Cabouli: &#8222;Sufletul este \u0219oferul; corpul, vehiculul&#8221;.<br \/>\n<\/b><\/span><\/span><\/a><span style=\"font-family: Times New Roman, serif\"><span style=\"font-size: large\"><b>El Peri\u00f3dico de Catalunya. Miercuri, 8 octombrie 2008.<br \/>\n<\/b><\/span><\/span><span style=\"font-family: Times New Roman, serif\"><span style=\"font-size: large\"><i>Jos\u00e9 Luis Cabouli practic\u0103 <\/i><i>Terapia Vie\u021bilor T<\/i><i>recute. El este un doctor \u0219i chirurg al sufletului. El presupune c\u0103 re\u00eencarnarea exist\u0103 \u0219i lucreaz\u0103 cu pacien\u021bi care poart\u0103 cu ei traume din alte vie\u021bi <\/i><i>(&#8230;)<\/i><i>.<br \/>\n<\/i><\/span><\/span><span style=\"font-family: Times New Roman, serif\"><span style=\"font-size: large\"><b>Traducere: Govor Marian Cosmin.<\/b><\/span><\/span><\/p>\n<p align=\"justify\"><a href=\"\/ro\/jose-luis-cabouli-hi-ha-casos-de-gent-amb-lanima-de-germans-morts\/\"><span style=\"font-family: Times New Roman, serif\"><span style=\"font-size: x-large\"><b>Jos\u00e9 Luis Cabouli: &#8222;Exist\u0103 cazuri de oameni cu sufletele fra<\/b><b>\u021bilor mor\u021bi&#8221;.<br \/>\n<\/b><\/span><\/span><\/a><span style=\"font-family: Times New Roman, serif\"><span style=\"font-size: large\"><b>La verdad. Vineri, 25 mai 2012.<br \/>\n<\/b><\/span><\/span><span style=\"font-family: Times New Roman, serif\"><span style=\"font-size: large\"><i>Expertul folose\u0219te o tehnic\u0103 de regresie \u00een vie\u021bile anterioare pentru a rezolva conflictele \u0219i problemele psihologice ale pacien\u021bilor s\u0103i (&#8230;).<br \/>\n<\/i><\/span><\/span><span style=\"font-family: Times New Roman, serif\"><span style=\"font-size: large\"><b>Traducere: Govor Marian Cosmin.<\/b><\/span><\/span><\/p>\n<p align=\"justify\"><a href=\"\/ro\/jose-luis-cabouli-vaig-voler-ser-un-cirurgia-danimes\/\"><span style=\"font-family: Times New Roman, serif\"><span style=\"font-size: x-large\"><b>Jos\u00e9 Luis Cabouli: &#8222;Am vrut s\u0103 fiu un chirurg de suflete&#8221;.<br \/>\n<\/b><\/span><\/span><\/a><span style=\"font-family: Times New Roman, serif\"><span style=\"font-size: large\"><b>De Luis Aubele. Interviu publicat \u00een ziarul &#8222;La Naci\u00f3n&#8221;, Buenos Aires, 22\u201103\u20112009.<br \/>\n<\/b><\/span><\/span><span style=\"font-family: Times New Roman, serif\"><span style=\"font-size: large\"><i>&#8222;Ce am fost eu \u00eenainte de a fi Jos\u00e9 Luis?&#8221;, a \u00eenceput s\u0103 se \u00eentrebe c\u00e2nd avea 8 ani. Ceea ce este amuzant este c\u0103, la acea vreme, nu auzise niciodat\u0103 de re\u00eencarnare; nu numai c\u0103 nu \u0219tia ce este, dar nici m\u0103car nu cuno\u0219tea cuv\u00e2ntul. &#8222;Abia c\u00e2\u021biva ani mai t\u00e2rziu, \u00eentre 15 \u0219i 16 ani, am \u0219tiut ce este, dar a fost nevoie de \u00eenc\u0103 20 de ani, c\u00e2nd eram deja chirurg plastician cu ani de practic\u0103, pentru a \u00een\u021belege c\u0103 re\u00eencarnarea ar putea avea un scop terapeutic&#8221;, \u00ee\u0219i aminte\u0219te Jos\u00e9 Luis Cabouli, medic \u0219i terapeut specializat \u00een terapia vie\u021bilor trecute (&#8230;).<br \/>\n<\/i><\/span><\/span><span style=\"font-family: Times New Roman, serif\"><span style=\"font-size: large\"><b>Traducere: Govor Marian Cosmin.<\/b><\/span><\/span><\/p>\n<p lang=\"ro-RO\" align=\"justify\"><a href=\"\/ro\/entrevista-al-dr-jose-luis-cabouli-al-diari-reforma-mexic-df\/\"><span style=\"font-family: Times New Roman, serif\"><span style=\"font-size: x-large\"><b>Interviu cu Dr. Jos\u00e9 Luis Cabouli \u00een ziarul <\/b><i><b>Reforma<\/b><\/i><b>, Mexico DF.<br \/>\n<\/b><\/span><\/span><\/a><span style=\"font-family: Times New Roman, serif\"><span style=\"font-size: large\"><b>de Natalia Vitela, Mexic, 26 august 2006.<br \/>\n<\/b><\/span><\/span><span style=\"font-family: Times New Roman, serif\"><span style=\"font-size: large\"><i>Ai experimentat vreodat\u0103 c\u0103 cel care g\u00e2nde\u0219te, spune \u0219i ac\u021bioneaz\u0103 nu e\u0219ti tu \u0219i c\u0103 este motivat de o alt\u0103 voin\u021b\u0103 dec\u00e2t a ta? Dac\u0103 da, nu exclude\u021bi posibilitatea de a fi &#8222;posedat&#8221; (&#8230;).<br \/>\n<\/i><\/span><\/span><span style=\"font-family: Times New Roman, serif\"><span style=\"font-size: large\"><b>Traducere: Govor Marian Cosmin.<\/b><\/span><\/span><\/p>","protected":false},"excerpt":{"rendered":"<p>Brian Weiss: \u201eSuntem suflete \u0219i mergem din trup \u00een trup\u201d. El Peri\u00f3dico de Catalunya (Ziarul Cataloniei). Miercuri, 21 ianuarie 2009. Opinie. Pagina 80. Interviul cu Brian Weiss, Psihiatru specializat \u00een &hellip; <a href=\"https:\/\/animaweb.blog.pangea.org\/ro\/entrevistes\/\" class=\"more-link\">Continu\u0103 lectura<span class=\"screen-reader-text\"> \u201eInterviuri\u201d<\/span><\/a><\/p>\n","protected":false},"author":12345698,"featured_media":0,"parent":0,"menu_order":0,"comment_status":"closed","ping_status":"closed","template":"","meta":{"ngg_post_thumbnail":0,"footnotes":""},"class_list":["post-11","page","type-page","status-publish","hentry"],"_links":{"self":[{"href":"https:\/\/animaweb.blog.pangea.org\/ro\/wp-json\/wp\/v2\/pages\/11","targetHints":{"allow":["GET"]}}],"collection":[{"href":"https:\/\/animaweb.blog.pangea.org\/ro\/wp-json\/wp\/v2\/pages"}],"about":[{"href":"https:\/\/animaweb.blog.pangea.org\/ro\/wp-json\/wp\/v2\/types\/page"}],"author":[{"embeddable":true,"href":"https:\/\/animaweb.blog.pangea.org\/ro\/wp-json\/wp\/v2\/users\/12345698"}],"replies":[{"embeddable":true,"href":"https:\/\/animaweb.blog.pangea.org\/ro\/wp-json\/wp\/v2\/comments?post=11"}],"version-history":[{"count":114,"href":"https:\/\/animaweb.blog.pangea.org\/ro\/wp-json\/wp\/v2\/pages\/11\/revisions"}],"predecessor-version":[{"id":2402,"href":"https:\/\/animaweb.blog.pangea.org\/ro\/wp-json\/wp\/v2\/pages\/11\/revisions\/2402"}],"wp:attachment":[{"href":"https:\/\/animaweb.blog.pangea.org\/ro\/wp-json\/wp\/v2\/media?parent=11"}],"curies":[{"name":"wp","href":"https:\/\/api.w.org\/{rel}","templated":true}]}}