{"id":747,"date":"2020-01-23T19:25:24","date_gmt":"2020-01-23T17:25:24","guid":{"rendered":"https:\/\/animaweb.cat\/?page_id=747"},"modified":"2022-12-16T19:58:17","modified_gmt":"2022-12-16T17:58:17","slug":"crida","status":"publish","type":"page","link":"https:\/\/animaweb.blog.pangea.org\/pt\/crida\/","title":{"rendered":"Chamada"},"content":{"rendered":"<p lang=\"pt-PT\" align=\"center\"><span style=\"font-family: Times New Roman, serif\"><span style=\"font-size: x-large\"><b>Chamada da web \u00abEm corpo e alma\u00bb.<\/b><\/span><\/span><\/p>\n<p align=\"justify\"><span style=\"font-family: Times New Roman, serif\"><span style=\"font-size: large\"><span lang=\"pt-PT\">Os praticantes de <\/span><\/span><\/span><span style=\"font-family: Times New Roman, serif\"><span style=\"font-size: large\"><span lang=\"pt-PT\"><i>Terapia de Vidas Passadas (TVP)<\/i><\/span><\/span><\/span><span style=\"font-family: Times New Roman, serif\"><span style=\"font-size: large\"><span lang=\"pt-PT\"> e da <\/span><\/span><\/span><span style=\"font-family: Times New Roman, serif\"><span style=\"font-size: large\"><span lang=\"pt-PT\"><i>Terapia de Posse Espiritual (TPE)<\/i><\/span><\/span><\/span><span style=\"font-family: Times New Roman, serif\"><span style=\"font-size: large\"><span lang=\"pt-PT\">, cada um desde diferentes estilos e variantes de tratamento e atrav\u00e9s da express\u00e3o de in\u00fameros casos, informam-nos que somos almas que passam de corpo em corpo. A partir do estudo desses casos, deduzimos que a reencarna\u00e7\u00e3o ou a metempsicose \u00e9 a via natural de aprender e aperfei\u00e7oar as almas.<\/span><\/span><\/span><\/p>\n<p align=\"justify\"><span style=\"font-family: Times New Roman, serif\"><span style=\"font-size: large\"><span lang=\"pt-PT\">Esses terapeutas colaboram no aperfei\u00e7oamento das almas, descobrindo e ajudando a resolver em seus pacientes diferentes formas de sofrimento humano. Atendendo o n\u00famero de pessoas encarnadas atualmente existentes no mundo, fazendo tamb\u00e9m uma estimativa aproximada do n\u00famero de almas desencarnadas e levando em considera\u00e7\u00e3o os diferentes eventos traum\u00e1ticos individuais e coletivos, n\u00e3o resolvidos, experimentados por toda a Humanidade no planeta Terra em sua hist\u00f3ria. Qual \u00e9 a magnitude dos conflitos traum\u00e1ticos passados, de diferentes tipos, pendentes de resolu\u00e7\u00e3o que afetam esse total de almas encarnadas e desencarnadas? Provavelmente centenas de bilh\u00f5es.<\/span><\/span><\/span><\/p>\n<p lang=\"pt-PT\" align=\"justify\"><span style=\"font-family: Times New Roman, serif\"><span style=\"font-size: large\">Para ajudar a promover esse trabalho \u00e1rduo de resolu\u00e7\u00e3o e aprimoramento da alma ou da consci\u00eancia espiritual, que atinge toda a Humanidade, um site que come\u00e7a com um n\u00famero reduzido de p\u00e1ginas, que inclui a descri\u00e7\u00e3o de alguns casos resolvidos, mas que aumenta seu conte\u00fado em um n\u00famero crescente de idiomas, pode ser uma ferramenta muito eficaz para alcan\u00e7ar todos os povos do mundo, usando uma das ferramentas da alma coletiva de cada povo, que \u00e9 sua respectiva l\u00edngua vernacular.<\/span><\/span><\/p>\n<p align=\"justify\"><span style=\"font-family: Times New Roman, serif\"><span style=\"font-size: large\"><span lang=\"pt-PT\">N\u00f3s encorajamos voc\u00ea a colaborar neste projeto, ajudando de diferentes maneiras. Traduzindo e corrigindo suas p\u00e1ginas da maneira mais correta poss\u00edvel. Tamb\u00e9m recuperando e, se necess\u00e1rio, corrigindo de acordo com o original, as cita\u00e7\u00f5es j\u00e1 traduzidas dos autores mencionados nos casos em que j\u00e1 foram feitas edi\u00e7\u00f5es do idioma para tradu\u00e7\u00e3o. Colabora\u00e7\u00f5es nos aspectos t\u00e9cnicos e est\u00e9ticos do projeto ser\u00e3o bem-vindas. Quem quiser fazer uma contribui\u00e7\u00e3o financeira poder\u00e1 faz\u00ea-lo diretamente \u00e0 pessoa ou pessoas que colaboraram e que precisam de remunera\u00e7\u00e3o, uma vez que este projeto trata de suprimir a burocracia administrativa. Todas as pessoas e grupos que participam deste projeto, se assim o desejarem, poderam aparecer com seus nomes na p\u00e1gina de agradecimentos e tamb\u00e9m nas p\u00e1ginas em que participaron expressamente.<\/span><\/span><\/span><\/p>\n<p align=\"justify\"><span style=\"font-family: Times New Roman, serif\"><span style=\"font-size: large\"><span lang=\"pt-PT\">Nossa humanidade est\u00e1 avan\u00e7ando rapidamente a partir de certos aspectos da pesquisa cient\u00edfica e t\u00e9cnica, mas sofre um grande atraso pelo conhecimento da realidade espiritual, o que tamb\u00e9m envolve um grande atraso \u00e9tico. Essa situa\u00e7\u00e3o p\u00f5e em risco a continuidade da vida nesta grande escola que \u00e9 o nosso planeta. Com este projeto, que come\u00e7a com informa\u00e7\u00f5es b\u00e1sicas e n\u00e3o precisa ser o \u00fanico, queremos ajudar a compensar esse desequil\u00edbrio e estimular outros projetos que desejam ir mais al\u00e9m.<\/span><\/span><\/span><\/p>\n<p align=\"right\"><span style=\"font-family: Times New Roman, serif\"><span style=\"font-size: large\"><span lang=\"pt-PT\">Equipe do site <\/span><\/span><\/span><span style=\"font-family: Times New Roman, serif\"><span style=\"font-size: large\"><span lang=\"pt-PT\"><i>Em corpo e alma<\/i><\/span><\/span><\/span><span style=\"font-family: Times New Roman, serif\"><span style=\"font-size: large\"><span lang=\"pt-PT\">.<br \/>\n<\/span><\/span><\/span><span style=\"font-family: Times New Roman, serif\"><span style=\"font-size: large\">Ter\u00e7a-feira, 21 de janeiro de 2020.<br \/>\n<\/span><\/span><span style=\"font-family: Times New Roman, serif\"><span style=\"font-size: large\"><b>Tradu\u00e7\u00e3o: Marisabel Tropea e Jonatan Zamarchi.<\/b><\/span><\/span><\/p>","protected":false},"excerpt":{"rendered":"<p>Chamada da web \u00abEm corpo e alma\u00bb. Os praticantes de Terapia de Vidas Passadas (TVP) e da Terapia de Posse Espiritual (TPE), cada um desde diferentes estilos e variantes de &hellip; <a href=\"https:\/\/animaweb.blog.pangea.org\/pt\/crida\/\" class=\"more-link\">Continuar a ler<span class=\"screen-reader-text\"> &#8220;Chamada&#8221;<\/span><\/a><\/p>\n","protected":false},"author":12345698,"featured_media":0,"parent":0,"menu_order":0,"comment_status":"closed","ping_status":"closed","template":"","meta":{"ngg_post_thumbnail":0,"footnotes":""},"class_list":["post-747","page","type-page","status-publish","hentry"],"_links":{"self":[{"href":"https:\/\/animaweb.blog.pangea.org\/pt\/wp-json\/wp\/v2\/pages\/747","targetHints":{"allow":["GET"]}}],"collection":[{"href":"https:\/\/animaweb.blog.pangea.org\/pt\/wp-json\/wp\/v2\/pages"}],"about":[{"href":"https:\/\/animaweb.blog.pangea.org\/pt\/wp-json\/wp\/v2\/types\/page"}],"author":[{"embeddable":true,"href":"https:\/\/animaweb.blog.pangea.org\/pt\/wp-json\/wp\/v2\/users\/12345698"}],"replies":[{"embeddable":true,"href":"https:\/\/animaweb.blog.pangea.org\/pt\/wp-json\/wp\/v2\/comments?post=747"}],"version-history":[{"count":25,"href":"https:\/\/animaweb.blog.pangea.org\/pt\/wp-json\/wp\/v2\/pages\/747\/revisions"}],"predecessor-version":[{"id":2238,"href":"https:\/\/animaweb.blog.pangea.org\/pt\/wp-json\/wp\/v2\/pages\/747\/revisions\/2238"}],"wp:attachment":[{"href":"https:\/\/animaweb.blog.pangea.org\/pt\/wp-json\/wp\/v2\/media?parent=747"}],"curies":[{"name":"wp","href":"https:\/\/api.w.org\/{rel}","templated":true}]}}