{"id":281,"date":"2018-09-10T12:51:15","date_gmt":"2018-09-10T10:51:15","guid":{"rendered":"https:\/\/animaweb.cat\/?page_id=281"},"modified":"2023-02-16T06:05:05","modified_gmt":"2023-02-16T04:05:05","slug":"cites-i-testimonis","status":"publish","type":"page","link":"https:\/\/animaweb.blog.pangea.org\/pt\/cites-i-testimonis\/","title":{"rendered":"Citas e testemunhas"},"content":{"rendered":"<p lang=\"pt-PT\" align=\"justify\"><span style=\"font-family: Times New Roman, serif\"><span style=\"font-size: x-large\"><b><a href=\"\/pt\/respectar-els-individus-de-les-altres-condicions-el-testimoni-develyn\/\">Respeitar as pessoas com condi\u00e7\u00f5es diferentes. O testemunho de Evelyn.<\/a><br \/>\n<\/b><\/span><\/span><span style=\"font-family: Times New Roman, serif\"><span style=\"font-size: large\"><i>Este caso do Dr. Brian Weiss pertence a um paciente que aqui leva o nome de Evelyn, onde \u00e9 evidenciada a necessidade de aprender a respeitar as pessoas pertencentes a um grupo estrangeiro <\/i><i>(&#8230;)<\/i>.<br \/>\n<\/span><\/span><span style=\"font-family: Times New Roman, serif\"><span style=\"font-size: large\"><span lang=\"pt-PT\">Doutor Brian Weiss. <\/span><\/span><\/span><span style=\"font-family: Times New Roman, serif\"><span style=\"font-size: large\"><span lang=\"pt-PT\"><i>Muitos corpos, uma s\u00f3 alma. A Terapia atrav\u00e9s de Vidas Futuras<\/i><\/span><\/span><\/span><span style=\"font-family: Times New Roman, serif\"><span style=\"font-size: large\"><span lang=\"pt-PT\">. Free Press.<br \/>\n<\/span><\/span><\/span><span style=\"font-family: Times New Roman, serif\"><span style=\"font-size: large\"><b>Corre\u00e7\u00e3o da vers\u00e3o original em ingl\u00eas: Adriana Grosso.<br \/>\n<\/b><\/span><\/span><\/p>\n<p class=\"western\" lang=\"pt-PT\" align=\"justify\"><span style=\"font-family: Times New Roman, serif\"><span style=\"font-size: x-large\"><b><a href=\"\/pt\/tipus-de-karma-karma-collectiu-fama-objectiu-i-perdo-cites-dels-savis\/\">Tipo de karma, karma coletivo, fama, prop\u00f3sito e perd\u00e3o. Nomea\u00e7\u00f5es de pessoas s\u00e1bias.<\/a><br \/>\n<\/b><\/span><\/span><span style=\"font-family: Times New Roman, serif\"><span style=\"font-size: large\"><span lang=\"pt-PT\">\u00ab<\/span><\/span><\/span><span style=\"font-family: Times New Roman, serif\"><span style=\"font-size: large\"><span lang=\"pt-PT\"><i>Atrav\u00e9s do corpo dos pacientes do Doutor Brian Weiss submetidos a regress\u00e3o hipn\u00f3tica, n\u00e3o s\u00f3 se pode ascender ao passado de sua alma em busca de um acontecimento traum\u00e1tico, se n\u00e3o que tamb\u00e9m almas de diferentes s\u00e1bios ou mestres podem intervir para transmitir ao terapeuta explica\u00e7\u00f5es sobre a evolu\u00e7\u00e3o espiritual <\/i><\/span><\/span><\/span><span style=\"font-family: Times New Roman, serif\"><span style=\"font-size: large\"><span lang=\"pt-PT\">(&#8230;)\u00bb.<br \/>\n<\/span><\/span><\/span><span style=\"font-family: Times New Roman, serif\"><span style=\"font-size: large\"><span lang=\"pt-PT\">Brian Weiss. <\/span><\/span><\/span><span style=\"font-family: Times New Roman, serif\"><span style=\"font-size: large\"><span lang=\"pt-PT\"><i>S\u00f3 o Amor \u00e9 Real. A hist\u00f3ria do reencontro de Almas G\u00eameas<\/i><\/span><\/span><\/span><span style=\"font-family: Times New Roman, serif\"><span style=\"font-size: large\"><span lang=\"pt-PT\">. Editora Pergaminho, 1999.<br \/>\n<\/span><\/span><\/span><span style=\"font-family: Times New Roman, serif\"><span style=\"font-size: large\"><b>Tradu\u00e7\u00e3o e revis\u00e3o: Simone de Souza.<\/b><\/span><\/span><\/p>\n<p lang=\"pt-BR\" align=\"justify\"><span style=\"font-family: Times New Roman, serif\"><span style=\"font-size: x-large\"><b><a href=\"\/pt\/a-la-comprensio-per-lexperiencia\/\">A compreens\u00e3o atrav\u00e9s da experi\u00eancia.<\/a><br \/>\n<\/b><\/span><\/span><span style=\"font-family: Times New Roman, serif\"><span style=\"font-size: large\"><i>O Doutor em Psiquiatria Brian Weiss relata suas investiga\u00e7\u00f5es iniciais em busca de refer\u00eancias sobre a reencarna\u00e7\u00e3o ap\u00f3s seus primeiros passos com a t\u00e9cnica da terapia de vidas passadas.<br \/>\n<\/i><\/span><\/span><span style=\"font-family: Times New Roman, serif\"><span style=\"font-size: large\">Doutor Brian Weiss. <i>O Passado Cura. A Terapia Atrav\u00e9s de Vidas Passadas<\/i>. Editora Pergaminho, 1999.<br \/>\n<\/span><\/span><span style=\"font-family: Times New Roman, serif\"><span style=\"font-size: large\"><b>Corre\u00e7\u00e3o em rela\u00e7\u00e3o \u00e0 vers\u00e3o original em ingl\u00eas: Marisabel Tropea.<\/b><\/span><\/span><\/p>\n<p align=\"justify\"><span style=\"font-family: Times New Roman, serif\"><span style=\"font-size: x-large\"><span lang=\"pt-BR\"><b><a href=\"https:\/\/animaweb.cat\/pt\/un-cas-de-reencarnacio-immediata-en-el-grup-familiar-terapia-de-vides-passades\/\">Um caso de reencarna\u00e7\u00e3o imediata no grupo familiar. Terapia de Vidas Passadas.<\/a><br \/>\n<\/b><\/span><\/span><\/span><span style=\"font-family: Times New Roman, serif\"><span style=\"font-size: large\"><span lang=\"pt-BR\"><i>Marcela (45 anos) veio ao consult\u00f3rio com o objetivo de trabalhar sua fobia em c\u00e3es. Fazia v\u00e1rios anos que seus dois filhos, de doze e dez anos, estavam reivindicando que queriam um cachorro como animal de estima\u00e7\u00e3o, mas Marcela tinha muito medo de c\u00e3es a ponto de n\u00e3o poder andar sozinha em seu bairro, onde muitos c\u00e3es soltos abundavam. Marcela queria se livrar desse medo irritante que a levou a tomar atitudes quase c\u00f4micas quando encontrou um cachorro, independentemente do tamanho ou das circunst\u00e2ncias <\/i><\/span><span lang=\"pt-BR\"><i>(&#8230;)<\/i><\/span><span lang=\"pt-BR\">.<br \/>\n<\/span><\/span><\/span><span style=\"font-family: Times New Roman, serif\"><span style=\"font-size: large\"><i><span lang=\"pt-BR\">de Leopoldo Lage, Merlo, San Luis, Argentina.<br \/>\n<\/span><\/i><\/span><\/span><span style=\"font-family: Times New Roman, serif\"><span style=\"font-size: large\"><b>Tradu\u00e7\u00e3o: Adriana Grosso.<\/b><\/span><\/span><\/p>\n<p lang=\"pt-PT\" align=\"justify\"><span style=\"font-family: Times New Roman, serif\"><span style=\"font-size: x-large\"><b><a href=\"\/pt\/testimoniatge-damy-cas-de-suicidi-i-pas-per-la-biblioteca-dels-llibres-de-la-vida\/\">Depoimento de Amy. Caso de suic\u00eddio e passagem pela biblioteca dos Livros da Vida.<\/a><br \/>\n<\/b><\/span><\/span><span style=\"font-family: Times New Roman, serif\"><span style=\"font-size: large\">\u00ab<i>No seguinte relato, uma paciente do Doutor Michael Newton, que aqui recebe o nome de Amy, revive uma vida passada na qual se suicida por encontrar-se solteira, gr\u00e1vida e ter perdido seu companheiro em um acidente na Inglaterra victoriana. Sua alma fica estancada cem anos dedicada \u00e0 reflexionar sobre o que havia feito, at\u00e9 que acende \u00e0 uma biblioteca dos Livros da Vida. L\u00e1 estabelece um di\u00e1logo com a alma de um dos bibliotec\u00e1rios, um mestre que a ajuda a continuar no seu caminho de evolu\u00e7\u00e3o espiritual <\/i><i>(&#8230;)<\/i>\u00bb.<br \/>\n<\/span><\/span><span style=\"font-family: Times New Roman, serif\"><span style=\"font-size: large\">Doutor Michael Newton. <i>Destino das Almas<\/i>.<br \/>\n<\/span><\/span><span style=\"font-family: Times New Roman, serif\"><span style=\"font-size: large\"><b>Revis\u00e3o: Simone de Souza.<br \/>\n<\/b><\/span><\/span><\/p>\n<p align=\"justify\"><span style=\"font-family: Liberation Serif\"><span style=\"font-size: medium\"><span style=\"font-family: Times New Roman, serif\"><span style=\"font-size: x-large\"><span lang=\"pt-PT\"><b><a href=\"\/pt\/cas-davortament-terapia-de-possessio-espiritual\/\">Caso de aborto. Terapia de posess\u00e3o espiritual.<\/a><br \/>\n<\/b><\/span><\/span><\/span><\/span><\/span><span style=\"font-family: Liberation Serif\"><span style=\"font-size: medium\"><span style=\"font-family: Times New Roman, serif\"><span style=\"font-size: large\"><span lang=\"pt-PT\">\u00ab<\/span><\/span><\/span><span style=\"font-family: Times New Roman, serif\"><span style=\"font-size: large\"><span lang=\"pt-PT\"><i>A BEG (Bioelectrograf\u00eda) corresponde a uma mulher de trinta e cinco anos que perdeu uma gesta\u00e7\u00e3o de tr\u00eas meses como consequ\u00eancia de um acidente. A mulher sentia medo e culpa porque o acidente se origino de sua imprud\u00eancia. A BEG foi obtida durante a sess\u00e3o de regress\u00e3o justo no momento em que a paciente expresso o seguinte: &#8220;Em este momento sinto que o beb\u00e9 est\u00e1 dentro da minha cabe\u00e7a&#8221;<\/i><\/span><\/span><\/span><span style=\"font-family: Times New Roman, serif\"><span style=\"font-size: large\"><span lang=\"pt-PT\">\u00bb.<br \/>\n<\/span><\/span><\/span><\/span><\/span><span style=\"font-family: Liberation Serif\"><span style=\"font-size: medium\"><span style=\"font-family: Times New Roman, serif\"><span style=\"font-size: large\"><span lang=\"pt-PT\">Imagen da BEG: Ra\u00fal Torres. Do livro do Doutor Jos\u00e9 Lu\u00eds Cabouli. <\/span><\/span><\/span><span style=\"font-family: Times New Roman, serif\"><span style=\"font-size: large\"><span lang=\"pt-PT\"><i>Terapia de la Posesi\u00f3n Espiritual. T\u00e9cnica y pr\u00e1ctica cl\u00ednica<\/i><\/span><\/span><\/span> <span style=\"font-family: Times New Roman, serif\"><span style=\"font-size: large\"><span lang=\"pt-PT\">(<\/span><\/span><\/span><span style=\"font-family: Times New Roman, serif\"><span style=\"font-size: large\"><span lang=\"pt-PT\"><i>Terapia da possess\u00e3o espiritual. T\u00e9cnica e pr\u00e1tica cl\u00ednica<\/i><\/span><\/span><\/span><span style=\"font-family: Times New Roman, serif\"><span style=\"font-size: large\"><span lang=\"pt-PT\">)<\/span><\/span><\/span><span style=\"font-family: Times New Roman, serif\"><span style=\"font-size: large\"><span lang=\"pt-PT\">. Editorial \u00cdndigo. P\u00e1gina 397.<br \/>\n<\/span><\/span><\/span><\/span><\/span><span style=\"font-family: Liberation Serif\"><span style=\"font-size: medium\"><span style=\"font-family: Times New Roman, serif\"><span style=\"font-size: large\"><span lang=\"pt-PT\"><b>Tradu\u00e7\u00e3o: Simone de Souza.<\/b><\/span><\/span><\/span><\/span><\/span><\/p>","protected":false},"excerpt":{"rendered":"<p>Respeitar as pessoas com condi\u00e7\u00f5es diferentes. O testemunho de Evelyn. Este caso do Dr. Brian Weiss pertence a um paciente que aqui leva o nome de Evelyn, onde \u00e9 evidenciada &hellip; <a href=\"https:\/\/animaweb.blog.pangea.org\/pt\/cites-i-testimonis\/\" class=\"more-link\">Continuar a ler<span class=\"screen-reader-text\"> &#8220;Citas e testemunhas&#8221;<\/span><\/a><\/p>\n","protected":false},"author":12345698,"featured_media":0,"parent":0,"menu_order":0,"comment_status":"closed","ping_status":"closed","template":"","meta":{"ngg_post_thumbnail":0,"footnotes":""},"class_list":["post-281","page","type-page","status-publish","hentry"],"_links":{"self":[{"href":"https:\/\/animaweb.blog.pangea.org\/pt\/wp-json\/wp\/v2\/pages\/281","targetHints":{"allow":["GET"]}}],"collection":[{"href":"https:\/\/animaweb.blog.pangea.org\/pt\/wp-json\/wp\/v2\/pages"}],"about":[{"href":"https:\/\/animaweb.blog.pangea.org\/pt\/wp-json\/wp\/v2\/types\/page"}],"author":[{"embeddable":true,"href":"https:\/\/animaweb.blog.pangea.org\/pt\/wp-json\/wp\/v2\/users\/12345698"}],"replies":[{"embeddable":true,"href":"https:\/\/animaweb.blog.pangea.org\/pt\/wp-json\/wp\/v2\/comments?post=281"}],"version-history":[{"count":136,"href":"https:\/\/animaweb.blog.pangea.org\/pt\/wp-json\/wp\/v2\/pages\/281\/revisions"}],"predecessor-version":[{"id":2407,"href":"https:\/\/animaweb.blog.pangea.org\/pt\/wp-json\/wp\/v2\/pages\/281\/revisions\/2407"}],"wp:attachment":[{"href":"https:\/\/animaweb.blog.pangea.org\/pt\/wp-json\/wp\/v2\/media?parent=281"}],"curies":[{"name":"wp","href":"https:\/\/api.w.org\/{rel}","templated":true}]}}