{"id":1985,"date":"2022-08-24T08:58:08","date_gmt":"2022-08-24T06:58:08","guid":{"rendered":"https:\/\/animaweb.cat\/?page_id=1985"},"modified":"2023-01-22T23:16:12","modified_gmt":"2023-01-22T21:16:12","slug":"multimedia","status":"publish","type":"page","link":"https:\/\/animaweb.blog.pangea.org\/pt\/multimedia\/","title":{"rendered":"Multim\u00eddia"},"content":{"rendered":"<p lang=\"pt-PT\"><span style=\"font-family: Times New Roman, serif\"><span style=\"font-size: x-large\"><b>Multim\u00eddia<\/b><\/span><\/span><\/p>\n<p lang=\"pt-PT\" align=\"justify\"><a href=\"\/pt\/el-credit-cosmic-pel-doctor-jose-luis-cabouli-conferencia-en-castella-subtitulada-en-catala\/\"><span style=\"font-size: x-large\"><span style=\"font-family: Times New Roman, serif\"><b>\u00abO cr\u00e9dito c\u00f3smico\u00bb com Doutor Jos\u00e9 Luis Cabouli. Confer\u00eancia en castellano subtitulada en portugu\u00eas.<\/b><\/span><\/span><\/a><br \/>\n<span style=\"font-size: x-large\"><span style=\"font-family: Times New Roman, serif\"><span style=\"font-size: large\">\u00ab<i>Fragmento da conferencia titulada &#8220;a vida antes de nascer&#8221; o Doutor Jos\u00e9 Luis Cabouli celebrada na Sala Polivalente de Soler\u00e0s (Les Garrigues, Catalunya). S\u00e1bado, 29 de agosto de 2020 (&#8230;)<\/i>\u00bb.<\/span><\/span><\/span><br \/>\n<span style=\"font-size: x-large\"><span style=\"font-family: Times New Roman, serif\"><span style=\"font-size: large\">Perfil de publica\u00e7\u00e3o de \u00ab<i>Odysee<\/i>\u00bb: Animaweb. Confer\u00eancias em portugu\u00e9s. Data de publica\u00e7\u00e3o en \u00ab<i>Odysee<\/i>\u00bb: Domingo, 11 de dezembro de 2022. Dura\u00e7\u00e3o do v\u00eddeo: 3 minutos e 33 segundos. Idioma: voz en castellano con subt\u00edtulos en portugu\u00e9s.<\/span><\/span><\/span><br \/>\n<span style=\"font-family: Times New Roman, serif\"><span style=\"font-size: large\"><b>Tradu\u00e7\u00e3o: Simone de Souza.<\/b><\/span><\/span><\/p>","protected":false},"excerpt":{"rendered":"<p>Multim\u00eddia \u00abO cr\u00e9dito c\u00f3smico\u00bb com Doutor Jos\u00e9 Luis Cabouli. Confer\u00eancia en castellano subtitulada en portugu\u00eas. \u00abFragmento da conferencia titulada &#8220;a vida antes de nascer&#8221; o Doutor Jos\u00e9 Luis Cabouli celebrada &hellip; <a href=\"https:\/\/animaweb.blog.pangea.org\/pt\/multimedia\/\" class=\"more-link\">Continuar a ler<span class=\"screen-reader-text\"> &#8220;Multim\u00eddia&#8221;<\/span><\/a><\/p>\n","protected":false},"author":12345698,"featured_media":0,"parent":0,"menu_order":0,"comment_status":"closed","ping_status":"closed","template":"","meta":{"ngg_post_thumbnail":0,"footnotes":""},"class_list":["post-1985","page","type-page","status-publish","hentry"],"_links":{"self":[{"href":"https:\/\/animaweb.blog.pangea.org\/pt\/wp-json\/wp\/v2\/pages\/1985","targetHints":{"allow":["GET"]}}],"collection":[{"href":"https:\/\/animaweb.blog.pangea.org\/pt\/wp-json\/wp\/v2\/pages"}],"about":[{"href":"https:\/\/animaweb.blog.pangea.org\/pt\/wp-json\/wp\/v2\/types\/page"}],"author":[{"embeddable":true,"href":"https:\/\/animaweb.blog.pangea.org\/pt\/wp-json\/wp\/v2\/users\/12345698"}],"replies":[{"embeddable":true,"href":"https:\/\/animaweb.blog.pangea.org\/pt\/wp-json\/wp\/v2\/comments?post=1985"}],"version-history":[{"count":16,"href":"https:\/\/animaweb.blog.pangea.org\/pt\/wp-json\/wp\/v2\/pages\/1985\/revisions"}],"predecessor-version":[{"id":2380,"href":"https:\/\/animaweb.blog.pangea.org\/pt\/wp-json\/wp\/v2\/pages\/1985\/revisions\/2380"}],"wp:attachment":[{"href":"https:\/\/animaweb.blog.pangea.org\/pt\/wp-json\/wp\/v2\/media?parent=1985"}],"curies":[{"name":"wp","href":"https:\/\/api.w.org\/{rel}","templated":true}]}}