{"id":1978,"date":"2022-08-24T08:42:06","date_gmt":"2022-08-24T06:42:06","guid":{"rendered":"https:\/\/animaweb.cat\/?page_id=1978"},"modified":"2023-01-23T23:32:15","modified_gmt":"2023-01-23T21:32:15","slug":"el-credit-cosmic-pel-doctor-jose-luis-cabouli-conferencia-en-castella-subtitulada-en-catala","status":"publish","type":"page","link":"https:\/\/animaweb.blog.pangea.org\/pt\/el-credit-cosmic-pel-doctor-jose-luis-cabouli-conferencia-en-castella-subtitulada-en-catala\/","title":{"rendered":"\u00abO cr\u00e9dito c\u00f3smico\u00bb com Doutor Jos\u00e9 Luis Cabouli. Confer\u00eancia en castellano subtitulada en portugu\u00eas."},"content":{"rendered":"<p class=\"western\" align=\"center\"><span style=\"font-size: x-large\"><span style=\"color: #000000\"><span style=\"font-family: Times New Roman, serif\"><b>\u00abO cr\u00e9dito c\u00f3smico\u00bb com Doutor Jos\u00e9 Luis Cabouli. Confer\u00eancia en castellano subtitulada en portugu\u00eas.<\/b><\/span><\/span><\/span><\/p>\n<p style=\"text-align: center\" align=\"justify\"><a href=\"https:\/\/odysee.com\/@animaweb:b\/Doctor_Jose_Luis_Cabouli_El_credito_cosmico_castellano_subtitulado_Portugues:a\"><img loading=\"lazy\" decoding=\"async\" class=\"aligncenter size-full wp-image-2207\" src=\"https:\/\/animaweb.cat\/files\/2022\/12\/Doctor_Jose_Luis_Cabouli_El_credito_cosmico_castellano_subtitulado_castellano_primer_fotograma_72ppp_800x450px_Portugues_2.png\" alt=\"\u00abO cr\u00e9dito c\u00f3smico\u00bb com Doutor Jos\u00e9 Luis Cabouli. Confer\u00eancia en castellano subtitulada en portugu\u00eas.\" width=\"800\" height=\"450\" srcset=\"https:\/\/animaweb.blog.pangea.org\/files\/2022\/12\/Doctor_Jose_Luis_Cabouli_El_credito_cosmico_castellano_subtitulado_castellano_primer_fotograma_72ppp_800x450px_Portugues_2.png 800w, https:\/\/animaweb.blog.pangea.org\/files\/2022\/12\/Doctor_Jose_Luis_Cabouli_El_credito_cosmico_castellano_subtitulado_castellano_primer_fotograma_72ppp_800x450px_Portugues_2-300x169.png 300w, https:\/\/animaweb.blog.pangea.org\/files\/2022\/12\/Doctor_Jose_Luis_Cabouli_El_credito_cosmico_castellano_subtitulado_castellano_primer_fotograma_72ppp_800x450px_Portugues_2-768x432.png 768w\" sizes=\"auto, (max-width: 800px) 85vw, 800px\" \/><\/a><br \/>\n<a href=\"https:\/\/odysee.com\/@animaweb:b\/Doctor_Jose_Luis_Cabouli_El_credito_cosmico_castellano_subtitulado_Portugues:a\">https:\/\/odysee.com\/@animaweb:b\/Doctor_Jose_Luis_Cabouli_El_credito_cosmico_castellano_subtitulado_Portugues:a<\/a><\/p>\n<p class=\"western\" align=\"justify\"><span style=\"color: #000000\"><span style=\"font-family: Times New Roman, serif\"><span style=\"font-size: large\">Fragmento da conferencia titulada \u00ab<\/span><\/span><\/span><span style=\"color: #000000\"><span style=\"font-family: Times New Roman, serif\"><span style=\"font-size: large\"><i>a vida antes de nascer<\/i><\/span><\/span><\/span><span style=\"color: #000000\"><span style=\"font-family: Times New Roman, serif\"><span style=\"font-size: large\">\u00bb o Doutor Jos\u00e9 Luis Cabouli celebrada na Sala Polivalente de Soler\u00e0s (Les Garrigues, Catalunya). S\u00e1bado, 29 de agosto de 2020.<\/span><\/span><\/span><\/p>\n<p class=\"western\" align=\"justify\"><span style=\"font-family: Times New Roman, serif\"><span style=\"font-size: large\">Esta confer\u00eancia apresenta o livro do mesmo t\u00edtulo escrito por Doutor Cabouli que se baseia no di\u00e1logo com pacientes submetidos a terapia regressiva onde estes revivem experi\u00eancias, j\u00e1 sejam em vidas anteriores, o em per\u00edodo entre vidas, em sua concep\u00e7\u00e3o, em sua gesta\u00e7\u00e3o dentro do ventre da m\u00e3e o bem em seu nascimento. O objetivo \u00e8 sanar fobias e traumas do passado o bem assumir li\u00e7\u00e3o de vida pendentes de aprender.<\/span><\/span><\/p>\n<p class=\"western\" align=\"justify\"><span style=\"color: #000000\"><span style=\"font-family: Times New Roman, serif\"><span style=\"font-size: large\">Na presente passagem, o Doutor Cabouli introduz aos assistentes no ato em um conceito, \u00ab<\/span><\/span><\/span><span style=\"color: #000000\"><span style=\"font-family: Times New Roman, serif\"><span style=\"font-size: large\"><i>O cr\u00e9dito c\u00f3smico<\/i><\/span><\/span><\/span><span style=\"color: #000000\"><span style=\"font-family: Times New Roman, serif\"><span style=\"font-size: large\">\u00bb, relativo a um estado compartilhado com o \u00ab<\/span><\/span><\/span><span style=\"color: #000000\"><span style=\"font-family: Times New Roman, serif\"><span style=\"font-size: large\"><i>karma<\/i><\/span><\/span><\/span><span style=\"color: #000000\"><span style=\"font-family: Times New Roman, serif\"><span style=\"font-size: large\">\u00bb o \u00abd\u00edvida\u00bb mas de polaridade contr\u00e1ria. Em virtude do saldo qualitativo da alma individual, se pode determinar certa capacidade de escolha de sua parte. Por exemplo, a capacidade de escolher algumas condi\u00e7\u00f5es para sua futura encarna\u00e7\u00e3o.<\/span><\/span><\/span><\/p>\n<p class=\"western\" align=\"justify\"><span style=\"font-family: Times New Roman, serif\"><span style=\"font-size: large\">Nos desculpamos porque, devido \u00e0s normas estabelecidas para a celebra\u00e7\u00e3o do evento, teve que estabelecer uma separa\u00e7\u00e3o entre os diferentes assistentes e o requisito inc\u00f4modo de levar m\u00e1scara, mais inc\u00f4modo ainda para aquelas mulheres assistentes que podem estar preocupadas por sua pr\u00f3pria gesta\u00e7\u00e3o. Fazia falta que o ato fosse autorizado, At\u00e9 o momento de sua celebra\u00e7\u00e3o n\u00e3o est\u00e1vamos seguros que o evento se poderia realizar se haveria uma nova oportunidade de poder fazer outro nos dias seguintes em as Terras do Poniente catal\u00e1n.<\/span><\/span><\/p>\n<p class=\"western\" align=\"justify\"><span style=\"color: #000000\"><span style=\"font-family: Times New Roman, serif\"><span style=\"font-size: large\">Sabemos que h\u00e1 especialistas em ci\u00eancia e em medicina que questionam com argumentos n\u00e3o menosprezados a necessidade de estas medidas de controle. Por otro lado, h\u00e1 uma necessidade perempt\u00f3ria de dar a conhecer de maneira p\u00fablica e presencial a <\/span><\/span><\/span><span style=\"color: #000000\"><span style=\"font-family: Times New Roman, serif\"><span style=\"font-size: large\"><i>Terapia de Vidas Passadas (TVP)<\/i><\/span><\/span><\/span> <span style=\"color: #000000\"><span style=\"font-family: Times New Roman, serif\"><span style=\"font-size: large\">e a <\/span><\/span><\/span><span style=\"color: #000000\"><span style=\"font-family: Times New Roman, serif\"><span style=\"font-size: large\"><i>Terapia de a Possess\u00e3o Espiritual (TPE)<\/i><\/span><\/span><\/span> <span style=\"color: #000000\"><span style=\"font-family: Times New Roman, serif\"><span style=\"font-size: large\">antes a poss\u00edvel enorme quantidade de amostras de sofrimento humano acumuladas que calculamos ai pendentes de resolver entre todas as almas encarnadas e desencarnadas da Humanidade, produzidas ao longo de sua hist\u00f3ria, que requer que se conhe\u00e7a essa necessidade, sim mas atraso, entre toda a popula\u00e7\u00e3o.<\/span><\/span><\/span><\/p>\n<p class=\"western\" align=\"justify\"><span style=\"font-family: Times New Roman, serif\"><span style=\"font-size: large\">Video original: Manuel Marsan. Colabora\u00e7\u00e3o nos subt\u00edtulos: Xavier Climent. Subt\u00edtulos: Brauli Tamarit. Organiza\u00e7\u00e3o: Associa\u00e7\u00e3o Cultural de Mulheres Elaia. Colabora\u00e7\u00e3o: Prefeitura de Soler\u00e0s.<\/span><\/span><\/p>\n<p class=\"western\" align=\"justify\"><span style=\"color: #000000\"><span style=\"font-family: Times New Roman, serif\"><span style=\"font-size: large\">Perfil de publica\u00e7\u00e3o de \u00ab<\/span><\/span><\/span><span style=\"color: #000000\"><span style=\"font-family: Times New Roman, serif\"><span style=\"font-size: large\"><i>Odysee<\/i><\/span><\/span><\/span><span style=\"color: #000000\"><span style=\"font-family: Times New Roman, serif\"><span style=\"font-size: large\">\u00bb: Animaweb. Confer\u00eancias em portugu\u00e9s. Data de publica\u00e7\u00e3o en \u00ab<\/span><\/span><\/span><span style=\"color: #000000\"><span style=\"font-family: Times New Roman, serif\"><span style=\"font-size: large\"><i>Odysee<\/i><\/span><\/span><\/span><span style=\"color: #000000\"><span style=\"font-family: Times New Roman, serif\"><span style=\"font-size: large\">\u00bb: Domingo, 11 de dezembro de 2022. Dura\u00e7\u00e3o do v\u00eddeo: 3 minutos e 33 segundos. Idioma: voz en castellano con subt\u00edtulos en portugu\u00e9s.<\/span><\/span><\/span><\/p>\n<p class=\"western\" align=\"justify\"><span style=\"font-family: Times New Roman, serif\"><span style=\"font-size: large\">Fonte do v\u00eddeo original:<\/span><\/span><\/p>\n<p class=\"western\" align=\"justify\"><span style=\"color: #000080\"><span lang=\"zxx\"><u><a href=\"https:\/\/www.youtube.com\/watch?v=WDqrLCJN9D4\"><span style=\"font-family: Times New Roman, serif\"><span style=\"font-size: large\">https:\/\/www.youtube.com\/watch?v=WDqrLCJN9D4<\/span><\/span><\/a><\/u><\/span><\/span><\/p>\n<p class=\"western\" align=\"justify\"><span style=\"font-family: Times New Roman, serif\"><span style=\"font-size: large\"><b>Tradu\u00e7\u00e3o: Simone de Souza.<\/b><\/span><\/span><\/p>","protected":false},"excerpt":{"rendered":"<p>\u00abO cr\u00e9dito c\u00f3smico\u00bb com Doutor Jos\u00e9 Luis Cabouli. Confer\u00eancia en castellano subtitulada en portugu\u00eas. https:\/\/odysee.com\/@animaweb:b\/Doctor_Jose_Luis_Cabouli_El_credito_cosmico_castellano_subtitulado_Portugues:a Fragmento da conferencia titulada \u00aba vida antes de nascer\u00bb o Doutor Jos\u00e9 Luis Cabouli celebrada &hellip; <a href=\"https:\/\/animaweb.blog.pangea.org\/pt\/el-credit-cosmic-pel-doctor-jose-luis-cabouli-conferencia-en-castella-subtitulada-en-catala\/\" class=\"more-link\">Continuar a ler<span class=\"screen-reader-text\"> &#8220;\u00abO cr\u00e9dito c\u00f3smico\u00bb com Doutor Jos\u00e9 Luis Cabouli. Confer\u00eancia en castellano subtitulada en portugu\u00eas.&#8221;<\/span><\/a><\/p>\n","protected":false},"author":12345698,"featured_media":0,"parent":0,"menu_order":0,"comment_status":"closed","ping_status":"closed","template":"","meta":{"ngg_post_thumbnail":0,"footnotes":""},"class_list":["post-1978","page","type-page","status-publish","hentry"],"_links":{"self":[{"href":"https:\/\/animaweb.blog.pangea.org\/pt\/wp-json\/wp\/v2\/pages\/1978","targetHints":{"allow":["GET"]}}],"collection":[{"href":"https:\/\/animaweb.blog.pangea.org\/pt\/wp-json\/wp\/v2\/pages"}],"about":[{"href":"https:\/\/animaweb.blog.pangea.org\/pt\/wp-json\/wp\/v2\/types\/page"}],"author":[{"embeddable":true,"href":"https:\/\/animaweb.blog.pangea.org\/pt\/wp-json\/wp\/v2\/users\/12345698"}],"replies":[{"embeddable":true,"href":"https:\/\/animaweb.blog.pangea.org\/pt\/wp-json\/wp\/v2\/comments?post=1978"}],"version-history":[{"count":33,"href":"https:\/\/animaweb.blog.pangea.org\/pt\/wp-json\/wp\/v2\/pages\/1978\/revisions"}],"predecessor-version":[{"id":2389,"href":"https:\/\/animaweb.blog.pangea.org\/pt\/wp-json\/wp\/v2\/pages\/1978\/revisions\/2389"}],"wp:attachment":[{"href":"https:\/\/animaweb.blog.pangea.org\/pt\/wp-json\/wp\/v2\/media?parent=1978"}],"curies":[{"name":"wp","href":"https:\/\/api.w.org\/{rel}","templated":true}]}}