{"id":1304,"date":"2021-04-17T09:04:00","date_gmt":"2021-04-17T07:04:00","guid":{"rendered":"https:\/\/animaweb.cat\/?page_id=1304"},"modified":"2022-12-25T21:10:17","modified_gmt":"2022-12-25T19:10:17","slug":"bibliografia-de-la-doctora-viviana-zenteno","status":"publish","type":"page","link":"https:\/\/animaweb.blog.pangea.org\/pt\/bibliografia-de-la-doctora-viviana-zenteno\/","title":{"rendered":"Bibliografia da Doutora Viviana Zenteno."},"content":{"rendered":"<p lang=\"pt-PT\" align=\"center\"><span style=\"font-family: Times New Roman, serif\"><span style=\"font-size: x-large\"><b>Bibliografia da Doutora Viviana Zenteno.<\/b><\/span><\/span><\/p>\n<table width=\"100%\" cellspacing=\"0\" cellpadding=\"4\">\n<tbody>\n<tr>\n<td style=\"background: transparent\" valign=\"top\" width=\"100%\">\n<p lang=\"es-ES\" style=\"text-align: center\" align=\"justify\"><img loading=\"lazy\" decoding=\"async\" class=\"aligncenter wp-image-1305 size-full\" title=\"Doutora Viviana Zenteno Cereceda. Regresiones: Terapia del Alma (Regress\u00e3o: Terapia da Alma). Primeira p\u00e1gina.\" src=\"https:\/\/animaweb.cat\/files\/2021\/04\/Doctora_Viviana_Zenteno_Cereceda_Regresiones_Terapia_del_Alma_72ppp_200x300px.png\" alt=\"Doutora Viviana Zenteno Cereceda. Regresiones: Terapia del Alma (Regress\u00e3o: Terapia da Alma). Primeira p\u00e1gina.\" width=\"200\" height=\"300\" \/><\/p>\n<p lang=\"es-ES\" align=\"justify\"><span style=\"font-family: Liberation Serif\"><span style=\"font-size: medium\"><span style=\"font-family: Times New Roman, serif\"><span style=\"font-size: large\"><span lang=\"pt-PT\">Doutora Viviana Zenteno Cereceda. <\/span><\/span><\/span><span style=\"font-family: Times New Roman, serif\"><span style=\"font-size: large\"><span lang=\"pt-PT\"><i>Regresiones: Terapia del Alma <\/i><\/span><\/span><\/span><span style=\"font-family: Times New Roman, serif\"><span style=\"font-size: large\"><span lang=\"pt-PT\">(<\/span><\/span><\/span><span style=\"font-family: Times New Roman, serif\"><span style=\"font-size: large\"><span lang=\"pt-PT\"><i>Regress\u00e3o: Terapia da Alma<\/i><\/span><\/span><\/span><span style=\"font-family: Times New Roman, serif\"><span style=\"font-size: large\"><span lang=\"pt-PT\">)<\/span><\/span><\/span><span style=\"font-family: Times New Roman, serif\"><span style=\"font-size: large\"><span lang=\"pt-PT\">. <\/span><\/span><\/span><span style=\"font-family: Times New Roman, serif\"><span style=\"font-size: large\"><span lang=\"pt-PT\">Primera edi\u00e7\u00e3o: Mar\u00e7o de 2004.<\/span><\/span><\/span><\/span><\/span><\/p>\n<p align=\"justify\"><span style=\"font-family: Liberation Serif\"><span style=\"font-size: medium\"><span style=\"font-family: Times New Roman, serif\"><span style=\"font-size: large\"><span lang=\"pt-PT\"><i><b>Regresiones: Terapia del Alma<\/b><\/i><\/span><\/span><\/span><b> <\/b><span style=\"font-family: Times New Roman, serif\"><span style=\"font-size: large\"><span lang=\"pt-PT\"><b>(<\/b><\/span><\/span><\/span><span style=\"font-family: Times New Roman, serif\"><span style=\"font-size: large\"><span lang=\"pt-PT\"><i><b>Regress\u00e3o: Terapia da Alma<\/b><\/i><\/span><\/span><\/span><span style=\"font-family: Times New Roman, serif\"><span style=\"font-size: large\"><span lang=\"pt-PT\"><b>)<\/b><\/span><\/span><\/span> <span style=\"font-family: Times New Roman, serif\"><span style=\"font-size: large\"><span lang=\"pt-PT\">\u00e8 um livro que oferece respostas a m\u00e1s profundas duvidas do ser humano mediante a experi\u00eancia da regress\u00e3o: \u00abQue fiz para merecer isto; por que n\u00e3o consigo entender-me com minha filha\u00bb; \u00abDeus \u00e9 injusto\u00bb; \u00abPrimeira vez que o vi, mas sinto que o conhe\u00e7o desde sempre&#8230;\u00bb; \u00abPor que esta fobia, estes medos, esta desesperan\u00e7a&#8230;\u00bb.<\/span><\/span><\/span><\/span><\/span><\/p>\n<p lang=\"es-ES\" align=\"justify\"><span style=\"font-family: Liberation Serif\"><span style=\"font-size: medium\"><span style=\"font-family: Times New Roman, serif\"><span style=\"font-size: large\"><span lang=\"pt-PT\">O livro parte dos postulados da Reencarna\u00e7\u00e3o do Karma, este \u00faltimo visto n\u00e3o como una fatalidade, e sim como una lei de a\u00e7\u00e3o e rea\u00e7\u00e3o, que sempre nos permite a compensa\u00e7\u00e3o, e em \u00e0 qual o ser humano es verdadeiramente dono de seu destino. A trav\u00e9s de seus cap\u00edtulos v\u00e1 mostrando como funciona a Terapia Regressiva, uma forma de sana\u00e7\u00e3o que atua a n\u00edvel f\u00edsico, mental, emocional e espiritual. Os diferentes testemunhos demonstram que grande parte dos conflitos do presente se origin\u00f3 em experi\u00eancias traum\u00e1ticas do passado; um passado que pode ser cercana ou remoto. <\/span><\/span><\/span><span style=\"font-family: Times New Roman, serif\"><span style=\"font-size: large\"><span lang=\"pt-PT\">Estas vivencias ficam armazenadas no inconsciente, em uma mem\u00f3ria que excede ao corpo f\u00edsico, conhecida como \u00abmemoria da alma\u00bb. <\/span><\/span><\/span><span style=\"font-family: Times New Roman, serif\"><span style=\"font-size: large\"><span lang=\"pt-PT\">\u00c9 em ese nivel que trabalha a \u00abregress\u00e3o\u00bb, trazendo a consci\u00eancia esses fatos que atuam como verdadeiros \u00ababcessos emocionais\u00bb, para p\u00f4r fim \u00abdrenar l\u00f3s\u00bb, terminando assim com o conflito.<\/span><\/span><\/span><\/span><\/span><\/p>\n<p lang=\"pt-PT\" align=\"justify\"><span style=\"color: #000000\"><span style=\"font-family: Times New Roman, serif\"><span style=\"font-size: large\">Mas \u00e9 necess\u00e1rio crer na Reencarna\u00e7\u00e3o para beneficiar-se de esta terapia. Guiado por a terapeuta, o paciente experimenta a regress\u00e3o, libera as energias que est\u00e3o acumuladas, e logo pode dar a interpreta\u00e7\u00e3o que queira: isto n\u00e3o \u00e8 importante. A verdadeira relev\u00e2ncia e a grande capacidade sanadora que possui esta terapia. \u00c9 assim, que una vez \u00abdesprogramado\u00bb o ato traum\u00e1tico, surge uma compreens\u00e3o e um entendimento que frequentemente muda totalmente e definitivamente a aprecia\u00e7\u00e3o que a pessoa tem de si mesma e de que a rodea. Aparece uma nova atitude de certeza e esperan\u00e7a, se renova a f\u00e9 em Deus. Isto e muito m\u00e1s \u00e9 o que encontraram em estas p\u00e1ginas.<\/span><\/span><\/span><\/p>\n<\/td>\n<\/tr>\n<tr>\n<td style=\"background: transparent\" valign=\"top\" width=\"100%\">\n<p lang=\"es-ES\" style=\"text-align: center\" align=\"justify\"><img loading=\"lazy\" decoding=\"async\" class=\"aligncenter wp-image-1306 size-full\" title=\"El Alma Sabe. Un m\u00e9todo de sanaci\u00f3n a trav\u00e9s de la terapia de vidas pasadas (A Alma Sabe. Um m\u00e9todo de sana\u00e7\u00e3o a trav\u00e9s da terapia de vidas passadas). Primeira p\u00e1gina.\" src=\"https:\/\/animaweb.cat\/files\/2021\/04\/Doctora_Viviana_Zenteno_Cereceda_El_Alma_Sabe_72ppp_200x309px.png\" alt=\"El Alma Sabe. Un m\u00e9todo de sanaci\u00f3n a trav\u00e9s de la terapia de vidas pasadas (A Alma Sabe. Um m\u00e9todo de sana\u00e7\u00e3o a trav\u00e9s da terapia de vidas passadas). Primeira p\u00e1gina.\" width=\"200\" height=\"309\" srcset=\"https:\/\/animaweb.blog.pangea.org\/files\/2021\/04\/Doctora_Viviana_Zenteno_Cereceda_El_Alma_Sabe_72ppp_200x309px.png 200w, https:\/\/animaweb.blog.pangea.org\/files\/2021\/04\/Doctora_Viviana_Zenteno_Cereceda_El_Alma_Sabe_72ppp_200x309px-194x300.png 194w\" sizes=\"auto, (max-width: 200px) 85vw, 200px\" \/><\/p>\n<p lang=\"es-ES\" align=\"justify\"><span style=\"font-family: Liberation Serif\"><span style=\"font-size: medium\"><span style=\"font-family: Times New Roman, serif\"><span style=\"font-size: large\"><span lang=\"pt-PT\">Doutora Viviana Zenteno Cereceda. <\/span><\/span><\/span><span style=\"font-family: Times New Roman, serif\"><span style=\"font-size: large\"><span lang=\"pt-PT\"><i>El Alma Sabe. Un m\u00e9todo de sanaci\u00f3n a trav\u00e9s de la terapia de vidas pasadas <\/i><\/span><\/span><\/span><span style=\"font-family: Times New Roman, serif\"><span style=\"font-size: large\"><span lang=\"pt-PT\"><i>(<\/i><\/span><\/span><\/span><span style=\"font-family: Times New Roman, serif\"><span style=\"font-size: large\"><span lang=\"pt-PT\"><i>A Alma Sabe. Um m\u00e9todo de sana\u00e7\u00e3o a trav\u00e9s <\/i><\/span><\/span><\/span><span style=\"font-family: Times New Roman, serif\"><span style=\"font-size: large\"><span lang=\"pt-PT\"><i>da terapia de vidas passadas<\/i><\/span><\/span><\/span><span style=\"font-family: Times New Roman, serif\"><span style=\"font-size: large\"><span lang=\"pt-PT\"><i>)<\/i><\/span><\/span><\/span><span style=\"font-family: Times New Roman, serif\"><span style=\"font-size: large\"><span lang=\"pt-PT\">. <\/span><\/span><\/span><span style=\"font-family: Times New Roman, serif\"><span style=\"font-size: large\"><span lang=\"pt-PT\">Catalonia. Cole\u00e7\u00e3o b\u00fasquedas. <\/span><\/span><\/span><span style=\"font-family: Times New Roman, serif\"><span style=\"font-size: large\"><span lang=\"pt-PT\">Primeira edi\u00e7\u00e3o: <\/span><\/span><\/span><span style=\"font-family: Times New Roman, serif\"><span style=\"font-size: large\"><span lang=\"pt-PT\">Setembro de 2015. Segunda edi\u00e7\u00e3o: Abril de 2019.<\/span><\/span><\/span><\/span><\/span><\/p>\n<p lang=\"es-ES\" align=\"justify\"><span style=\"font-family: Liberation Serif\"><span style=\"font-size: medium\"><span style=\"font-family: Times New Roman, serif\"><span style=\"font-size: large\"><span lang=\"pt-PT\">As respostas aos conflitos e inquietudes que vivemos como seres humanos est\u00e3o na alma, porque nada sabe m\u00e1s de n\u00f3s mesmos. <\/span><\/span><\/span><span style=\"font-family: Times New Roman, serif\"><span style=\"font-size: large\"><span lang=\"pt-PT\">Si a alma pode tudo isto, si es tanto o que sabe, \u00bfpor que sua sabedoria n\u00e3o acontece estar a nossa disposi\u00e7\u00e3o? Simplesmente porque esquecemos de seu cuidado, porque damos prioridade a experi\u00eancia material, deixando nossa ess\u00eancia em \u00faltimo lugar. A Doutora Zenteno apresenta em este livro a Terapia de Vidas Passadas como uma t\u00e9cnica de acesso a sabedoria da alma, que trabalha em todos os n\u00edveis do ser: f\u00edsico, mental, emocional e espiritual.<\/span><\/span><\/span><\/span><\/span><\/p>\n<p lang=\"pt-PT\" align=\"justify\"><span style=\"color: #000000\"><span style=\"font-family: Times New Roman, serif\"><span style=\"font-size: large\">A trav\u00e9s de casos reais veremos como a terapia de regress\u00e3o terap\u00eautica permite desbloquear energias, recuperar fragmentos da alma que ficar\u00e3o atrapados nos eventos traum\u00e1ticos do passado, e os que \u00e9 muito importante para todo ser humano: compreender, resgatar o sentido profundo do que se a vivido. Uma terapia aonde os pacientes v\u00e3o ao reencontro com sua ess\u00eancia, recuperam a conex\u00e3o com a alma, e som guiados por sua sabedoria para sanar.<\/span><\/span><\/span><\/p>\n<\/td>\n<\/tr>\n<tr>\n<td style=\"background: transparent\" valign=\"top\" width=\"100%\">\n<p lang=\"pt-PT\" style=\"text-align: center\" align=\"justify\"><img loading=\"lazy\" decoding=\"async\" class=\"aligncenter wp-image-1307 size-full\" title=\"Doutora Viviana Zenteno Cereceda. Manual de instrucci\u00f3n en terapia de vida pasada (Manual de instru\u00e7\u00e3o em terapia de vida passada). Primeira p\u00e1gina.\" src=\"https:\/\/animaweb.cat\/files\/2021\/04\/Doctora_Viviana_Zenteno_Cereceda_Manual_de_introduccion_en_Terapia_de_Vida_Pasada_72ppp_200x288px.png\" alt=\"Doutora Viviana Zenteno Cereceda. Manual de instrucci\u00f3n en terapia de vida pasada (Manual de instru\u00e7\u00e3o em terapia de vida passada). Primeira p\u00e1gina.\" width=\"200\" height=\"288\" \/><\/p>\n<p lang=\"pt-PT\" align=\"justify\"><span style=\"font-family: Times New Roman, serif\"><span style=\"font-size: large\">Doutora Viviana Zenteno Cereceda. <i>Manual de instrucci\u00f3n en terapia de vida pasada <\/i><i>(<\/i><i>Manual de instru\u00e7\u00e3o em terapia de vida passada<\/i><i>)<\/i>.<\/span><\/span><\/p>\n<p lang=\"pt-PT\" align=\"justify\"><span style=\"font-family: Times New Roman, serif\"><span style=\"font-size: large\">Este manual se foi ajustando paralelamente aos Cursos de Forma\u00e7\u00e3o Profissional que Viviana desarrolla desde 2005.<\/span><\/span><\/p>\n<p lang=\"pt-PT\" align=\"justify\"><span style=\"font-family: Times New Roman, serif\"><span style=\"font-size: large\">Em um come\u00e7o ela desenvolve verbalmente a teor\u00eda da TVP, apoiando-se em Bibliografia que recomendava em cada m\u00f3dulo.<\/span><\/span><\/p>\n<p lang=\"pt-PT\" align=\"justify\"><span style=\"font-family: Times New Roman, serif\"><span style=\"font-size: large\">E a medida que alunos solicitavam aprofundar em determinados temas, o repassar o j\u00e1 tratado ao confrontar- l\u00f3 com a pr\u00e1tica vivencial, a doutora come\u00e7o a entregar notas.<\/span><\/span><\/p>\n<p lang=\"pt-PT\" align=\"justify\"><span style=\"font-family: Times New Roman, serif\"><span style=\"font-size: large\">Assim surgiu a ideia de ordenar e compaginar este valioso material did\u00e1tico, o qual permitir\u00e1 que todos seus disc\u00edpulos, formados e em forma\u00e7\u00e3o, poder\u00e3o us\u00e1r-lo como guia em seu trabalho terap\u00eautico.<\/span><\/span><\/p>\n<p lang=\"pt-PT\" align=\"justify\"><span style=\"font-family: Times New Roman, serif\"><span style=\"font-size: large\">O Lan\u00e7amento do Manual se levo a cabo o dia 17 de janeiro de 2009 no Hotel Conde de Ans\u00farez, em Santiago de Chile.<\/span><\/span><\/p>\n<p lang=\"pt-PT\" align=\"justify\"><span style=\"font-family: Times New Roman, serif\"><span style=\"font-size: large\">Foi um evento muito significativo, como uma forma de consolida\u00e7\u00e3o do trabalho formativa, mas tamb\u00e9m como uma instancia de encontro e intercambio entre os participantes dos diversos cursos.<\/span><\/span><\/p>\n<p lang=\"pt-PT\" align=\"justify\"><span style=\"font-family: Times New Roman, serif\"><span style=\"font-size: large\">Em palavras de Viviana Zenteno: \u00abConfio em que este enriquecimento mutuo se manifeste no futuro em concretiza\u00e7\u00e3o de ideias e projetos que possam difundir e estender cada vez m\u00e1s esta forma de sana\u00e7\u00e3o que nos move com esperan\u00e7a e paix\u00e3o\u00bb.<\/span><\/span><\/p>\n<p lang=\"es-ES\" align=\"justify\"><span style=\"font-family: Liberation Serif, Times New Roman\"><span style=\"font-size: medium\"><span style=\"font-family: Times New Roman, serif\"><span style=\"font-size: large\"><span lang=\"pt-PT\"><b>Manual de uso exclusivo para estudantes e terapeutas dos Cursos de TVP de <\/b><\/span><\/span><\/span><span style=\"font-family: Times New Roman, serif\"><span style=\"font-size: large\"><span lang=\"pt-PT\"><b>Doutora Viviana Zenteno.<\/b><\/span><\/span><\/span><\/span><\/span><\/p>\n<\/td>\n<\/tr>\n<\/tbody>\n<\/table>\n<p lang=\"pt-PT\"><span style=\"font-family: Times New Roman, serif\"><span style=\"font-size: large\"><b>Tradu\u00e7\u00e3o: Simone de Souza.<\/b><\/span><\/span><\/p>","protected":false},"excerpt":{"rendered":"<p>Bibliografia da Doutora Viviana Zenteno. Doutora Viviana Zenteno Cereceda. Regresiones: Terapia del Alma (Regress\u00e3o: Terapia da Alma). Primera edi\u00e7\u00e3o: Mar\u00e7o de 2004. Regresiones: Terapia del Alma (Regress\u00e3o: Terapia da Alma) &hellip; <a href=\"https:\/\/animaweb.blog.pangea.org\/pt\/bibliografia-de-la-doctora-viviana-zenteno\/\" class=\"more-link\">Continuar a ler<span class=\"screen-reader-text\"> &#8220;Bibliografia da Doutora Viviana Zenteno.&#8221;<\/span><\/a><\/p>\n","protected":false},"author":12345698,"featured_media":0,"parent":0,"menu_order":0,"comment_status":"closed","ping_status":"closed","template":"","meta":{"ngg_post_thumbnail":0,"footnotes":""},"class_list":["post-1304","page","type-page","status-publish","hentry"],"_links":{"self":[{"href":"https:\/\/animaweb.blog.pangea.org\/pt\/wp-json\/wp\/v2\/pages\/1304","targetHints":{"allow":["GET"]}}],"collection":[{"href":"https:\/\/animaweb.blog.pangea.org\/pt\/wp-json\/wp\/v2\/pages"}],"about":[{"href":"https:\/\/animaweb.blog.pangea.org\/pt\/wp-json\/wp\/v2\/types\/page"}],"author":[{"embeddable":true,"href":"https:\/\/animaweb.blog.pangea.org\/pt\/wp-json\/wp\/v2\/users\/12345698"}],"replies":[{"embeddable":true,"href":"https:\/\/animaweb.blog.pangea.org\/pt\/wp-json\/wp\/v2\/comments?post=1304"}],"version-history":[{"count":9,"href":"https:\/\/animaweb.blog.pangea.org\/pt\/wp-json\/wp\/v2\/pages\/1304\/revisions"}],"predecessor-version":[{"id":2277,"href":"https:\/\/animaweb.blog.pangea.org\/pt\/wp-json\/wp\/v2\/pages\/1304\/revisions\/2277"}],"wp:attachment":[{"href":"https:\/\/animaweb.blog.pangea.org\/pt\/wp-json\/wp\/v2\/media?parent=1304"}],"curies":[{"name":"wp","href":"https:\/\/api.w.org\/{rel}","templated":true}]}}