{"id":514,"date":"2019-09-12T23:57:29","date_gmt":"2019-09-12T21:57:29","guid":{"rendered":"https:\/\/animaweb.cat\/?page_id=514"},"modified":"2022-12-30T21:30:49","modified_gmt":"2022-12-30T19:30:49","slug":"testimoniatge-damy-cas-de-suicidi-i-pas-per-la-biblioteca-dels-llibres-de-la-vida","status":"publish","type":"page","link":"https:\/\/animaweb.blog.pangea.org\/oc\/testimoniatge-damy-cas-de-suicidi-i-pas-per-la-biblioteca-dels-llibres-de-la-vida\/","title":{"rendered":"(Catal\u00e0) Testimoniatge d\u2019Amy. Cas de su\u00efcidi i pas per la biblioteca dels Llibres de la Vida."},"content":{"rendered":"<p class=\"qtranxs-available-languages-message qtranxs-available-languages-message-oc\">O sent\u00e8m, aquela intrada se tr\u00f2ba disponibla unicament ne <a href=\"https:\/\/animaweb.blog.pangea.org\/ca\/wp-json\/wp\/v2\/pages\/514\" class=\"qtranxs-available-language-link qtranxs-available-language-link-ca\" title=\"Catal\u00e0\">Catal\u00e0<\/a>, <a href=\"https:\/\/animaweb.blog.pangea.org\/es\/wp-json\/wp\/v2\/pages\/514\" class=\"qtranxs-available-language-link qtranxs-available-language-link-es\" title=\"Castellano\">Castellano<\/a>, <a href=\"https:\/\/animaweb.blog.pangea.org\/en\/wp-json\/wp\/v2\/pages\/514\" class=\"qtranxs-available-language-link qtranxs-available-language-link-en\" title=\"English\">English<\/a>, <a href=\"https:\/\/animaweb.blog.pangea.org\/fr\/wp-json\/wp\/v2\/pages\/514\" class=\"qtranxs-available-language-link qtranxs-available-language-link-fr\" title=\"Fran\u00e7ais\">Fran\u00e7ais<\/a>, <a href=\"https:\/\/animaweb.blog.pangea.org\/it\/wp-json\/wp\/v2\/pages\/514\" class=\"qtranxs-available-language-link qtranxs-available-language-link-it\" title=\"Italiano\">Italiano<\/a>, <a href=\"https:\/\/animaweb.blog.pangea.org\/de\/wp-json\/wp\/v2\/pages\/514\" class=\"qtranxs-available-language-link qtranxs-available-language-link-de\" title=\"Deutsch\">Deutsch<\/a>, <a href=\"https:\/\/animaweb.blog.pangea.org\/gl\/wp-json\/wp\/v2\/pages\/514\" class=\"qtranxs-available-language-link qtranxs-available-language-link-gl\" title=\"Galego\">Galego<\/a>, <a href=\"https:\/\/animaweb.blog.pangea.org\/pt\/wp-json\/wp\/v2\/pages\/514\" class=\"qtranxs-available-language-link qtranxs-available-language-link-pt\" title=\"Portugu\u00eas\">Portugu\u00eas<\/a>, <a href=\"https:\/\/animaweb.blog.pangea.org\/eo\/wp-json\/wp\/v2\/pages\/514\" class=\"qtranxs-available-language-link qtranxs-available-language-link-eo\" title=\"Esperanto\">Esperanto<\/a>, <a href=\"https:\/\/animaweb.blog.pangea.org\/eu\/wp-json\/wp\/v2\/pages\/514\" class=\"qtranxs-available-language-link qtranxs-available-language-link-eu\" title=\"Euskera\">Euskera<\/a> e <a href=\"https:\/\/animaweb.blog.pangea.org\/ro\/wp-json\/wp\/v2\/pages\/514\" class=\"qtranxs-available-language-link qtranxs-available-language-link-ro\" title=\"Rom\u00e2n\u0103\">Rom\u00e2n\u0103<\/a>.<\/p>","protected":false},"excerpt":{"rendered":"<p>O sent\u00e8m, aquela intrada se tr\u00f2ba disponibla unicament ne Catal\u00e0, Castellano, English, Fran\u00e7ais, Italiano, Deutsch, Galego, Portugu\u00eas, Esperanto, Euskera e Rom\u00e2n\u0103.<\/p>\n","protected":false},"author":12345698,"featured_media":0,"parent":0,"menu_order":0,"comment_status":"closed","ping_status":"closed","template":"","meta":{"ngg_post_thumbnail":0,"footnotes":""},"class_list":["post-514","page","type-page","status-publish","hentry"],"_links":{"self":[{"href":"https:\/\/animaweb.blog.pangea.org\/oc\/wp-json\/wp\/v2\/pages\/514","targetHints":{"allow":["GET"]}}],"collection":[{"href":"https:\/\/animaweb.blog.pangea.org\/oc\/wp-json\/wp\/v2\/pages"}],"about":[{"href":"https:\/\/animaweb.blog.pangea.org\/oc\/wp-json\/wp\/v2\/types\/page"}],"author":[{"embeddable":true,"href":"https:\/\/animaweb.blog.pangea.org\/oc\/wp-json\/wp\/v2\/users\/12345698"}],"replies":[{"embeddable":true,"href":"https:\/\/animaweb.blog.pangea.org\/oc\/wp-json\/wp\/v2\/comments?post=514"}],"version-history":[{"count":18,"href":"https:\/\/animaweb.blog.pangea.org\/oc\/wp-json\/wp\/v2\/pages\/514\/revisions"}],"predecessor-version":[{"id":2299,"href":"https:\/\/animaweb.blog.pangea.org\/oc\/wp-json\/wp\/v2\/pages\/514\/revisions\/2299"}],"wp:attachment":[{"href":"https:\/\/animaweb.blog.pangea.org\/oc\/wp-json\/wp\/v2\/media?parent=514"}],"curies":[{"name":"wp","href":"https:\/\/api.w.org\/{rel}","templated":true}]}}