{"id":286,"date":"2018-09-10T14:52:19","date_gmt":"2018-09-10T12:52:19","guid":{"rendered":"https:\/\/animaweb.cat\/?page_id=286"},"modified":"2023-01-20T19:36:18","modified_gmt":"2023-01-20T17:36:18","slug":"tipus-de-karma-karma-collectiu-fama-objectiu-i-perdo-cites-dels-savis","status":"publish","type":"page","link":"https:\/\/animaweb.blog.pangea.org\/oc\/tipus-de-karma-karma-collectiu-fama-objectiu-i-perdo-cites-dels-savis\/","title":{"rendered":"Tipes de karma, karma collectiu, celebritat, objectiu e perdon. Citacions dels savis."},"content":{"rendered":"<p class=\"western\" lang=\"oc-FR\" align=\"center\"><span style=\"font-size: x-large\"><span style=\"font-family: Times New Roman, serif\"><b>Tipes de karma, karma collectiu, celebritat, objectiu e perdon. Citacions dels savis.<\/b><\/span><\/span><\/p>\n<p class=\"western\" lang=\"oc-FR\" align=\"justify\"><span style=\"font-size: large\"><span style=\"font-family: Times New Roman, serif\"><img loading=\"lazy\" decoding=\"async\" class=\"alignleft wp-image-429 size-medium\" title=\"Only Love Is Real: A Story of Soulmates Reunited (Solament l'amor es real: una ist\u00f2ria d'almas bessonas amassadas). Portada. Angl\u00e9s.\" src=\"https:\/\/animaweb.cat\/files\/2019\/08\/Doctor_Brian_Weiss_Only_Love_Is_Real_cover_English-197x300.jpg\" alt=\"Only Love Is Real: A Story of Soulmates Reunited (Solament l'amor es real: una ist\u00f2ria d'almas bessonas amassadas). Portada. Angl\u00e9s.\" width=\"197\" height=\"300\" \/>A trav\u00e8rs lo c\u00f2s dels pacients del Dr Brian Weiss en regression ipnotica, non solament se p\u00f2t accedir al passat de lor arma a la rec\u00e8rca d&#8217;un eveniment traumatic, tanben de diferents armas de savis o ensenhants p\u00f2don intervenir per transmetre d&#8217;explicacions al terapeuta sus l\u2019evolucion espirituala.<\/span><\/span><\/p>\n<p class=\"western\" lang=\"oc-FR\" align=\"justify\"><span style=\"font-size: large\"><span style=\"font-family: Times New Roman, serif\">Dins l&#8217;ist\u00f2ria seguenta, s\u2019encadenan mantunas citacions de savis balhant lor explicacion suls diferents tipes de karma, en i inclusent lo karma collectiu, en passant per la question de la reputacion e la necessitat de perdonar e d&#8217;\u00e8sser perdonat.<\/span><\/span><\/p>\n<hr \/>\n<p class=\"western\" lang=\"oc-FR\" align=\"center\"><span style=\"font-family: Times New Roman, serif\"><span style=\"font-size: large\"><b>Citacions dels savis.<\/b><\/span><\/span><\/p>\n<blockquote class=\"western\" lang=\"oc-FR\"><p><span style=\"font-size: large\"><span style=\"font-family: Times New Roman, serif\">De c\u00f2ps, los messatges son pas tan psicologics e semblan provenir d&#8217;una font mai tradicionala, mai didactica.<\/span><\/span><\/p><\/blockquote>\n<blockquote class=\"western\" lang=\"oc-FR\"><p><span style=\"font-size: large\"><span style=\"font-family: Times New Roman, serif\">L&#8217;estil es un pauc diferent, quasi coma se s&#8217;agissi\u00e1 d&#8217;una dictada.<\/span><\/span><\/p><\/blockquote>\n<blockquote class=\"western\" lang=\"oc-FR\"><p>\u2013<span style=\"font-size: large\"><span style=\"font-family: Times New Roman, serif\">Existisson mantuns tipes de karma, de deutes a salvar. Lo karma individual correspond a las obligacions pr\u00f2prias de l&#8217;entitat, qu&#8217;apartenisson sonque a ela. Mas i a tanben un karma collectiu, los deutes del grop, e i a de diferents grops\u00a0: religions, ra\u00e7as, nacionalitats, etc. A un niv\u00e8l mai larg, i a lo karma planetari, qu&#8217;af\u00e8cta lo destin de la planeta e sas consequ\u00e9ncias. Dins lo karma collectiu, non solament los deutes individuals s&#8217;amolonan e se r\u00e8glan, mas tanben las si\u00e1s consequ\u00e9ncias acaban per \u00e8sser imputadas al grop, al pa\u00eds o a la planeta. L&#8217;aplicacion d\u2019aquel karma collectiu determina l&#8217;avenidor del grop o del pa\u00eds. Mas s&#8217;aplica egalament a l&#8217;individ\u00fa que se r\u00e9incarne dins lo grop o lo pa\u00eds, o a l&#8217;enc\u00f2p e en relacion amb aquel grop o aquel pa\u00eds malgrat el non ne faga pas partida, o a un moment ulterior&#8230;<\/span><\/span><\/p><\/blockquote>\n<blockquote class=\"western\" lang=\"oc-FR\"><p><span style=\"font-size: large\"><span style=\"font-family: Times New Roman, serif\">L&#8217;accion ven una accion justa quand es menada al long del Camin, pel Camin que mena a Dieu. Los autres camins acaban per \u00e8sser de falses camins o miratges, e l&#8217;accion qu&#8217;es menada al long d&#8217;eles es pas l&#8217;accion corr\u00e8cta. Atal, l&#8217;accion corr\u00e8cta estimula l&#8217;espiritualitat de la persona e son restabliment. Tota accion que favoriza la just\u00edcia, la miseric\u00f2rdia, l&#8217;amor, la saviesa e totes los atributs que sonam divins o espirituals es inevitablament una accion corr\u00e8cta. Lo fruch d&#8217;una accion justa es la t\u00f2ca recercada. Los fruches de las accions menadas per las autras vias son efem\u00e8rs, illus\u00f2ris e falses. Son de frucha temptanta e enganaira, mas son pas \u00e7\u00f2 que vol\u00e8m vertadi\u00e8rament. Los fruches d&#8217;una accion corr\u00e8cta incluson totes los n\u00f2stres objectius e desirs e tot \u00e7\u00f2 que n\u2019av\u00e8m besonh e desiram.<\/span><\/span><\/p><\/blockquote>\n<blockquote class=\"western\" lang=\"oc-FR\"><p><span style=\"font-size: large\"><span style=\"font-family: Times New Roman, serif\">La notorietat n&#8217;es un bon exemple. Qual que si\u00e1 que persegu\u00eds la notorietat coma objectiu dins la vida l&#8217;obtendr\u00e0 probablament pendent un certan temps. Mas aquela notorietat ser\u00e0 tempor\u00e0ria e insatisfasenta. Pasmens, se la reputacion ven espontan\u00e8ament, en seguida d&#8217;una accion corr\u00e8cta, d&#8217;una accion menada sul Camin, durar\u00e0 e ser\u00e0 vertadi\u00e8ra, malgrat per la persona qu\u2019es sul Camin, aqu\u00f2 si\u00e1 pas important. Vaqu\u00ed la difer\u00e9ncia entre lo desir ego\u00efsta de gl\u00f2ria, de la part de la persona, e la reputacion non recercada e non desirada, qu&#8217;es lo resultat d&#8217;una accion corr\u00e8cta. La primi\u00e8ra es illus\u00f2ria e efem\u00e8ra. La segonda es reala e duradissa, e es fid\u00e8la a l&#8217;arma. Dins lo primi\u00e8r cas, lo karma s&#8217;amolona e o cal reglar; dins lo segond non.<\/span><\/span><\/p><\/blockquote>\n<blockquote class=\"western\" lang=\"oc-FR\"><p><span style=\"font-size: large\"><span style=\"font-family: Times New Roman, serif\">De c\u00f2ps, los messatges desfilan coma de belugas e son f\u00f2r\u00e7a concises.<\/span><\/span><\/p><\/blockquote>\n<blockquote class=\"western\" lang=\"oc-FR\"><p>\u2013<span style=\"font-size: large\"><span style=\"font-family: Times New Roman, serif\">L&#8217;objectiu n\u2019es pas de ganhar mas de s&#8217;obrir.<\/span><\/span><\/p><\/blockquote>\n<blockquote class=\"western\" lang=\"oc-FR\"><p><span style=\"font-size: large\"><span style=\"font-family: Times New Roman, serif\">Pu\u00e8i, coma se foguesse autre c\u00f2p lo lor torn, los messatges son tornarmai mai psicologics e prenon la forma d&#8217;impressions que se succedisson, coma de flashes.<\/span><\/span><\/p><\/blockquote>\n<blockquote class=\"western\" lang=\"oc-FR\"><p>\u2013<span style=\"font-size: large\"><span style=\"font-family: Times New Roman, serif\">Dieu perdona, mas deves tanben \u00e8sser perdonat pels autres, e los deves perdonar tu a eles. Lo perdon es tanben la ti\u00e1 responsabilitat. Te cal perdonar e \u00e8sser perdonat. La psicanalisi repara pas los degalhs. Te cal anar al del\u00e0 de la compreneson e realitzar de cambiaments, melhorar lo mond, reparar las relacions, perdonar als autres e acceptar lor perdon. Es f\u00f2r\u00e7a important de perseguir la vertut sens relambi. Solament parlar d&#8217;ela sufigu\u00e8t pas. Comprene ambe l&#8217;intell\u00e8cte e aplicar pas de rem\u00e8di sufigu\u00e8t pas tanpauc. Mas exprimir l&#8217;amor \u00f2c.<\/span><\/span><\/p><\/blockquote>\n<p class=\"western\" lang=\"oc-FR\" align=\"justify\"><span style=\"font-size: large\"><span style=\"font-family: Times New Roman, serif\">Doctor Brian Weiss. <\/span><span style=\"font-family: Times New Roman, serif\"><i>Only Love is Real<\/i><\/span><span style=\"font-family: Times New Roman, serif\"> (<\/span><span style=\"font-family: Times New Roman, serif\"><i>Solament l&#8217;amor es real<\/i><\/span><span style=\"font-family: Times New Roman, serif\">)<\/span><span style=\"font-family: Times New Roman, serif\">.<br \/>\n<\/span><\/span><span style=\"font-family: Times New Roman, serif\"><span style=\"font-size: large\"><b>Traduccion\u00a0: Jordi R\u00e0fols.<\/b><\/span><\/span><\/p>","protected":false},"excerpt":{"rendered":"<p>Tipes de karma, karma collectiu, celebritat, objectiu e perdon. Citacions dels savis. A trav\u00e8rs lo c\u00f2s dels pacients del Dr Brian Weiss en regression ipnotica, non solament se p\u00f2t accedir &hellip; <a href=\"https:\/\/animaweb.blog.pangea.org\/oc\/tipus-de-karma-karma-collectiu-fama-objectiu-i-perdo-cites-dels-savis\/\" class=\"more-link\">Continue reading<span class=\"screen-reader-text\"> &#8220;Tipes de karma, karma collectiu, celebritat, objectiu e perdon. Citacions dels savis.&#8221;<\/span><\/a><\/p>\n","protected":false},"author":12345698,"featured_media":0,"parent":0,"menu_order":0,"comment_status":"closed","ping_status":"closed","template":"","meta":{"ngg_post_thumbnail":0,"footnotes":""},"class_list":["post-286","page","type-page","status-publish","hentry"],"_links":{"self":[{"href":"https:\/\/animaweb.blog.pangea.org\/oc\/wp-json\/wp\/v2\/pages\/286","targetHints":{"allow":["GET"]}}],"collection":[{"href":"https:\/\/animaweb.blog.pangea.org\/oc\/wp-json\/wp\/v2\/pages"}],"about":[{"href":"https:\/\/animaweb.blog.pangea.org\/oc\/wp-json\/wp\/v2\/types\/page"}],"author":[{"embeddable":true,"href":"https:\/\/animaweb.blog.pangea.org\/oc\/wp-json\/wp\/v2\/users\/12345698"}],"replies":[{"embeddable":true,"href":"https:\/\/animaweb.blog.pangea.org\/oc\/wp-json\/wp\/v2\/comments?post=286"}],"version-history":[{"count":30,"href":"https:\/\/animaweb.blog.pangea.org\/oc\/wp-json\/wp\/v2\/pages\/286\/revisions"}],"predecessor-version":[{"id":2374,"href":"https:\/\/animaweb.blog.pangea.org\/oc\/wp-json\/wp\/v2\/pages\/286\/revisions\/2374"}],"wp:attachment":[{"href":"https:\/\/animaweb.blog.pangea.org\/oc\/wp-json\/wp\/v2\/media?parent=286"}],"curies":[{"name":"wp","href":"https:\/\/api.w.org\/{rel}","templated":true}]}}