{"id":1978,"date":"2022-08-24T08:42:06","date_gmt":"2022-08-24T06:42:06","guid":{"rendered":"https:\/\/animaweb.cat\/?page_id=1978"},"modified":"2023-01-23T23:32:15","modified_gmt":"2023-01-23T21:32:15","slug":"el-credit-cosmic-pel-doctor-jose-luis-cabouli-conferencia-en-castella-subtitulada-en-catala","status":"publish","type":"page","link":"https:\/\/animaweb.blog.pangea.org\/oc\/el-credit-cosmic-pel-doctor-jose-luis-cabouli-conferencia-en-castella-subtitulada-en-catala\/","title":{"rendered":"\u00ab\u00a0Lo cr\u00e8dit cosmic\u00a0\u00bb pel Doctor Jos\u00e9 Luis Cabouli. Confer\u00e9ncia en espanh\u00f2l sostitolada en occitan."},"content":{"rendered":"<p class=\"western\" lang=\"oc-FR\" align=\"center\"><span style=\"font-family: Times New Roman, serif\"><span style=\"font-size: x-large\"><b>\u00ab\u00a0Lo cr\u00e8dit cosmic\u00a0\u00bb pel Doctor Jos\u00e9 Lu<\/b><\/span><\/span><span style=\"color: #000000\"><span style=\"font-family: Times New Roman, serif\"><span style=\"font-size: x-large\"><b>i<\/b><\/span><\/span><\/span><span style=\"font-family: Times New Roman, serif\"><span style=\"font-size: x-large\"><b>s Cabouli. Confer\u00e9ncia en espanh\u00f2l sostitolada en occitan.<\/b><\/span><\/span><\/p>\n<p align=\"center\"><a href=\"https:\/\/odysee.com\/@animaweb:b\/Doctor_Jose_Luis_Cabouli_El_credito_cosmico_castellano_subtitulat_occitan:5\"><img loading=\"lazy\" decoding=\"async\" class=\"aligncenter wp-image-2376 size-full\" title=\"\u00ab\u00a0Lo cr\u00e8dit cosmic\u00a0\u00bb pel Doctor Jos\u00e9 Luis Cabouli. Confer\u00e9ncia en espanh\u00f2l sostitolada en occitan.\" src=\"https:\/\/animaweb.cat\/files\/2023\/01\/Doctor_Jose_Luis_Cabouli_El_credito_cosmico_castellano_subtitulado_castellano_primer_fotograma_72ppp_800x450px_occitan_2.png\" alt=\"\u00ab\u00a0Lo cr\u00e8dit cosmic\u00a0\u00bb pel Doctor Jos\u00e9 Luis Cabouli. Confer\u00e9ncia en espanh\u00f2l sostitolada en occitan.\" width=\"800\" height=\"450\" srcset=\"https:\/\/animaweb.blog.pangea.org\/files\/2023\/01\/Doctor_Jose_Luis_Cabouli_El_credito_cosmico_castellano_subtitulado_castellano_primer_fotograma_72ppp_800x450px_occitan_2.png 800w, https:\/\/animaweb.blog.pangea.org\/files\/2023\/01\/Doctor_Jose_Luis_Cabouli_El_credito_cosmico_castellano_subtitulado_castellano_primer_fotograma_72ppp_800x450px_occitan_2-300x169.png 300w, https:\/\/animaweb.blog.pangea.org\/files\/2023\/01\/Doctor_Jose_Luis_Cabouli_El_credito_cosmico_castellano_subtitulado_castellano_primer_fotograma_72ppp_800x450px_occitan_2-768x432.png 768w\" sizes=\"auto, (max-width: 800px) 85vw, 800px\" \/><\/a><span style=\"font-family: Times New Roman, serif\"><span style=\"font-size: large\"><a class=\"western\" href=\"https:\/\/odysee.com\/@animaweb:b\/Doctor_Jose_Luis_Cabouli_El_credito_cosmico_castellano_subtitulat_occitan:5\"><span lang=\"oc-FR\">https:\/\/odysee.com\/@animaweb:b\/Doctor_Jose_Luis_Cabouli_El_credito_cosmico_castellano_subtitulat_occitan:5<\/span><\/a><\/span><\/span><\/p>\n<p class=\"western\" lang=\"oc-FR\" align=\"justify\"><span style=\"font-family: Times New Roman, serif\"><span style=\"font-size: large\">Tr\u00f2\u00e7 de la confer\u00e9ncia entitolada \u00ab<\/span><\/span><span style=\"font-family: Times New Roman, serif\"><span style=\"font-size: large\"><i>\u00a0La vida abans la naissen\u00e7a\u00a0<\/i><\/span><\/span><span style=\"font-family: Times New Roman, serif\"><span style=\"font-size: large\">\u00bb del doctor Jos\u00e9 Lu<\/span><\/span><span style=\"color: #000000\"><span style=\"font-family: Times New Roman, serif\"><span style=\"font-size: large\">i<\/span><\/span><\/span><span style=\"font-family: Times New Roman, serif\"><span style=\"font-size: large\">s Cabouli tenguda a la Sala Polivalenta del Soler\u00e0s (Les Garrigues, Catalonha) lo dissabte 29 d&#8217;agost de 2020.<\/span><\/span><\/p>\n<p class=\"western\" lang=\"oc-FR\" align=\"justify\"><span style=\"font-family: Times New Roman, serif\"><span style=\"font-size: large\">Aquela confer\u00e9ncia presenta lo libre del meteis t\u00edtol escrich pel Doctor Cabouli e s&#8217;api\u00e8ja sul dial\u00f2g amb de pacients en terapia regressiva ont revivon d&#8217;experi\u00e9ncias, si\u00e1 dins de vidas anterioras, dins l&#8217;entre-vida, dins lor concepcion, dins lor gestacion dins lo ventre de la maire o a la naissen\u00e7a. La t\u00f2ca es de garir de f\u00f2bias o de traumatismes del passat o d&#8217;assumir de lei\u00e7ons de vida pendentas d&#8217;\u00e8sser apresas.<\/span><\/span><\/p>\n<p class=\"western\" lang=\"oc-FR\" align=\"justify\"><span style=\"font-family: Times New Roman, serif\"><span style=\"font-size: large\">Dins aquel passatge, lo Doctor Cabouli introdus\u00eds los participants dins un conc\u00e8pte, \u00ab\u00a0Cr\u00e8dit Cosmic\u00a0\u00bb, relatiu a un estat partejat amb lo \u00ab\u00a0karma\u00a0\u00bb o lo \u00ab\u00a0deute\u00a0\u00bb mas de polaritat opausada. En vertut de l&#8217;equilibri qualitatiu de l&#8217;arma individuala, una certana capacitat de causida de sa part p\u00f2t \u00e8sser determinada. Per exemple, la possibilitat de causir d&#8217;unas condicions per la si\u00e1 futura incarnacion.<\/span><\/span><\/p>\n<p class=\"western\" lang=\"oc-FR\" align=\"justify\"><span style=\"font-family: Times New Roman, serif\"><span style=\"font-size: large\">Nos desencusam perque, a causa de las r\u00e8glas establidas per la celebracion de l&#8217;eveniment, una separacion a degut \u00e8sser establida entre los diferents participants ambe l&#8217;exig\u00e9ncia inconfortabla de portar de masca, encara mai inconfortabla per las femnas presentas que p\u00f2don aver s\u2019inquietat per la si\u00e1 pr\u00f2pria gestacion. Cali\u00e1 que l&#8217;acte fogu\u00e8sse autorizat\u00a0; fins al moment de sa celebracion \u00e8rem pas segurs que l&#8217;eveniment se pogu\u00e8sse realizar e s&#8217;i auri\u00e1 una oportunitat nov\u00e8la de ne poder realizar un autre dins los jorns seguents dins las T\u00e8rras del Ponent catalan.<\/span><\/span><\/p>\n<p class=\"western\" lang=\"oc-FR\" align=\"justify\"><span style=\"font-family: Times New Roman, serif\"><span style=\"font-size: large\">Sab\u00e8m qu&#8217;existisson d\u2019exp\u00e8rts en sci\u00e9ncia e en medecina que remeton en question la necessitat d&#8217;aquelas mesuras de contrar\u00f2tle amb d&#8217;arguments non negligibles. D&#8217;autra part, es urgent de far con\u00e9isser la <\/span><\/span><span style=\"font-family: Times New Roman, serif\"><span style=\"font-size: large\"><i>Terapia de las <\/i><\/span><\/span><span style=\"color: #000000\"><span style=\"font-family: Times New Roman, serif\"><span style=\"font-size: large\"><i>V<\/i><\/span><\/span><\/span><span style=\"font-family: Times New Roman, serif\"><span style=\"font-size: large\"><i>idas <\/i><\/span><\/span><span style=\"color: #000000\"><span style=\"font-family: Times New Roman, serif\"><span style=\"font-size: large\"><i>P<\/i><\/span><\/span><\/span><span style=\"font-family: Times New Roman, serif\"><span style=\"font-size: large\"><i>assadas<\/i><\/span><\/span><span style=\"font-family: Times New Roman, serif\"><span style=\"font-size: large\"> (<\/span><\/span><span style=\"font-family: Times New Roman, serif\"><span style=\"font-size: large\"><i>TVP<\/i><\/span><\/span><span style=\"font-family: Times New Roman, serif\"><span style=\"font-size: large\">) e la <\/span><\/span><span style=\"font-family: Times New Roman, serif\"><span style=\"font-size: large\"><i>Terapia de la Possession Espirituala<\/i><\/span><\/span><span style=\"font-family: Times New Roman, serif\"><span style=\"font-size: large\"> (<\/span><\/span><span style=\"color: #000000\"><span style=\"font-family: Times New Roman, serif\"><span style=\"font-size: large\"><i>T<\/i><\/span><\/span><\/span><span style=\"font-family: Times New Roman, serif\"><span style=\"font-size: large\"><i>P<\/i><\/span><\/span><span style=\"color: #000000\"><span style=\"font-family: Times New Roman, serif\"><span style=\"font-size: large\"><i>E<\/i><\/span><\/span><\/span><span style=\"font-family: Times New Roman, serif\"><span style=\"font-size: large\">) de fai\u00e7on publica e visibla, de cara la possibla en\u00f2rma quantitat de m\u00f2stras amolonadas de patiment uman qu\u2019estimam son en esp\u00e8ra de resolucion entre totas las armas incarnadas e desincarnadas de l&#8217;Umanitat, produsidas tot lo long de son ist\u00f2ria, \u00e7\u00f2 qu&#8217;exig\u00eds qu&#8217;aquel besonh si\u00e1 conegut, sens mai trigar, de l&#8217;ensemble de la populacion.<\/span><\/span><\/p>\n<p class=\"western\" lang=\"oc-FR\" align=\"justify\"><span style=\"font-family: Times New Roman, serif\"><span style=\"font-size: large\">Video originala\u00a0: Manuel Marsan. Collaboracion als sost\u00edtols\u00a0: Xavier Climent. Montatge dels sost\u00edtols\u00a0: Brauli Tamarit. Organizat per\u00a0: Associacion Culturala de las Femnas Elaia. Collaboracion\u00a0: Comuna de Soler\u00e0s. Traduccion dels sost\u00edtols en occitan : Jordi R\u00e0fols.<\/span><\/span><\/p>\n<p class=\"western\" lang=\"oc-FR\" align=\"justify\"><span style=\"font-family: Times New Roman, serif\"><span style=\"font-size: large\">Perfil d&#8217;edicion \u00ab\u00a0Odys<\/span><\/span><span style=\"color: #000000\"><span style=\"font-family: Times New Roman, serif\"><span style=\"font-size: large\">e<\/span><\/span><\/span><span style=\"font-family: Times New Roman, serif\"><span style=\"font-size: large\">e\u00a0\u00bb\u00a0: Animaweb. Confer\u00e9ncias en occitan. Data de publicacion dins \u00ab\u00a0Odys<\/span><\/span><span style=\"color: #000000\"><span style=\"font-family: Times New Roman, serif\"><span style=\"font-size: large\">e<\/span><\/span><\/span><span style=\"font-family: Times New Roman, serif\"><span style=\"font-size: large\">e\u00a0\u00bb\u00a0: <\/span><\/span><span style=\"color: #000000\"><span style=\"font-family: Times New Roman, serif\"><span style=\"font-size: large\">dimenge<\/span><\/span><\/span> <span style=\"color: #000000\"><span style=\"font-family: Times New Roman, serif\"><span style=\"font-size: large\">22<\/span><\/span><\/span><span style=\"font-family: Times New Roman, serif\"><span style=\"font-size: large\"> de geni\u00e8r de 2023. Durada de la video\u00a0: 3 minutas e 33 segondas. Lenga\u00a0: Votz espanh\u00f2la amb sost\u00edtols en occitan.<\/span><\/span><\/p>\n<p class=\"western\" lang=\"oc-FR\" align=\"justify\"><span style=\"font-family: Times New Roman, serif\"><span style=\"font-size: large\">Font video d&#8217;origina\u00a0:<\/span><\/span><\/p>\n<p class=\"western\" align=\"justify\"><span style=\"color: #000080\"><span lang=\"zxx\"><u><a class=\"western\" href=\"https:\/\/www.youtube.com\/watch?v=WDqrLCJN9D4\"><span style=\"font-family: Times New Roman, serif\"><span style=\"font-size: large\"><span lang=\"oc-FR\">https:\/\/www.youtube.com\/watch?v=WDqrLCJN9D4<\/span><\/span><\/span><\/a><\/u><\/span><\/span><\/p>","protected":false},"excerpt":{"rendered":"<p>\u00ab\u00a0Lo cr\u00e8dit cosmic\u00a0\u00bb pel Doctor Jos\u00e9 Luis Cabouli. Confer\u00e9ncia en espanh\u00f2l sostitolada en occitan. https:\/\/odysee.com\/@animaweb:b\/Doctor_Jose_Luis_Cabouli_El_credito_cosmico_castellano_subtitulat_occitan:5 Tr\u00f2\u00e7 de la confer\u00e9ncia entitolada \u00ab\u00a0La vida abans la naissen\u00e7a\u00a0\u00bb del doctor Jos\u00e9 Luis Cabouli &hellip; <a href=\"https:\/\/animaweb.blog.pangea.org\/oc\/el-credit-cosmic-pel-doctor-jose-luis-cabouli-conferencia-en-castella-subtitulada-en-catala\/\" class=\"more-link\">Continue reading<span class=\"screen-reader-text\"> &#8220;\u00ab\u00a0Lo cr\u00e8dit cosmic\u00a0\u00bb pel Doctor Jos\u00e9 Luis Cabouli. Confer\u00e9ncia en espanh\u00f2l sostitolada en occitan.&#8221;<\/span><\/a><\/p>\n","protected":false},"author":12345698,"featured_media":0,"parent":0,"menu_order":0,"comment_status":"closed","ping_status":"closed","template":"","meta":{"ngg_post_thumbnail":0,"footnotes":""},"class_list":["post-1978","page","type-page","status-publish","hentry"],"_links":{"self":[{"href":"https:\/\/animaweb.blog.pangea.org\/oc\/wp-json\/wp\/v2\/pages\/1978","targetHints":{"allow":["GET"]}}],"collection":[{"href":"https:\/\/animaweb.blog.pangea.org\/oc\/wp-json\/wp\/v2\/pages"}],"about":[{"href":"https:\/\/animaweb.blog.pangea.org\/oc\/wp-json\/wp\/v2\/types\/page"}],"author":[{"embeddable":true,"href":"https:\/\/animaweb.blog.pangea.org\/oc\/wp-json\/wp\/v2\/users\/12345698"}],"replies":[{"embeddable":true,"href":"https:\/\/animaweb.blog.pangea.org\/oc\/wp-json\/wp\/v2\/comments?post=1978"}],"version-history":[{"count":33,"href":"https:\/\/animaweb.blog.pangea.org\/oc\/wp-json\/wp\/v2\/pages\/1978\/revisions"}],"predecessor-version":[{"id":2389,"href":"https:\/\/animaweb.blog.pangea.org\/oc\/wp-json\/wp\/v2\/pages\/1978\/revisions\/2389"}],"wp:attachment":[{"href":"https:\/\/animaweb.blog.pangea.org\/oc\/wp-json\/wp\/v2\/media?parent=1978"}],"curies":[{"name":"wp","href":"https:\/\/api.w.org\/{rel}","templated":true}]}}