{"id":106,"date":"2018-01-18T18:25:27","date_gmt":"2018-01-18T16:25:27","guid":{"rendered":"http:\/\/animaweb.blog.pangea.org\/?page_id=106"},"modified":"2023-03-04T23:48:23","modified_gmt":"2023-03-04T21:48:23","slug":"objectius","status":"publish","type":"page","link":"https:\/\/animaweb.blog.pangea.org\/oc\/objectius\/","title":{"rendered":"Objectius"},"content":{"rendered":"<p class=\"western\" lang=\"ca-ES\" align=\"center\"><span style=\"font-family: Times New Roman, serif\"><span style=\"font-size: x-large\"><span lang=\"oc-FR\"><b>Objectius.<\/b><\/span><\/span><\/span><\/p>\n<p class=\"western\" lang=\"ca-ES\" align=\"justify\"><span style=\"font-family: Times New Roman, serif\"><span style=\"font-size: large\"><span lang=\"oc-FR\">La cresen\u00e7a que viv\u00e8m unicament una encarnacion es f\u00f2r\u00e7a estenduda de pertot lo Mond. De mai, dins las civilizacions d\u2019Occident, s\u00e8m impregnats d\u2019aicesta mentalitat mod\u00e8rna de viure la vida en lo vesinatge sens nos preocupar excessivament de las consequ\u00e9ncias dels n\u00f2stres actes.<\/span><\/span><\/span><\/p>\n<p class=\"western\" lang=\"ca-ES\" align=\"justify\"><span style=\"font-family: Times New Roman, serif\"><span style=\"font-size: large\"><span lang=\"oc-FR\">En aiceste cont\u00e8xt, la <\/span><\/span><\/span><span style=\"font-family: Times New Roman, serif\"><span style=\"font-size: large\"><span lang=\"oc-FR\"><b>Terapia de Vidas Passadas (TVP)<\/b><\/span><\/span><\/span><span style=\"font-family: Times New Roman, serif\"><span style=\"font-size: large\"><span lang=\"oc-FR\"> es estada desvolopada per terap\u00e8utas, qualques unes formats en la rigor academica e amb experi\u00e9ncia practica, qu&#8217;an descob\u00e8rt l\u2019evid\u00e9ncia de la reencarnacion, pas coma un d\u00f2gma impausat o una cresen\u00e7a liurament acceptada, mas mejan\u00e7ant la practica quotidiana amb los sieus pacients.<\/span><\/span><\/span><\/p>\n<p class=\"western\" lang=\"ca-ES\" align=\"justify\"><span style=\"font-family: Times New Roman, serif\"><span style=\"font-size: large\"><span lang=\"oc-FR\">S&#8217;un individ\u00fa crei que se viu sonque un c\u00f2p, p\u00f2t decidir de se desinteressar de l&#8217;astre del lu\u00f2c ont dem\u00f2ra, doncas supausa qu\u2019i tornar\u00e0 pas. Mas, quand una persona crei probabla que p\u00f2sca tornar dins la T\u00e8rra, p\u00f2t pensar: <\/span><\/span><\/span><span style=\"font-family: Times New Roman, serif\"><span style=\"font-size: large\"><span lang=\"oc-FR\"><i>\u00abM\u00e8fi, benl\u00e8u i tornarem. Alara, nos cal procurar de daissar lo Mond pari\u00e8r o melhor que coma l\u2019av\u00e8m trobat, o lo conservar almens, en evitant qu&#8217;empejore excessivament, pr\u2019amor que ser\u00e0 lo meteis endrech ont i acabarem\u00bb<\/i><\/span><\/span><\/span><span style=\"font-family: Times New Roman, serif\"><span style=\"font-size: large\"><span lang=\"oc-FR\">.<\/span><\/span><\/span><\/p>\n<p class=\"western\" lang=\"ca-ES\" align=\"justify\"><span style=\"font-family: Times New Roman, serif\"><span style=\"font-size: large\"><span lang=\"oc-FR\">Los pacients de la TVP an l\u2019escasen\u00e7a de descobrir que ven\u00e8m dins aiceste mond a aprene. O fas\u00e8m en determinant las fautas del n\u00f2stre passat, qu&#8217;incorporam amb de lei\u00e7ons despari\u00e8ras, coma las vertuts fondamentalas de l\u2019amor e la compassion. Aquestas son qualques unas de las vertuts que cal que l\u2019arma assumisca en lo sieu camin de perfeccionament. Son de vertuts necess\u00e0rias dins una planeta coma la n\u00f2stra, que p\u00f2t noirir de pro aliment, mat\u00e8ria e energia a totes los sieus abitants, mas ont i a de monde que pat\u00eds de mancan\u00e7as gr\u00e8vas. Una planeta amb una rica varietat d\u2019esp\u00e8cias e mejans, mas qu\u2019es en risc a causa de l\u2019exc\u00e8s de contaminacion e lo desprofi\u00e8ch de ressor\u00e7as, ont l&#8217;Umanitat dispausa d\u2019una granda diversitat de nacions, culturas e lengas, caduna capabla d\u2019ofrir las si\u00e1s solucions originalas a la r\u00e8sta, mas amb la capacitat militara sufisenta coma per destruire div\u00e8rses c\u00f2ps la vida que i conten.<\/span><\/span><\/span><\/p>\n<p class=\"western\" lang=\"ca-ES\" align=\"justify\"><span style=\"font-family: Times New Roman, serif\"><span style=\"font-size: large\"><span lang=\"oc-FR\">Lo t\u00e8ma pendent mai grand de l&#8217;Umanitat de la n\u00f2stra planeta, e mai s\u2019es pas l\u2019unic, es enau\u00e7ar lo niv\u00e8l etic e de consci\u00e9ncia de n\u00f2stra societat. En aicesta tasca, l\u2019espiritualitat es decisiva. Dins lo mod\u00e8st lu\u00f2c web <\/span><\/span><\/span><span style=\"font-family: Times New Roman, serif\"><span style=\"font-size: large\"><span lang=\"oc-FR\"><b>En c\u00f2rs e arma<\/b><\/span><\/span><\/span><span style=\"font-family: Times New Roman, serif\"><span style=\"font-size: large\"><span lang=\"oc-FR\">, introdusiss\u00e8m los internautas dins aicest camin entamenat per d\u2019investigadors precursors que, en combinant psiquica e metaps\u00edquica, p\u00f2don nos ajudar a melhorar lo niv\u00e8l de las relacions entre los individ\u00fas, los collectius, e en lo resp\u00e8cte cap a la n\u00f2stra pr\u00f2pria natura e aquela de la r\u00e8sta dels \u00e8ssers vivents.<\/span><\/span><\/span><\/p>\n<p class=\"western\" lang=\"ca-ES\" align=\"right\"><span style=\"font-family: Times New Roman, serif\"><span style=\"font-size: large\"><span lang=\"oc-FR\">Equipa del web <\/span><\/span><\/span><span style=\"font-family: Times New Roman, serif\"><span style=\"font-size: large\"><span lang=\"oc-FR\"><b>En c\u00f2rs e arma<\/b><\/span><\/span><\/span><span style=\"font-family: Times New Roman, serif\"><span style=\"font-size: large\"><span lang=\"oc-FR\">.<br \/>\n<\/span><\/span><\/span><span style=\"font-family: Times New Roman, serif\"><span style=\"font-size: large\"><span lang=\"oc-FR\">Primi\u00e8ra version: Dij\u00f2us, 18 de geni\u00e8r del 2018.<br \/>\n<\/span><\/span><\/span><span style=\"font-family: Times New Roman, serif\"><span style=\"font-size: large\"><span lang=\"oc-FR\">Darri\u00e8ra modificacion: Dimars, 30 de geni\u00e8r del 2018.<br \/>\n<\/span><\/span><\/span><b><span style=\"font-family: Times New Roman, serif\"><span style=\"font-size: large\"><span lang=\"oc-FR\">Traduccion: Federico Merino<\/span><\/span><\/span><span style=\"font-family: Times New Roman, serif\"><span style=\"font-size: large\"><span lang=\"oc-FR\">.<\/span><\/span><\/span><\/b><\/p>","protected":false},"excerpt":{"rendered":"<p>Objectius. La cresen\u00e7a que viv\u00e8m unicament una encarnacion es f\u00f2r\u00e7a estenduda de pertot lo Mond. De mai, dins las civilizacions d\u2019Occident, s\u00e8m impregnats d\u2019aicesta mentalitat mod\u00e8rna de viure la vida &hellip; <a href=\"https:\/\/animaweb.blog.pangea.org\/oc\/objectius\/\" class=\"more-link\">Continue reading<span class=\"screen-reader-text\"> &#8220;Objectius&#8221;<\/span><\/a><\/p>\n","protected":false},"author":12345698,"featured_media":0,"parent":0,"menu_order":0,"comment_status":"closed","ping_status":"closed","template":"","meta":{"ngg_post_thumbnail":0,"footnotes":""},"class_list":["post-106","page","type-page","status-publish","hentry"],"_links":{"self":[{"href":"https:\/\/animaweb.blog.pangea.org\/oc\/wp-json\/wp\/v2\/pages\/106","targetHints":{"allow":["GET"]}}],"collection":[{"href":"https:\/\/animaweb.blog.pangea.org\/oc\/wp-json\/wp\/v2\/pages"}],"about":[{"href":"https:\/\/animaweb.blog.pangea.org\/oc\/wp-json\/wp\/v2\/types\/page"}],"author":[{"embeddable":true,"href":"https:\/\/animaweb.blog.pangea.org\/oc\/wp-json\/wp\/v2\/users\/12345698"}],"replies":[{"embeddable":true,"href":"https:\/\/animaweb.blog.pangea.org\/oc\/wp-json\/wp\/v2\/comments?post=106"}],"version-history":[{"count":50,"href":"https:\/\/animaweb.blog.pangea.org\/oc\/wp-json\/wp\/v2\/pages\/106\/revisions"}],"predecessor-version":[{"id":2432,"href":"https:\/\/animaweb.blog.pangea.org\/oc\/wp-json\/wp\/v2\/pages\/106\/revisions\/2432"}],"wp:attachment":[{"href":"https:\/\/animaweb.blog.pangea.org\/oc\/wp-json\/wp\/v2\/media?parent=106"}],"curies":[{"name":"wp","href":"https:\/\/api.w.org\/{rel}","templated":true}]}}