{"id":747,"date":"2020-01-23T19:25:24","date_gmt":"2020-01-23T17:25:24","guid":{"rendered":"https:\/\/animaweb.cat\/?page_id=747"},"modified":"2022-12-16T19:58:17","modified_gmt":"2022-12-16T17:58:17","slug":"crida","status":"publish","type":"page","link":"https:\/\/animaweb.blog.pangea.org\/it\/crida\/","title":{"rendered":"Appello"},"content":{"rendered":"<p align=\"center\"><span style=\"font-size: x-large\"><span style=\"font-family: Times New Roman, serif\"><span lang=\"it-IT\"><b>Appello della pagina web \u00abIn corpo e anima\u00bb.<\/b><\/span><\/span><\/span><\/p>\n<p align=\"justify\"><span style=\"font-family: Times New Roman, serif\"><span lang=\"it-IT\">Coloro che applicano la <\/span><\/span><span style=\"font-family: Times New Roman, serif\"><span lang=\"it-IT\"><i>Terapia delle Vite Passate <\/i><\/span><\/span><span style=\"font-family: Times New Roman, serif\"><span lang=\"it-IT\">(<\/span><\/span><span style=\"font-family: Times New Roman, serif\"><span lang=\"it-IT\"><i>TVP<\/i><\/span><\/span><span style=\"font-family: Times New Roman, serif\"><span lang=\"it-IT\">) e la <\/span><\/span><span style=\"font-family: Times New Roman, serif\"><span lang=\"it-IT\"><i>Terapia della Possessione Spirituale <\/i><\/span><\/span><span style=\"font-family: Times New Roman, serif\"><span lang=\"it-IT\">(<\/span><\/span><span style=\"font-family: Times New Roman, serif\"><span lang=\"it-IT\"><i>TPS<\/i><\/span><\/span><span style=\"font-family: Times New Roman, serif\"><span lang=\"it-IT\">), ognuno secondo i diversi stili a variet\u00e0 di trattamento, e per mezzo dello studio di numerosi casi, ci fanno sapere che siamo anime che passiamo da un corpo all\u2019altro. Dallo studio di questi casi si deduce che la reincarnazione, o metempsicosi, \u00e8 la via naturale di tirocinio e perfezionamento delle anime.<\/span><\/span><\/p>\n<p align=\"justify\"><span style=\"font-family: Times New Roman, serif\"><span lang=\"it-IT\">Questi terapeuti collaborano nel perfezionamento delle anime, scoprendo e aiutando a risolvere nei loro pazienti le diverse forme di sofferenza umana. Tenendo in conto il numero di persona incarnate che esistono nel mondo nell\u2019attualit\u00e0, e facendo anche un calcolo approssimato del numero di anime disincarnate, e pensando nei differenti fatti traumatici individuali e collettivi non risolti, vissuti dall\u2019insieme dell\u2019umanit\u00e0 del pianeta Terra lungo la sua storia, quale sarebbe la cifra di conflitti traumatici del passato, di diversi tipi, in attesa di essere risolti che colpiscono questo insieme di anime incarnate e disincarnate? Probabilmente centinaia di migliaia di milioni.<\/span><\/span><\/p>\n<p align=\"justify\"><span style=\"font-family: Times New Roman, serif\"><span lang=\"it-IT\">Per aiutare a potenziare questo lavoro titanico di risoluzione e progresso della coscienza dell\u2019anima o spirituale che colpisce tutta l\u2019umanit\u00e0, una pagina web che cominci con un numero ridotto di pagine, che contempli la descrizione di alcuni casi risolti, ma che vada aumentando il suo contenuto a un numero sempre pi\u00f9 grande di lingue, pu\u00f2 essere uno strumento molto efficace per raggiungere gli individui di tutti i popoli del mondo, facendo servire uno dei mezzi dell\u2019anima collettiva di ogni popolo, cio\u00e8 le rispettive lingue native.<\/span><\/span><\/p>\n<p align=\"justify\"><span style=\"font-family: Times New Roman, serif\"><span lang=\"it-IT\">Vi incoraggiamo a partecipare in questo progetto aiutando in diversi modi. Traducendo e correggendo il meglio possibile le sue pagine; anche, riprendendo, e se \u00e8 necessario correggendo d\u2019accordo con l\u2019originale, le citazioni gi\u00e0 tradotte degli autori menzionati nei casi in cui ci siano delle edizioni gi\u00e0 fatte nell\u2019idioma tradotto. Saranno anche ben ricevute le collaborazioni riguardanti l\u2019aspetto tecnico ed estetico del progetto. Chi voglia fare una contribuzione economica potr\u00e0 farla direttamente alla persona o persone che hanno collaborato e che abbiano bisogno di una retribuzione, gi\u00e0 che in questo progetto cerchiamo di evitare la burocrazia amministrativa. Tutte le persone e gruppi che parteciperanno in questo progetto, se vogliono potranno essere menzionati col loro nome nella pagina di ringraziamenti e inoltre nelle pagine nelle quali abbiano partecipato direttamente.<\/span><\/span><\/p>\n<p align=\"justify\"><span style=\"font-family: Times New Roman, serif\"><span lang=\"it-IT\">La nostra umanit\u00e0 avanza rapidamente per certi aspetti della ricerca scientifica e tecnica, ma soffre un gran ritardo rispetto alla conoscenza della realt\u00e0 spirituale, e questo implica pure un ritardo etico. Questa situazione mette in rischio la continuit\u00e0 della vita in questa grande scuola che \u00e8 il nostro pianeta. Con questo progetto, che incomincia con un\u2019informazione basica, senza che debba essere necessariamente unico, vogliamo aiutare a ristabilire l\u2019equilibrio e incoraggiare altri progetti che vogliano arrivare pi\u00f9 lontano.<\/span><\/span><\/p>\n<p align=\"right\"><span style=\"font-family: Times New Roman, serif\"><span lang=\"it-IT\">Gruppo della pagina web <\/span><\/span><span style=\"font-family: Times New Roman, serif\"><span lang=\"it-IT\"><i>In corpo e anima.<br \/>\n<\/i><\/span><\/span><span style=\"font-family: Times New Roman, serif\"><span lang=\"it-IT\">Marted\u00ec, 21 gennaio del 2020.<br \/>\n<\/span><\/span><span style=\"font-family: Times New Roman, serif\"><span lang=\"it-IT\"><b>Traduzione: Loto Perrella.<\/b><\/span><\/span><\/p>","protected":false},"excerpt":{"rendered":"<p>Appello della pagina web \u00abIn corpo e anima\u00bb. Coloro che applicano la Terapia delle Vite Passate (TVP) e la Terapia della Possessione Spirituale (TPS), ognuno secondo i diversi stili a &hellip; <a href=\"https:\/\/animaweb.blog.pangea.org\/it\/crida\/\" class=\"more-link\">Leggi tutto<span class=\"screen-reader-text\"> &#8220;Appello&#8221;<\/span><\/a><\/p>\n","protected":false},"author":12345698,"featured_media":0,"parent":0,"menu_order":0,"comment_status":"closed","ping_status":"closed","template":"","meta":{"ngg_post_thumbnail":0,"footnotes":""},"class_list":["post-747","page","type-page","status-publish","hentry"],"_links":{"self":[{"href":"https:\/\/animaweb.blog.pangea.org\/it\/wp-json\/wp\/v2\/pages\/747","targetHints":{"allow":["GET"]}}],"collection":[{"href":"https:\/\/animaweb.blog.pangea.org\/it\/wp-json\/wp\/v2\/pages"}],"about":[{"href":"https:\/\/animaweb.blog.pangea.org\/it\/wp-json\/wp\/v2\/types\/page"}],"author":[{"embeddable":true,"href":"https:\/\/animaweb.blog.pangea.org\/it\/wp-json\/wp\/v2\/users\/12345698"}],"replies":[{"embeddable":true,"href":"https:\/\/animaweb.blog.pangea.org\/it\/wp-json\/wp\/v2\/comments?post=747"}],"version-history":[{"count":25,"href":"https:\/\/animaweb.blog.pangea.org\/it\/wp-json\/wp\/v2\/pages\/747\/revisions"}],"predecessor-version":[{"id":2238,"href":"https:\/\/animaweb.blog.pangea.org\/it\/wp-json\/wp\/v2\/pages\/747\/revisions\/2238"}],"wp:attachment":[{"href":"https:\/\/animaweb.blog.pangea.org\/it\/wp-json\/wp\/v2\/media?parent=747"}],"curies":[{"name":"wp","href":"https:\/\/api.w.org\/{rel}","templated":true}]}}