{"id":624,"date":"2019-12-28T20:24:10","date_gmt":"2019-12-28T18:24:10","guid":{"rendered":"https:\/\/animaweb.cat\/?page_id=624"},"modified":"2022-12-30T21:42:17","modified_gmt":"2022-12-30T19:42:17","slug":"cas-davortament-terapia-de-possessio-espiritual","status":"publish","type":"page","link":"https:\/\/animaweb.blog.pangea.org\/it\/cas-davortament-terapia-de-possessio-espiritual\/","title":{"rendered":"Caso di aborto. Terapia della possessione spirituale."},"content":{"rendered":"<p class=\"western\" lang=\"it-IT\" align=\"center\"><span style=\"font-family: Times New Roman, serif\"><span style=\"font-size: x-large\"><b>Caso di aborto. Terapia della possessione spirituale.<\/b><\/span><\/span><\/p>\n<p class=\"western\" lang=\"it-IT\" align=\"center\"><span style=\"font-family: Times New Roman, serif\"><span style=\"font-size: large\"><b><img loading=\"lazy\" decoding=\"async\" class=\"aligncenter wp-image-625 size-full\" title=\"Caso di aborto. Terapia della possessione spirituale. Figura 5.\" src=\"https:\/\/animaweb.cat\/files\/2019\/12\/Jose_Luis_Cabouli_Terapia_de_Posesion_Espiritual_Figura_5_Aborto_Foto_Raul_Torres_72ppp_600x907px.png\" alt=\"Caso di aborto. Terapia della possessione spirituale. Figura 5.\" width=\"600\" height=\"907\" srcset=\"https:\/\/animaweb.blog.pangea.org\/files\/2019\/12\/Jose_Luis_Cabouli_Terapia_de_Posesion_Espiritual_Figura_5_Aborto_Foto_Raul_Torres_72ppp_600x907px.png 600w, https:\/\/animaweb.blog.pangea.org\/files\/2019\/12\/Jose_Luis_Cabouli_Terapia_de_Posesion_Espiritual_Figura_5_Aborto_Foto_Raul_Torres_72ppp_600x907px-198x300.png 198w\" sizes=\"auto, (max-width: 600px) 85vw, 600px\" \/>Figura 5.<\/b><\/span><\/span><\/p>\n<p class=\"western\" lang=\"it-IT\" align=\"justify\"><span style=\"font-family: Times New Roman, serif\"><span style=\"font-size: large\">La BEG (BioElettroGrafia) corrisponde a una donna di trenta cinque anni che interruppe una gravidanza di tre mesi a conseguenza di un incidente. La donna parlava di paura e di un sentimento di colpa perch\u00e9 l\u2019incidente aveva avuto luogo a causa di una sua imprudenza. La BEG fu ottenuta durante una regressione giusto nel momento in cui la paziente diceva quanto segue: <\/span><\/span><\/p>\n<p class=\"western\" lang=\"it-IT\" align=\"justify\"><span style=\"font-family: Times New Roman, serif\"><span style=\"font-size: large\">\u00abIn questo momento sento che il mio beb\u00e8 \u00e8 nella mia testa.\u00bb<\/span><\/span><\/p>\n<p class=\"western\" lang=\"it-IT\" align=\"justify\"><span style=\"font-family: Times New Roman, serif\"><span style=\"font-size: large\">Nella parte superiore della BEG si osserva un\u2019immagine di colore rosso giallastro con una forma fetale evidente. Osserviamo che l\u2019immagine fetale contiene l\u2019energia egoica che \u00e8 completamente assente nella paziente. Si pu\u00f2 anche vedere chiaramente il cordone energetico che unisce l\u2019immagine fetale con l\u2019energia vitale della paziente, malgrado il fatto che questa energia sia conservata.<\/span><\/span><\/p>\n<p class=\"western\" lang=\"es-ES\" align=\"justify\"><span style=\"font-size: large\"><strong><span style=\"font-family: Times New Roman, serif\">Immagine della BEG: Ra\u00fal Torres. Dal libro di Dottor Jos\u00e9 Lu\u00eds Cabouli. <\/span><span style=\"font-family: Times New Roman, serif\"><i>Terapia de la posesi\u00f3n espiritual. T\u00e9cnica y pr\u00e1ctica cl\u00ednica.<\/i><\/span><span style=\"font-family: Times New Roman, serif\"> (<\/span><span style=\"font-family: Times New Roman, serif\"><i>Terapia della possessione spirituale. Tecnica e pratica clinica<\/i><\/span><span style=\"font-family: Times New Roman, serif\">). <\/span><\/strong><span style=\"font-family: Times New Roman, serif\"><strong>Ediciones Continente. Pagina 341.<\/strong><br \/>\n<\/span><\/span><span style=\"font-family: Times New Roman, serif\"><span style=\"font-size: large\"><b>Traduzione: Loto Perrella.<\/b><\/span><\/span><\/p>","protected":false},"excerpt":{"rendered":"<p>Caso di aborto. Terapia della possessione spirituale. Figura 5. La BEG (BioElettroGrafia) corrisponde a una donna di trenta cinque anni che interruppe una gravidanza di tre mesi a conseguenza di &hellip; <a href=\"https:\/\/animaweb.blog.pangea.org\/it\/cas-davortament-terapia-de-possessio-espiritual\/\" class=\"more-link\">Leggi tutto<span class=\"screen-reader-text\"> &#8220;Caso di aborto. Terapia della possessione spirituale.&#8221;<\/span><\/a><\/p>\n","protected":false},"author":12345698,"featured_media":0,"parent":0,"menu_order":0,"comment_status":"closed","ping_status":"closed","template":"","meta":{"ngg_post_thumbnail":0,"footnotes":""},"class_list":["post-624","page","type-page","status-publish","hentry"],"_links":{"self":[{"href":"https:\/\/animaweb.blog.pangea.org\/it\/wp-json\/wp\/v2\/pages\/624","targetHints":{"allow":["GET"]}}],"collection":[{"href":"https:\/\/animaweb.blog.pangea.org\/it\/wp-json\/wp\/v2\/pages"}],"about":[{"href":"https:\/\/animaweb.blog.pangea.org\/it\/wp-json\/wp\/v2\/types\/page"}],"author":[{"embeddable":true,"href":"https:\/\/animaweb.blog.pangea.org\/it\/wp-json\/wp\/v2\/users\/12345698"}],"replies":[{"embeddable":true,"href":"https:\/\/animaweb.blog.pangea.org\/it\/wp-json\/wp\/v2\/comments?post=624"}],"version-history":[{"count":13,"href":"https:\/\/animaweb.blog.pangea.org\/it\/wp-json\/wp\/v2\/pages\/624\/revisions"}],"predecessor-version":[{"id":2301,"href":"https:\/\/animaweb.blog.pangea.org\/it\/wp-json\/wp\/v2\/pages\/624\/revisions\/2301"}],"wp:attachment":[{"href":"https:\/\/animaweb.blog.pangea.org\/it\/wp-json\/wp\/v2\/media?parent=624"}],"curies":[{"name":"wp","href":"https:\/\/api.w.org\/{rel}","templated":true}]}}