{"id":57,"date":"2018-01-18T00:19:43","date_gmt":"2018-01-17T22:19:43","guid":{"rendered":"http:\/\/animaweb.blog.pangea.org\/?page_id=57"},"modified":"2022-08-01T20:59:02","modified_gmt":"2022-08-01T18:59:02","slug":"la-ment-una-entrevista-amb-el-dr-michael-newton-per-mary-arsenault","status":"publish","type":"page","link":"https:\/\/animaweb.blog.pangea.org\/it\/la-ment-una-entrevista-amb-el-dr-michael-newton-per-mary-arsenault\/","title":{"rendered":"La Mente: un\u2019intervista con il Dr. Michael Newton, di Mary Arsenault."},"content":{"rendered":"<p class=\"western\" lang=\"it-IT\" align=\"center\"><span style=\"font-family: Times New Roman, serif\"><span style=\"font-size: x-large\"><b>La Mente: un\u2019intervista con il Dr. Michael Newton, di Mary Arsenault.<\/b><\/span><\/span><\/p>\n<p lang=\"en-US\"><span style=\"font-family: Times New Roman, serif\"><span style=\"font-size: large\"><b><img loading=\"lazy\" decoding=\"async\" class=\"alignright wp-image-785 size-full\" title=\"Wisdom Magazine. Logo.\" src=\"https:\/\/animaweb.cat\/files\/2020\/01\/Wisdom_Magazine_Logotip_72ppp_200x72px.png\" alt=\"Wisdom Magazine. Logo.\" width=\"200\" height=\"72\" \/>Wisdom Magazine.<\/b><\/span><\/span><\/p>\n<p class=\"western\" lang=\"it-IT\" align=\"justify\"><span style=\"font-family: Times New Roman, serif\"><span style=\"font-size: large\"><i>In Memoriam, Michael Newton (1931-2016).<\/i><\/span><\/span><\/p>\n<p class=\"western\" lang=\"it-IT\" align=\"justify\"><span style=\"font-family: Times New Roman, serif\"><span style=\"font-size: large\">1\u00ba dicembre 2004.<\/span><\/span><\/p>\n<figure id=\"attachment_58\" aria-describedby=\"caption-attachment-58\" style=\"width: 113px\" class=\"wp-caption alignleft\"><img loading=\"lazy\" decoding=\"async\" class=\"wp-image-58 size-full\" title=\"Dottor Michael Newton.\" src=\"http:\/\/animaweb.blog.pangea.org\/files\/2018\/01\/Doctor_Michael_Newton.gif\" alt=\"Dottor Michael Newton.\" width=\"113\" height=\"112\" \/><figcaption id=\"caption-attachment-58\" class=\"wp-caption-text\">Dottor Michael Newton.<\/figcaption><\/figure>\n<p class=\"western\" lang=\"es-ES\" align=\"justify\"><span style=\"font-family: Times New Roman, serif\"><span style=\"font-size: large\"><span lang=\"it-IT\">Nel 1994, la vita come la conosciamo, con tutte le sue domande angosciose di perch\u00e9 siamo qua e dove si suppone che andiamo, arriv\u00f3 alla sua fine con la pubblicazione di <\/span><\/span><\/span><span style=\"font-family: Times New Roman, serif\"><span style=\"font-size: large\"><span lang=\"it-IT\"><i><b>Journey of Souls<\/b><\/i><\/span><\/span><\/span><span style=\"font-family: Times New Roman, serif\"><span style=\"font-size: large\"><span lang=\"it-IT\">, del Dr. Michael Newton. In questo libro, il culmine di oltre 20 anni di ricerca sulla regressione ipnotica che includeva la regressione ipnotica di pi\u00f9 di 7.000 clienti alla loro <\/span><\/span><\/span><span style=\"font-family: Times New Roman, serif\"><span style=\"font-size: large\"><span lang=\"it-IT\"><i>vita fra le vite<\/i><\/span><\/span><\/span><span style=\"font-family: Times New Roman, serif\"><span style=\"font-size: large\"><span lang=\"it-IT\">, il Dr. Newton racconta alcune scoperte sorprendenti sulla nostra esistenza continua nel regno spirituale dopo la morte fisica. Fra queste scoperte troviamo: che cosa si sente quando si muore, che cosa si vede e si sente immediatamente nel morire, il ritrovamento delle nostre guide spirituali, l\u2019origine e il significato delle anime gemelle, lo scopo della vita, e le manifestazioni di un \u00abcreatore\u00bb. Per questo suo primo libro, utilizz\u00f2 29 studi di casi, con i quali disegn\u00f2 una mappa con il susseguirsi delle circostanze che l\u2019anima incontra dal momento della sua morte fisica fino alla scelta di ritornare di nuovo al mondo fisico.<\/span><\/span><\/span><\/p>\n<p class=\"western\" lang=\"es-ES\" align=\"justify\"><span style=\"font-family: Times New Roman, serif\"><span style=\"font-size: large\"><span lang=\"it-IT\">Nel secondo libro, <\/span><\/span><\/span><span style=\"font-family: Times New Roman, serif\"><span style=\"font-size: large\"><span lang=\"it-IT\"><i><b>Destiny of Souls<\/b><\/i><\/span><\/span><\/span><span style=\"font-family: Times New Roman, serif\"><span style=\"font-size: large\"><span lang=\"it-IT\">, pubblicato nel 2000 e votato come \u00abMiglior Libro Metafisico dell\u2019Anno\u00bb nella Book Expo di Chicago, il Dr. Newton esplora nei minimi particolari il funzionamento interno del mondo spirituale con altri 67 casi. I temi trattati includono i piani astrali, i sistemi di anima gruppale e la dinamica della comunit\u00e0, il consiglio degli anziani, il progresso dell\u2019anima, le linee del tempo, le scelte del corpo, come gli spiriti counicano con i vivi, e molto altro. Questi due libri, tutti e due best-seller e tradotti in venticinque lingue, contengono quello che si pu\u00f2 considerar una guida del viaggiatore dei regni spirituali.<\/span><\/span><\/span><\/p>\n<p class=\"western\" lang=\"es-ES\" align=\"justify\"><span style=\"font-family: Times New Roman, serif\"><span style=\"font-size: large\"><span lang=\"it-IT\">Il Dr. Newton, ora ritirato dalla sua attivit\u00e0, durante anni ha preparato altri ipnoterapeuti nelle tecniche da lui utilizzate per indurre una regressione ipnotica allo stato della vita fra le vite. Il suo ultimo libro, <\/span><\/span><\/span><span style=\"font-family: Times New Roman, serif\"><span style=\"font-size: large\"><span lang=\"it-IT\"><i><b>Life between Lives: Hypnotherapy for Spiritual Regression<\/b><\/i><\/span><\/span><\/span><span style=\"font-family: Times New Roman, serif\"><span style=\"font-size: large\"><span lang=\"it-IT\">, scritto per i professionisti e pubblicato dalla Llewellyn Publications, \u00e8 una guida passo a passo alla metodologia e alle parole chiave utilizzate per facilitare la regressione ipnotica ai regni spirituali. Attingendo ampiamente ai nuovi e pi\u00f9 recenti studi, il libro riuscir\u00e0 interessante anche per i non professionisti che per\u00f2 conoscano il lavoro del Dr. Newton, desiderosi di avere altra informazione sulla vita fra le vite.<\/span><\/span><\/span><\/p>\n<p class=\"western\" lang=\"it-IT\" align=\"justify\"><span style=\"font-family: Times New Roman, serif\"><span style=\"font-size: large\">Assieme, questi tre libri rappresentano una trilogia completa di quello che si pu\u00f2 descrivere come la conquista pi\u00f9 sorprendente, trasformatrice, avanguardista nella conoscenza mai offerta alla razza umana. Superate le prove finali di metodologia scientifica di riproducibilit\u00e0, i ritrovamenti della ricerca del Dr. Newton sono stati verificati da altri ipnoterapeuti LBL situati in diverse parti del mondo.<\/span><\/span><\/p>\n<p class=\"western\" lang=\"it-IT\" align=\"justify\"><span style=\"font-family: Times New Roman, serif\"><span style=\"font-size: large\">Il Dr. Newton, psicologo consulente, maestro ipnoterapeuta, insegnante e autore, \u00e8 anche il fondatore della Society for Spiritual Regression, un\u2019organizzazione internazionale creata allo scopo di preparare degli ipnoterapeuti con esperienza nelle tecniche usate per la regressione alla vita fra le vite.<\/span><\/span><\/p>\n<p class=\"western\" lang=\"es-ES\" align=\"justify\">\u2013<span style=\"font-family: Times New Roman, serif\"><span style=\"font-size: large\"><span lang=\"it-IT\"><b>Secondo la letteratura, lei inciamp\u00f2 nella regressione alla vita fra le vite in modo accidentale attraverso una seduta abituale di regressione a vite passate. Quali furono le circostanze che accompagnarono questa scoperta?\u2013<\/b><\/span><\/span><\/span><\/p>\n<p class=\"western\" lang=\"es-ES\" align=\"justify\">\u2013<span style=\"font-family: Times New Roman, serif\"><span style=\"font-size: large\"><span lang=\"it-IT\">Bene, un giorno venne da me una donna con un problema di depressione, che affermava di sentirsi isolata dalla societ\u00e0 e di sentire una terribile smania di stare con i suoi vecchi amici. Le chiesi se questi vecchi amici che non c\u2019erano pi\u00f9 erano amici d\u2019infanzia, e lei disse: \u00abNo, non li vedo nella mia vita ordinaria, soltanto nei miei sogni\u00bb. La portai ad una ipnosi profonda e le chiesi se questi amici assenti erano forse gente che avesse conosciuto in qualche momento della sua vita adulta. \u00abNo,\u00bb disse. Erano forse amici scomparsi dell\u2019infanzia? \u00abNo,\u00bb disse di nuovo. Allora incominciammo ad esplorare diverse vite passate e incominciarono a saltar fuori un paio di questi cari amici. Ma lei continuava a dire che non aveva visto la maggior parte di loro, e quello che davvero voleva era vederli tutti assieme. Secondo quanto diceva, questa era la ragione per la quale si sentiva isolata. A questo punto non avevo la pi\u00f9 pallida idea di dove <\/span><\/span><\/span><span style=\"font-family: Times New Roman, serif\"><span style=\"font-size: large\"><span lang=\"it-IT\"><i>ci trovavamo<\/i><\/span><\/span><\/span><span style=\"font-family: Times New Roman, serif\"><span style=\"font-size: large\"><span lang=\"it-IT\"> e incomincavo a sentirmi contrariato. Non mi ero reso conto che questa donna era molto ricettiva che stava raggiungendo un stato molto profondo in un modo che, come imparai pi\u00f9 tardi, era il modo corretto di portare qualcuno ad uno stato di supracoscienza. Senza accorgeremene avevo usato delle parole che, come poi scoprii, erano \u00abparole chiave\u00bb per facilitare il processo della regressione. In questo caso era la parola \u00abgruppo\u00bb. Finalmente, le chiesi se in qualche momento della sua esistenza non si era sentita sola perch\u00e9 era col suo \u00abgruppo\u00bb di amici, e immediatamente esclam\u00f2 \u00abS\u00cd!\u00bb Allora semplicemente le dissi di andarci, e subito dopo, con gli occhi chiusi rideva e indicava verso la parete del mio ufficio dicendo: \u00abOra li vedo tutti!\u00bb Le chiesi dove ci trovavamo, se era una vita passata, e rispose: \u00abNo, sono nel mondo degli spiriti!\u00bb Questo mi apr\u00ed una porta. Avevo gi\u00e0 fatto regressioni a vite passate, una cosa che non avevo mai fatto prima nella mia pratica <\/span><\/span><\/span><span style=\"font-family: Times New Roman, serif\"><span style=\"font-size: large\"><span lang=\"it-IT\"><i>tradizionale<\/i><\/span><\/span><\/span><span style=\"font-family: Times New Roman, serif\"><span style=\"font-size: large\"><span lang=\"it-IT\">, cos\u00ec potevo dire di essere pronto ad entrare in azione nel lavoro metafisico. Comunque, i risultati di questa seduta cambiarono tutto per me. Ero ossessionato con quanto era successo, continuavo ad ascoltare il nastro una volta dietro l\u2019altra, affinando il metodo con altri clienti, e lentamente questo complesso rompicapo incominci\u00f2 ad avere un significato.\u2013<\/span><\/span><\/span><\/p>\n<p class=\"western\" lang=\"es-ES\" align=\"justify\">\u2013<span style=\"font-family: Times New Roman, serif\"><span style=\"font-size: large\"><span lang=\"it-IT\"><b>Come fu ricevuto il suo lavoro nel mondo accademico?\u2013<\/b><\/span><\/span><\/span><\/p>\n<p class=\"western\" lang=\"es-ES\" align=\"justify\"><span style=\"font-family: Times New Roman, serif\"><span style=\"font-size: large\"><span lang=\"it-IT\">Quando feci la scoperta che era possibile raggiungere l\u2019anima e la mente immortali per mezzo dell\u2019ipnosi profonda, non ne dissi nulla a nessuno. Naturalmente, la gente con la quale lavoravo lo sapevano, e ne parlarono con i loro amici, molti di loro diventarono clienti, ma io non andavo ai congressi metafisici, non andavo alle librerie a cercare materiale metafisico: non volevo essere condizionato o influenzato da niente. Semplicemente continuavo a lavorare da solo, cercando di raggiungere delle conclusioni. La maggior parte della ricerca la feci negli anni \u201960 e \u201970, e non incominciai a scrivere <\/span><\/span><\/span><span style=\"font-family: Times New Roman, serif\"><span style=\"font-size: large\"><span lang=\"it-IT\"><i><b>Journey of Souls<\/b><\/i><\/span><\/span><\/span><span style=\"font-family: Times New Roman, serif\"><span style=\"font-size: large\"><span lang=\"it-IT\"> fino agli anni \u201980. Ci misi parecchi anni a scrivere quel primo libro, perch\u00e9 non era stato scritto nulla di simile prima e volevo che si capisse bene il materiale. Quando finalmente fu pubblicato e i miei vecchi colleghi lo videro, pensarono che avevo perso la testa! Non potevano crederci! Alcuni erano affascinati, principalmente quelli che lavoravano con la ipnoterapia, per\u00f2 in generale questo tema non attrae gli psicoterapeuti molto convenzionali. Quelli che realmente accettarono il mio lavoro furono il pubblico in generale che voleva dell\u2019informazione sulla vita nell\u2019aldil\u00e0, qual\u2019era lo scopo di essere qua, perch\u00e9 avevano scelto i corpi che avevano, ecc.\u2013<\/span><\/span><\/span><\/p>\n<p class=\"western\" lang=\"es-ES\" align=\"justify\">\u2013<span style=\"font-family: Times New Roman, serif\"><span style=\"font-size: large\"><span lang=\"it-IT\"><b>Per la maggior parte della gente, tradizionalmente la Religione ha colmato questa lacuna dell\u2019informazione sull\u2019aldil\u00e0. Lei aveva credenze religiose di qualche genere o convinzioni prima di iniziare la sua ricerca?\u2013<\/b><\/span><\/span><\/span><\/p>\n<p class=\"western\" lang=\"es-ES\" align=\"justify\">\u2013<span style=\"font-family: Times New Roman, serif\"><span style=\"font-size: large\"><span lang=\"it-IT\">No, non facevo parte di nessuna religione o istituzione, e, a dire il vero, mi mettevano in fuga, e in certo modo questo succede ancora, sebbene io rispetto la fede delle persone perch\u00e9 \u00e8 quella che ci sostiene. Diciamo che la mia vita religiosa consisteva nella ricerca filosofica e nell\u2019interesse per la reincarnazione. Si potrebbe quasi dice che sono ateo, ed \u00e8 curioso per me pensare perch\u00e9 sono sta \u00abscelto\u00bb, da chiunque faccia le scelte, per fare questo lavoro e far conoscere al pubblico l\u2019informazione. Non posso pensare di nessuno che sia meno qualificato di me. Comunque, da quando faccio questa ricerca i miei clienti mi hanno dato delle nuove basi di credenze spirituali e io sono grandemente in debito con loro.\u2013<\/span><\/span><\/span><\/p>\n<p class=\"western\" lang=\"es-ES\" align=\"justify\">\u2013<span style=\"font-family: Times New Roman, serif\"><span style=\"font-size: large\"><span lang=\"it-IT\"><b>Come poteva essere sicuro che quello che la gente le diceva era un\u2019esperienza spirituale reale e non una fantasia preparata da loro?\u2013<\/b><\/span><\/span><\/span><\/p>\n<p class=\"western\" lang=\"es-ES\" align=\"justify\">\u2013<span style=\"font-family: Times New Roman, serif\"><span style=\"font-size: large\"><span lang=\"it-IT\">Bene, una delle cose che un ricercatore serio deve fare \u00e8 non suggerire mai una risposta ad una domanda. Questo produrrebbe distorsioni. Io trattavo ogni caso come se stessi ascoltando quell\u2019informazione per la prima volta. Non facevo mai domande del tipo: \u00abVede questa persona?\u00bb, piuttosto chiedevo: \u00abChe cosa vede?\u00bb Al principio avevo paura che la gente stesse creando una fantasia, anche se sapevo che nell\u2019ipnosi profonda questo non succede. La gente semplicemente non vagheggia. La loro mente \u00e8 troppo organizzata. Quello che mi ha convinto a continuare con la ricerca fu la coerenza dei resoconti. Ero sorpreso dal fatto che, indipendentemente dalla religione, cultura o nazionalit\u00e0 della persona, quando erano in ipnosi profonda tutti dicevano quasi le stesse cose. Inoltre, negli ultimi anni ho preparato altri terapeuti perch\u00e9 facciano questo lavoro e le loro versioni sono simili alle mie. Questa \u00e8 una vera confermazione ed io ne sono felice.\u2013<\/span><\/span><\/span><\/p>\n<p class=\"western\" lang=\"es-ES\" align=\"justify\">\u2013<span style=\"font-family: Times New Roman, serif\"><span style=\"font-size: large\"><span lang=\"it-IT\"><b>Tenendo in conto le convinzioni religiose dei suoi clienti, ha trovato che le loro credenze soffrano qualche cambiamento dopo aver avuto l\u2019esperienza sotto ipnosi della vita fra le vite?\u2013<\/b><\/span><\/span><\/span><\/p>\n<p class=\"western\" lang=\"es-ES\" align=\"justify\">\u2013<span style=\"font-family: Times New Roman, serif\"><span style=\"font-size: large\"><span lang=\"it-IT\">Qualche volta, per esempio un cristiano, quando entra per la prima volta nel regno spirituale e vede qualcuno che va verso di lui, dice \u00abVedo Ges\u00fa che viene verso di me!\u00bb Io sono molto paziente con la gente e prudente con le loro credenze religiose. Dico: \u00ab\u00c8 meraviglioso! Lasciamo che questo essere si avvicini un po di pi\u00f9, e poi mi dica quello che vede.\u00bb A misura che la persona si avvicina cambiano idea e dicono: \u00abNo, non \u00e8 Ges\u00fa, \u00e8 tizio,\u00bb che pu\u00f2 essere un amico o la sua guida spirituale. Dopo la seduta molti si svegliano piangendo di gioia, afferrano il loro nastro registrato con forza. Quello che \u00e8 pi\u00f9 importante per loro \u00e8 sapere che, al contrario degli insegnamenti religiosi che possano aver avuto, quest\u2019informazione viene direttamente dal loro banco di dati.\u2013<\/span><\/span><\/span><\/p>\n<p class=\"western\" lang=\"es-ES\" align=\"justify\">\u2013<span style=\"font-family: Times New Roman, serif\"><span style=\"font-size: large\"><span lang=\"it-IT\"><b>Ha mai fatto personalmente una regressione alla vita fra le vite?\u2013<\/b><\/span><\/span><\/span><\/p>\n<p class=\"western\" lang=\"es-ES\" align=\"justify\">\u2013<span style=\"font-family: Times New Roman, serif\"><span style=\"font-size: large\"><span lang=\"it-IT\">S\u00ed, pero devo dire che ho aspettato molto tempo per trovare la persona adatta. Sono molto pedante! In uno dei miei programmi di allenamento trovai una psicoterapeuta molto intuitiva e abile, e le chiesi se era disposta a farmi una seduta. Fu un seduta meravigliosa.\u2013<\/span><\/span><\/span><\/p>\n<p class=\"western\" lang=\"es-ES\" align=\"justify\">\u2013 <span style=\"font-family: Times New Roman, serif\"><span style=\"font-size: large\"><span lang=\"it-IT\"><b>Ha fatto ricerche, lei o qualcuno dei suoi clienti, in vecchi documenti per verificare le vite passate pi\u00f9 recenti?\u2013<\/b><\/span><\/span><\/span><\/p>\n<p class=\"western\" lang=\"es-ES\" align=\"justify\">\u2013<span style=\"font-family: Times New Roman, serif\"><span style=\"font-size: large\"><span lang=\"it-IT\">Alcuni clienti controllano la verit\u00e0 della loro esperienza per mezzo di vecchi registri, se sono disponibili. Anche se in genere lascio questa ricerca al cliente, recentemente ho seguito un caso io stesso, specialmente perch\u00e9 avvenne vicino a dove abito a High Sierras. Questa donna disse che era stata un membro del gruppo Donner, che si persero nelle montagne e dovettero ricorrere al cannibalismo per sopravvivere. Il centro dove questo avvenne non \u00e8 lontano da me, cos\u00ec potei consultare dei vecchi diari e verificare quanto aveva detto questa donna. \u00c8 soprendente quanto sapeva!\u2013<\/span><\/span><\/span><\/p>\n<p class=\"western\" lang=\"es-ES\" align=\"justify\">\u2013<span style=\"font-family: Times New Roman, serif\"><span style=\"font-size: large\"><span lang=\"it-IT\"><b>Ha qualche teoria del perch\u00e9, in questo momento della storia, ci \u00e8 finalmente permesso l\u2019accesso all\u2019informazione relativa alla nostra vita fra le vite?\u2013<\/b><\/span><\/span><\/span><\/p>\n<p class=\"western\" lang=\"es-ES\" align=\"justify\">\u2013<span style=\"font-family: Times New Roman, serif\"><span style=\"font-size: large\"><span lang=\"it-IT\">Io personalmente penso che qui funzionano due fattori: uno \u00e8 la tremenda sovrappopolazione della Terrra. Mai prima nella storia c\u2019era stata tanta gente viva sulla Terra e siamo come ratti in un labirinto \u2013specialmente la gente che vive nelle grandi citt\u00e0\u2013 e questo produce una perdita dell\u2019identit\u00e0. Io credo che i poteri esistenti forse hanno permesso a me e ad altri di scoprire un po\u2019 pi\u00f9 d\u2019informazione di quanto sarebbe stato permesso in tempi passati a causa di questo. La seconda ragione, credo, \u00e8 l\u2019uso esteso delle droghe. \u00c8 vero che l\u2019alcool \u00e8 stato in giro durante migliaia di anni. Per\u00f2 ora i bambini delle scuole elementari hanno accesso a delle droghe, come la coca e l\u2019eroina, e si drogano fino a perdere i sensi. Questo \u00e8 quello che le nostre guide e maestri non vogliono che facciamo. L\u2019anima non pu\u00f2 funzionare con una mente drogata. Non siamo qua per sfuggire dalla realt\u00e0. \u2013<\/span><\/span><\/span><\/p>\n<p class=\"western\" lang=\"es-ES\" align=\"justify\">\u2013<span style=\"font-family: Times New Roman, serif\"><span style=\"font-size: large\"><span lang=\"it-IT\"><b>Il suo ultimo libro, <\/b><\/span><\/span><\/span><span style=\"font-family: Times New Roman, serif\"><span style=\"font-size: large\"><span lang=\"it-IT\"><i><b>Life between Lives: Hypnotherapy for Spiritual Regression<\/b><\/i><\/span><\/span><\/span><span style=\"font-family: Times New Roman, serif\"><span style=\"font-size: large\"><span lang=\"it-IT\"><b>, da delle istruzioni passo a passo parch\u00e9 gli ipnoterapeuti possano effettuare le regressioni alla Vita fra le Vite (LBL). \u00c8 questo libro l\u2019unica cosa di cui ha bisogno un ipnoterapeuta per incominciare a fare delle regressioni LBL, o raccomanda un addestramento ulteriore?\u2013<\/b><\/span><\/span><\/span><\/p>\n<p class=\"western\" lang=\"es-ES\" align=\"justify\">\u2013<span style=\"font-family: Times New Roman, serif\"><span style=\"font-size: large\"><span lang=\"it-IT\">Sebbe un ipnoterapeuta esperto potrebbe in teoria utilizzare il mio libro come guida per effettuare le regressioni ipnotiche alla Via fra le Vite, una seduta reale richiede circa tre o quattro ore, ed \u00e8 molto esigente mentalmente e fisicamente sia per il terapeuta che per il cliente. La maggior parte degli ipnoterapeuti sono abituati a fare delle sedute utilizzando soltanto lo stato alpha, che dura circa 45 minuti. Per la regressione LBL il cliente deve essere nello stato <\/span><\/span><\/span><span style=\"font-family: Times New Roman, serif\"><span style=\"font-size: large\"><span lang=\"it-IT\"><i>theta<\/i><\/span><\/span><\/span><span style=\"font-family: Times New Roman, serif\"><span style=\"font-size: large\"><span lang=\"it-IT\">, lo stato che raggiungiamo al momento di addormentarci, e in genere ci vuole un\u2019ora per portare il ciente a questo stato prima di poter incominciare a lavorare. Ci vuole un certo tipo di terapeuta per fare questo lavoro. Chiaramente non \u00e8 per tutti, ed io raccomando decisamente un allenamento addizionale prima di includere la regressione LBL nel nostro lavoro.\u2013<\/span><\/span><\/span><\/p>\n<p class=\"western\" lang=\"it-IT\" align=\"justify\"><span style=\"font-family: Times New Roman, serif\"><span style=\"font-size: large\"><i>Mary Arsenault \u00e8 editrice di Wisdom Magazine. Per altre informazioni sul Dr. Michael Newton, e prossimi corsi, si visiti il sito:<\/i><\/span><\/span><\/p>\n<p class=\"western\" lang=\"es-ES\" align=\"justify\"><span style=\"color: #0000ff\"><u><a href=\"https:\/\/www.newtoninstitute.org\/\"><span style=\"font-family: Times New Roman, serif\"><span style=\"font-size: large\"><span lang=\"it-IT\">https:\/\/www.newtoninstitute.org\/<\/span><\/span><\/span><\/a><\/u><\/span><\/p>\n<p class=\"western\" lang=\"it-IT\" align=\"justify\"><span style=\"font-family: Times New Roman, serif\"><span style=\"font-size: large\">Link dell\u2019intervista originale in inglese:<\/span><\/span><\/p>\n<p class=\"western\" lang=\"es-ES\" align=\"justify\"><span style=\"color: #0000ff\"><u><a href=\"http:\/\/www.souljourneying.com\/articles\/article\/2133640\/28077.htm\"><span style=\"font-family: Times New Roman, serif\"><span style=\"font-size: large\"><span lang=\"it-IT\">http:\/\/www.souljourneying.com\/articles\/article\/2133640\/28077.htm<\/span><\/span><\/span><\/a><\/u><\/span><\/p>\n<p class=\"western\" lang=\"es-ES\" align=\"justify\"><span style=\"font-family: Times New Roman, serif\"><span style=\"font-size: large\"><b>Traduzione: Loto Perrella.<\/b><\/span><\/span><\/p>","protected":false},"excerpt":{"rendered":"<p>La Mente: un\u2019intervista con il Dr. Michael Newton, di Mary Arsenault. Wisdom Magazine. In Memoriam, Michael Newton (1931-2016). 1\u00ba dicembre 2004. Nel 1994, la vita come la conosciamo, con tutte &hellip; <a href=\"https:\/\/animaweb.blog.pangea.org\/it\/la-ment-una-entrevista-amb-el-dr-michael-newton-per-mary-arsenault\/\" class=\"more-link\">Leggi tutto<span class=\"screen-reader-text\"> &#8220;La Mente: un\u2019intervista con il Dr. Michael Newton, di Mary Arsenault.&#8221;<\/span><\/a><\/p>\n","protected":false},"author":12345698,"featured_media":0,"parent":0,"menu_order":0,"comment_status":"closed","ping_status":"closed","template":"","meta":{"ngg_post_thumbnail":0,"footnotes":""},"class_list":["post-57","page","type-page","status-publish","hentry"],"_links":{"self":[{"href":"https:\/\/animaweb.blog.pangea.org\/it\/wp-json\/wp\/v2\/pages\/57","targetHints":{"allow":["GET"]}}],"collection":[{"href":"https:\/\/animaweb.blog.pangea.org\/it\/wp-json\/wp\/v2\/pages"}],"about":[{"href":"https:\/\/animaweb.blog.pangea.org\/it\/wp-json\/wp\/v2\/types\/page"}],"author":[{"embeddable":true,"href":"https:\/\/animaweb.blog.pangea.org\/it\/wp-json\/wp\/v2\/users\/12345698"}],"replies":[{"embeddable":true,"href":"https:\/\/animaweb.blog.pangea.org\/it\/wp-json\/wp\/v2\/comments?post=57"}],"version-history":[{"count":8,"href":"https:\/\/animaweb.blog.pangea.org\/it\/wp-json\/wp\/v2\/pages\/57\/revisions"}],"predecessor-version":[{"id":1932,"href":"https:\/\/animaweb.blog.pangea.org\/it\/wp-json\/wp\/v2\/pages\/57\/revisions\/1932"}],"wp:attachment":[{"href":"https:\/\/animaweb.blog.pangea.org\/it\/wp-json\/wp\/v2\/media?parent=57"}],"curies":[{"name":"wp","href":"https:\/\/api.w.org\/{rel}","templated":true}]}}