{"id":43,"date":"2018-01-17T23:36:04","date_gmt":"2018-01-17T21:36:04","guid":{"rendered":"http:\/\/animaweb.blog.pangea.org\/?page_id=43"},"modified":"2023-02-15T20:31:44","modified_gmt":"2023-02-15T18:31:44","slug":"entrevista-al-dr-jose-luis-cabouli-al-diari-reforma-mexic-df","status":"publish","type":"page","link":"https:\/\/animaweb.blog.pangea.org\/it\/entrevista-al-dr-jose-luis-cabouli-al-diari-reforma-mexic-df\/","title":{"rendered":"Intervista al Dr. Jos\u00e9 Luis Cabouli nel giornale Reforma, Messico DF."},"content":{"rendered":"<p class=\"western\" lang=\"es-ES\" align=\"justify\"><span style=\"font-family: Times New Roman, serif\"><span style=\"font-size: x-large\"><span lang=\"it-IT\"><b>Intervista al Dr. Jos\u00e9 Luis Cabouli nel giornale <\/b><\/span><\/span><\/span><span style=\"font-family: Times New Roman, serif\"><span style=\"font-size: x-large\"><span lang=\"it-IT\"><i><b>Reforma<\/b><\/i><\/span><\/span><\/span><span style=\"font-family: Times New Roman, serif\"><span style=\"font-size: x-large\"><span lang=\"it-IT\"><b>, Messico DF.<\/b><\/span><\/span><\/span><\/p>\n<p class=\"western\" lang=\"it-IT\" align=\"justify\"><em><span style=\"font-family: Times New Roman, serif\"><span style=\"font-size: large\"><img loading=\"lazy\" decoding=\"async\" class=\"alignright wp-image-783 size-full\" title=\"Reforma. Logo.\" src=\"https:\/\/animaweb.cat\/files\/2020\/01\/Reforma_Logotipo_72ppp_200x50px.png\" alt=\"Reforma. Logo.\" width=\"200\" height=\"50\" \/>Di Natalia Vitela, Messico, 26 agosto del 2006.<\/span><\/span><\/em><\/p>\n<p class=\"western\" lang=\"it-IT\" align=\"justify\"><span style=\"font-family: Times New Roman, serif\"><span style=\"font-size: large\"><b>Si spiega il fenomeno delle anime possedute.<\/b><\/span><\/span><\/p>\n<p class=\"western\" lang=\"it-IT\" align=\"justify\"><span style=\"font-family: Times New Roman, serif\"><span style=\"font-size: large\">Qualche volta ha sentito che quello che pensa, dice e agisce non \u00e8 lei, e lo fa spinto da una volont\u00e0 diversa dalla sua? Se \u00e8 cos\u00ec, non escluda la possibilit\u00e0 di essere \u00abposseduto\u00bb.<\/span><\/span><\/p>\n<p class=\"western\" lang=\"it-IT\" align=\"justify\"><span style=\"font-family: Times New Roman, serif\"><span style=\"font-size: large\">Questo \u00e8 almeno quanto afferma il terapeuta argentino Jos\u00e9 Luis Cabouli, que applica la Terapia delle Vite Passate, ed assicura che ha effettuato pi\u00f9 de quattromila regressioni, e che, in un 10% di queste si \u00e8 scontrato con esperienze di possessione spirituale.<\/span><\/span><\/p>\n<p class=\"western\" lang=\"es-ES\" align=\"justify\"><span style=\"font-family: Times New Roman, serif\"><span style=\"font-size: large\"><span lang=\"it-IT\">L\u2019autore di <\/span><\/span><\/span><span style=\"font-family: Times New Roman, serif\"><span style=\"font-size: large\"><span lang=\"it-IT\"><i>Terapia de la posesi\u00f3n espiritual <\/i><\/span><\/span><\/span><span style=\"font-family: Times New Roman, serif\"><span style=\"font-size: large\"><span lang=\"it-IT\">(Terapia della possessione spirituale), pubblicato da Indigo, che ha addestrato pi\u00f9 di venti terapeuti messicani, indica che quando parla di possessione non si riferisce a quello che si vede in film come <\/span><\/span><\/span><span style=\"font-family: Times New Roman, serif\"><span style=\"font-size: large\"><span lang=\"it-IT\"><i>Ghost<\/i><\/span><\/span><\/span><span style=\"font-family: Times New Roman, serif\"><span style=\"font-size: large\"><span lang=\"it-IT\">, dove Sam (Patrick Swayze) si introduce nel corpo di una medium (Whoopi Woldberg), o<\/span><\/span><\/span><span style=\"font-family: Times New Roman, serif\"><span style=\"font-size: large\"><span lang=\"it-IT\"><i> The exorocism of Emily Rose<\/i><\/span><\/span><\/span><span style=\"font-family: Times New Roman, serif\"><span style=\"font-size: large\"><span lang=\"it-IT\">, un film nel quale Emily Rose (Jennifer Carpenter) \u00e8 posseduta dal demonio.<\/span><\/span><\/span><\/p>\n<p class=\"western\" lang=\"it-IT\" align=\"justify\"><span style=\"font-family: Times New Roman, serif\"><span style=\"font-size: large\">Cosa intende per possessione spirituale? A chi succede? E come si pu\u00f2 risolvere? Queste sono alcune delle domande alle quali risponde Cabouli.<\/span><\/span><\/p>\n<p class=\"western\" lang=\"es-ES\" align=\"justify\">\u2013<span style=\"font-family: Times New Roman, serif\"><span style=\"font-size: large\"><span lang=\"it-IT\"><b>Che cos\u2019\u00e8 la possessione spirituale?\u2013<\/b><\/span><\/span><\/span><\/p>\n<p class=\"western\" lang=\"es-ES\" align=\"justify\">\u2013<span style=\"font-family: Times New Roman, serif\"><span style=\"font-size: large\"><span lang=\"it-IT\">Si parla di possessione perch\u00e8 \u00e8 il termine adottato nel corso dei secoli, dato che apparentemente le persone sono possedute, ma in realt\u00e0 l\u2019anima disincarnata o l\u2019ente spirituale di un defunto non pu\u00f2 penetrare nel corpo. <\/span><\/span><\/span><\/p>\n<p class=\"western\" lang=\"it-IT\" align=\"justify\"><span style=\"font-family: Times New Roman, serif\"><span style=\"font-size: large\">Quello che succede \u00e8 che entra in contatto con il campo vibratorio di una persona viva e produce un\u2019interferenza, perch\u00e9 lo psichismo del morto si mescola nel subconscio con i pensieri del vivo, ma questo non \u00e8 cosciente di quello che sta succedendo.\u2013<\/span><\/span><\/p>\n<p class=\"western\" lang=\"es-ES\" align=\"justify\">\u2013<span style=\"font-family: Times New Roman, serif\"><span style=\"font-size: large\"><span lang=\"it-IT\"><b>Che cos\u2019\u00e8 un\u2019anima disincarnata o perduta?\u2013<\/b><\/span><\/span><\/span><\/p>\n<p class=\"western\" lang=\"es-ES\" align=\"justify\">\u2013<span style=\"font-family: Times New Roman, serif\"><span style=\"font-size: large\"><span lang=\"it-IT\">\u00c8 un\u2019anima di una persona morta che, per una qualche ragione, resta imprigionata sul piano fisico e non pu\u00f2 avviarsi verso la dimensione spirituale. Inconsapevolezza della morte e legami affettivi molto forti son alcune delle ragioni, oltre a voler aver cura dei suoi cari, o, anche, il volersi vendicare di qualcuno.<\/span><\/span><\/span><\/p>\n<p class=\"western\" lang=\"it-IT\" align=\"justify\"><span style=\"font-family: Times New Roman, serif\"><span style=\"font-size: large\">Le persone pensano che si tratti di demoni, ma nel novanta per cento dei casi sono parenti. Ci sono poi le anime opportuniste, che si agganciano quando le persone si avvicinano a curiosare in un incidente, o vanno al cimitero con il proprio campo vibratorio aperto.\u2013<\/span><\/span><\/p>\n<p class=\"western\" lang=\"es-ES\" align=\"justify\">\u2013<span style=\"font-family: Times New Roman, serif\"><span style=\"font-size: large\"><span lang=\"it-IT\"><b>Che cos\u2019\u00e8 il campo vibratorio?\u2013<\/b><\/span><\/span><\/span><\/p>\n<p class=\"western\" lang=\"es-ES\" align=\"justify\">\u2013<span style=\"font-family: Times New Roman, serif\"><span style=\"font-size: large\"><span lang=\"it-IT\">Il campo vibratorio circonda gli essere umani, \u00e8 conosciuto abitualmente come aura magnetica. \u00c8 un campo in costante vibrazione che avvolge le persone. Questo pu\u00f2 essere modificato dai pensieri, le emozioni e le sensazioni degli individui.\u2013<\/span><\/span><\/span><\/p>\n<p class=\"western\" lang=\"es-ES\" align=\"justify\">\u2013<span style=\"font-family: Times New Roman, serif\"><span style=\"font-size: large\"><span lang=\"it-IT\"><b>In che modo la \u00abpossessione\u00bb colpisce la persona raggiunta?\u2013<\/b><\/span><\/span><\/span><\/p>\n<p class=\"western\" lang=\"es-ES\" align=\"justify\">\u2013<span style=\"font-family: Times New Roman, serif\"><span style=\"font-size: large\"><span lang=\"it-IT\">Quando la psiche del defunto si mescola con la mente subcosciente del vivo, la persona pu\u00f2 sentire delle sensazioni e delle emozioni che non sono sue, e soffrire dei disturbi di condotta, \u00e8 come se d\u2019un tratto ci fosse pi\u00f9 di una volont\u00e0.<\/span><\/span><\/span><\/p>\n<p class=\"western\" lang=\"it-IT\" align=\"justify\"><span style=\"font-family: Times New Roman, serif\"><span style=\"font-size: large\">Nei casi di incidenza grave, l\u2019anima perduta domina la mente e la volont\u00e0. Ci sono dei momenti in cui la mente perde la coscienza di s\u00e9 stessa e allora affiora l\u2019altra, per questo quando si recupera da questo stato no sa cosa sia successo.\u2013<\/span><\/span><\/p>\n<p class=\"western\" lang=\"es-ES\" align=\"justify\">\u2013<span style=\"font-family: Times New Roman, serif\"><span style=\"font-size: large\"><span lang=\"it-IT\"><b>Chi sono le persone pi\u00f9 suscettibili?\u2013<\/b><\/span><\/span><\/span><\/p>\n<p class=\"western\" lang=\"es-ES\" align=\"justify\">\u2013<span style=\"font-family: Times New Roman, serif\"><span style=\"font-size: large\"><span lang=\"it-IT\">Non tutti soffrono un\u2019interferenza, questo succede a chi ha un campo vibratorio debole a causa di traumi psicologici e fisici. Il campo vibratorio dei bambini non \u00e8 ancora ben formato, per cui sono pi\u00f9 suscettibili.\u2013<\/span><\/span><\/span><\/p>\n<p class=\"western\" lang=\"es-ES\" align=\"justify\">\u2013<span style=\"font-family: Times New Roman, serif\"><span style=\"font-size: large\"><span lang=\"it-IT\"><b>In che cosa consiste il trattamento?\u2013<\/b><\/span><\/span><\/span><\/p>\n<p class=\"western\" lang=\"es-ES\" align=\"justify\">\u2013<span style=\"font-family: Times New Roman, serif\"><span style=\"font-size: large\"><span lang=\"it-IT\">La persona deve permettere che l\u2019anima perduta parli attraverso di lei. Prima bisogna fare la terapia all\u2019altro. La maggior parte delle anime perdute non sanno che cosa stia succedendo, e bisogna spiegare loro la situazione, o vedere quel\u2019\u00e8 la necessit\u00e0 che le fa restare qua sul piano fisico ed aiutarle a passare nella dimensione spirituale.<\/span><\/span><\/span><\/p>\n<p class=\"western\" lang=\"it-IT\" align=\"justify\"><span style=\"font-family: Times New Roman, serif\"><span style=\"font-size: large\">A volte le anime perdute non possono andare via perch\u00e9 le persone non le lasciano, le chiamano per essere aiutate.<\/span><\/span><\/p>\n<h2 class=\"western\" align=\"justify\"><span style=\"font-family: Times New Roman, serif\"><span style=\"font-size: large\">Dopo la persona dovr\u00e0 lavorare su quello che ha permesso che l\u2019anima si \u00abattaccasse\u00bb a lei.\u2013<\/span><\/span><\/h2>\n<p class=\"western\" lang=\"it-IT\" align=\"justify\"><span style=\"font-family: Times New Roman, serif\"><span style=\"font-size: large\"><b>Sintomi delle possessione spirituale.<\/b><\/span><\/span><\/p>\n<p class=\"western\" lang=\"it-IT\" align=\"justify\"><span style=\"font-family: Times New Roman, serif\"><span style=\"font-size: large\">Le manifestazioni cliniche che una persona puo soffrire quando si trova sotto l\u2019influenza di anime perdute sono:<\/span><\/span><\/p>\n<ul>\n<li>\n<p lang=\"it-IT\" align=\"justify\"><span style=\"font-family: Times New Roman, serif\"><span style=\"font-size: large\">Ascoltare delle voci che parlano dentro o fuori dal capo.<\/span><\/span><\/p>\n<\/li>\n<li>\n<p lang=\"it-IT\" align=\"justify\"><span style=\"font-family: Times New Roman, serif\"><span style=\"font-size: large\">Pensieri strani e ossessivi.<\/span><\/span><\/p>\n<\/li>\n<li>\n<p lang=\"it-IT\" align=\"justify\"><span style=\"font-family: Times New Roman, serif\"><span style=\"font-size: large\">Disturbi compulsivi.<\/span><\/span><\/p>\n<\/li>\n<li>\n<p lang=\"it-IT\" align=\"justify\"><span style=\"font-family: Times New Roman, serif\"><span style=\"font-size: large\">Ossessioni di ogni specie.<\/span><\/span><\/p>\n<\/li>\n<li>\n<p lang=\"it-IT\" align=\"justify\"><span style=\"font-family: Times New Roman, serif\"><span style=\"font-size: large\">Personalit\u00e0 multipla.<\/span><\/span><\/p>\n<\/li>\n<li>\n<p lang=\"it-IT\" align=\"justify\"><span style=\"font-family: Times New Roman, serif\"><span style=\"font-size: large\">Fobie e paure.<\/span><\/span><\/p>\n<\/li>\n<\/ul>\n<p class=\"western\" lang=\"it-IT\" align=\"justify\"><span style=\"font-family: Times New Roman, serif\"><span style=\"font-size: large\">Connessione con l\u2019intervista originale in spagnolo nel sito di Terapia di Vite Passate:<\/span><\/span><\/p>\n<p class=\"western\" lang=\"es-ES\" align=\"justify\"><span style=\"color: #0000ff\"><u><a href=\"https:\/\/www.vidaspasadas.com.ar\/articulos\/entrevista1.html\"><span style=\"font-family: Times New Roman, serif\"><span style=\"font-size: large\"><span lang=\"it-IT\">https:\/\/www.vidaspasadas.com.ar\/articulos\/entrevista1.html<\/span><\/span><\/span><\/a><\/u><\/span><\/p>\n<p class=\"western\" lang=\"es-ES\" align=\"justify\"><span style=\"font-family: Times New Roman, serif\"><span style=\"font-size: large\"><b>Traduzione: Loto Perrella.<\/b><\/span><\/span><\/p>","protected":false},"excerpt":{"rendered":"<p>Intervista al Dr. Jos\u00e9 Luis Cabouli nel giornale Reforma, Messico DF. Di Natalia Vitela, Messico, 26 agosto del 2006. Si spiega il fenomeno delle anime possedute. Qualche volta ha sentito &hellip; <a href=\"https:\/\/animaweb.blog.pangea.org\/it\/entrevista-al-dr-jose-luis-cabouli-al-diari-reforma-mexic-df\/\" class=\"more-link\">Leggi tutto<span class=\"screen-reader-text\"> &#8220;Intervista al Dr. Jos\u00e9 Luis Cabouli nel giornale Reforma, Messico DF.&#8221;<\/span><\/a><\/p>\n","protected":false},"author":12345698,"featured_media":0,"parent":0,"menu_order":0,"comment_status":"closed","ping_status":"closed","template":"","meta":{"ngg_post_thumbnail":0,"footnotes":""},"class_list":["post-43","page","type-page","status-publish","hentry"],"_links":{"self":[{"href":"https:\/\/animaweb.blog.pangea.org\/it\/wp-json\/wp\/v2\/pages\/43","targetHints":{"allow":["GET"]}}],"collection":[{"href":"https:\/\/animaweb.blog.pangea.org\/it\/wp-json\/wp\/v2\/pages"}],"about":[{"href":"https:\/\/animaweb.blog.pangea.org\/it\/wp-json\/wp\/v2\/types\/page"}],"author":[{"embeddable":true,"href":"https:\/\/animaweb.blog.pangea.org\/it\/wp-json\/wp\/v2\/users\/12345698"}],"replies":[{"embeddable":true,"href":"https:\/\/animaweb.blog.pangea.org\/it\/wp-json\/wp\/v2\/comments?post=43"}],"version-history":[{"count":12,"href":"https:\/\/animaweb.blog.pangea.org\/it\/wp-json\/wp\/v2\/pages\/43\/revisions"}],"predecessor-version":[{"id":2401,"href":"https:\/\/animaweb.blog.pangea.org\/it\/wp-json\/wp\/v2\/pages\/43\/revisions\/2401"}],"wp:attachment":[{"href":"https:\/\/animaweb.blog.pangea.org\/it\/wp-json\/wp\/v2\/media?parent=43"}],"curies":[{"name":"wp","href":"https:\/\/api.w.org\/{rel}","templated":true}]}}