{"id":34,"date":"2018-01-17T23:09:15","date_gmt":"2018-01-17T21:09:15","guid":{"rendered":"http:\/\/animaweb.blog.pangea.org\/?page_id=34"},"modified":"2023-02-15T20:26:51","modified_gmt":"2023-02-15T18:26:51","slug":"jose-luis-cabouli-vaig-voler-ser-un-cirurgia-danimes","status":"publish","type":"page","link":"https:\/\/animaweb.blog.pangea.org\/it\/jose-luis-cabouli-vaig-voler-ser-un-cirurgia-danimes\/","title":{"rendered":"Jos\u00e9 Luis Cabouli: \u00abHo voluto essere un chirurgo di anime\u00bb."},"content":{"rendered":"<p class=\"western\" lang=\"it-IT\" align=\"center\"><span style=\"font-family: Times New Roman, serif\"><span style=\"font-size: x-large\"><b>Jos\u00e9 Luis Cabouli: \u00abHo voluto essere un chirurgo di anime\u00bb.<\/b><\/span><\/span><\/p>\n<p class=\"western\" lang=\"it-IT\" align=\"justify\"><span style=\"font-family: Times New Roman, serif\"><span style=\"font-size: large\"><img loading=\"lazy\" decoding=\"async\" class=\"alignright wp-image-781 size-full\" title=\"La Naci\u00f3n. Logo.\" src=\"https:\/\/animaweb.cat\/files\/2020\/01\/La_Nacion_Logotip_72ppp_200x21px.png\" alt=\"La Naci\u00f3n. Logo.\" width=\"200\" height=\"21\" \/>Di Luis Aubele. Intervista pubblicata nel giornale \u00abLa Naci\u00f3n\u00bb, Buenos Aires, 22.03.2009.<\/span><\/span><\/p>\n<figure id=\"attachment_53\" aria-describedby=\"caption-attachment-53\" style=\"width: 200px\" class=\"wp-caption alignleft\"><img loading=\"lazy\" decoding=\"async\" class=\"wp-image-53 size-full\" title=\"Jos\u00e9 Luis Cabouli. Foto: La Naci\u00f3n.\" src=\"http:\/\/animaweb.blog.pangea.org\/files\/2018\/01\/Jose_Luis_Cabouli_La_Nacion.jpg\" alt=\"Jos\u00e9 Luis Cabouli. Foto: La Naci\u00f3n.\" width=\"200\" height=\"133\" \/><figcaption id=\"caption-attachment-53\" class=\"wp-caption-text\">Jos\u00e9 Luis Cabouli. Foto: La Naci\u00f3n.<\/figcaption><\/figure>\n<p class=\"western\" lang=\"it-IT\" align=\"justify\"><span style=\"font-family: Times New Roman, serif\"><span style=\"font-size: large\">\u00abChe cos\u2019ero prima di essere Jos\u00e9 Luis?\u00bb, incominci\u00f3 a chiedersi quando aveva 8 anni. La cosa curiosa \u00e8 che in quel tempo non aveva mai sentito parlare della reincarnazione: non solo non sapeva che cosa fosse, ma non conosceva neanche la parola. \u00abFu solo alcuni anni pi\u00f9 tardi, fra i 15 e i 16, che venni a sapere che cosa era. Ma dovevano trascorrere altri venti anni, quando ero gi\u00e0 un chirurgo plastico con anni di esercizio della professione, prima che io capissi che la reincarnazione poteva avere uno scopo terapeutico\u00bb, ricorda Jos\u00e9 Luis Cabouli, medico specializzato nella terapia delle vite passate.<\/span><\/span><\/p>\n<p class=\"western\" lang=\"it-IT\" align=\"justify\"><span style=\"font-family: Times New Roman, serif\"><span style=\"font-size: large\">\u00abIn realt\u00e0 non avevo mai abbandonato il tema, continuavo a studiarlo come una cosa interessante, mentre continuavo la mia attivit\u00e0 professionale. Ed \u00e8 che, nonostante quello che si possa pensare in giro, i chirurghi abbiamo profonde preoccupazioni spirituali. Stiamo in contatto permanente con cose trascendenti, come la vita e la morte degli esseri umani\u00bb, conclude.<\/span><\/span><\/p>\n<p class=\"western\" lang=\"es-ES\" align=\"justify\"><span style=\"font-family: Times New Roman, serif\"><span style=\"font-size: large\"><span lang=\"it-IT\">Cabouli da dei corsi nel suo paese, in Cile in Uruguay, in Messico e in Spagna. \u00c8 autore di diversi libri, fra altri: <\/span><\/span><\/span><span style=\"font-family: Times New Roman, serif\"><span style=\"font-size: large\"><span lang=\"it-IT\"><i>La vida antes de nacer <\/i><\/span><\/span><\/span><span style=\"font-family: Times New Roman, serif\"><span style=\"font-size: large\"><span lang=\"it-IT\">(<\/span><\/span><\/span><span style=\"font-family: Times New Roman, serif\"><span style=\"font-size: large\"><span lang=\"it-IT\"><i>La vita prima di nascere<\/i><\/span><\/span><\/span><span style=\"font-family: Times New Roman, serif\"><span style=\"font-size: large\"><span lang=\"it-IT\">), <\/span><\/span><\/span><span style=\"font-family: Times New Roman, serif\"><span style=\"font-size: large\"><span lang=\"it-IT\"><i>El trabajo del alma <\/i><\/span><\/span><\/span><span style=\"font-family: Times New Roman, serif\"><span style=\"font-size: large\"><span lang=\"it-IT\">(<\/span><\/span><\/span><span style=\"font-family: Times New Roman, serif\"><span style=\"font-size: large\"><span lang=\"it-IT\"><i>Il lavoro dell\u2019anima<\/i><\/span><\/span><\/span><span style=\"font-family: Times New Roman, serif\"><span style=\"font-size: large\"><span lang=\"it-IT\">), <\/span><\/span><\/span><span style=\"font-family: Times New Roman, serif\"><span style=\"font-size: large\"><span lang=\"it-IT\"><i>El viaje del alma <\/i><\/span><\/span><\/span><span style=\"font-family: Times New Roman, serif\"><span style=\"font-size: large\"><span lang=\"it-IT\">(<\/span><\/span><\/span><span style=\"font-family: Times New Roman, serif\"><span style=\"font-size: large\"><span lang=\"it-IT\"><i>Il viaggio dell\u2019anima<\/i><\/span><\/span><\/span><span style=\"font-family: Times New Roman, serif\"><span style=\"font-size: large\"><span lang=\"it-IT\">), e <\/span><\/span><\/span><span style=\"font-family: Times New Roman, serif\"><span style=\"font-size: large\"><span lang=\"it-IT\"><i>Terapia de vidas pasadas <\/i><\/span><\/span><\/span><span style=\"font-family: Times New Roman, serif\"><span style=\"font-size: large\"><span lang=\"it-IT\">(<\/span><\/span><\/span><span style=\"font-family: Times New Roman, serif\"><span style=\"font-size: large\"><span lang=\"it-IT\"><i>Terapia di vite passate<\/i><\/span><\/span><\/span><span style=\"font-family: Times New Roman, serif\"><span style=\"font-size: large\"><span lang=\"it-IT\">).<\/span><\/span><\/span><\/p>\n<p class=\"western\" lang=\"es-ES\" align=\"justify\">\u2013<span style=\"font-family: Times New Roman, serif\"><span style=\"font-size: large\"><span lang=\"it-IT\"><b>Come arriva alla decisione di lasciare la chirurgia per la terapia di vite passate?\u2013<\/b><\/span><\/span><\/span><\/p>\n<p class=\"western\" lang=\"es-ES\" align=\"justify\">\u2013<span style=\"font-family: Times New Roman, serif\"><span style=\"font-size: large\"><span lang=\"it-IT\">Nel 1988 ebbi un problema di lavoro, un malinteso, e non volli lottare per un posto che ormai non m\u2019importava pi\u00f9. Rinunciai e mi sentii liberato, con pi\u00f9 tempo per me, e decisi di prendermi alcuni giorni di vacanza sulla spiaggia di Ostende (Argentina). Una sera, dopo cena, presi una sdraio e me ne andai a meditare sotto le stelle. Ricordo che stavo vicino ad una casetta che Arturo Frondizi aveva costruito in giovent\u00f9 assieme a suo padre e i suoi fratelli. All\u2019improvviso, no potrei dire esattamente che cosa successe, sentii che la mia professione di chirurgo non mi interessava pi\u00f9, e che davanti a me si apriva un\u2019altra strada. Cos\u00ec decisi di dedicarmi alla terapia, volli essere un chirurgo di anime. Non ricordo altri particolari, ma in un attimo decisi di cambiare completamente il corso della mia vita. Questo mi fece capire che quando non facciamo quello che dovremmo fare, la vita ci forza a fare quello che s\u00ed dobbiamo fare.\u2013<\/span><\/span><\/span><\/p>\n<p class=\"western\" lang=\"es-ES\" align=\"justify\">\u2013<span style=\"font-family: Times New Roman, serif\"><span style=\"font-size: large\"><span lang=\"it-IT\"><b>Che cos\u2019\u00e8 la terapia di vite passate?\u2013<\/b><\/span><\/span><\/span><\/p>\n<p class=\"western\" lang=\"es-ES\" align=\"justify\">\u2013<span style=\"font-family: Times New Roman, serif\"><span style=\"font-size: large\"><span lang=\"it-IT\">Questa terapia consiste nel far affiorare alla coscienza degli episodi traumatici che si trovano repressi nell\u2019inconscio, e che provocano squilibri nella vita di ogni giorno. Farli affiorare e riviverli con tutti i sentimenti che provocarono allora, non soltanto spiegarli. Il primo passo per capire la terapia di vite passate consiste nel capire che il tempo non esiste. Il tempo lineare, cronologico, misurabile, \u00e8 un accordo fatto perch\u00e9 possiamo funzionare. In realt\u00e0, mai nessuno ha tenuto un secondo fra le sue mani. Ci sono persino diversi calendari, il calendario maya, l\u2019ebreo, ecc. E questo non l\u2019ho inventato io, lo dice lo stesso Sigmund Freud quando afferma che l\u2019inconscio \u00e8 atemporale. Ma c\u2019\u00e8 dell\u2019altro.\u2013<\/span><\/span><\/span><\/p>\n<p class=\"western\" lang=\"es-ES\" align=\"justify\">\u2013<span style=\"font-family: Times New Roman, serif\"><span style=\"font-size: large\"><span lang=\"it-IT\"><b>Per esempio?\u2013<\/b><\/span><\/span><\/span><\/p>\n<p class=\"western\" lang=\"es-ES\" align=\"justify\">\u2013<span style=\"font-family: Times New Roman, serif\"><span style=\"font-size: large\"><span lang=\"it-IT\">La seconda cosa che si deve capire \u00e8 quello che chiamiamo il sequestro della coscienza. Quando reagiamo senza poter evitare davanti ad una situazione data, \u00e8 perch\u00e9 a un livello inconscio stiamo ripetendo un\u2019esperienza non risolta che rimase catturata, e che si \u00e8 attivata per la sua somiglianza con la situazione presente. Immaginiamo una donna che sente panico a salire su una nave, perch\u00e9 \u00e8 ancora pigliata e sta lottando nelle acque gelide la notte del 14 aprile 1912, quando affond\u00f2 il Titanic. O qualcuno che non pu\u00f2 salire su un ascensore perch\u00e9 sente claustrofobia e nel passato fu sepolto vivo, una cosa abbastanza frequente allora, come morire per lo sprofondamento di una miniera.\u2013<\/span><\/span><\/span><\/p>\n<p class=\"western\" lang=\"es-ES\" align=\"justify\">\u2013<span style=\"font-family: Times New Roman, serif\"><span style=\"font-size: large\"><span lang=\"it-IT\"><b>In quanto professionista con formazione scientifica, com\u2019\u00e8 arrivato ad interessarsi ad una terapia cos\u00ec poco comune?\u2013<\/b><\/span><\/span><\/span><\/p>\n<p class=\"western\" lang=\"es-ES\" align=\"justify\">\u2013<span style=\"font-family: Times New Roman, serif\"><span style=\"font-size: large\"><span lang=\"it-IT\">Il fatto \u00e8 che non ho mai trascurato il metodo scientifico, il cammino dei tre pilastri: osservazione, sperimentazione, e verificazione. Osservare il fenomeno e fare le esperienze necessarie per confermarne la verit\u00e0. La terapia di vite passate ha molti punti in comune con la psicologia classica. Nei due casi si tratta di rendere cosciente l\u2019inconscio, come pure indicava Freud. Con la differenza che la terapia di vite passate cerca di allargare l\u2019orizzonte, trascendendo l\u2019infanzia, la nascita o lo stato fetale, e raggiuingere incarnazioni anteriori.\u2013<\/span><\/span><\/span><\/p>\n<p class=\"western\" lang=\"es-ES\" align=\"justify\">\u2013<span style=\"font-family: Times New Roman, serif\"><span style=\"font-size: large\"><span lang=\"it-IT\"><b>Ricorda alcuni casi?\u2013<\/b><\/span><\/span><\/span><\/p>\n<p class=\"western\" lang=\"es-ES\" align=\"justify\">\u2013<span style=\"font-family: Times New Roman, serif\"><span style=\"font-size: large\"><span lang=\"it-IT\">In Spagna trattai una signora che aveva terrore dei serpenti. Non si potevano neanche mezionare in sua presenza perch\u00e9 cominciava a gridare disperatamente. Durante la terapia risult\u00f2 che era stata una ragazza che andava su un sentiero con sua madre, quando apparve un serpente velenoso, un cobra che si dondolava davanti alle due donne con la sua lingua minacciosa. La madre cerc\u00f3 di distrarre il rettile spostandosi da un lato, ma allora la ragazza rimase sola e il serprente la morsic\u00f2 e mor\u00ec. Rivivere quell\u2019episodio liber\u00f2 la donna e il giorno dopo mi telefon\u00f2 per dirmi che aveva perduto la paura dei rettili, che pensava di andare allo zoo, e che farebbe una cosa che non avrebbe mai immaginato: visitare il serpentario.\u2013<\/span><\/span><\/span><\/p>\n<p class=\"western\" lang=\"es-ES\" align=\"justify\">\u2013<span style=\"font-family: Times New Roman, serif\"><span style=\"font-size: large\"><span lang=\"it-IT\"><b>Altri esempi?\u2013<\/b><\/span><\/span><\/span><\/p>\n<p class=\"western\" lang=\"es-ES\" align=\"justify\">\u2013<span style=\"font-family: Times New Roman, serif\"><span style=\"font-size: large\"><span lang=\"it-IT\">Una donna, mentre riviveva la sua nascita, esclam\u00f2: Ma questa non \u00e8 mia madre! Non sapeva che fosse stata adottata. Ci sono dei casi in cui il paziente scopre che \u00e8 la reincarnazione di un fratello maggiore, morto nel nascere.\u2013<\/span><\/span><\/span><\/p>\n<p class=\"western\" lang=\"es-ES\" align=\"justify\">\u2013<span style=\"font-family: Times New Roman, serif\"><span style=\"font-size: large\"><span lang=\"it-IT\"><b>Che cos\u2019\u00e8 per lei la reincarnazione?\u2013<\/b><\/span><\/span><\/span><\/p>\n<p class=\"western\" lang=\"es-ES\" align=\"justify\">\u2013<span style=\"font-family: Times New Roman, serif\"><span style=\"font-size: large\"><span lang=\"it-IT\">Per me \u00e8 una realt\u00e0, un\u2019esperienza, anche se comprendo perfettamente che ci siano persone che non pensano lo stesso.\u2013<\/span><\/span><\/span><\/p>\n<p class=\"western\" lang=\"it-IT\" align=\"justify\"><span style=\"font-family: Times New Roman, serif\"><span style=\"font-size: large\">Link dell\u2019intervista originale in spagnolo nel sito di \u00abTerapia di Vite Passate\u00bb:<\/span><\/span><\/p>\n<p class=\"western\" lang=\"es-ES\" align=\"justify\"><span style=\"color: #0000ff\"><u><a href=\"https:\/\/www.vidaspasadas.com.ar\/articulos\/entrevista2.html\"><span style=\"font-family: Times New Roman, serif\"><span style=\"font-size: large\"><span lang=\"it-IT\">https:\/\/www.vidaspasadas.com.ar\/articulos\/entrevista2.html<\/span><\/span><\/span><\/a><\/u><\/span><\/p>\n<p class=\"western\" lang=\"es-ES\" align=\"justify\"><span style=\"font-family: Times New Roman, serif\"><span style=\"font-size: large\"><b>Traduzione: Loto Perrella.<\/b><\/span><\/span><\/p>","protected":false},"excerpt":{"rendered":"<p>Jos\u00e9 Luis Cabouli: \u00abHo voluto essere un chirurgo di anime\u00bb. Di Luis Aubele. Intervista pubblicata nel giornale \u00abLa Naci\u00f3n\u00bb, Buenos Aires, 22.03.2009. \u00abChe cos\u2019ero prima di essere Jos\u00e9 Luis?\u00bb, incominci\u00f3 &hellip; <a href=\"https:\/\/animaweb.blog.pangea.org\/it\/jose-luis-cabouli-vaig-voler-ser-un-cirurgia-danimes\/\" class=\"more-link\">Leggi tutto<span class=\"screen-reader-text\"> &#8220;Jos\u00e9 Luis Cabouli: \u00abHo voluto essere un chirurgo di anime\u00bb.&#8221;<\/span><\/a><\/p>\n","protected":false},"author":12345698,"featured_media":0,"parent":0,"menu_order":0,"comment_status":"closed","ping_status":"closed","template":"","meta":{"ngg_post_thumbnail":0,"footnotes":""},"class_list":["post-34","page","type-page","status-publish","hentry"],"_links":{"self":[{"href":"https:\/\/animaweb.blog.pangea.org\/it\/wp-json\/wp\/v2\/pages\/34","targetHints":{"allow":["GET"]}}],"collection":[{"href":"https:\/\/animaweb.blog.pangea.org\/it\/wp-json\/wp\/v2\/pages"}],"about":[{"href":"https:\/\/animaweb.blog.pangea.org\/it\/wp-json\/wp\/v2\/types\/page"}],"author":[{"embeddable":true,"href":"https:\/\/animaweb.blog.pangea.org\/it\/wp-json\/wp\/v2\/users\/12345698"}],"replies":[{"embeddable":true,"href":"https:\/\/animaweb.blog.pangea.org\/it\/wp-json\/wp\/v2\/comments?post=34"}],"version-history":[{"count":10,"href":"https:\/\/animaweb.blog.pangea.org\/it\/wp-json\/wp\/v2\/pages\/34\/revisions"}],"predecessor-version":[{"id":2400,"href":"https:\/\/animaweb.blog.pangea.org\/it\/wp-json\/wp\/v2\/pages\/34\/revisions\/2400"}],"wp:attachment":[{"href":"https:\/\/animaweb.blog.pangea.org\/it\/wp-json\/wp\/v2\/media?parent=34"}],"curies":[{"name":"wp","href":"https:\/\/api.w.org\/{rel}","templated":true}]}}