{"id":286,"date":"2018-09-10T14:52:19","date_gmt":"2018-09-10T12:52:19","guid":{"rendered":"https:\/\/animaweb.cat\/?page_id=286"},"modified":"2023-01-20T19:36:18","modified_gmt":"2023-01-20T17:36:18","slug":"tipus-de-karma-karma-collectiu-fama-objectiu-i-perdo-cites-dels-savis","status":"publish","type":"page","link":"https:\/\/animaweb.blog.pangea.org\/it\/tipus-de-karma-karma-collectiu-fama-objectiu-i-perdo-cites-dels-savis\/","title":{"rendered":"Tipi di karma, karma collettivo, fama, oggettivo e perdono. Citazioni dai saggi."},"content":{"rendered":"<p class=\"western\" lang=\"it-IT\" align=\"center\"><span style=\"font-family: Times New Roman, serif\"><span style=\"font-size: x-large\"><b>Tipi di karma, karma collettivo, fama, oggettivo e perdono. Citazioni dai saggi.<\/b><\/span><\/span><\/p>\n<p class=\"western\" lang=\"it-IT\" align=\"justify\"><span style=\"font-family: Times New Roman, serif\"><span style=\"font-size: large\"><img loading=\"lazy\" decoding=\"async\" class=\"alignleft wp-image-461 size-medium\" title=\"Molte vite, un solo amore: L'eterno incontro delle anime gemelle. Copertura. Italiano.\" src=\"https:\/\/animaweb.cat\/files\/2019\/09\/Molte_vite_un_solo_amore_copertura_italiano-203x300.jpg\" alt=\"Molte vite, un solo amore: L'eterno incontro delle anime gemelle. Copertura. Italiano.\" width=\"203\" height=\"300\" srcset=\"https:\/\/animaweb.blog.pangea.org\/files\/2019\/09\/Molte_vite_un_solo_amore_copertura_italiano-203x300.jpg 203w, https:\/\/animaweb.blog.pangea.org\/files\/2019\/09\/Molte_vite_un_solo_amore_copertura_italiano.jpg 339w\" sizes=\"auto, (max-width: 203px) 85vw, 203px\" \/>Attraverso il corpo dei pazienti del Dott. Brian Weiss, sottomessi ad una regressione ipnotica, non soltanto si pu\u00f2 accedere al passato della loro anima alla ricerca di un fatto traumatico, ma anche che anime di saggi o maestri diversi possano intervenire per trasmettere al terapeuta spiegazioni sull\u2019evoluzione spirituale.<\/span><\/span><\/p>\n<p class=\"western\" lang=\"it-IT\" align=\"justify\"><span style=\"font-family: Times New Roman, serif\"><span style=\"font-size: large\">Nella seguente narrazione si frappongono diverse citazioni di saggi che danno la loro spiegazione sui diversi tipi di karma, ivi compreso il karma collettivo, prendendo in considerazione altri fattori, come la fama e la necessit\u00e0 di perdonare e di essere perdonati.<\/span><\/span><\/p>\n<hr \/>\n<p class=\"western\" lang=\"it-IT\" align=\"center\"><span style=\"font-family: Times New Roman, serif\"><span style=\"font-size: large\"><b>Le citazioni dei saggi.<\/b><\/span><\/span><\/p>\n<p class=\"western\" lang=\"it-IT\" align=\"justify\"><span style=\"font-family: Times New Roman, serif\"><span style=\"font-size: large\">Talvolta i messaggi sono assai meno psicologici e sembrano provenire da una fonte pi\u00f9 antica e didattica. Lo stile \u00e8 del tutto differente. E in quei casi \u00e8 quasi come se scrivessi sotto dettatura.<\/span><\/span><\/p>\n<p class=\"western\" lang=\"it-IT\" align=\"justify\"><span style=\"font-family: Times New Roman, serif\"><span style=\"font-size: large\">\u00abVi sono molti tipi di karma, doveri da onorare. Il karma individuale concerne i doveri propri di un determinato individuo, che sono riservati unicamente a lui. Ma c&#8217;\u00e8 anche un karma di gruppo, che comprende i doveri collettivi, e ci sono molti gruppi: religioni, razze, nazionalit\u00e0, e cos\u00ec via. A un livello ancora pi\u00f9 ampio, c&#8217;\u00e8 un karma planetario, destinato a influenzare il destino e l&#8217;esito del pianeta. Nel karma di gruppo, non solo confluiscono e vengono elaborati i doveri individuali, ma il risultato che ne esce \u00e8 alla fine applicato al gruppo, al paese o al pianeta. L&#8217;applicazione di tale karma di gruppo determina il futuro del gruppo o del paese. Ma si applica anche all&#8217;individuo in cui si reincarna, sia all&#8217;interno del gruppo o del paese, sia simultaneamente e trasversalmente all&#8217;esterno, sia ancora in un successivo momento del tempo.\u00bb<\/span><\/span><\/p>\n<p class=\"western\" lang=\"it-IT\" align=\"justify\"><span style=\"font-family: Times New Roman, serif\"><span style=\"font-size: large\">\u00abL&#8217;azione diventa giusta azione quando si fa azione lungo la Via, il Cammino che porta a Dio. Tutti gli altri sentieri sono alla fine vicoli ciechi o illusioni, e l&#8217;azione condotta percorrendo queste vie non \u00e8 giusta. Cos\u00ec dunque l&#8217;azione promuove la spiritualit\u00e0 dell&#8217;individuo e il suo ritorno. L&#8217;azione che alimenta la giustizia, la misericordia, l&#8217;amore, la saggezza e tutte le qualit\u00e0 che noi chiamiamo divine o spirituali, \u00e8 inevitabilmente giusta azione. Il frutto dell\u2019azione giusta \u00e8 la meta desiderata. I frutti delle azioni condotte lungo gli altri cammini sono transitori, illusori e falsi. Questi frutti ingannano e intrappolano, ma non sono ci\u00f2 che veramente vogliamo. I frutti della giusta azione comprendono in s\u00e9 tutti i nostri obiettivi e desideri, e tutto ci\u00f2 di cui possiamo aver bisogno o che possiamo desiderare.\u00bb<\/span><\/span><\/p>\n<p class=\"western\" lang=\"it-IT\" align=\"justify\"><span style=\"font-family: Times New Roman, serif\"><span style=\"font-size: large\">\u00abUn esempio \u00e8 costituito dalla fama. Colui che cerca la fama come fine in s\u00e9, pu\u00f2 conquistarla per qualche tempo. Ma questa fama sar\u00e0 appunto passeggera e non lo gratificher\u00e0. Se invece la fama arriva a una persona non richiesta, come risultato cio\u00e8 di una giusta azione, dell&#8217;azione condotta lungo il Cammino, allora quella fama durer\u00e0 e sar\u00e0 ben riposta. Ma, per chi si trova sul Cammino, questo non conter\u00e0. Questa \u00e8 la differenza tra la fama perseguita egoisticamente, per desiderio individuale, e la fama non cercata e non desiderata, che rappresenta il prodotto indiretto e secondario della giusta azione. La prima \u00e8 illusoria ed evanescente. La seconda \u00e8 reale e permanente, perch\u00e9 aderisce all&#8217;anima. La prima s&#8217;addebita al karma, e dev&#8217;essere onorata, la seconda no.\u00bb<\/span><\/span><\/p>\n<p class=\"western\" lang=\"it-IT\" align=\"justify\"><span style=\"font-family: Times New Roman, serif\"><span style=\"font-size: large\">Talvolta i messaggi compaiono di colpo in modo rapido e succinto. <\/span><\/span><\/p>\n<p class=\"western\" lang=\"it-IT\" align=\"justify\"><span style=\"font-family: Times New Roman, serif\"><span style=\"font-size: large\">\u00abL&#8217;obiettivo non \u00e8 vincere, ma aprirsi.\u00bb<\/span><\/span><\/p>\n<p class=\"western\" lang=\"it-IT\" align=\"justify\"><span style=\"font-family: Times New Roman, serif\"><span style=\"font-size: large\">Poi, come se fosse di nuovo il loro turno, arrivano i messaggi di fonte pi\u00f9 psicologica, e le impressioni a raffica.<\/span><\/span><\/p>\n<p class=\"western\" lang=\"it-IT\" align=\"justify\"><span style=\"font-family: Times New Roman, serif\"><span style=\"font-size: large\">\u00abDio perdona, ma tu devi essere perdonato anche dalla gente&#8230; e devi a tua volta perdonare. Il perdono \u00e8 anche responsabilit\u00e0 tua. Devi perdonare ed essere perdonato. La psicoanalisi non ripara il danno. A quel punto ti spetta ancora di proseguire al di l\u00e0 della comprensione, e di fare cambiamenti, di migliorare il mondo, di rettificare i rapporti, di perdonare agli altri e di accettare il loro perdono. Quel che pi\u00f9 conta \u00e8 di cercare attivamente la virt\u00f9. Dichiararsi favorevoli non basta. La comprensione intellettuale senza l&#8217;applicazione dei rimedi non \u00e8 sufficiente. Esprimere il tuo amore, questo s\u00ec.\u00bb<\/span><\/span><\/p>\n<p class=\"western\" lang=\"it-IT\" align=\"right\"><span style=\"color: #000000\"><span style=\"font-family: Times New Roman, serif\"><span style=\"font-size: large\">Dottor Brian Weiss. <\/span><\/span><\/span><span style=\"color: #000000\"><span style=\"font-family: Times New Roman, serif\"><span style=\"font-size: large\"><i>Molte vite, un solo amore<\/i><\/span><\/span><\/span><span style=\"color: #000000\"><span style=\"font-family: Times New Roman, serif\"><span style=\"font-size: large\">.<br \/>\n<\/span><\/span><\/span><span style=\"font-family: Times New Roman, serif\"><span style=\"font-size: large\"><b>Correzione relativa alla versione inglese originale: Loto Perrella.<\/b><\/span><\/span><\/p>","protected":false},"excerpt":{"rendered":"<p>Tipi di karma, karma collettivo, fama, oggettivo e perdono. Citazioni dai saggi. Attraverso il corpo dei pazienti del Dott. Brian Weiss, sottomessi ad una regressione ipnotica, non soltanto si pu\u00f2 &hellip; <a href=\"https:\/\/animaweb.blog.pangea.org\/it\/tipus-de-karma-karma-collectiu-fama-objectiu-i-perdo-cites-dels-savis\/\" class=\"more-link\">Leggi tutto<span class=\"screen-reader-text\"> &#8220;Tipi di karma, karma collettivo, fama, oggettivo e perdono. Citazioni dai saggi.&#8221;<\/span><\/a><\/p>\n","protected":false},"author":12345698,"featured_media":0,"parent":0,"menu_order":0,"comment_status":"closed","ping_status":"closed","template":"","meta":{"ngg_post_thumbnail":0,"footnotes":""},"class_list":["post-286","page","type-page","status-publish","hentry"],"_links":{"self":[{"href":"https:\/\/animaweb.blog.pangea.org\/it\/wp-json\/wp\/v2\/pages\/286","targetHints":{"allow":["GET"]}}],"collection":[{"href":"https:\/\/animaweb.blog.pangea.org\/it\/wp-json\/wp\/v2\/pages"}],"about":[{"href":"https:\/\/animaweb.blog.pangea.org\/it\/wp-json\/wp\/v2\/types\/page"}],"author":[{"embeddable":true,"href":"https:\/\/animaweb.blog.pangea.org\/it\/wp-json\/wp\/v2\/users\/12345698"}],"replies":[{"embeddable":true,"href":"https:\/\/animaweb.blog.pangea.org\/it\/wp-json\/wp\/v2\/comments?post=286"}],"version-history":[{"count":30,"href":"https:\/\/animaweb.blog.pangea.org\/it\/wp-json\/wp\/v2\/pages\/286\/revisions"}],"predecessor-version":[{"id":2374,"href":"https:\/\/animaweb.blog.pangea.org\/it\/wp-json\/wp\/v2\/pages\/286\/revisions\/2374"}],"wp:attachment":[{"href":"https:\/\/animaweb.blog.pangea.org\/it\/wp-json\/wp\/v2\/media?parent=286"}],"curies":[{"name":"wp","href":"https:\/\/api.w.org\/{rel}","templated":true}]}}