{"id":26,"date":"2018-01-17T20:47:37","date_gmt":"2018-01-17T18:47:37","guid":{"rendered":"http:\/\/animaweb.blog.pangea.org\/?page_id=26"},"modified":"2023-01-19T06:53:01","modified_gmt":"2023-01-19T04:53:01","slug":"jose-luis-cabouli-lanima-es-el-xofer-el-cos-el-vehicle","status":"publish","type":"page","link":"https:\/\/animaweb.blog.pangea.org\/it\/jose-luis-cabouli-lanima-es-el-xofer-el-cos-el-vehicle\/","title":{"rendered":"Jos\u00e9 Luis Cabouli: \u00abL\u2019anima \u00e8 l\u2019autista, il corpo \u00e8 il veicolo\u00bb."},"content":{"rendered":"<p class=\"western\" lang=\"it-IT\" align=\"center\"><span style=\"font-family: Times New Roman, serif\"><span style=\"font-size: x-large\"><b>Jos\u00e9 Luis Cabouli: \u00abL\u2019anima \u00e8 l\u2019autista, il corpo \u00e8 il veicolo\u00bb.<\/b><\/span><\/span><\/p>\n<p class=\"western\" lang=\"it-IT\" align=\"justify\"><span style=\"font-family: Times New Roman, serif\"><span style=\"font-size: large\"><b><img loading=\"lazy\" decoding=\"async\" class=\"alignright wp-image-773 size-full\" title=\"El Peri\u00f3dico de Catalunya. Logo.\" src=\"https:\/\/animaweb.cat\/files\/2020\/01\/El_Periodico_de_Catalunya_Logotip_72ppp_200x39px.png\" alt=\"El Peri\u00f3dico de Catalunya. Logo.\" width=\"200\" height=\"39\" \/>El Peri\u00f3dico de Catalunya. Mercoled\u00ec, 8 ottobre 2008.<\/b><\/span><\/span><\/p>\n<p class=\"western\" lang=\"it-IT\" align=\"justify\"><span style=\"font-family: Times New Roman, serif\"><span style=\"font-size: large\"><i>Jos\u00e9 Luis Cabouli applica la Terapia delle Vite Passate. \u00c8 medico e chirurgo dell\u2019anima. Assume che la reincarnazione esiste e lavora con dei pazienti che si trascinano dei traumi di altre vite.<\/i><\/span><\/span><\/p>\n<p class=\"western\" lang=\"it-IT\" align=\"justify\"><span style=\"font-family: Times New Roman, serif\"><span style=\"font-size: large\"><b>Jos\u00e9 Luis Cabouli: \u00abL\u2019anima \u00e8 l\u2019autista, il corpo \u00e8 il veicolo\u00bb.<\/b><\/span><\/span><\/p>\n<p class=\"western\" lang=\"it-IT\" align=\"justify\"><span style=\"font-family: Times New Roman, serif\"><span style=\"font-size: large\">Gaspar Hern\u00e1ndez.<\/span><\/span><\/p>\n<figure id=\"attachment_27\" aria-describedby=\"caption-attachment-27\" style=\"width: 400px\" class=\"wp-caption alignnone\"><img loading=\"lazy\" decoding=\"async\" class=\"wp-image-27 size-full\" title=\"Jos\u00e9 Luis Cabouli. Foto: Elisenda Pons.\" src=\"http:\/\/animaweb.blog.pangea.org\/files\/2018\/01\/Jose_Luis_Cabouli_-_Foto_1_400x358px.png\" alt=\"Jos\u00e9 Luis Cabouli. Foto: Elisenda Pons.\" width=\"400\" height=\"358\" srcset=\"https:\/\/animaweb.blog.pangea.org\/files\/2018\/01\/Jose_Luis_Cabouli_-_Foto_1_400x358px.png 400w, https:\/\/animaweb.blog.pangea.org\/files\/2018\/01\/Jose_Luis_Cabouli_-_Foto_1_400x358px-300x269.png 300w\" sizes=\"auto, (max-width: 400px) 85vw, 400px\" \/><figcaption id=\"caption-attachment-27\" class=\"wp-caption-text\">Jos\u00e9 Luis Cabouli. Foto: Elisenda Pons.<\/figcaption><\/figure>\n<p class=\"western\" lang=\"it-IT\" align=\"justify\"><span style=\"font-family: Times New Roman, serif\"><span style=\"font-size: large\"><b><br \/>\nJos\u00e9 Luis Cabouli. Foto: Elisenda Pons.<\/b><\/span><\/span><\/p>\n<p class=\"western\" lang=\"it-IT\" align=\"justify\"><span style=\"font-family: Times New Roman, serif\"><span style=\"font-size: large\">Mercoled\u00ec 8.10.2008 alle 00.00 ore.<\/span><\/span><\/p>\n<p class=\"western\" lang=\"es-ES\" align=\"justify\">\u2013<span style=\"font-family: Times New Roman, serif\"><span style=\"font-size: large\"><span lang=\"it-IT\"><b>Lei ha rinunciato alla medicina. Perch\u00e9?\u2013<\/b><\/span><\/span><\/span><\/p>\n<p class=\"western\" lang=\"es-ES\" align=\"justify\">\u2013<span style=\"font-family: Times New Roman, serif\"><span style=\"font-size: large\"><span lang=\"it-IT\">\u00c8 stato il destino. Io ero chirurgo plastico e nel 1988 andai in vacanza. Una sera, mentre ero in una spiaggia facendo meditazione, la mia vita \u00e8 cambiata. Ebbi la certezza chiara che dovevo lasciare la chirurgia e dedicarmi alla chirurgia dell\u2019anima.\u2013<\/span><\/span><\/span><\/p>\n<p class=\"western\" lang=\"es-ES\" align=\"justify\">\u2013<span style=\"font-family: Times New Roman, serif\"><span style=\"font-size: large\"><span lang=\"it-IT\"><b>Al principio non pensava di fare cos\u00ec.\u2013<\/b><\/span><\/span><\/span><\/p>\n<p class=\"western\" lang=\"es-ES\" align=\"justify\">\u2013<span style=\"font-family: Times New Roman, serif\"><span style=\"font-size: large\"><span lang=\"it-IT\">Ma dopo ho imparato che quanto non si fa quello che si deve fare, la vita ci obbliga a farlo.\u2013<\/span><\/span><\/span><\/p>\n<p class=\"western\" lang=\"es-ES\" align=\"justify\">\u2013<span style=\"font-family: Times New Roman, serif\"><span style=\"font-size: large\"><span lang=\"it-IT\"><b>Che cos\u2019\u00e8 la Terapia delle Vite Passate?\u2013<\/b><\/span><\/span><\/span><\/p>\n<p class=\"western\" lang=\"es-ES\" align=\"justify\">\u2013<span style=\"font-family: Times New Roman, serif\"><span style=\"font-size: large\"><span lang=\"it-IT\">Consiste nel far affiorare alla coscienza fisica degli episodi e degli avvenimenti traumatici che sono repressi nell\u2019inconscio, e per questa ragione causano squilibri nella<\/span><b> <\/b><span lang=\"it-IT\">vita di<\/span><b> <\/b><span lang=\"it-IT\">ogni giorno.\u2013<\/span><\/span><\/span><\/p>\n<p class=\"western\" lang=\"es-ES\" align=\"justify\">\u2013<span style=\"font-family: Times New Roman, serif\"><span style=\"font-size: large\"><span lang=\"it-IT\"><b>Sono fatti vissuti?\u2013<\/b><\/span><\/span><\/span><\/p>\n<p class=\"western\" lang=\"es-ES\" align=\"justify\">\u2013<span style=\"font-family: Times New Roman, serif\"><span style=\"font-size: large\"><span lang=\"it-IT\">S\u00ed, li abbiamo vissuti, ma in altre vite. Vi sono dei rapporti diretti fra i traumi di vite passate e il conflitto emozionale attuale di una persona.\u2013<\/span><\/span><\/span><\/p>\n<p class=\"western\" lang=\"es-ES\" align=\"justify\">\u2013<span style=\"font-family: Times New Roman, serif\"><span style=\"font-size: large\"><span lang=\"it-IT\"><b>Come fa a sapere che appartengono a una vita passata e non all\u2019inconscio collettivo?\u2013<\/b><\/span><\/span><\/span><\/p>\n<p class=\"western\" lang=\"es-ES\" align=\"justify\">\u2013<span style=\"font-family: Times New Roman, serif\"><span style=\"font-size: large\"><span lang=\"it-IT\">In primo luogo, non sappiamo esattamente che cos\u2019\u00e8 l\u2019inconscio collettivo. E se fosse cos\u00ec facile ottenere informazione dall\u2019inconscio collettivo, allora faremmo gli esami collegandoci con esso.\u2013<\/span><\/span><\/span><\/p>\n<p class=\"western\" lang=\"es-ES\" align=\"justify\">\u2013<span style=\"font-family: Times New Roman, serif\"><span style=\"font-size: large\"><span lang=\"it-IT\"><b>I pazienti che non credono nelle vite passate, guariscono?\u2013<\/b><\/span><\/span><\/span><\/p>\n<p class=\"western\" lang=\"es-ES\" align=\"justify\">\u2013<span style=\"font-family: Times New Roman, serif\"><span style=\"font-size: large\"><span lang=\"it-IT\">Da un punto di vista terapeutico, non importa se esistono oppure no le vite passate. Tutti abbiamo delle esperienze nel nostro subconscio che non appartengono all\u2019ambito di questa vita. Ernesto S\u00e1bato definiva l\u2019inconscio come la realt\u00e0 pi\u00f9 vera che esiste. Tutto quanto si trova nell\u2019inconscio finir\u00e0 per affiorare nella nostra vita di ogni giorno.\u2013<\/span><\/span><\/span><\/p>\n<p class=\"western\" lang=\"es-ES\" align=\"justify\">\u2013<span style=\"font-family: Times New Roman, serif\"><span style=\"font-size: large\"><span lang=\"it-IT\"><b>Lei crede nella reincarnazione?\u2013<\/b><\/span><\/span><\/span><\/p>\n<p class=\"western\" lang=\"es-ES\" align=\"justify\">\u2013<span style=\"font-family: Times New Roman, serif\"><span style=\"font-size: large\"><span lang=\"it-IT\">Ci credevo finch\u00e8 cominciai a lavorare con le vite passate. Quando incominciai a sperimentare in me stesso degli episodi di vite anteriori, smisi di credere nella reincarnazione e l\u2019accettai come una realt\u00e0, come un\u2019esperienza.\u2013<\/span><\/span><\/span><\/p>\n<p class=\"western\" lang=\"es-ES\" align=\"justify\">\u2013<span style=\"font-family: Times New Roman, serif\"><span style=\"font-size: large\"><span lang=\"it-IT\"><b>Quante vite passate ha avuto lei?\u2013<\/b><\/span><\/span><\/span><\/p>\n<p class=\"western\" lang=\"es-ES\" align=\"justify\">\u2013<span style=\"font-family: Times New Roman, serif\"><span style=\"font-size: large\"><span lang=\"it-IT\">\u00c8 impossibile da sapere. Nel corso di un lavoro terap\u00e9utico si possono lavorare 12 o 20 vite. Il Budda ebbe 500 vite negative e 500 vite positive prima di raggiungere l\u2019illuminazione. L\u2019unica cosa che viene fuori quando si lavora \u00e8 quello che \u00e8 realmente importante per l\u2019anima.\u2013<\/span><\/span><\/span><\/p>\n<p class=\"western\" lang=\"es-ES\" align=\"justify\">\u2013<span style=\"font-family: Times New Roman, serif\"><span style=\"font-size: large\"><span lang=\"it-IT\"><b>Quante vite ha l\u2019anima?\u2013<\/b><\/span><\/span><\/span><\/p>\n<p class=\"western\" lang=\"es-ES\" align=\"justify\">\u2013<span style=\"font-family: Times New Roman, serif\"><span style=\"font-size: large\"><span lang=\"it-IT\">Una sola vita. I corpi sono strumenti e veicoli per realizzare le esperienze necessarie perch\u00e9 l\u2019anima possa evolvere. L\u2019anima \u00e8 un ente che mantiene la sua individualit\u00e0 o la sua essenza in modo permanente. Tu sei stato tu, e sarai sempre lo stessso.\u2013<\/span><\/span><\/span><\/p>\n<p class=\"western\" lang=\"es-ES\" align=\"justify\">\u2013<span style=\"font-family: Times New Roman, serif\"><span style=\"font-size: large\"><span lang=\"it-IT\"><b>Anche quando morir\u00f2.\u2013<\/b><\/span><\/span><\/span><\/p>\n<p class=\"western\" lang=\"es-ES\" align=\"justify\">\u2013<span style=\"font-family: Times New Roman, serif\"><span style=\"font-size: large\"><span lang=\"it-IT\">Muore il tuo corpo, non la tua anima. In questo mondo hai bisogno di un veicolo, che \u00e8 il corpo. Ma il corpo non regge per sempre, e l\u2019anima avr\u00e0 bisogno di altri corpi per compiere il suo progetto.\u2013<\/span><\/span><\/span><\/p>\n<p class=\"western\" lang=\"es-ES\" align=\"justify\">\u2013<span style=\"font-family: Times New Roman, serif\"><span style=\"font-size: large\"><span lang=\"it-IT\"><b>L\u2019anima ha un progetto?\u2013<\/b><\/span><\/span><\/span><\/p>\n<p class=\"western\" lang=\"es-ES\" align=\"justify\">\u2013<span style=\"font-family: Times New Roman, serif\"><span style=\"font-size: large\"><span lang=\"it-IT\">S\u00ed, un percorso. L\u2019anima \u00e8 l\u2019autista e il corpo e il veicolo. E facciamo servire questo veicolo per portare a termine le esperienze di cui abbiamo bisogno per crescere, per evolvere, chi sa fino a dove.\u2013<\/span><\/span><\/span><\/p>\n<p class=\"western\" lang=\"es-ES\" align=\"justify\">\u2013<span style=\"font-family: Times New Roman, serif\"><span style=\"font-size: large\"><span lang=\"it-IT\"><b>Secondo i disegni di un qualche essere superiore?\u2013<\/b><\/span><\/span><\/span><\/p>\n<p class=\"western\" lang=\"es-ES\" align=\"justify\">\u2013<span style=\"font-family: Times New Roman, serif\"><span style=\"font-size: large\"><span lang=\"it-IT\">Io credo che \u00e8 un lavoro di squadra. C\u2019\u00e8 un architetto che dirige il piano dell\u2019universo e, dentro questo piano, ogni anima ha una funzione da campiere. Siamo qui per renderci conto che siamo uno: apparteniamo a un tutto. Ma l\u2019illusione di state in un corpo ci fa credere che siamo separati e che siamo enti individuali. Ma in realt\u00e0, se superiamo questa fase, ci rendiamo conto che siamo un solo essere.\u2013<\/span><\/span><\/span><\/p>\n<p class=\"western\" lang=\"es-ES\" align=\"justify\">\u2013<span style=\"font-family: Times New Roman, serif\"><span style=\"font-size: large\"><span lang=\"it-IT\"><b>Come posso collegarmi con il ricordo di una vita anteriore?\u2013<\/b><\/span><\/span><\/span><\/p>\n<p class=\"western\" lang=\"es-ES\" align=\"justify\">\u2013<span style=\"font-family: Times New Roman, serif\"><span style=\"font-size: large\"><span lang=\"it-IT\">Collegarsi con le vite passate \u00e8 abbgastanza semplice. In primo luogo, pu\u00f2 succedere in modo spontaneo o pu\u00f2 essere provocato. Il modo spontaneo pu\u00f2 succedere quando stiamo facendo meditazione, nei sogni, leggendo un libro, vedendo un film o visitando un luogo concreto, in quei casi riceviamo una conoscenza istantanea. Succede spesso che i bambini fra i 2 e i 6 anni abbiano ricordi spontanei delle loro vite anteriori, perch\u00e9 ancora non hanno agito su di loro i meccanismi intellettuali di censura. Ciononostante, i genitori considerano questo una fantasia.\u2013<\/span><\/span><\/span><\/p>\n<p class=\"western\" lang=\"es-ES\" align=\"justify\">\u2013<span style=\"font-family: Times New Roman, serif\"><span style=\"font-size: large\"><span lang=\"it-IT\"><b>Lei \u00e8 medico, con una preparazione scientifica. Che cosa direbbe ai suoi colleghi che pensino che \u00e8 diventato pazzo?\u2013<\/b><\/span><\/span><\/span><\/p>\n<p class=\"western\" lang=\"es-ES\" align=\"justify\">\u2013<span style=\"font-family: Times New Roman, serif\"><span style=\"font-size: large\"><span lang=\"it-IT\">Semplicemente, che seguano i pilastri del metodo scientifico: osservazione, sperimentazione, e verifica. Osservare il fenomeno, sperimentare con esso, e verificarne la verit\u00e0. E mantenere la mente aperta, senza pregiudicare nessuno. Se io mantengo la mente aperta, davanti a me pu\u00f2 accadere qualunque cosa, ma se mi chiudo, l\u2019inconscio di chi \u00e8 davanti a me si chiuder\u00e0 pure lui.\u2013<\/span><\/span><\/span><\/p>\n<p class=\"western\" lang=\"it-IT\" align=\"justify\"><span style=\"font-family: Times New Roman, serif\"><span style=\"font-size: large\"><strong>Una vita passata a Girona. <\/strong>Il dottore Jos\u00e9 Luis Cabouli (Buenos Aires, 1950) era medico chirurgo plastico nella capitale argentina finch\u00e9 un bel giorno decise di lasciare la professione di medico e dedicarsi a quello che si chiama <em>Terapia di Vite Passate (TVP)<\/em>. Dal 1992 dirige il <em>Centro de Estudios TVP <\/em>(<i>Centro Studi TVP<\/i>), e in questi giorni sta dando un seminario in Catalogna invitato dalla libreria Epsilon. \u00c8 convinto di essere vissuto nella regione di Girona in un\u2019altra vita. In questa zona, dice, si sente come a casa.<\/span><\/span><\/p>\n<p class=\"western\" lang=\"it-IT\" align=\"justify\"><span style=\"font-family: Times New Roman, serif\"><span style=\"font-size: large\">Link per l\u2019intervista originale in spagnolo:<\/span><\/span><\/p>\n<p class=\"western\" lang=\"es-ES\" align=\"justify\"><span style=\"color: #0000ff\"><u><a href=\"http:\/\/www.elperiodico.com\/es\/opinion\/20081008\/jose-luis-cabouli-el-alma-es-el-chofer-el-cuerpo-el-vehiculo-24269\"><span style=\"font-family: Times New Roman, serif\"><span style=\"font-size: large\"><span lang=\"es-ES\">http:\/\/www.elperiodico.com\/es\/opinion\/20081008\/jose-luis-cabouli-el-alma-es-el-chofer-el-cuerpo-el-vehiculo-24269<\/span><\/span><\/span><\/a><\/u><\/span><\/p>\n<p class=\"western\" lang=\"es-ES\" align=\"justify\"><span style=\"font-family: Times New Roman, serif\"><span style=\"font-size: large\"><b>Traduzione: Loto Perrella.<\/b><\/span><\/span><\/p>","protected":false},"excerpt":{"rendered":"<p>Jos\u00e9 Luis Cabouli: \u00abL\u2019anima \u00e8 l\u2019autista, il corpo \u00e8 il veicolo\u00bb. El Peri\u00f3dico de Catalunya. Mercoled\u00ec, 8 ottobre 2008. Jos\u00e9 Luis Cabouli applica la Terapia delle Vite Passate. \u00c8 medico &hellip; <a href=\"https:\/\/animaweb.blog.pangea.org\/it\/jose-luis-cabouli-lanima-es-el-xofer-el-cos-el-vehicle\/\" class=\"more-link\">Leggi tutto<span class=\"screen-reader-text\"> &#8220;Jos\u00e9 Luis Cabouli: \u00abL\u2019anima \u00e8 l\u2019autista, il corpo \u00e8 il veicolo\u00bb.&#8221;<\/span><\/a><\/p>\n","protected":false},"author":12345698,"featured_media":0,"parent":0,"menu_order":0,"comment_status":"closed","ping_status":"closed","template":"","meta":{"ngg_post_thumbnail":0,"footnotes":""},"class_list":["post-26","page","type-page","status-publish","hentry"],"_links":{"self":[{"href":"https:\/\/animaweb.blog.pangea.org\/it\/wp-json\/wp\/v2\/pages\/26","targetHints":{"allow":["GET"]}}],"collection":[{"href":"https:\/\/animaweb.blog.pangea.org\/it\/wp-json\/wp\/v2\/pages"}],"about":[{"href":"https:\/\/animaweb.blog.pangea.org\/it\/wp-json\/wp\/v2\/types\/page"}],"author":[{"embeddable":true,"href":"https:\/\/animaweb.blog.pangea.org\/it\/wp-json\/wp\/v2\/users\/12345698"}],"replies":[{"embeddable":true,"href":"https:\/\/animaweb.blog.pangea.org\/it\/wp-json\/wp\/v2\/comments?post=26"}],"version-history":[{"count":12,"href":"https:\/\/animaweb.blog.pangea.org\/it\/wp-json\/wp\/v2\/pages\/26\/revisions"}],"predecessor-version":[{"id":2366,"href":"https:\/\/animaweb.blog.pangea.org\/it\/wp-json\/wp\/v2\/pages\/26\/revisions\/2366"}],"wp:attachment":[{"href":"https:\/\/animaweb.blog.pangea.org\/it\/wp-json\/wp\/v2\/media?parent=26"}],"curies":[{"name":"wp","href":"https:\/\/api.w.org\/{rel}","templated":true}]}}