{"id":219,"date":"2018-02-28T15:26:36","date_gmt":"2018-02-28T13:26:36","guid":{"rendered":"https:\/\/animaweb.cat\/?page_id=219"},"modified":"2021-04-17T09:49:01","modified_gmt":"2021-04-17T07:49:01","slug":"bibliografia-del-doctor-michael-newton","status":"publish","type":"page","link":"https:\/\/animaweb.blog.pangea.org\/it\/bibliografia-del-doctor-michael-newton\/","title":{"rendered":"Bibliografia del Dottor Michael Newton."},"content":{"rendered":"<p lang=\"it-IT\" align=\"center\"><span style=\"font-family: Times New Roman, serif\"><span style=\"font-size: x-large\"><b>Bibliografia del Dottor Michael Newton.<\/b><\/span><\/span><\/p>\n<table border=\"0\" width=\"100%\">\n<tbody>\n<tr>\n<td>\n<p lang=\"it-IT\" align=\"justify\"><span style=\"font-family: Times New Roman, serif\"><span style=\"font-size: large\"><i><img loading=\"lazy\" decoding=\"async\" class=\"aligncenter wp-image-471 size-medium\" title=\"Dottor Michael Newton. Il viaggio delle anime. Uno studio sulla vita tra le vite. Copertura. Italiano.\" src=\"https:\/\/animaweb.cat\/files\/2019\/09\/Il_viaggio_delle_anime_Uno_studio_sulla_vita_tra_le_vite_copertura_italiano-195x300.jpg\" alt=\"Dottor Michael Newton. Il viaggio delle anime. Uno studio sulla vita tra le vite. Copertura. Italiano.\" width=\"195\" height=\"300\" srcset=\"https:\/\/animaweb.blog.pangea.org\/files\/2019\/09\/Il_viaggio_delle_anime_Uno_studio_sulla_vita_tra_le_vite_copertura_italiano-195x300.jpg 195w, https:\/\/animaweb.blog.pangea.org\/files\/2019\/09\/Il_viaggio_delle_anime_Uno_studio_sulla_vita_tra_le_vite_copertura_italiano.jpg 324w\" sizes=\"auto, (max-width: 195px) 85vw, 195px\" \/>Il viaggio delle anime. Uno studio sulla vita tra le vite<\/i>. 1994.<\/span><\/span><\/p>\n<p lang=\"it-IT\" align=\"justify\"><span style=\"font-family: Times New Roman, serif\"><span style=\"font-size: large\"><i>Il resoconto sconvolgente di come la nostra vita non finisca qui ma continui nel mondo spirituale attraverso ventinove casi che ricordano il loro viaggio tra le vite.<\/i><\/span><\/span><\/p>\n<p lang=\"it-IT\" align=\"justify\"><span style=\"font-family: Times New Roman, serif\"><span style=\"font-size: large\">Persone in stato di ipnosi sono state in grado di dire cosa faceva la loro anima sulla terra durante una reincarnazione o quando aspettavano di poter rinascere. Comprenderete lo scopo che c&#8217;\u00e8 dietro alle scelte di vita che facciamo prima di incarnarci. Un libro dal contenuto veramente eccezionale.<\/span><\/span><\/p>\n<p lang=\"it-IT\" align=\"justify\"><span style=\"font-family: Times New Roman, serif\"><span style=\"font-size: large\">Tradotto in pi\u00f9 di venticinque lingue e con oltre 200.000 copie vendute solo negli USA, questo testo \u00e8 diventato un classico nel suo genere ed \u00e8 stato il primo a esplorare a fondo il mistero della vita tra le vite.<\/span><\/span><\/p>\n<p lang=\"it-IT\" align=\"justify\"><span style=\"font-family: Times New Roman, serif\"><span style=\"font-size: large\"><i>Ventinove persone raccontano sotto ipnosi che cosa hanno visto nell&#8217;aldil\u00e0 e come \u00e8 avvenuto il loro processo di reincarnazione.<\/i><\/span><\/span><\/p>\n<p lang=\"it-IT\" align=\"justify\"><span style=\"font-family: Times New Roman, serif\"><span style=\"font-size: large\">L\u2019autore presenta il resoconto delle esperienze di ventinove persone, da lui poste in uno stato di \u00absovra coscienza\u00bb, per scavare nelle loro memorie pi\u00f9 profonde le vite dopo la morte fisica. L&#8217;autore, registrando le percezioni dell&#8217;aldil\u00e0 riportate dai suoi pazienti reduci da esperienze di premorte, \u00e8 finalmente riuscito a spalancare le porte dell&#8217;oltretomba, grazie a una tecnica ipnotica in grado di indurre i suoi assistiti a raggiungere uno stato profondo di consapevolezza mentale che fa riaffiorare ricordi latenti legati alle esperienze vissute nell&#8217;aldil\u00e0.<\/span><\/span><\/p>\n<p lang=\"it-IT\" align=\"justify\"><span style=\"font-family: Times New Roman, serif\"><span style=\"font-size: large\">Ogni individuo narra in maniera emozionante e con dettagli straordinari le proprie esperienze nel mondo spirituale, soffermandosi sulle sensazioni al momento della morte, le percezioni subito dopo il trapasso, lo svolgimento della nuova vita e il ritorno alla manifestazione terrena il cui scopo diventa man mano pi\u00f9 chiaro. Per illustrare la sua scoperta e vincere l&#8217;ostilit\u00e0 degli scettici, Newton presenta in questo volume la trascrizione delle registrazioni dei dialoghi di ventinove pazienti che, incalzati dalle domande del terapeuta, hanno rivelato il loro vissuto nel momento della morte, i loro incontri nell&#8217;aldil\u00e0, nonch\u00e9 le loro sensazioni nel lasso di tempo intercorso fra la morte e la successiva reincarnazione.<\/span><\/span><\/p>\n<p lang=\"it-IT\" align=\"justify\"><span style=\"font-family: Times New Roman, serif\"><span style=\"font-size: large\"><i>Ne \u00e8 scaturita la prova di come le esperienze nell&#8217;aldil\u00e0 si ricolleghino alle esistenze terrene in un unico grande progetto ove si intrecciano indissolubilmente la vita fisica e quella spirituale.<\/i><\/span><\/span><\/p>\n<\/td>\n<\/tr>\n<tr>\n<td>\n<p lang=\"it-IT\" align=\"justify\"><span style=\"font-family: Times New Roman, serif\"><span style=\"font-size: large\"><i><img loading=\"lazy\" decoding=\"async\" class=\"aligncenter wp-image-472 size-medium\" title=\"Dottor Michael Newton. Il destino delle anime. Nuovi casi di vita tra le vite. Copertura. Italiano.\" src=\"https:\/\/animaweb.cat\/files\/2019\/09\/Il_destino_delle_anime_Nuovi_casi_di_vita_tra_le_vite_copertura_italiano-198x300.jpg\" alt=\"Dottor Michael Newton. Il destino delle anime. Nuovi casi di vita tra le vite. Copertura. Italiano.\" width=\"198\" height=\"300\" srcset=\"https:\/\/animaweb.blog.pangea.org\/files\/2019\/09\/Il_destino_delle_anime_Nuovi_casi_di_vita_tra_le_vite_copertura_italiano-198x300.jpg 198w, https:\/\/animaweb.blog.pangea.org\/files\/2019\/09\/Il_destino_delle_anime_Nuovi_casi_di_vita_tra_le_vite_copertura_italiano.jpg 329w\" sizes=\"auto, (max-width: 198px) 85vw, 198px\" \/>Il destino delle anime. Nuovi casi di vita tra le vite<\/i>. 2000.<\/span><\/span><\/p>\n<p lang=\"it-IT\" align=\"justify\"><span style=\"font-family: Times New Roman, serif\"><span style=\"font-size: large\">Un libro che indaga a fondo il grande mistero che riguarda la sorte della nostra anima dopo la sua dipartita terrena.<\/span><\/span><\/p>\n<p lang=\"it-IT\" align=\"justify\"><span style=\"font-family: Times New Roman, serif\"><span style=\"font-size: large\">Dopo il suo bestseller mondiale, <i>Il viaggio delle anime<\/i>, Michael Newton approfondisce ulteriormente l\u2019argomento dell\u2019ipnoterapia regressiva ottenendo risultati sconcertanti dalle sue ricerche sulla vita tra le vite.<\/span><\/span><\/p>\n<p lang=\"it-IT\" align=\"justify\"><span style=\"font-family: Times New Roman, serif\"><span style=\"font-size: large\">I 67 casi presentati in questo volume trattano argomenti quali il nostro scopo sulla Terra, i luoghi dove si recano le anime dopo la morte, le anime gemelle, gli spiriti guida e cos\u00ec via.<\/span><\/span><\/p>\n<p lang=\"it-IT\" align=\"justify\"><span style=\"font-family: Times New Roman, serif\"><span style=\"font-size: large\">Di particolare interesse sono i motivi che ci fanno scegliere i nostri corpi e famiglie, e cosa pensiamo di ottenere dalle presenti incarnazioni a fronte del nostro vissuto di millenni.<\/span><\/span><\/p>\n<p lang=\"it-IT\" align=\"justify\"><span style=\"font-family: Times New Roman, serif\"><span style=\"font-size: large\">Il collegamento tra anima antica e corpo nuovo richiede un adattamento particolarmente misterioso dai risvolti sorprendenti che stupir\u00e0 il lettore, convincendolo di aver finalmente trovato la verit\u00e0 a lungo cercata.<\/span><\/span><\/p>\n<\/td>\n<\/tr>\n<tr>\n<td>\n<p lang=\"it-IT\" align=\"justify\"><span style=\"font-family: Times New Roman, serif\"><span style=\"font-size: large\"><i><img loading=\"lazy\" decoding=\"async\" class=\"aligncenter wp-image-473 size-medium\" title=\"Dottor Michael Newton. Ipnosi regressiva. La guida innovativa alla vita tra le vite. Copertura. Italiano.\" src=\"https:\/\/animaweb.cat\/files\/2019\/09\/Ipnosi_regressiva_La_guida_innovativa_alla_vita_tra_le_vite_copertura_italiano-188x300.jpg\" alt=\"Dottor Michael Newton. Ipnosi regressiva. La guida innovativa alla vita tra le vite. Copertura. Italiano.\" width=\"188\" height=\"300\" srcset=\"https:\/\/animaweb.blog.pangea.org\/files\/2019\/09\/Ipnosi_regressiva_La_guida_innovativa_alla_vita_tra_le_vite_copertura_italiano-188x300.jpg 188w, https:\/\/animaweb.blog.pangea.org\/files\/2019\/09\/Ipnosi_regressiva_La_guida_innovativa_alla_vita_tra_le_vite_copertura_italiano.jpg 313w\" sizes=\"auto, (max-width: 188px) 85vw, 188px\" \/>Ipnosi regressiva. La guida innovativa alla vita tra le vite<\/i>. 2000.<\/span><\/span><\/p>\n<p lang=\"it-IT\" align=\"justify\"><span style=\"font-family: Times New Roman, serif\"><span style=\"font-size: large\">Il dottor <i>Michael Newton<\/i>, famoso in tutto il mondo per le sue <i>tecniche di regressione spirituale<\/i> che riportano i soggetti \u2013\u00a0in stato di ipnosi\u00a0\u2013 al tempo vissuto nel mondo degli spiriti, ha deciso di rivelare, passo dopo passo, i suoi metodi e il suo approccio sperimentale ai regni spirituali, gettando nuova luce sulle eterne domande: chi siamo, da dove veniamo e perch\u00e9 siamo qui.<\/span><\/span><\/p>\n<p lang=\"it-IT\" align=\"justify\"><span style=\"font-family: Times New Roman, serif\"><span style=\"font-size: large\">Questo libro \u00e8 una dettagliata cronaca dei metodi da lui sviluppati in oltre tre decenni di pratica della regressione spirituale alle vite precedenti affinch\u00e9 la successiva generazione di terapeuti della regressione sia correttamente informata e messa in condizioni di ampliare la sua opera.<\/span><\/span><\/p>\n<p lang=\"it-IT\" align=\"justify\"><span style=\"font-family: Times New Roman, serif\"><span style=\"font-size: large\"><i>Ipnosi regressiva \u00e8, quindi, una guida innovativa, destinata agli psicoterapeuti professionisti, esperti nella regressione alle vite precedenti<\/i>, o semplicemente desiderosi di completare la propria opera terapeutica con i pazienti per includervi l&#8217;aspetto pi\u00f9 importante del loro essere, cio\u00e8 lo spirito.<\/span><\/span><\/p>\n<p lang=\"it-IT\" align=\"justify\"><span style=\"font-family: Times New Roman, serif\"><span style=\"font-size: large\">Inoltre \u00e8 un testo adatto anche a quanti, interessati al modo in cui il dottor Newton ha raggiunto gli eccezionali risultati descritti nei suoi libri, vorrebbero magari sperimentare in prima persona una regressione alle vite precedenti.<\/span><\/span><\/p>\n<\/td>\n<\/tr>\n<tr>\n<td>\n<p lang=\"it-IT\" align=\"justify\"><span style=\"font-family: Times New Roman, serif\"><span style=\"font-size: large\"><i><img loading=\"lazy\" decoding=\"async\" class=\"aligncenter wp-image-474 size-full\" title=\"Dottor Michael Newton. Ricordi dell'Aldil\u00e0. Copertura. Italiano.\" src=\"https:\/\/animaweb.cat\/files\/2019\/09\/Ricordi_dell_Aldila_copertura_italiano.jpg\" alt=\"Dottor Michael Newton. Ricordi dell'Aldil\u00e0. Copertura. Italiano.\" width=\"202\" height=\"308\" srcset=\"https:\/\/animaweb.blog.pangea.org\/files\/2019\/09\/Ricordi_dell_Aldila_copertura_italiano.jpg 202w, https:\/\/animaweb.blog.pangea.org\/files\/2019\/09\/Ricordi_dell_Aldila_copertura_italiano-197x300.jpg 197w\" sizes=\"auto, (max-width: 202px) 85vw, 202px\" \/>Ricordi dell&#8217;Aldil\u00e0<\/i>. 2004.<\/span><\/span><\/p>\n<p lang=\"it-IT\" align=\"justify\"><span style=\"font-family: Times New Roman, serif\"><span style=\"font-size: large\">L&#8217;autore, registrando le percezioni dell&#8217;aldil\u00e0 riportate dai suoi pazienti reduci da esperienze di premorte, \u00e8 finalmente riuscito a spalancare le porte dell&#8217;oltretomba, grazie a una tecnica ipnotica in grado di indurre i suoi assistiti a raggiungere uno stato profondo di consapevolezza mentale che fa riaffiorare ricordi latenti legati alle esperienze vissute nell&#8217;aldil\u00e0.<\/span><\/span><\/p>\n<p lang=\"it-IT\" align=\"justify\"><span style=\"font-family: Times New Roman, serif\"><span style=\"font-size: large\">Per illustrare la sua scoperta e vincere l&#8217;ostilit\u00e0 degli scettici, <i>Newton presenta in questo volume la trascrizione delle registrazioni dei dialoghi di ventinove pazienti che, incalzati dalle domande del terapeuta<\/i>, hanno rivelato il loro vissuto nel momento della morte, i loro incontri nell&#8217;aldil\u00e0, nonch\u00e9 le loro sensazioni nel lasso di tempo intercorso fra la morte e la successiva reincarnazione.<\/span><\/span><\/p>\n<p lang=\"it-IT\" align=\"justify\"><span style=\"font-family: Times New Roman, serif\"><span style=\"font-size: large\">Ne \u00e8 scaturita la prova di come <i>le esperienze nell&#8217;aldil\u00e0 si ricolleghino alle esistenze terrene in un unico grande progetto ove si intrecciano indissolubilmente la vita fisica e quella spirituale.<\/i><\/span><\/span><\/p>\n<\/td>\n<\/tr>\n<\/tbody>\n<\/table>","protected":false},"excerpt":{"rendered":"<p>Bibliografia del Dottor Michael Newton. Il viaggio delle anime. Uno studio sulla vita tra le vite. 1994. Il resoconto sconvolgente di come la nostra vita non finisca qui ma continui &hellip; <a href=\"https:\/\/animaweb.blog.pangea.org\/it\/bibliografia-del-doctor-michael-newton\/\" class=\"more-link\">Leggi tutto<span class=\"screen-reader-text\"> &#8220;Bibliografia del Dottor Michael Newton.&#8221;<\/span><\/a><\/p>\n","protected":false},"author":12345698,"featured_media":0,"parent":0,"menu_order":0,"comment_status":"closed","ping_status":"closed","template":"","meta":{"ngg_post_thumbnail":0,"footnotes":""},"class_list":["post-219","page","type-page","status-publish","hentry"],"_links":{"self":[{"href":"https:\/\/animaweb.blog.pangea.org\/it\/wp-json\/wp\/v2\/pages\/219","targetHints":{"allow":["GET"]}}],"collection":[{"href":"https:\/\/animaweb.blog.pangea.org\/it\/wp-json\/wp\/v2\/pages"}],"about":[{"href":"https:\/\/animaweb.blog.pangea.org\/it\/wp-json\/wp\/v2\/types\/page"}],"author":[{"embeddable":true,"href":"https:\/\/animaweb.blog.pangea.org\/it\/wp-json\/wp\/v2\/users\/12345698"}],"replies":[{"embeddable":true,"href":"https:\/\/animaweb.blog.pangea.org\/it\/wp-json\/wp\/v2\/comments?post=219"}],"version-history":[{"count":25,"href":"https:\/\/animaweb.blog.pangea.org\/it\/wp-json\/wp\/v2\/pages\/219\/revisions"}],"predecessor-version":[{"id":1314,"href":"https:\/\/animaweb.blog.pangea.org\/it\/wp-json\/wp\/v2\/pages\/219\/revisions\/1314"}],"wp:attachment":[{"href":"https:\/\/animaweb.blog.pangea.org\/it\/wp-json\/wp\/v2\/media?parent=219"}],"curies":[{"name":"wp","href":"https:\/\/api.w.org\/{rel}","templated":true}]}}