{"id":198,"date":"2018-02-28T13:53:57","date_gmt":"2018-02-28T11:53:57","guid":{"rendered":"https:\/\/animaweb.cat\/?page_id=198"},"modified":"2021-04-17T09:43:50","modified_gmt":"2021-04-17T07:43:50","slug":"blibliografia-del-doctor-brian-weiss","status":"publish","type":"page","link":"https:\/\/animaweb.blog.pangea.org\/it\/blibliografia-del-doctor-brian-weiss\/","title":{"rendered":"Bibliografia del dottor Brian Weiss."},"content":{"rendered":"<p lang=\"it-IT\" align=\"center\"><span style=\"font-family: Times New Roman, serif\"><span style=\"font-size: x-large\"><b>Bibliografia del dottor Brian Weiss.<\/b><\/span><\/span><\/p>\n<table border=\"0\" width=\"100%\">\n<tbody>\n<tr>\n<td>\n<p lang=\"it-IT\" align=\"justify\"><span style=\"font-family: Times New Roman, serif\"><span style=\"font-size: large\"><i><img loading=\"lazy\" decoding=\"async\" class=\"aligncenter wp-image-459 size-medium\" title=\"Dottor Brian Weiss. Molte vite, molti maestri. Copertura. Italiano.\" src=\"https:\/\/animaweb.cat\/files\/2019\/09\/Molte_vite_molti_maestri_copertura_italiano-195x300.jpg\" alt=\"Dottor Brian Weiss. Molte vite, molti maestri. Copertura. Italiano.\" width=\"195\" height=\"300\" srcset=\"https:\/\/animaweb.blog.pangea.org\/files\/2019\/09\/Molte_vite_molti_maestri_copertura_italiano-195x300.jpg 195w, https:\/\/animaweb.blog.pangea.org\/files\/2019\/09\/Molte_vite_molti_maestri_copertura_italiano.jpg 325w\" sizes=\"auto, (max-width: 195px) 85vw, 195px\" \/>Molte vite, molti maestri.<\/i> Ingrandimenti. 1988.<\/span><\/span><\/p>\n<p lang=\"it-IT\" align=\"justify\"><span style=\"font-family: Times New Roman, serif\"><span style=\"font-size: large\">\u00abQuando si parla del &#8220;senso della vita&#8221;, ci si chiede innanzitutto cosa succeda dopo la morte. Secondo Weiss e le testimonianze dei suoi pazienti, lo spirito o l&#8217;anima o la coscienza continuerebbe a vivere, non morirebbe mai; fluttuerebbe sopra il corpo, ripercorrerebbe la vita appena vissuta, si ricaricherebbe di energia attraverso la luce, incontrerebbe la propria figura spirituale, i propri familiari e comincerebbe il suo percorso di apprendimento nell&#8217;Aldil\u00e0. Un altro modo, senza dubbio rasserenante, di vedere la nostra esistenza terrena.\u00bb <i>Molte vite, molti Maestri<\/i> \u00e8 uno di quei libri che fanno epoca. Uscito oltre venti anni fa negli Stati Uniti, ha aperto nuovi scenari sulla nostra visione della vita dopo la morte. Nonostante gli scetticismi e le critiche, la storia di Catherine, paziente del dottor Weiss che durante una seduta di ipnosi rievoca ricordi di vite precedenti, ha imposto a tutti un dubbio difficile da liquidare, una speranza a cui si pu\u00f2 credere. Questo enorme successo mondiale viene riproposto adesso in edizione speciale con una introduzione di Roberto Giacobbo, esperto di questioni ai confini della conoscenza e da anni amico e compagno di discussioni di Brian Weiss.<\/span><\/span><\/p>\n<\/td>\n<\/tr>\n<tr>\n<td>\n<p lang=\"it-IT\" align=\"justify\"><span style=\"font-family: Times New Roman, serif\"><span style=\"font-size: large\"><i><img loading=\"lazy\" decoding=\"async\" class=\"aligncenter wp-image-460 size-medium\" title=\"Dottor Brian Weiss. Oltre le porte del tempo. Copertura. Italiano.\" src=\"https:\/\/animaweb.cat\/files\/2019\/09\/Oltre_le_porte_del_tempo_copertura_italiano-198x300.jpg\" alt=\"Dottor Brian Weiss. Oltre le porte del tempo. Copertura. Italiano.\" width=\"198\" height=\"300\" srcset=\"https:\/\/animaweb.blog.pangea.org\/files\/2019\/09\/Oltre_le_porte_del_tempo_copertura_italiano-198x300.jpg 198w, https:\/\/animaweb.blog.pangea.org\/files\/2019\/09\/Oltre_le_porte_del_tempo_copertura_italiano.jpg 329w\" sizes=\"auto, (max-width: 198px) 85vw, 198px\" \/>Oltre le porte del tempo<\/i>. Oscar nuovi misteri. 1993.<\/span><\/span><\/p>\n<p lang=\"it-IT\" align=\"justify\"><span style=\"font-family: Times New Roman, serif\"><span style=\"font-size: large\">Brian Weiss ha dimostrato la validit\u00e0 della \u00abterapia regressiva\u00bb applicandola con successo in centinaia di casi clinici, nella cura delle nevrosi e di altre malattie. In Oltre le porte del tempo Weiss spiega come la scoperta delle vite passate non sia soltanto un&#8217;emozionante avventura spirituale: nei luoghi pi\u00f9 profondi della memoria, infatti, si trovano le chiavi per risolvere problemi e traumi della vita presente, per sviluppare il talento, per rifondare su basi completamente nuove il carattere. Con i sogni e la meditazione, o anche solo imparando a guidare la mente, ognuno pu\u00f2 far emergere alla coscienza i nodi che bloccano il suo destino. Recuperarli, come Weiss ci insegna, significa scioglierli per sempre, conquistando una libert\u00e0 interiore.<\/span><\/span><\/p>\n<\/td>\n<\/tr>\n<tr>\n<td>\n<p lang=\"it-IT\" align=\"justify\"><span style=\"font-family: Times New Roman, serif\"><span style=\"font-size: large\"><i><img loading=\"lazy\" decoding=\"async\" class=\"aligncenter wp-image-461 size-medium\" title=\"Dottor Brian Weiss. Molte vite, un solo amore: L'eterno incontro delle anime gemelle. Copertura. Italiano.\" src=\"https:\/\/animaweb.cat\/files\/2019\/09\/Molte_vite_un_solo_amore_copertura_italiano-203x300.jpg\" alt=\"Dottor Brian Weiss. Molte vite, un solo amore: L'eterno incontro delle anime gemelle. Copertura. Italiano.\" width=\"203\" height=\"300\" srcset=\"https:\/\/animaweb.blog.pangea.org\/files\/2019\/09\/Molte_vite_un_solo_amore_copertura_italiano-203x300.jpg 203w, https:\/\/animaweb.blog.pangea.org\/files\/2019\/09\/Molte_vite_un_solo_amore_copertura_italiano.jpg 339w\" sizes=\"auto, (max-width: 203px) 85vw, 203px\" \/>Molte vite, un solo amore: L&#8217;eterno incontro delle anime gemelle<\/i>. Oscar nuovi misteri Vol. 28. 1997.<\/span><\/span><\/p>\n<p lang=\"it-IT\" align=\"justify\"><span style=\"font-family: Times New Roman, serif\"><span style=\"font-size: large\">Elizabeth \u00e8 reduce da un amore sbagliato e avviata sulla strada della depressione. Pedro \u00e8 un ricco giovanotto messicano segnato prima dalla morte del fratello e poi da un&#8217;indecisa relazione con una donna sposata. Elizabeth e Pedro non si conoscono, ma il dottor Weiss ha ascoltato da entrambi, durante la terapia di regressione, il racconto dello stesso episodio doloroso risalente a centinaia di anni prima. Dopo essersi amati in una vita precedente, sembrano destinati a ricongiungersi: e l&#8217;amore, che dissolve la rabbia e guarisce l&#8217;affiliazione, rappresenta per entrambi l&#8217;unica possibilit\u00e0 di guarigione. Con <i>Molte vite, un solo amore<\/i> lo psichiatra Brian Weiss, che guarisce con l&#8217;ipnosi risalendo alle vite precedenti del paziente per trovare la chiave dei malesseri e delle angosce attuali, racconta un doppio caso clinico facendoci riflettere sulla profonda necessit\u00e0 che si nasconde dietro le apparenti coincidenze delle vicende amorose.<\/span><\/span><\/p>\n<\/td>\n<\/tr>\n<tr>\n<td>\n<p lang=\"it-IT\" align=\"justify\"><span style=\"font-family: Times New Roman, serif\"><span style=\"font-size: large\"><i><img loading=\"lazy\" decoding=\"async\" class=\"aligncenter wp-image-462 size-medium\" title=\"Dottor Brian Weiss. Messaggi dai maestri. Copertura. Italiano.\" src=\"https:\/\/animaweb.cat\/files\/2019\/09\/Messaggi_dai_maestri_copertura_italiano-203x300.jpg\" alt=\"Dottor Brian Weiss. Messaggi dai maestri. Copertura. Italiano.\" width=\"203\" height=\"300\" srcset=\"https:\/\/animaweb.blog.pangea.org\/files\/2019\/09\/Messaggi_dai_maestri_copertura_italiano-203x300.jpg 203w, https:\/\/animaweb.blog.pangea.org\/files\/2019\/09\/Messaggi_dai_maestri_copertura_italiano.jpg 338w\" sizes=\"auto, (max-width: 203px) 85vw, 203px\" \/>Messaggi dai maestri<\/i>. Oscar nuovi misteri. 2001.<\/span><\/span><\/p>\n<p lang=\"it-IT\" align=\"justify\"><span style=\"font-family: Times New Roman, serif\"><span style=\"font-size: large\">In questo libro Weiss, attraverso la tecnica della \u00abterapia regressiva\u00bb, illustra come le esistenze passate possano essere rievocate. La nostra realt\u00e0 quotidiana, secondo l&#8217;autore, \u00e8 infatti condizionata dalle situazioni cruciali di vite precedenti. Attraverso i ricordi di queste vite \u00e8 possibile esplorare il mondo dopo la morte e apprendere gli insegnamenti dei \u00abMaestri\u00bb, spiriti guida non incarnati e immensamente evoluti.<\/span><\/span><\/p>\n<\/td>\n<\/tr>\n<tr>\n<td>\n<p lang=\"it-IT\" align=\"justify\"><span style=\"font-family: Times New Roman, serif\"><span style=\"font-size: large\"><i><img loading=\"lazy\" decoding=\"async\" class=\"aligncenter wp-image-463 size-medium\" title=\"Dottor Brian Weiss. In meditazione verso le vite passate. Copertura. Italiano.\" src=\"https:\/\/animaweb.cat\/files\/2019\/09\/In_meditazione_verso_le_vite_passate_copertura_italiano-225x300.jpg\" alt=\"Dottor Brian Weiss. In meditazione verso le vite passate. Copertura. Italiano.\" width=\"225\" height=\"300\" srcset=\"https:\/\/animaweb.blog.pangea.org\/files\/2019\/09\/In_meditazione_verso_le_vite_passate_copertura_italiano-225x300.jpg 225w, https:\/\/animaweb.blog.pangea.org\/files\/2019\/09\/In_meditazione_verso_le_vite_passate_copertura_italiano.jpg 375w\" sizes=\"auto, (max-width: 225px) 85vw, 225px\" \/>In meditazione verso le vite passate<\/i>. Psicologia e crescita personale. 2002.<\/span><\/span><\/p>\n<p lang=\"it-IT\" align=\"justify\"><span style=\"font-family: Times New Roman, serif\"><span style=\"font-size: large\">Grazie a questo libro, e alla meditazione guidata nell&#8217;MP3, puoi raggiungere uno stato di rilassamento e infondere pace e serenit\u00e0 dentro e fuori di te.<\/span><\/span><\/p>\n<p lang=\"it-IT\" align=\"justify\"><span style=\"font-family: Times New Roman, serif\"><span style=\"font-size: large\">La pratica della meditazione ci aiuta a sgombrare la mente. Ci libera dallo stress, dai pensieri importuni, dai frammenti e dall\u2019eco del mondo materiale, tutti elementi che disturbano la mente conscia. La meditazione rende la mente pi\u00f9 sensibile a ci\u00f2 che \u00e8 davvero importante.<\/span><\/span><\/p>\n<p lang=\"it-IT\" align=\"justify\"><span style=\"font-family: Times New Roman, serif\"><span style=\"font-size: large\">Quanto pi\u00f9 scendiamo in profondit\u00e0 grazie alla meditazione, tanto pi\u00f9 ci allontaniamo dal livello quotidiano di coscienza (che comprende la frustrazione, lo stress, l\u2019ansia e le preoccupazioni) e pi\u00f9 ci avviciniamo al nostro Io superiore, con la sua capacit\u00e0 di amare. Ci sono molti modi per connetterti con il tuo Io superiore e pi\u00f9 procedi lungo questo cammino, pi\u00f9 sar\u00e0 facile acquisire livelli elevati di spiritualit\u00e0.<\/span><\/span><\/p>\n<p lang=\"it-IT\" align=\"justify\"><span style=\"font-family: Times New Roman, serif\"><span style=\"font-size: large\">Brian Weiss, psichiatra, esperto di reincarnazione e ipnosi regressiva. Laureato alla Columbia University e a Yale, ha diretto per anni la Facolt\u00e0 di Psichiatria del Mount Sinai Medical Center di Miami (Florida). Brian Weiss sostiene fermamente la validit\u00e0 della terapia regressiva per alleviare disturbi fisici ed emozionali. Ricordare il passato per curare il presente, quindi, per consentire all\u2019inconscio di fare emergere quelle esperienze che, una volta comprese, permetteranno al paziente di guarire.<\/span><\/span><\/p>\n<p lang=\"it-IT\" align=\"justify\"><span style=\"font-family: Times New Roman, serif\"><span style=\"font-size: large\">La regressione a vite precedenti \u00e8 un metodo di conoscenza del s\u00e9 molto antico che mira ad ottenere un ricongiungimento spirituale con la memoria della propria vita passata.<\/span><\/span><\/p>\n<p lang=\"it-IT\" align=\"justify\"><span style=\"font-family: Times New Roman, serif\"><span style=\"font-size: large\">Brian Weiss \u00e8 autore di numerosi bestseller quali: <i>Molte vite un solo amore<\/i>, <i>Molte vite molti maestri<\/i>, <i>Molte Vite un&#8217;Anima Sola<\/i>.<\/span><\/span><\/p>\n<\/td>\n<\/tr>\n<tr>\n<td>\n<p lang=\"it-IT\" align=\"justify\"><span style=\"font-family: Times New Roman, serif\"><span style=\"font-size: large\"><i><img loading=\"lazy\" decoding=\"async\" class=\"aligncenter wp-image-464 size-medium\" title=\"Dottor Brian Weiss. Lo specchio del tempo. Copertura. Italiano.\" src=\"https:\/\/animaweb.cat\/files\/2019\/09\/Lo_specchio_del_tempo_copertura_italiano-209x300.jpg\" alt=\"Dottor Brian Weiss. Lo specchio del tempo. Copertura. Italiano.\" width=\"209\" height=\"300\" srcset=\"https:\/\/animaweb.blog.pangea.org\/files\/2019\/09\/Lo_specchio_del_tempo_copertura_italiano-209x300.jpg 209w, https:\/\/animaweb.blog.pangea.org\/files\/2019\/09\/Lo_specchio_del_tempo_copertura_italiano.jpg 348w\" sizes=\"auto, (max-width: 209px) 85vw, 209px\" \/>Lo specchio del tempo<\/i>. Psicologia e crescita personale. 2003.<\/span><\/span><\/p>\n<p lang=\"it-IT\" align=\"justify\"><span style=\"font-family: Times New Roman, serif\"><span style=\"font-size: large\">\u00abLo specchio del tempo ti permette di compiere il passo successivo. Ascoltando il CD allegato, ora puoi sottoporti alle stesse tecniche di regressione che uso con i pazienti. Puoi tornare indietro nel tempo per ricordare gli eventi del passato che potrebbero aver scatenato i sintomi e le difficolt\u00e0 che stai vivendo oggi. Attraverso il processo di rievocazione di questi avvenimenti, i disturbi di cui soffri tenderanno ad affievolirsi e probabilmente emerger\u00e0 un forte senso di pace e benessere. Talvolta i ricordi risalgono all&#8217;infanzia o alla vita intrauterina, ma se senti il bisogno di tornare a episodi di vite passate per risolvere problemi attuali, puoi farli riaffiorare grazie all&#8217;ascolto del CD.\u00bb<\/span><\/span><\/p>\n<\/td>\n<\/tr>\n<tr>\n<td>\n<p lang=\"it-IT\" align=\"justify\"><span style=\"font-family: Times New Roman, serif\"><span style=\"font-size: large\"><i><img loading=\"lazy\" decoding=\"async\" class=\"aligncenter wp-image-465 size-medium\" title=\"Dottor Brian Weiss. Elimina lo Stress e Ritrova la Pace Interiore. Copertura. Italiano.\" src=\"https:\/\/animaweb.cat\/files\/2019\/09\/Elimina_lo_stress_e_ritrova_la_pace_Interiore_copertura_italiano-225x300.jpg\" alt=\"Dottor Brian Weiss. Elimina lo Stress e Ritrova la Pace Interiore. Copertura. Italiano.\" width=\"225\" height=\"300\" srcset=\"https:\/\/animaweb.blog.pangea.org\/files\/2019\/09\/Elimina_lo_stress_e_ritrova_la_pace_Interiore_copertura_italiano-225x300.jpg 225w, https:\/\/animaweb.blog.pangea.org\/files\/2019\/09\/Elimina_lo_stress_e_ritrova_la_pace_Interiore_copertura_italiano.jpg 375w\" sizes=\"auto, (max-width: 225px) 85vw, 225px\" \/>Elimina lo Stress e Ritrova la Pace Interiore<\/i>. 2004.<\/span><\/span><\/p>\n<p lang=\"it-IT\" align=\"justify\"><span style=\"font-family: Times New Roman, serif\"><span style=\"font-size: large\">\u00abGli eventi o le percezioni in grado di indurre reazioni di stress in noi sono soggettive e relative. Un fatto che pu\u00f2 traumatizzare te, potrebbe non toccare minimamente gli altri, e viceversa. \u00c8 il nostro libero arbitrio a determinare le reazioni che manifestiamo nei confronti di questi eventi. Reagiremo con paura o con sicurezza in noi stessi e ottimismo? Spetta a noi scegliere tra stress o fiducia nelle nostre potenzialit\u00e0, paura o amore, ansia o pace interiore.\u00bb (Brian Weiss).<\/span><\/span><\/p>\n<p lang=\"it-IT\" align=\"justify\"><span style=\"font-family: Times New Roman, serif\"><span style=\"font-size: large\">Lo stress sembra essere inevitabile e onnipresente nella vita moderna. Ovunque posiamo lo sguardo, rintracciamo potenziali fonti di stress capaci di privarci della felicit\u00e0 e di mettere a repentaglio la nostra salute.<\/span><\/span><\/p>\n<p lang=\"it-IT\" align=\"justify\"><span style=\"font-family: Times New Roman, serif\"><span style=\"font-size: large\">Grazie a questo libro, e alla meditazione guidata nel cd audio allegato, puoi liberarti delle tensioni accumulate nel corso della giornata, nei mesi, negli anni e ritrovare la pace interiore di cuore e anima.<\/span><\/span><\/p>\n<p lang=\"it-IT\" align=\"justify\"><span style=\"font-family: Times New Roman, serif\"><span style=\"font-size: large\">Indice:<\/span><\/span><\/p>\n<ul>\n<li>\n<p lang=\"it-IT\" align=\"justify\"><span style=\"font-family: Times New Roman, serif\"><span style=\"font-size: large\">Capitolo 1: La natura dello stress.<\/span><\/span><\/p>\n<\/li>\n<li>\n<p lang=\"it-IT\" align=\"justify\"><span style=\"font-family: Times New Roman, serif\"><span style=\"font-size: large\">Capitolo 2: Le cause dello stress.<\/span><\/span><\/p>\n<\/li>\n<li>\n<p lang=\"it-IT\" align=\"justify\"><span style=\"font-family: Times New Roman, serif\"><span style=\"font-size: large\">Capitolo 3: I segnali e i sintomi dello stress.<\/span><\/span><\/p>\n<\/li>\n<li>\n<p lang=\"it-IT\" align=\"justify\"><span style=\"font-family: Times New Roman, serif\"><span style=\"font-size: large\">Capitolo 4: Stress e malattie.<\/span><\/span><\/p>\n<\/li>\n<li>\n<p lang=\"it-IT\" align=\"justify\"><span style=\"font-family: Times New Roman, serif\"><span style=\"font-size: large\">Capitolo 5: Disturbo post traumatico da stress.<\/span><\/span><\/p>\n<\/li>\n<li>\n<p lang=\"it-IT\" align=\"justify\"><span style=\"font-family: Times New Roman, serif\"><span style=\"font-size: large\">Capitolo 6: Casi clinici.<\/span><\/span><\/p>\n<\/li>\n<li>\n<p lang=\"it-IT\" align=\"justify\"><span style=\"font-family: Times New Roman, serif\"><span style=\"font-size: large\">Capitolo 7: Stress e preoccupazioni.<\/span><\/span><\/p>\n<\/li>\n<li>\n<p lang=\"it-IT\" align=\"justify\"><span style=\"font-family: Times New Roman, serif\"><span style=\"font-size: large\">Capitolo 8: Stress e spiritualit\u00e0.<\/span><\/span><\/p>\n<\/li>\n<li>\n<p lang=\"it-IT\" align=\"justify\"><span style=\"font-family: Times New Roman, serif\"><span style=\"font-size: large\">Capitolo 9: Un approccio in tre fasi per ridurre lo stress.<\/span><\/span><\/p>\n<\/li>\n<li>\n<p lang=\"it-IT\" align=\"justify\"><span style=\"font-family: Times New Roman, serif\"><span style=\"font-size: large\">Capitolo 10: Come usare il CD.<\/span><\/span><\/p>\n<\/li>\n<li>\n<p lang=\"it-IT\" align=\"justify\"><span style=\"font-family: Times New Roman, serif\"><span style=\"font-size: large\">Trascrizione del CD: Elimina lo stress e trova la pace interiore.<\/span><\/span><\/p>\n<\/li>\n<li>\n<p lang=\"it-IT\" align=\"justify\"><span style=\"font-family: Times New Roman, serif\"><span style=\"font-size: large\">Sull\u2019Autore.<\/span><\/span><\/p>\n<\/li>\n<\/ul>\n<\/td>\n<\/tr>\n<tr>\n<td>\n<p lang=\"it-IT\" align=\"justify\"><span style=\"font-family: Times New Roman, serif\"><span style=\"font-size: large\"><i><img loading=\"lazy\" decoding=\"async\" class=\"aligncenter wp-image-466 size-medium\" title=\"Dottor Brian Weiss. Molte vite, un'anima sola. Il potere di guarigione delle vite future e la terapia della progressione. Copertura. Italiano.\" src=\"https:\/\/animaweb.cat\/files\/2019\/09\/Molte_vite_un_anima_sola_copertura_italiano-202x300.jpg\" alt=\"Dottor Brian Weiss. Molte vite, un'anima sola. Il potere di guarigione delle vite future e la terapia della progressione. Copertura. Italiano.\" width=\"202\" height=\"300\" srcset=\"https:\/\/animaweb.blog.pangea.org\/files\/2019\/09\/Molte_vite_un_anima_sola_copertura_italiano-202x300.jpg 202w, https:\/\/animaweb.blog.pangea.org\/files\/2019\/09\/Molte_vite_un_anima_sola_copertura_italiano.jpg 336w\" sizes=\"auto, (max-width: 202px) 85vw, 202px\" \/>Molte vite, un&#8217;anima sola. Il potere di guarigione delle vite future e la terapia della progressione<\/i>. Oscar nuovi misteri. 2006.<\/span><\/span><\/p>\n<p lang=\"it-IT\" align=\"justify\"><span style=\"font-family: Times New Roman, serif\"><span style=\"font-size: large\">\u00abAdesso posso portare i miei pazienti nel futuro, e vederlo insieme a loro\u00bb. Diventato celebre per le sue sedute di regressione, nelle quali faceva rivivere ai propri pazienti le vite precedenti, Brian Weiss inaugura con questo libro la tecnica della \u00abterapia della progressione\u00bb. Secondo l&#8217;autore, infatti, le nostre vite future sono legate a filo doppio con la nostra presente: da un lato i nostri comportamenti attuali determineranno le vite nelle quali ci reincarneremo; dall&#8217;altro questi viaggi nel futuro hanno valore terapeutico per la nostra esistenza di adesso, aiutandoci ad alleviare o curare i nostri problemi fisici o psicologici. La struttura del libro \u00e8 quella classica di Weiss, con il racconto dei casi terapeutici pi\u00f9 esemplari come spunto per spiegare la sua teoria.<\/span><\/span><\/p>\n<\/td>\n<\/tr>\n<tr>\n<td>\n<p lang=\"it-IT\" align=\"justify\"><span style=\"font-family: Times New Roman, serif\"><span style=\"font-size: large\"><i><img loading=\"lazy\" decoding=\"async\" class=\"aligncenter wp-image-467 size-medium\" title=\"Dottor Brian Weiss. I miracoli accadono: Curare l'anima attraverso il ricordo delle vite passate. Copertura. Italiano.\" src=\"https:\/\/animaweb.cat\/files\/2019\/09\/I_miracoli_accadono_copertura_italiano-198x300.jpg\" alt=\"Dottor Brian Weiss. I miracoli accadono: Curare l'anima attraverso il ricordo delle vite passate. Copertura. Italiano.\" width=\"198\" height=\"300\" srcset=\"https:\/\/animaweb.blog.pangea.org\/files\/2019\/09\/I_miracoli_accadono_copertura_italiano-198x300.jpg 198w, https:\/\/animaweb.blog.pangea.org\/files\/2019\/09\/I_miracoli_accadono_copertura_italiano.jpg 330w\" sizes=\"auto, (max-width: 198px) 85vw, 198px\" \/>I miracoli accadono: Curare l&#8217;anima attraverso il ricordo delle vite passate<\/i>. Ingrandimenti. 2012.<\/span><\/span><\/p>\n<p lang=\"it-IT\" align=\"justify\"><span style=\"font-family: Times New Roman, serif\"><span style=\"font-size: large\">Il nuovo libro di Brian Weiss arriva dopo anni di attesa dei suoi moltissimi lettori, e racchiude anni di storie, esperienze, miracoli raccontati dai loro protagonisti.<\/span><\/span><\/p>\n<p lang=\"it-IT\" align=\"justify\"><span style=\"font-family: Times New Roman, serif\"><span style=\"font-size: large\">\u00abOgni giorno, continuamente, accadono fatti incredibili. I partecipanti dei miei corsi non solo ricordano vite precedenti, ma sperimentano straordinarie vicende spirituali o di guarigione, trovano l&#8217;anima gemella, ricevono messaggi dai loro cari trapassati, accedono a una saggezza e a una conoscenza profonda o fanno esperienza di qualche altro evento mistico e straordinario.\u00bb<\/span><\/span><\/p>\n<p lang=\"it-IT\" align=\"justify\"><span style=\"font-family: Times New Roman, serif\"><span style=\"font-size: large\">Racconta di anime e di anime gemelle, della vita dopo la vita e di esistenze presenti che sono state rivoluzionate da ci\u00f2 che hanno trovato. Racconta di profonde guarigioni fisiche e insieme spirituali. Di come il dolore possa essere trasformato in serenit\u00e0 e speranza, e di come la realt\u00e0 spirituale compenetri e arricchisca quella fisica, sempre. Storie che traboccano di saggezza, amore e conoscenza. Sono divertenti e serie, brevi e lunghe, ma sempre profonde e educative. Raccolte in tutto il mondo, aiuteranno migliaia di anime a superare le difficolt\u00e0 delle loro vite attuali. Perch\u00e9 aiutare gli altri a guarire, a capire e a evolvere nel proprio sentiero spirituale \u00e8 il compito pi\u00f9 nobile che un&#8217;anima abbia.<\/span><\/span><\/p>\n<\/td>\n<\/tr>\n<tr>\n<td>\n<p lang=\"it-IT\" align=\"justify\"><span style=\"font-family: Times New Roman, serif\"><span style=\"font-size: large\"><i><img loading=\"lazy\" decoding=\"async\" class=\"aligncenter wp-image-468 size-medium\" title=\"Dottor Brian Weiss. Le carte della guarigione di mente e spirito. Copertura. Italiano.\" src=\"https:\/\/animaweb.cat\/files\/2019\/09\/Le_carte_della_guarigione_di_mente_e_spirito_copertura_italiano-201x300.jpg\" alt=\"Dottor Brian Weiss. Le carte della guarigione di mente e spirito. Copertura. Italiano.\" width=\"201\" height=\"300\" srcset=\"https:\/\/animaweb.blog.pangea.org\/files\/2019\/09\/Le_carte_della_guarigione_di_mente_e_spirito_copertura_italiano-201x300.jpg 201w, https:\/\/animaweb.blog.pangea.org\/files\/2019\/09\/Le_carte_della_guarigione_di_mente_e_spirito_copertura_italiano.jpg 334w\" sizes=\"auto, (max-width: 201px) 85vw, 201px\" \/>Le carte della guarigione di mente e spirito<\/i>. 50 Carte.<\/span><\/span><\/p>\n<p lang=\"it-IT\" align=\"justify\"><span style=\"font-family: Times New Roman, serif\"><span style=\"font-size: large\">50 carte che ti aiuteranno a guarire il tuo corpo, la tua mente e la tua anima. La saggezza che riceverai da queste carte illustrate ti dar\u00e0 la spinta per andare avanti sul cammino spirituale con fiducia e compassione.<\/span><\/span><\/p>\n<\/td>\n<\/tr>\n<\/tbody>\n<\/table>","protected":false},"excerpt":{"rendered":"<p>Bibliografia del dottor Brian Weiss. Molte vite, molti maestri. Ingrandimenti. 1988. \u00abQuando si parla del &#8220;senso della vita&#8221;, ci si chiede innanzitutto cosa succeda dopo la morte. Secondo Weiss e &hellip; <a href=\"https:\/\/animaweb.blog.pangea.org\/it\/blibliografia-del-doctor-brian-weiss\/\" class=\"more-link\">Leggi tutto<span class=\"screen-reader-text\"> &#8220;Bibliografia del dottor Brian Weiss.&#8221;<\/span><\/a><\/p>\n","protected":false},"author":12345698,"featured_media":0,"parent":0,"menu_order":0,"comment_status":"closed","ping_status":"closed","template":"","meta":{"ngg_post_thumbnail":0,"footnotes":""},"class_list":["post-198","page","type-page","status-publish","hentry"],"_links":{"self":[{"href":"https:\/\/animaweb.blog.pangea.org\/it\/wp-json\/wp\/v2\/pages\/198","targetHints":{"allow":["GET"]}}],"collection":[{"href":"https:\/\/animaweb.blog.pangea.org\/it\/wp-json\/wp\/v2\/pages"}],"about":[{"href":"https:\/\/animaweb.blog.pangea.org\/it\/wp-json\/wp\/v2\/types\/page"}],"author":[{"embeddable":true,"href":"https:\/\/animaweb.blog.pangea.org\/it\/wp-json\/wp\/v2\/users\/12345698"}],"replies":[{"embeddable":true,"href":"https:\/\/animaweb.blog.pangea.org\/it\/wp-json\/wp\/v2\/comments?post=198"}],"version-history":[{"count":23,"href":"https:\/\/animaweb.blog.pangea.org\/it\/wp-json\/wp\/v2\/pages\/198\/revisions"}],"predecessor-version":[{"id":1312,"href":"https:\/\/animaweb.blog.pangea.org\/it\/wp-json\/wp\/v2\/pages\/198\/revisions\/1312"}],"wp:attachment":[{"href":"https:\/\/animaweb.blog.pangea.org\/it\/wp-json\/wp\/v2\/media?parent=198"}],"curies":[{"name":"wp","href":"https:\/\/api.w.org\/{rel}","templated":true}]}}