{"id":171,"date":"2018-02-04T21:04:23","date_gmt":"2018-02-04T19:04:23","guid":{"rendered":"https:\/\/animaweb.cat\/?page_id=171"},"modified":"2023-02-15T20:08:51","modified_gmt":"2023-02-15T18:08:51","slug":"jose-luis-cabouli-hi-ha-casos-de-gent-amb-lanima-de-germans-morts","status":"publish","type":"page","link":"https:\/\/animaweb.blog.pangea.org\/it\/jose-luis-cabouli-hi-ha-casos-de-gent-amb-lanima-de-germans-morts\/","title":{"rendered":"Jos\u00e9 Luis Cabouli: \u00abCi sono dei casi di gente con l\u2019anima di un fratello morto\u00bb."},"content":{"rendered":"<span style=\"font-family: Times New Roman, serif\"><span style=\"font-size: x-large\"><span lang=\"it-IT\"><b>Jos\u00e9 Luis Cabouli: <\/b><\/span><\/span><\/span><span style=\"font-family: Times New Roman, serif\"><span style=\"font-size: x-large\"><span lang=\"it-IT\"><b>\u00ab<\/b><\/span><\/span><\/span><span style=\"font-family: Times New Roman, serif\"><span style=\"font-size: x-large\"><span lang=\"it-IT\"><b>Ci sono dei casi di gente con l\u2019anima di un fratello morto<\/b><\/span><\/span><\/span><span style=\"font-family: Times New Roman, serif\"><span style=\"font-size: x-large\"><span lang=\"it-IT\"><b>\u00bb<\/b><\/span><\/span><\/span><span style=\"font-family: Times New Roman, serif\"><span style=\"font-size: x-large\"><span lang=\"it-IT\"><b>. <\/b><\/span><\/span><\/span><\/p>\n<p><span style=\"font-family: Times New Roman, serif\"><span lang=\"it-IT\"><b><img loading=\"lazy\" decoding=\"async\" class=\"alignright wp-image-779 size-full\" title=\"La Verdad. Logo.\" src=\"https:\/\/animaweb.cat\/files\/2020\/01\/La_Verdad_Logotip_72ppp_200x26px.png\" alt=\"La Verdad. Logo.\" width=\"200\" height=\"26\" \/>La Verdad. Venerd\u00ec, 25 maggio 2012. <\/b><\/span><\/span><\/p>\n<p><span style=\"font-family: Times New Roman, serif\"><span lang=\"it-IT\"><b>\u00ab<\/b><\/span><\/span><span style=\"font-family: Times New Roman, serif\"><span lang=\"it-IT\"><b>Ci sono dei casi di gente che ha l\u2019anima di un fratello morto<\/b><\/span><\/span><span style=\"font-family: Times New Roman, serif\"><span lang=\"it-IT\"><b>\u00bb<\/b><\/span><\/span><span style=\"font-family: Times New Roman, serif\"><span lang=\"it-IT\"><b>. <\/b><\/span><\/span><\/p>\n<p><strong><span style=\"font-family: Times New Roman, serif\"><span lang=\"it-IT\">Jos\u00e9 Luis Cabouli. Specialista in terapia regressiva.<\/span><\/span><\/strong><\/p>\n<p align=\"justify\"><span style=\"font-family: Times New Roman, serif\"><span lang=\"it-IT\">L\u2019esperto utilizza una tecnica di regressione a vite passate per risolvere i conflitti ed i problemi psicologici dei suoi pazienti.<\/span><\/span><\/p>\n<figure id=\"attachment_179\" aria-describedby=\"caption-attachment-179\" style=\"width: 400px\" class=\"wp-caption aligncenter\"><img loading=\"lazy\" decoding=\"async\" class=\"wp-image-179 size-full\" title=\"Lo specialista argentino Jos\u00e9 Luis Cabouli. A.C.\" src=\"https:\/\/animaweb.cat\/files\/2018\/02\/Jose_Luis_Cabouli_-_La_Verdad_400x428px.png\" alt=\"Lo specialista argentino Jos\u00e9 Luis Cabouli. A.C.\" width=\"400\" height=\"428\" srcset=\"https:\/\/animaweb.blog.pangea.org\/files\/2018\/02\/Jose_Luis_Cabouli_-_La_Verdad_400x428px.png 400w, https:\/\/animaweb.blog.pangea.org\/files\/2018\/02\/Jose_Luis_Cabouli_-_La_Verdad_400x428px-280x300.png 280w\" sizes=\"auto, (max-width: 400px) 85vw, 400px\" \/><figcaption id=\"caption-attachment-179\" class=\"wp-caption-text\">Lo specialista argentino Jos\u00e9 Luis Cabouli. A.C.<\/figcaption><\/figure>\n<p align=\"center\"><span style=\"font-family: Times New Roman, serif\"><b>Lo specialista argentino Jos\u00e9 Luis Cabouli. A.C.<\/b><\/span><\/p>\n<p align=\"justify\"><span style=\"font-family: Times New Roman, serif\"><b>M.T.B. Elche. <\/b><\/span><span style=\"font-family: Times New Roman, serif\"><span lang=\"it-IT\">La terapia applicata da quest\u2019esperto non ha niente a che vedere con la magia, l\u2019ipnotismo, o le sedute esoteriche. Il dottor Jos\u00e9 Luis Cabouli (Buenos Aires, Argentina, 1950), un eferente mondiale in terapia regressiva, sostiene che rivivere esperienze traumatiche di vite passate pu\u00f2 risolvere conflitti e problemi psicologici, come le fobie e le paure. I casi pi\u00f9 shockanti che ha trattato in 25 anni di esercizio della professione sono dei pazienti che scoprono che in loro esiste reincarnata l\u2019anima di un fratello morto. Questo laureato in medicina, che era stato chirurgo plastico, questo weekend offre una conferenza e un seminario nel centro di terapie naturali Esp\u00edgol.<\/span><\/span><\/p>\n<p align=\"justify\">\u2013<span style=\"font-family: Times New Roman, serif\"><span lang=\"it-IT\"><b>\u00c8 necessario credere perch\u00e9 la terapia regressiva sia efficace?<\/b><\/span><\/span><span style=\"font-family: Times New Roman, serif\"><span lang=\"it-IT\"><b>\u2013<\/b><\/span><\/span><\/p>\n<p align=\"justify\">\u2013<span style=\"font-family: Times New Roman, serif\"><span lang=\"it-IT\">No, non centra con i credi, \u00e8 valida per tutti.<\/span><\/span><span style=\"font-family: Times New Roman, serif\"><span lang=\"it-IT\">\u2013<\/span><\/span><\/p>\n<p align=\"justify\">\u2013<span style=\"font-family: Times New Roman, serif\"><span lang=\"it-IT\"><b>Qual\u2019\u00e8 il suo scopo?<\/b><\/span><\/span><span style=\"font-family: Times New Roman, serif\"><span lang=\"it-IT\"><b>\u2013<\/b><\/span><\/span><\/p>\n<p align=\"justify\">\u2013<span style=\"font-family: Times New Roman, serif\"><span lang=\"it-IT\">Si tratta della guarigione delle ferite dell\u2019anima e dei traumi. Viene utilizzata per curare i problemi psicologici, come le depressioni, le fobie, le paure&#8230; persino i dolori che non hanno una causa medica, come certe cefalee o nevralgie.<\/span><\/span><span style=\"font-family: Times New Roman, serif\"><span lang=\"it-IT\">\u2013<\/span><\/span><\/p>\n<p align=\"justify\">\u2013<span style=\"font-family: Times New Roman, serif\"><span lang=\"it-IT\"><b>Lei sostiene che la causa \u00e8 da ricercare in altre vite da noi vissute?<\/b><\/span><\/span><span style=\"font-family: Times New Roman, serif\"><span lang=\"it-IT\"><b>\u2013<\/b><\/span><\/span><\/p>\n<p align=\"justify\">\u2013<span style=\"font-family: Times New Roman, serif\"><span lang=\"it-IT\">Nelle vite passate e persino nella prima infanzia, nel momento della nascita o durante la vita fetale. Le esperienze sono nel subconscio e bisogna cercare la causa traumatica originale, perch\u00e9 sempre ce n\u2019\u00e8 una, e riviverla per poterla superare.<\/span><\/span><span style=\"font-family: Times New Roman, serif\"><span lang=\"it-IT\">\u2013<\/span><\/span><\/p>\n<p align=\"justify\">\u2013<span style=\"font-family: Times New Roman, serif\"><span lang=\"it-IT\"><b>E questo com\u2019\u00e8 possibile?<\/b><\/span><\/span><span style=\"font-family: Times New Roman, serif\"><span lang=\"it-IT\"><b>\u2013<\/b><\/span><\/span><\/p>\n<p align=\"justify\">\u2013<span style=\"font-family: Times New Roman, serif\"><span lang=\"it-IT\">Quando lavori con le emozioni, cominciano ad affiorare delle esperienze che non appartengono all\u2019ambito della vita quotidiana, e sorgono in modo naturale. Attraverso le emozioni il paziente entra in uno stato espanso di conscienza. La chiave si trova nel fatto che per l\u2019anima non esiste il tempo. Per esempio, una persona che abbia paura del mare o di imbarcare, forse in una vita passata ha vissuto l\u2019affondamento del Titanic. Il corpo \u00e8 morto, ma l\u2019anima continua ad essere bloccata in quel momento, in un\u2019esperienza senza fine che si \u00e8 installata nella sua vita presente.<\/span><\/span><span style=\"font-family: Times New Roman, serif\"><span lang=\"it-IT\">\u2013<\/span><\/span><\/p>\n<p align=\"justify\">\u2013<span style=\"font-family: Times New Roman, serif\"><span lang=\"it-IT\"><b>In che modo aiuta i suoi pazienti a riviverle senza utilizzare l\u2019ipnosi?<\/b><\/span><\/span><span style=\"font-family: Times New Roman, serif\"><span lang=\"it-IT\"><b>\u2013<\/b><\/span><\/span><\/p>\n<p align=\"justify\">\u2013<span style=\"font-family: Times New Roman, serif\"><span lang=\"it-IT\">Il paziente deve mettere a fuoco quella sensazione e sentirla profondamente finch\u00e8 possa soffrire quella sensazione che il trauma ha provocato. Quello che ti guarisce \u00e8 il riviverla nel corpo e questa \u00e8 la parte pi\u00f9 dura. Per esempio, se i problemi respiratori o l\u2019oppressione rispondono al fatto che \u00e8 morto sul patibolo, deve arrivare a sentire la corda al collo. In questo modo l\u2019anima pu\u00f2 liberarsi da questo trauma e farla finita.<\/span><\/span><span style=\"font-family: Times New Roman, serif\"><span lang=\"it-IT\">\u2013<\/span><\/span><\/p>\n<p align=\"justify\">\u2013<span style=\"font-family: Times New Roman, serif\"><span lang=\"it-IT\"><b>E nel caso della nascita o della vita fetale?<\/b><\/span><\/span><span style=\"font-family: Times New Roman, serif\"><span lang=\"it-IT\"><b>\u2013<\/b><\/span><\/span><\/p>\n<p align=\"justify\">\u2013<span style=\"font-family: Times New Roman, serif\"><span lang=\"it-IT\">Se il momento della nascita \u00e8 stato traumatico potrebbe aver risvegliato quest\u2019esperienza di una vita passata. Anche nel seno materno, tutto quanto succede alla madre il feto lo vive come se fosse suo. A volte, le depressioni e le paure possono venire dal ventre materno.<\/span><\/span><span style=\"font-family: Times New Roman, serif\"><span lang=\"it-IT\">\u2013<\/span><\/span><\/p>\n<p align=\"justify\">\u2013<span style=\"font-family: Times New Roman, serif\"><span lang=\"it-IT\"><b>Mi dica il caso pi\u00f9 shockante che abbia trattato in ambulatorio.<\/b><\/span><\/span><span style=\"font-family: Times New Roman, serif\"><span lang=\"it-IT\"><b>\u2013<\/b><\/span><\/span><\/p>\n<p align=\"justify\">\u2013<span style=\"font-family: Times New Roman, serif\"><span lang=\"it-IT\">Alcuni dei casi pi\u00f9 scioccanti succedono quando, nel corso di una regressione, un adulto scopre che \u00e8 il fratello maggiore morto prima che lui nascesse. Nelle famiglie con dei figli morti ci sono molte probabilit\u00e0 che l\u2019anima reincarni in un fratello successivo.<\/span><\/span><span style=\"font-family: Times New Roman, serif\"><span lang=\"it-IT\">\u2013<\/span><\/span><\/p>\n<p align=\"justify\"><span style=\"font-family: Times New Roman, serif\"><span style=\"font-size: x-large\"><b><span lang=\"it-IT\">Traduzione: Loto Perrella.<\/span><\/b><\/span><\/span><\/p>","protected":false},"excerpt":{"rendered":"<p>Jos\u00e9 Luis Cabouli: \u00abCi sono dei casi di gente con l\u2019anima di un fratello morto\u00bb. La Verdad. Venerd\u00ec, 25 maggio 2012. \u00abCi sono dei casi di gente che ha l\u2019anima &hellip; <a href=\"https:\/\/animaweb.blog.pangea.org\/it\/jose-luis-cabouli-hi-ha-casos-de-gent-amb-lanima-de-germans-morts\/\" class=\"more-link\">Leggi tutto<span class=\"screen-reader-text\"> &#8220;Jos\u00e9 Luis Cabouli: \u00abCi sono dei casi di gente con l\u2019anima di un fratello morto\u00bb.&#8221;<\/span><\/a><\/p>\n","protected":false},"author":12345698,"featured_media":0,"parent":0,"menu_order":0,"comment_status":"closed","ping_status":"closed","template":"","meta":{"ngg_post_thumbnail":0,"footnotes":""},"class_list":["post-171","page","type-page","status-publish","hentry"],"_links":{"self":[{"href":"https:\/\/animaweb.blog.pangea.org\/it\/wp-json\/wp\/v2\/pages\/171","targetHints":{"allow":["GET"]}}],"collection":[{"href":"https:\/\/animaweb.blog.pangea.org\/it\/wp-json\/wp\/v2\/pages"}],"about":[{"href":"https:\/\/animaweb.blog.pangea.org\/it\/wp-json\/wp\/v2\/types\/page"}],"author":[{"embeddable":true,"href":"https:\/\/animaweb.blog.pangea.org\/it\/wp-json\/wp\/v2\/users\/12345698"}],"replies":[{"embeddable":true,"href":"https:\/\/animaweb.blog.pangea.org\/it\/wp-json\/wp\/v2\/comments?post=171"}],"version-history":[{"count":21,"href":"https:\/\/animaweb.blog.pangea.org\/it\/wp-json\/wp\/v2\/pages\/171\/revisions"}],"predecessor-version":[{"id":2399,"href":"https:\/\/animaweb.blog.pangea.org\/it\/wp-json\/wp\/v2\/pages\/171\/revisions\/2399"}],"wp:attachment":[{"href":"https:\/\/animaweb.blog.pangea.org\/it\/wp-json\/wp\/v2\/media?parent=171"}],"curies":[{"name":"wp","href":"https:\/\/api.w.org\/{rel}","templated":true}]}}