{"id":1304,"date":"2021-04-17T09:04:00","date_gmt":"2021-04-17T07:04:00","guid":{"rendered":"https:\/\/animaweb.cat\/?page_id=1304"},"modified":"2022-12-25T21:10:17","modified_gmt":"2022-12-25T19:10:17","slug":"bibliografia-de-la-doctora-viviana-zenteno","status":"publish","type":"page","link":"https:\/\/animaweb.blog.pangea.org\/it\/bibliografia-de-la-doctora-viviana-zenteno\/","title":{"rendered":"Bibliografia della Dottoressa Viviana Zenteno."},"content":{"rendered":"<p lang=\"it-IT\" align=\"center\"><span style=\"font-family: Times New Roman, serif\"><span style=\"font-size: x-large\"><b>Bibliografia della Dottoressa Viviana Zenteno.<\/b><\/span><\/span><\/p>\n<table border=\"0\" width=\"100%\">\n<tbody>\n<tr>\n<td>\n<p style=\"text-align: center\" align=\"justify\"><img loading=\"lazy\" decoding=\"async\" class=\"aligncenter wp-image-1305 size-full\" title=\"Dottoressa Viviana Zenteno Cereceda. Regresiones: Terapia del Alma (Regressioni: una Terapia dell\u2019Anima). Copertina.\" src=\"https:\/\/animaweb.cat\/files\/2021\/04\/Doctora_Viviana_Zenteno_Cereceda_Regresiones_Terapia_del_Alma_72ppp_200x300px.png\" alt=\"Dottoressa Viviana Zenteno Cereceda. Regresiones: Terapia del Alma (Regressioni: una Terapia dell\u2019Anima). Copertina.\" width=\"200\" height=\"300\" \/><\/p>\n<p class=\"western\" align=\"justify\"><span style=\"font-family: Times New Roman, serif\"><span style=\"font-size: large\"><span lang=\"it-IT\">Dottoressa <\/span><span lang=\"it-IT\">Viviana Zenteno Cereceda. <\/span><span lang=\"es-ES\"><i>Regresiones: Terapia del Alma<\/i><\/span><span lang=\"it-IT\"> (<\/span><span lang=\"it-IT\"><i>Regressioni: una Terapia dell\u2019Anima<\/i><\/span><span lang=\"it-IT\">)<\/span><span lang=\"it-IT\"><i>.<\/i><\/span><span lang=\"it-IT\"> Prima edizione: marzo 2004.<\/span><\/span><\/span><\/p>\n<p class=\"western\" align=\"justify\"><span style=\"font-family: Times New Roman, serif\"><span style=\"font-size: large\"><span lang=\"es-ES\"><b>Regresiones: Terapia del Alma<\/b><\/span><span lang=\"it-IT\"> (<\/span><span lang=\"it-IT\"><b>Regressioni: una Terapia dell\u2019Anima<\/b><\/span><span lang=\"it-IT\">)<\/span><b> <\/b><span lang=\"it-IT\">\u00e8 un libro che offre delle risposte ai dubbi pi\u00f9 profondi dell\u2019essere umano per mezzo dell\u2019esperienza della regressione: \u00abChe cosa ho fatto per meritare questo; perch\u00e9 non riesco ad andare d\u2019accordo con mia figlia\u00bb; \u00abDio \u00e8 ingiusto\u00bb; \u00ab\u00c8 la prima volta che lo vedo, ma mi pare di averlo conosciuto sempre&#8230;\u00bb; \u00abPerch\u00e9 questa fobia, queste paure, questa desolazione&#8230;\u00bb.<\/span><\/span><\/span><\/p>\n<p class=\"western\" lang=\"it-IT\" align=\"justify\"><span style=\"font-family: Times New Roman, serif\"><span style=\"font-size: large\">Il libro parte dai postulati della Reincarnazione e del Karma, quest\u2019ultimo visto non come una fatalit\u00e0, ma come una legge di azione-reazione, che sempre ci permette la retribuzione, e nella quale l\u2019essere umano \u00e8 veramente il padrone del suo destino. Lungo i diversi capitoli il libro ci mostra come funziona la Terapia Regressiva, una forma di guarigione che agisce a livello fisico, mentale, emozionale e spirituale. Le diverse testimonianze ci mostrano che la maggior parte dei conflitti del presente hanno la loro origine in esperienze traumatiche del passato, un passato che pu\u00f2 essere prossimo o remoto. Questi vissuti rimangono immagazzinati nell\u2019inconscio, in una memoria che va oltre il corpo fisico, detta \u00abmemoria dell\u2019anima\u00bb. \u00c8 qui dove lavora la \u00abregressione\u00bb, richiamando alla coscienza quei fatti che agiscono da veri \u00abascessi emozionali\u00bb, per finalmente \u00abdrenarli\u00bb, mettendo cos\u00ec fine al conflitto.<\/span><\/span><\/p>\n<p class=\"western\" lang=\"it-IT\" align=\"justify\"><span style=\"font-family: Times New Roman, serif\"><span style=\"font-size: large\">Ma non \u00e8 necessario credere nella Reincarnazione per trarre vantaggio da questa terapia. Guidati dal terapeuta, i pazienti provano la regressione, liberano le energie accumulate, e poi possono dare l\u2019interpretazione che vogliono: questo non \u00e8 importante. La cosa veramente rilevante \u00e8 la straordinaria capacit\u00e0 di guarigione di questa terapia. Difatti, dopo aver \u00absuperato\u00bb il fatto traumatico, appaiono una comprensione e una penetrazione che spesso trasformano in modo completo e definitivo l\u2019opinione che la persona ha di se stessa e di quanto la circonda. Appare una nuova attitudine di sicurezza e speranza, si rinnova la fede in Dio. Questo e altro \u00e8 quello che troverete nelle pagine di questo libro.<br \/>\n<\/span><\/span><span style=\"font-family: Times New Roman, serif\"><span style=\"font-size: large\"><b>Traduzione: Loto Perrella.<\/b><\/span><\/span><\/p>\n<\/td>\n<\/tr>\n<tr>\n<td>\n<p style=\"text-align: center\" align=\"justify\"><img loading=\"lazy\" decoding=\"async\" class=\"aligncenter wp-image-1306 size-full\" title=\"Dottoressa Viviana Zenteno Cereceda. El Alma Sabe. Un m\u00e9todo de sanaci\u00f3n a trav\u00e9s de la terapia de vidas pasadas (L\u2019Anima Sa. Un metodo di guarigione per mezzo della terapia di vite passate). Catalonia. Copertina.\" src=\"https:\/\/animaweb.cat\/files\/2021\/04\/Doctora_Viviana_Zenteno_Cereceda_El_Alma_Sabe_72ppp_200x309px.png\" alt=\"Dottoressa Viviana Zenteno Cereceda. El Alma Sabe. Un m\u00e9todo de sanaci\u00f3n a trav\u00e9s de la terapia de vidas pasadas (L\u2019Anima Sa. Un metodo di guarigione per mezzo della terapia di vite passate). Catalonia. Copertina.\" width=\"200\" height=\"309\" srcset=\"https:\/\/animaweb.blog.pangea.org\/files\/2021\/04\/Doctora_Viviana_Zenteno_Cereceda_El_Alma_Sabe_72ppp_200x309px.png 200w, https:\/\/animaweb.blog.pangea.org\/files\/2021\/04\/Doctora_Viviana_Zenteno_Cereceda_El_Alma_Sabe_72ppp_200x309px-194x300.png 194w\" sizes=\"auto, (max-width: 200px) 85vw, 200px\" \/><\/p>\n<p class=\"western\" align=\"justify\"><span style=\"font-family: Times New Roman, serif\"><span style=\"font-size: large\"><span lang=\"it-IT\">Dottoressa <\/span><span lang=\"it-IT\">Viviana Zenteno Cereceda. <\/span><span lang=\"es-ES\"><i>El Alma Sabe. Un m\u00e9todo de sanaci\u00f3n a trav\u00e9s de la terapia de vidas pasadas<\/i><\/span><span lang=\"it-IT\"> (<\/span><span lang=\"it-IT\"><i>L\u2019Anima Sa. Un metodo di guarigione per mezzo della terapia di vite passate<\/i><\/span><span lang=\"it-IT\">)<\/span><span lang=\"it-IT\"><i>. <\/i><\/span><span lang=\"it-IT\">Catalonia. Collezione B\u00fasquedas. Prima edizione: settembre 2015. Seconda edizione: aprile 2019.<\/span><\/span><\/span><\/p>\n<p class=\"western\" align=\"justify\"><span style=\"font-family: Times New Roman, serif\"><span style=\"font-size: large\"><span lang=\"it-IT\">Le risposte ai conflitti e alle inquietudini che viviamo in quanto esseri umani sono nell\u2019anima, perch\u00e9 nessuno sa tanto su noi stessi. Se l\u2019anima pu\u00f2 arrivare a tutto questo, se \u00e8 tanto quello che sa, perch\u00e9 il suo sapere non \u00e8 alla nostra disposizione? Semplicemente, perch\u00e9 abbiamo dimenticato di averne cura, perch\u00e9 abbiamo dato prevalenza all\u2019esperienza materiale, relegando la nostra essenza all\u2019ultimo posto. La Dott.ssa Zenteno in questo libro presenta la <\/span><span lang=\"it-IT\"><i>Terapia delle Vite Passate<\/i><\/span><span lang=\"it-IT\"> come una tecnica di accesso al sapere dell\u2019anima, che lavora a tutti i livelli dell\u2019essere: fisico, mentale, emozionale e spirituale.<\/span><\/span><\/span><\/p>\n<p class=\"western\" lang=\"it-IT\" align=\"justify\"><span style=\"font-family: Times New Roman, serif\"><span style=\"font-size: large\">Attraverso di casi veri vedremo in che modo la terapia della regressione terapeutica permette sbloccare le energie, ritrovare dei frammenti dell\u2019anima che restarono intercettati negli eventi traumatici del passato, e, molto importante per ogni essere umano: comprendere, riscattare il senso profondo del vissuto. \u00c8 una terapia dove i pazienti ritrovano la loro essenza, recuperano il rapporto con l\u2019anima, e vengono guidati alla guarigione dal loro proprio sapere.<br \/>\n<\/span><\/span><span style=\"font-family: Times New Roman, serif\"><span style=\"font-size: large\"><b>Traduzione: Loto Perrella.<\/b><\/span><\/span><\/p>\n<\/td>\n<\/tr>\n<tr>\n<td>\n<p style=\"text-align: center\" align=\"justify\"><img loading=\"lazy\" decoding=\"async\" class=\"aligncenter wp-image-1307 size-full\" title=\"Dottoressa Viviana Zenteno Cereceda. Manual de instrucci\u00f3n en terapia de vida pasada. (Manuale di istruzione nella terapia di vite passate). Copertina.\" src=\"https:\/\/animaweb.cat\/files\/2021\/04\/Doctora_Viviana_Zenteno_Cereceda_Manual_de_introduccion_en_Terapia_de_Vida_Pasada_72ppp_200x288px.png\" alt=\"Dottoressa Viviana Zenteno Cereceda. Manual de instrucci\u00f3n en terapia de vida pasada. (Manuale di istruzione nella terapia di vite passate). Copertina.\" width=\"200\" height=\"288\" \/><\/p>\n<p class=\"western\" align=\"justify\"><span style=\"font-family: Times New Roman, serif\"><span style=\"font-size: large\">Dottoressa Viviana Zenteno Cereceda. <i>Manual de instrucci\u00f3n en terapia de vida pasada. (Manuale di<\/i><span lang=\"it-IT\"><i> istruzione nella<\/i><\/span><i> terapia di vite passate)<\/i>.<\/span><\/span><\/p>\n<p class=\"western\" lang=\"it-IT\" align=\"justify\"><span style=\"font-family: Times New Roman, serif\"><span style=\"font-size: large\">Questo manuale si \u00e8 venuto elaborando in parallelo con i corsi di Formazione Professionale che Viviana porta avanti dal 2005.<\/span><\/span><\/p>\n<p class=\"western\" lang=\"it-IT\" align=\"justify\"><span style=\"font-family: Times New Roman, serif\"><span style=\"font-size: large\">Al principio la teoria della TVP si svilupp\u00f2 verbalmente, con l\u2019appoggio della bibliografia che raccomandava per ogni corso.<\/span><\/span><\/p>\n<p class=\"western\" lang=\"it-IT\" align=\"justify\"><span style=\"font-family: Times New Roman, serif\"><span style=\"font-size: large\">A misura che gli allievi chiedevano de approfondire certi temi, o di ripassare quanto gi\u00e0 studiato a confronto con la pratica vissuta, la dottoressa cominci\u00f2 a dare delle note.<\/span><\/span><\/p>\n<p class=\"western\" lang=\"it-IT\" align=\"justify\"><span style=\"font-family: Times New Roman, serif\"><span style=\"font-size: large\">Cos\u00ec sorse l\u2019idea di ordinare e riunire questo prezioso materiale didattico, che permetter\u00e0 a tutti i suoi allievi, gi\u00e0 addestrati o in formazione, di utilizzarlo come una guida nel loro lavoro terapeutico.<\/span><\/span><\/p>\n<p class=\"western\" lang=\"it-IT\" align=\"justify\"><span style=\"font-family: Times New Roman, serif\"><span style=\"font-size: large\">La presentazione del Manuale ebbe luogo il 17 gennaio 2009, nell\u2019Hotel Conde de Ans\u00farez, a Santiago de Chile.<\/span><\/span><\/p>\n<p class=\"western\" lang=\"it-IT\" align=\"justify\"><span style=\"font-family: Times New Roman, serif\"><span style=\"font-size: large\">Fu un avvenimento molto importante, una specie di consolidazione dell\u2019opera di formazione, ma anche come un esempio d\u2019incontro e di scambio fra i partecipanti dei diversi corsi.<\/span><\/span><\/p>\n<p class=\"western\" lang=\"it-IT\" align=\"justify\"><span style=\"font-family: Times New Roman, serif\"><span style=\"font-size: large\">Secondo Viviana Zenteno: \u00abHo fiducia che questo arricchimento reciproco si manifester\u00e0 in futuro in uno sviluppo di idee e di progetti che potranno diffondere sempre di pi\u00f9 questa forma di guarigione che ci spinge con speranza e con passione.\u00bb<\/span><\/span><\/p>\n<p class=\"western\" lang=\"it-IT\" align=\"justify\"><span style=\"font-family: Times New Roman, serif\"><span style=\"font-size: large\"><b>Manuale di uso esclusivo per studenti e terapeuti dei corsi di TVP della dottoressa Viviana Zenteno.<br \/>\n<\/b><\/span><\/span><span style=\"font-family: Times New Roman, serif\"><span style=\"font-size: large\"><b>Traduzione: Loto Perrella.<\/b><\/span><\/span><b><\/b><\/p>\n<\/td>\n<\/tr>\n<\/tbody>\n<\/table>","protected":false},"excerpt":{"rendered":"<p>Bibliografia della Dottoressa Viviana Zenteno. Dottoressa Viviana Zenteno Cereceda. Regresiones: Terapia del Alma (Regressioni: una Terapia dell\u2019Anima). Prima edizione: marzo 2004. Regresiones: Terapia del Alma (Regressioni: una Terapia dell\u2019Anima) \u00e8 &hellip; <a href=\"https:\/\/animaweb.blog.pangea.org\/it\/bibliografia-de-la-doctora-viviana-zenteno\/\" class=\"more-link\">Leggi tutto<span class=\"screen-reader-text\"> &#8220;Bibliografia della Dottoressa Viviana Zenteno.&#8221;<\/span><\/a><\/p>\n","protected":false},"author":12345698,"featured_media":0,"parent":0,"menu_order":0,"comment_status":"closed","ping_status":"closed","template":"","meta":{"ngg_post_thumbnail":0,"footnotes":""},"class_list":["post-1304","page","type-page","status-publish","hentry"],"_links":{"self":[{"href":"https:\/\/animaweb.blog.pangea.org\/it\/wp-json\/wp\/v2\/pages\/1304","targetHints":{"allow":["GET"]}}],"collection":[{"href":"https:\/\/animaweb.blog.pangea.org\/it\/wp-json\/wp\/v2\/pages"}],"about":[{"href":"https:\/\/animaweb.blog.pangea.org\/it\/wp-json\/wp\/v2\/types\/page"}],"author":[{"embeddable":true,"href":"https:\/\/animaweb.blog.pangea.org\/it\/wp-json\/wp\/v2\/users\/12345698"}],"replies":[{"embeddable":true,"href":"https:\/\/animaweb.blog.pangea.org\/it\/wp-json\/wp\/v2\/comments?post=1304"}],"version-history":[{"count":9,"href":"https:\/\/animaweb.blog.pangea.org\/it\/wp-json\/wp\/v2\/pages\/1304\/revisions"}],"predecessor-version":[{"id":2277,"href":"https:\/\/animaweb.blog.pangea.org\/it\/wp-json\/wp\/v2\/pages\/1304\/revisions\/2277"}],"wp:attachment":[{"href":"https:\/\/animaweb.blog.pangea.org\/it\/wp-json\/wp\/v2\/media?parent=1304"}],"curies":[{"name":"wp","href":"https:\/\/api.w.org\/{rel}","templated":true}]}}