{"id":11,"date":"2018-01-17T13:56:50","date_gmt":"2018-01-17T11:56:50","guid":{"rendered":"http:\/\/animaweb.blog.pangea.org\/?page_id=11"},"modified":"2023-02-15T20:37:58","modified_gmt":"2023-02-15T18:37:58","slug":"entrevistes","status":"publish","type":"page","link":"https:\/\/animaweb.blog.pangea.org\/it\/entrevistes\/","title":{"rendered":"Interviste"},"content":{"rendered":"<p class=\"western\" lang=\"it-IT\" style=\"text-align: justify\" align=\"center\"><span style=\"font-family: Times New Roman, serif\"><span style=\"font-size: x-large\"><b><a href=\"\/it\/brian-weiss-som-animes-i-anem-de-cos-en-cos\/\">Brian Weiss: \u00abSiamo anime e passiamo da un corpo all\u2019altro\u00bb.<\/a><br \/>\n<\/b><\/span><\/span><span style=\"font-family: Times New Roman, serif\"><span style=\"font-size: large\"><b>El Peri\u00f3dico de Catalunya. Gaspar Hern\u00e1ndez.\u00a0<\/b><\/span><\/span><span style=\"font-family: Times New Roman, serif\"><span style=\"font-size: large\"><span lang=\"it-IT\"><b>Mercoled\u00ec, 21 gennaio 2009. Opinione. Pagina 80.<br \/>\n<\/b><\/span><\/span><\/span><span style=\"font-family: Times New Roman, serif\"><span style=\"font-size: large\"><i>Un\u2019intervista con Brian Weiss, psichiatra specializzato nella terapia regressiva. <\/i><\/span><\/span><span style=\"font-family: Times New Roman, serif\"><span style=\"font-size: large\"><i>Negli Stati Uniti ha assistito circa 4.000 pazienti che hanno ricordi delle loro vite passate (&#8230;).<\/i><\/span><\/span><\/p>\n<p lang=\"it-IT\" align=\"justify\"><span style=\"font-family: Times New Roman, serif\"><span style=\"font-size: x-large\"><b><a href=\"\/it\/retorn-a-la-pau-entrevista-a-brian-weiss\/\">Ritorno alla pace. Intervista a Brian Weiss.<\/a><br \/>\n<\/b><\/span><\/span><span style=\"font-family: Times New Roman, serif\"><span style=\"font-size: large\"><span lang=\"it-IT\"><b>Rivista Athanor. N\u00ba 35. Settembre-Ottobre 2002. Pagine 15-18.<br \/>\n<\/b><\/span><\/span><\/span><span style=\"font-family: Times New Roman, serif\"><span style=\"font-size: large\">Intervistatore: Josep Agust\u00edn. Interprete: Loto Perrella. Fotografa: Natalia Campoy.<br \/>\n<\/span><\/span><span style=\"font-family: Times New Roman, serif\"><span style=\"font-size: large\"><i>Come stare in pace con s\u00e9 stesso, e quindi con tutto, \u00e8 forse la formula magica pi\u00f9 cercata da sempre dagli esseri umani. Nel colloquio con il Dott<span style=\"color: #000000\">or<\/span> Brian Weiss nel suo albergo, e durante tutta l\u2019intervista, ci siamo sentiti accompagnati dalla tranquillit\u00e0, il buon umore ed il carattere cordiale di questa persona (&#8230;).<br \/>\n<\/i><\/span><\/span><span style=\"font-family: Times New Roman, serif\"><span style=\"font-size: large\"><b>Traduzione: Loto Perella.<\/b><\/span><\/span><\/p>\n<p lang=\"it-IT\" align=\"justify\"><a href=\"\/it\/doctora-viviana-zenteno-les-regressions-com-a-terapia-de-lanima-entrevista-terra-6-5-2010\/\"><span style=\"font-family: Times New Roman, serif\"><span style=\"font-size: x-large\"><b>Dott.ssa Viviana Zenteno. Le regressioni come una terapia dell\u2019anima. Intervista Terra, 6.05.2010.<br \/>\n<\/b><\/span><\/span><\/a><span style=\"font-family: Times New Roman, serif\"><span style=\"font-size: large\"><b>Intervista di Terra Networks Chile. Da: Carmen Luz Heredia.<br \/>\n<\/b><\/span><\/span><span style=\"font-family: Times New Roman, serif\"><span style=\"font-size: large\">Gioved\u00ed, 6 maggio 2010.<br \/>\n<\/span><\/span><span style=\"font-family: Times New Roman, serif\"><span style=\"font-size: large\"><i>Per mezzo di questa tecnica il passato si mescola con il presente e si avviano una serie di fatti che non sono nel cosciente.<br \/>\n<\/i><\/span><\/span><span style=\"font-family: Times New Roman, serif\"><span style=\"font-size: large\"><b>Traduzione: Loto Perella.<\/b><\/span><\/span><\/p>\n<p style=\"text-align: justify\" align=\"justify\"><a href=\"http:\/\/animaweb.cat\/it\/jose-luis-cabouli-el-teu-ego-no-suporta-tota-la-veritat\/\"><span style=\"font-family: Times New Roman, serif\"><span style=\"font-size: x-large\"><span lang=\"it-IT\"><b>Jos\u00e9 Luis Cabouli: <\/b><\/span><\/span><\/span><span style=\"font-family: Times New Roman, serif\"><span style=\"font-size: x-large\"><span lang=\"it-IT\"><b>\u00ab<\/b><\/span><\/span><\/span><span style=\"font-family: Times New Roman, serif\"><span style=\"font-size: x-large\"><span lang=\"it-IT\"><b>Il tuo ego non sopporta tutta la verit\u00e0<\/b><\/span><\/span><\/span><span style=\"font-family: Times New Roman, serif\"><span style=\"font-size: x-large\"><span lang=\"it-IT\"><b>\u00bb<\/b><\/span><\/span><\/span><\/a><span style=\"font-family: Times New Roman, serif\"><span style=\"font-size: x-large\"><span lang=\"it-IT\"><b>.<br \/>\n<\/b><\/span><\/span><\/span><span style=\"font-family: Times New Roman, serif\"><span lang=\"it-IT\"><b>La Vanguardia. Sabato, 23 agosto 2003. La Contra.<br \/>\n<\/b><\/span><\/span><i><span style=\"font-family: Times New Roman, serif\"><span lang=\"it-IT\">Ho 52 anni. Sono nato a Buenos Aires. Sono stato chirurgo plastico, ma di quelli che non diventano ricchi, e oggi sono terapeuta regressivo. Ho un figlio di 10 mesi e un altro di 20 anni. Credo che in questa vita scontiamo gli errori di vite passate, che dobbiamo risolvere con amore, e traumi terribili dai quali dobbiamo liberarci nel ricordo della nostra coscienza <\/span><\/span><span style=\"font-family: Times New Roman, serif\"><span lang=\"it-IT\">(&#8230;)<\/span><\/span><span style=\"font-family: Times New Roman, serif\"><span lang=\"it-IT\">.<\/span><\/span><\/i><\/p>\n<p class=\"western\" lang=\"it-IT\" style=\"text-align: justify\" align=\"center\"><a href=\"\/it\/jose-luis-cabouli-lanima-es-el-xofer-el-cos-el-vehicle\/\"><span style=\"font-family: Times New Roman, serif\"><span style=\"font-size: x-large\"><b>Jos\u00e9 Luis Cabouli: \u00abL\u2019anima \u00e8 l\u2019autista, il corpo \u00e8 il veicolo\u00bb.<br \/>\n<\/b><\/span><\/span><\/a><span style=\"font-family: Times New Roman, serif\"><span style=\"font-size: large\"><b>El Peri\u00f3dico de Catalunya. Mercoled\u00ec, 8 ottobre 2008.<br \/>\n<\/b><\/span><\/span><span style=\"font-family: Times New Roman, serif\"><span style=\"font-size: large\"><i>Jos\u00e9 Luis Cabouli applica la Terapia delle Vite Passate. \u00c8 medico e chirurgo dell\u2019anima. Assume che la reincarnazione esiste e lavora con dei pazienti che si trascinano dei traumi di altre vite (&#8230;).<\/i><\/span><\/span><\/p>\n<p style=\"text-align: justify\"><a href=\"http:\/\/animaweb.cat\/it\/jose-luis-cabouli-hi-ha-casos-de-gent-amb-lanima-de-germans-morts\/\"><span style=\"font-family: Times New Roman, serif\"><span style=\"font-size: x-large\"><span lang=\"it-IT\"><b>Jos\u00e9 Luis Cabouli: <\/b><\/span><\/span><\/span><span style=\"font-family: Times New Roman, serif\"><span style=\"font-size: x-large\"><span lang=\"it-IT\"><b>\u00ab<\/b><\/span><\/span><\/span><span style=\"font-family: Times New Roman, serif\"><span style=\"font-size: x-large\"><span lang=\"it-IT\"><b>Ci sono dei casi di gente con l\u2019anima di un fratello morto<\/b><\/span><\/span><\/span><span style=\"font-family: Times New Roman, serif\"><span style=\"font-size: x-large\"><span lang=\"it-IT\"><b>\u00bb<\/b><\/span><\/span><\/span><\/a><span style=\"font-family: Times New Roman, serif\"><span style=\"font-size: x-large\"><span lang=\"it-IT\"><b>.<br \/>\n<\/b><\/span><\/span><\/span><span style=\"font-family: Times New Roman, serif\"><span lang=\"it-IT\"><b>La Verdad. Venerd\u00ec, 25 maggio 2012.<br \/>\n<\/b><\/span><\/span><i><span style=\"font-family: Times New Roman, serif\"><span lang=\"it-IT\">L\u2019esperto utilizza una tecnica di regressione a vite passate per risolvere i conflitti ed i problemi psicologici dei suoi pazienti <\/span><\/span><span style=\"font-family: Times New Roman, serif\"><span lang=\"it-IT\">(&#8230;)<\/span><\/span><span style=\"font-family: Times New Roman, serif\"><span lang=\"it-IT\">.<\/span><\/span><\/i><\/p>\n<p class=\"western\" lang=\"it-IT\" style=\"text-align: justify\" align=\"center\"><span style=\"font-family: Times New Roman, serif\"><span style=\"font-size: x-large\"><b><a href=\"\/it\/jose-luis-cabouli-vaig-voler-ser-un-cirurgia-danimes\/\">Jos\u00e9 Luis Cabouli: \u00abHo voluto essere un chirurgo di anime\u00bb.<\/a><br \/>\n<\/b><\/span><\/span><span style=\"font-family: Times New Roman, serif\"><span style=\"font-size: large\"><b>Di Luis Aubele. Intervista pubblicata nel giornale \u00abLa Naci\u00f3n\u00bb, Buenos Aires, 22.03.2009.<br \/>\n<\/b><\/span><\/span><em><span style=\"font-family: Times New Roman, serif\"><span style=\"font-size: large\">\u00abChe cos\u2019ero prima di essere Jos\u00e9 Luis?\u00bb, incominci\u00f3 a chiedersi quando aveva 8 anni. La cosa curiosa \u00e8 che in quel tempo non aveva mai sentito parlare della reincarnazione: non solo non sapeva che cosa fosse, ma non conosceva neanche la parola. \u00abFu solo alcuni anni pi\u00f9 tardi, fra i 15 e i 16, che venni a sapere che cosa era. Ma dovevano trascorrere altri venti anni, quando ero gi\u00e0 un chirurgo plastico con anni di esercizio della professione, prima che io capissi che la reincarnazione poteva avere uno scopo terapeutico\u00bb, ricorda Jos\u00e9 Luis Cabouli, medico specializzato nella terapia delle vite passate (&#8230;).<\/span><\/span><\/em><\/p>\n<p class=\"western\" lang=\"es-ES\" style=\"text-align: justify\" align=\"justify\"><a href=\"\/it\/entrevista-al-dr-jose-luis-cabouli-al-diari-reforma-mexic-df\/\"><span style=\"font-family: Times New Roman, serif\"><span style=\"font-size: x-large\"><span lang=\"it-IT\"><b>Intervista al Dr. Jos\u00e9 Luis Cabouli nel giornale <\/b><\/span><\/span><\/span><span style=\"font-family: Times New Roman, serif\"><span style=\"font-size: x-large\"><span lang=\"it-IT\"><i><b>Reforma<\/b><\/i><\/span><\/span><\/span><span style=\"font-family: Times New Roman, serif\"><span style=\"font-size: x-large\"><span lang=\"it-IT\"><b>, Messico DF.<br \/>\n<\/b><\/span><\/span><\/span><\/a><span style=\"font-family: Times New Roman, serif\"><span style=\"font-size: large\"><b>Di Natalia Vitela, Messico, 26 agosto del 2006.<br \/>\n<\/b><\/span><\/span><em><span style=\"font-family: Times New Roman, serif\"><span style=\"font-size: large\">Qualche volta ha sentito che quello che pensa, dice e agisce non \u00e8 lei, e lo fa spinto da una volont\u00e0 diversa dalla sua? Se \u00e8 cos\u00ec, non escluda la possibilit\u00e0 di essere \u00abposseduto\u00bb (&#8230;).<\/span><\/span><\/em><\/p>\n<p class=\"western\" lang=\"it-IT\" style=\"text-align: justify\" align=\"center\"><a href=\"\/it\/la-ment-una-entrevista-amb-el-dr-michael-newton-per-mary-arsenault\/\"><span style=\"font-family: Times New Roman, serif\"><span style=\"font-size: x-large\"><b>La Mente: un\u2019intervista con il Dr. Michael Newton, di Mary Arsenault.<br \/>\n<\/b><\/span><\/span><\/a><strong><span style=\"font-family: Times New Roman, serif\"><span style=\"font-size: large\">Wisdom Magazine. 1\u00ba dicembre 2004.<br \/>\n<\/span><\/span><\/strong><em><span style=\"font-family: Times New Roman, serif\"><span style=\"font-size: large\"><span lang=\"it-IT\">Nel 1994, la vita come la conosciamo, con tutte le sue domande angosciose di perch\u00e9 siamo qua e dove si suppone che andiamo, arriv\u00f3 alla sua fine con la pubblicazione di <\/span><\/span><\/span><span style=\"font-family: Times New Roman, serif\"><span style=\"font-size: large\"><span lang=\"it-IT\"><b>Journey of Souls<\/b><\/span><\/span><\/span><\/em><span style=\"font-family: Times New Roman, serif\"><span style=\"font-size: large\"><span lang=\"it-IT\"><em>, del Dr. Michael Newton. In questo libro (&#8230;).<\/em><br \/>\n<\/span><\/span><\/span><\/p>\n<p class=\"western\" lang=\"it-IT\" align=\"justify\"><span style=\"font-family: Times New Roman, serif\"><span style=\"font-size: x-large\"><b><a href=\"\/it\/albada-dun-nou-dia-entrevista-a-brian-weiss-2007\/\">Lo Spuntare di un Nuovo Giorno. Intervista a Brian Weiss. 2007.<\/a><br \/>\n<\/b><\/span><\/span><b><\/b><span style=\"font-family: Times New Roman, serif\"><span style=\"font-size: large\"><b>Dawn Light (Luce dell&#8217;alba). Marted\u00ec 25 dicembre 2007.<br \/>\n<\/b><\/span><\/span><b><\/b><span style=\"font-family: Times New Roman, serif\"><span style=\"font-size: large\"><span lang=\"it-IT\"><i>Abbiamo qui l\u2019intervista completa di un\u2019ora che ho fatto a Brian Weiss. Nel numero di settembre\/ottobre 2007 della rivista <\/i><\/span><\/span><\/span><span style=\"font-family: Times New Roman, serif\"><span style=\"font-size: large\"><span lang=\"en-US\"><i>New Visions Magazine<\/i><\/span><\/span><\/span><span style=\"font-family: Times New Roman, serif\"><span style=\"font-size: large\"><span lang=\"it-IT\"><i> abbiamo pubblicato un riassunto di questa intervista.<br \/>\n<\/i><\/span><\/span><\/span><span style=\"font-family: Times New Roman, serif\"><span style=\"font-size: large\"><b>Traduzione dalla versione inglese originale: Loto Perrella.<\/b><\/span><\/span><\/p>","protected":false},"excerpt":{"rendered":"<p>Brian Weiss: \u00abSiamo anime e passiamo da un corpo all\u2019altro\u00bb. El Peri\u00f3dico de Catalunya. Gaspar Hern\u00e1ndez.\u00a0Mercoled\u00ec, 21 gennaio 2009. Opinione. Pagina 80. Un\u2019intervista con Brian Weiss, psichiatra specializzato nella terapia &hellip; <a href=\"https:\/\/animaweb.blog.pangea.org\/it\/entrevistes\/\" class=\"more-link\">Leggi tutto<span class=\"screen-reader-text\"> &#8220;Interviste&#8221;<\/span><\/a><\/p>\n","protected":false},"author":12345698,"featured_media":0,"parent":0,"menu_order":0,"comment_status":"closed","ping_status":"closed","template":"","meta":{"ngg_post_thumbnail":0,"footnotes":""},"class_list":["post-11","page","type-page","status-publish","hentry"],"_links":{"self":[{"href":"https:\/\/animaweb.blog.pangea.org\/it\/wp-json\/wp\/v2\/pages\/11","targetHints":{"allow":["GET"]}}],"collection":[{"href":"https:\/\/animaweb.blog.pangea.org\/it\/wp-json\/wp\/v2\/pages"}],"about":[{"href":"https:\/\/animaweb.blog.pangea.org\/it\/wp-json\/wp\/v2\/types\/page"}],"author":[{"embeddable":true,"href":"https:\/\/animaweb.blog.pangea.org\/it\/wp-json\/wp\/v2\/users\/12345698"}],"replies":[{"embeddable":true,"href":"https:\/\/animaweb.blog.pangea.org\/it\/wp-json\/wp\/v2\/comments?post=11"}],"version-history":[{"count":114,"href":"https:\/\/animaweb.blog.pangea.org\/it\/wp-json\/wp\/v2\/pages\/11\/revisions"}],"predecessor-version":[{"id":2402,"href":"https:\/\/animaweb.blog.pangea.org\/it\/wp-json\/wp\/v2\/pages\/11\/revisions\/2402"}],"wp:attachment":[{"href":"https:\/\/animaweb.blog.pangea.org\/it\/wp-json\/wp\/v2\/media?parent=11"}],"curies":[{"name":"wp","href":"https:\/\/api.w.org\/{rel}","templated":true}]}}