{"id":106,"date":"2018-01-18T18:25:27","date_gmt":"2018-01-18T16:25:27","guid":{"rendered":"http:\/\/animaweb.blog.pangea.org\/?page_id=106"},"modified":"2023-03-04T23:48:23","modified_gmt":"2023-03-04T21:48:23","slug":"objectius","status":"publish","type":"page","link":"https:\/\/animaweb.blog.pangea.org\/it\/objectius\/","title":{"rendered":"Obiettivi"},"content":{"rendered":"<p class=\"western\" align=\"center\"><span style=\"font-family: Times New Roman, serif\"><span style=\"font-size: x-large\"><span lang=\"it-IT\"><b>Obiettivi.<\/b><\/span><\/span><\/span><\/p>\n<p class=\"western\" align=\"justify\"><span style=\"font-family: Times New Roman, serif\"><span style=\"font-size: large\"><span lang=\"it-IT\">L\u2019idea che viviamo una sola incarnazione \u00e8 molto estesa in tutto il mondo. Inoltre, le civilizzazioni occidentali sono impregnate della mentalit\u00e0 moderna che spinge a vivere la vita nell\u2019immediato, senza preoccuparsi troppo delle conseguenze dei nostri atti.<\/span><\/span><\/span><\/p>\n<p class=\"western\" align=\"justify\"><span style=\"font-family: Times New Roman, serif\"><span style=\"font-size: large\"><span lang=\"it-IT\">In questo contesto, la <\/span><\/span><\/span><span style=\"font-family: Times New Roman, serif\"><span style=\"font-size: large\"><span lang=\"it-IT\"><b>Terapia di Vite Passate<\/b><\/span><\/span><\/span><span style=\"font-family: Times New Roman, serif\"><span style=\"font-size: large\"><span lang=\"it-IT\"> (<\/span><\/span><\/span><span style=\"font-family: Times New Roman, serif\"><span style=\"font-size: large\"><span lang=\"it-IT\"><b>TVP<\/b><\/span><\/span><\/span><span style=\"font-family: Times New Roman, serif\"><span style=\"font-size: large\"><span lang=\"it-IT\">) \u00e8 stata sviluppata da terapisti, alcuni dei quali formati nel rigore accademico e con esperienza pratica, che hanno scoperto le prove della reincarnazione, non attraverso un dogma imposto o una credenza liberamente scelta, ma mediante la frequentazione quotidiana dei loro pazienti.<\/span><\/span><\/span><\/p>\n<p class=\"western\" align=\"justify\"><span style=\"font-family: Times New Roman, serif\"><span style=\"font-size: large\"><span lang=\"it-IT\">Se un individuo crede che vivr\u00e0 solo una volta, pu\u00f2 decidere di disinteressarsi delle sorti del luogo in cui vive, dato che ritiene che non vi torner\u00e0. Mentre davanti al dubbio di poter tornare sulla Terra, pu\u00f2 pensare: \u00ab<\/span><\/span><\/span><span style=\"font-family: Times New Roman, serif\"><span style=\"font-size: large\"><span lang=\"it-IT\"><i>Attento, perch\u00e9 forse ci torneremo. Quindi dovremo fare in modo di lasciare il Mondo come l\u2019abbiamo trovato, o migliore, o almeno conservarlo, evitando che peggiori eccessivamente, perch\u00e9 sar\u00e0 il posto in cui andremo a finire<\/i><\/span><\/span><\/span><span style=\"font-family: Times New Roman, serif\"><span style=\"font-size: large\"><span lang=\"it-IT\">\u00bb.<\/span><\/span><\/span><\/p>\n<p class=\"western\" align=\"justify\"><span style=\"font-family: Times New Roman, serif\"><span style=\"font-size: large\"><span lang=\"it-IT\">I pazienti della TVP hanno l\u2019opportunit\u00e0 di scoprire che veniamo al mondo a imparare. Lo fanno esplorando gli errori del loro passato, imparando cos\u00ec diversi tipi di lezioni, fra cui le virt\u00f9 fondamentali della compassione e dell\u2019amore, che sono alcune di quelle che l\u2019anima deve assumere nel suo percorso di perfezionamento. Virt\u00f9 necessarie in un pianeta come il nostro, che pu\u00f2 nutrire con alimenti, materia ed energia tutti i suoi abitanti, ma dove c\u2019\u00e8 gente che soffre crudeli mancanze. Un pianeta dotato di una ricca variet\u00e0 di specie e di mezzi ma a rischio a causa dell\u2019eccesso d\u2019inquinamento e di spreco di risorse. Dove l\u2019Umanit\u00e0 vanta una gran diversit\u00e0 di nazioni, culture e lingue, ciascuna di esse in grado di offrire soluzioni originali alle altre, ma con la capacit\u00e0 militare sufficiente per distruggere diverse volte la vita.<\/span><\/span><\/span><\/p>\n<p class=\"western\" align=\"justify\"><span style=\"font-family: Times New Roman, serif\"><span style=\"font-size: large\"><span lang=\"it-IT\">La pi\u00f9 grande sfida dell\u2019Umanit\u00e0 del nostro pianeta, anche se non l\u2019unica, \u00e8 quella di innalzare il livello etico e di coscienza della nostra societ\u00e0. E in questo la spiritualit\u00e0 ha un ruolo decisivo. In questo modesto sito web <\/span><\/span><\/span><span style=\"font-family: Times New Roman, serif\"><span style=\"font-size: large\"><span lang=\"it-IT\"><b>In corpo e anima<\/b><\/span><\/span><\/span><span style=\"font-family: Times New Roman, serif\"><span style=\"font-size: large\"><span lang=\"it-IT\"> introduciamo gli internauti a questo percorso aperto da ricercatori pionieri che, combinando psichica e metapsichica, possono aiutarci a migliorare il livello delle relazioni fra individui e comunit\u00e0 nel rispetto della nostra natura e del resto degli esseri viventi.<\/span><\/span><\/span><\/p>\n<p class=\"western\" align=\"right\"><span style=\"font-family: Times New Roman, serif\"><span style=\"font-size: large\"><span lang=\"it-IT\">Staff del sito web <\/span><\/span><\/span><span style=\"font-family: Times New Roman, serif\"><span style=\"font-size: large\"><span lang=\"it-IT\"><b>In corpo e anima<\/b><\/span><\/span><\/span><span style=\"font-family: Times New Roman, serif\"><span style=\"font-size: large\"><span lang=\"it-IT\">.<br \/>\nPrima versione: gioved\u00ec, 18 gennaio 2018.<br \/>\nUltima modifica: marted\u00ec, 30 gennaio 2018.<br \/>\n<\/span><\/span><\/span><span style=\"font-family: Times New Roman, serif\"><span style=\"font-size: large\"><b>Traduzione: Rolando d&#8217;Alessandro.<\/b><\/span><\/span><\/p>","protected":false},"excerpt":{"rendered":"<p>Obiettivi. L\u2019idea che viviamo una sola incarnazione \u00e8 molto estesa in tutto il mondo. Inoltre, le civilizzazioni occidentali sono impregnate della mentalit\u00e0 moderna che spinge a vivere la vita nell\u2019immediato, &hellip; <a href=\"https:\/\/animaweb.blog.pangea.org\/it\/objectius\/\" class=\"more-link\">Leggi tutto<span class=\"screen-reader-text\"> &#8220;Obiettivi&#8221;<\/span><\/a><\/p>\n","protected":false},"author":12345698,"featured_media":0,"parent":0,"menu_order":0,"comment_status":"closed","ping_status":"closed","template":"","meta":{"ngg_post_thumbnail":0,"footnotes":""},"class_list":["post-106","page","type-page","status-publish","hentry"],"_links":{"self":[{"href":"https:\/\/animaweb.blog.pangea.org\/it\/wp-json\/wp\/v2\/pages\/106","targetHints":{"allow":["GET"]}}],"collection":[{"href":"https:\/\/animaweb.blog.pangea.org\/it\/wp-json\/wp\/v2\/pages"}],"about":[{"href":"https:\/\/animaweb.blog.pangea.org\/it\/wp-json\/wp\/v2\/types\/page"}],"author":[{"embeddable":true,"href":"https:\/\/animaweb.blog.pangea.org\/it\/wp-json\/wp\/v2\/users\/12345698"}],"replies":[{"embeddable":true,"href":"https:\/\/animaweb.blog.pangea.org\/it\/wp-json\/wp\/v2\/comments?post=106"}],"version-history":[{"count":50,"href":"https:\/\/animaweb.blog.pangea.org\/it\/wp-json\/wp\/v2\/pages\/106\/revisions"}],"predecessor-version":[{"id":2432,"href":"https:\/\/animaweb.blog.pangea.org\/it\/wp-json\/wp\/v2\/pages\/106\/revisions\/2432"}],"wp:attachment":[{"href":"https:\/\/animaweb.blog.pangea.org\/it\/wp-json\/wp\/v2\/media?parent=106"}],"curies":[{"name":"wp","href":"https:\/\/api.w.org\/{rel}","templated":true}]}}