{"id":920,"date":"2020-10-05T11:08:22","date_gmt":"2020-10-05T09:08:22","guid":{"rendered":"https:\/\/animaweb.cat\/?page_id=920"},"modified":"2022-10-20T20:08:38","modified_gmt":"2022-10-20T18:08:38","slug":"katia-cas-clinic","status":"publish","type":"page","link":"https:\/\/animaweb.blog.pangea.org\/gl\/katia-cas-clinic\/","title":{"rendered":"Katia. Caso Cl\u00ednico."},"content":{"rendered":"<p class=\"western\" align=\"center\"><span style=\"font-family: Times New Roman, serif\"><span style=\"font-size: x-large\"><span style=\"color: #000000\"><b>Katia. Caso Cl\u00ednico.<\/b><\/span><\/span><\/span><\/p>\n<p class=\"western\" align=\"justify\"><span style=\"font-family: Times New Roman, serif\"><span style=\"font-size: large\"><span style=\"color: #000000\"><img loading=\"lazy\" decoding=\"async\" class=\"alignright wp-image-921 size-full\" title=\"Academia de Terapia Regresiva Doctora Viviana Zenteno (Academia de Terapia Regresiva Doutora Viviana Zenteno).\" src=\"https:\/\/animaweb.cat\/files\/2020\/10\/Academia_de_Terapia_Regresiva_Doctora_Viviana_Zenteno_Logotipo_72ppp_200x230px.png\" alt=\"Academia de Terapia Regresiva Doctora Viviana Zenteno (Academia de Terapia Regresiva Doutora Viviana Zenteno).\" width=\"200\" height=\"230\" \/>M\u00e9rcores, 1 de Outubro de 2014.<\/span><\/span><\/span><\/p>\n<p class=\"western\" align=\"justify\"><span style=\"font-family: Times New Roman, serif\"><span style=\"font-size: large\"><span style=\"color: #000000\">Terapeuta: Doutora Viviana Zenteno.<\/span><\/span><\/span><\/p>\n<p class=\"western\" align=\"justify\"><span style=\"font-family: Times New Roman, serif\"><span style=\"font-size: large\"><span style=\"color: #000000\"><i>Katia (45) comprende nesta regresi\u00f3n o motivo dunha renuncia amorosa. Anos atr\u00e1s ela era libre, mais el non, e era unha figura p\u00fablica.<\/i><\/span><\/span><\/span><\/p>\n<p class=\"western\" align=\"justify\"><span style=\"font-family: Times New Roman, serif\"><span style=\"font-size: large\"><span style=\"color: #000000\"><b>Terapeuta: Que est\u00e1s a ver?<\/b><\/span><\/span><\/span><\/p>\n<p class=\"western\" align=\"justify\"><span style=\"font-family: Times New Roman, serif\"><span style=\"font-size: large\"><span style=\"color: #000000\">Katia: Estou a ver desde arriba unha illa, con moita vexetaci\u00f3n, vou entrando na espesura. Agora descendo, hai como unha selva, e dentro unha chaira cun anfiteatro as\u00ed, grande.<\/span><\/span><\/span><\/p>\n<p class=\"western\" align=\"justify\"><span style=\"font-family: Times New Roman, serif\"><span style=\"font-size: large\"><span style=\"color: #000000\"><b>T: Como est\u00e1s vestida?<\/b><\/span><\/span><\/span><\/p>\n<p class=\"western\" align=\"justify\"><span style=\"font-family: Times New Roman, serif\"><span style=\"font-size: large\"><span style=\"color: #000000\">K: Cunha t\u00fanica, pelo longo, escuro e alg\u00fans adornos.<\/span><\/span><\/span><\/p>\n<p class=\"western\" align=\"justify\"><span style=\"font-family: Times New Roman, serif\"><span style=\"font-size: large\"><span style=\"color: #000000\"><b>T: Que idade t\u00e9s?<\/b><\/span><\/span><\/span><\/p>\n<p class=\"western\" align=\"justify\"><span style=\"font-family: Times New Roman, serif\"><span style=\"font-size: large\"><span style=\"color: #000000\">K: Como 25&#8230; v\u00e9nseme que son unha sacerdotisa. Hai un templo&#8230; Non sei se \u00e9 unha illa ou unha pen\u00ednsula, mais est\u00e1 rodeado de mar e o templo est\u00e1 no medio da selva&#8230; Vexo uns \u00eddolos de pedra, como deuses. Como que eu tivese un posto importante, como que sei moitas cousas que outros non saben. No lugar qu\u00e9imanse incensos ou alg\u00fan perfume. Esc\u00f3itase m\u00fasica, como de tambores. Dirixo as cerimonias, pedindo algo \u00e1 natureza, aos deuses, abundancia, fertilidade, con cantos. Estou un chanzo m\u00e1is arriba que os outros, dirixindo, invocando.<\/span><\/span><\/span><\/p>\n<p class=\"western\" align=\"justify\"><span style=\"font-family: Times New Roman, serif\"><span style=\"font-size: large\"><span style=\"color: #000000\"><b>T: Cal \u00e9 a t\u00faa sensaci\u00f3n f\u00edsica nese momento?<\/b><\/span><\/span><\/span><\/p>\n<p class=\"western\" align=\"justify\"><span style=\"font-family: Times New Roman, serif\"><span style=\"font-size: large\"><span style=\"color: #000000\">K: S\u00edntome ben a\u00ed. Unha sensaci\u00f3n de plenitude&#8230; coma se eu dalgunha maneira lle transmitise a esa xente cousas que eles non saben e eu si sei, daquela iso d\u00e1me unha sensaci\u00f3n de poder.<\/span><\/span><\/span><\/p>\n<p class=\"western\" align=\"justify\"><span style=\"font-family: Times New Roman, serif\"><span style=\"font-size: large\"><span style=\"color: #000000\"><b>T: E cales son as t\u00faas emoci\u00f3ns?<\/b><\/span><\/span><\/span><\/p>\n<p class=\"western\" align=\"justify\"><span style=\"font-family: Times New Roman, serif\"><span style=\"font-size: large\"><span style=\"color: #000000\">K: Un pouco de orgullo, son un pouco soberbia.<\/span><\/span><\/span><\/p>\n<p class=\"western\" align=\"justify\"><span style=\"font-family: Times New Roman, serif\"><span style=\"font-size: large\"><span style=\"color: #000000\"><b>T: E as t\u00faas reacci\u00f3ns mentais?<\/b><\/span><\/span><\/span><\/p>\n<p class=\"western\" align=\"justify\"><span style=\"font-family: Times New Roman, serif\"><span style=\"font-size: large\"><span style=\"color: #000000\">K: Doume conta que esas invocaci\u00f3ns e eses rituais son efectivos, son poderosos.<\/span><\/span><\/span><\/p>\n<p class=\"western\" align=\"justify\"><span style=\"font-family: Times New Roman, serif\"><span style=\"font-size: large\"><span style=\"color: #000000\"><b>T: F\u00edxate, esas sensaci\u00f3ns de orgullo, plenitude e poder, que \u00e9 o que che fan facer na t\u00faa vida como Katia?<\/b><\/span><\/span><\/span><\/p>\n<p class=\"western\" align=\"justify\"><span style=\"font-family: Times New Roman, serif\"><span style=\"font-size: large\"><span style=\"color: #000000\">K: Fanme sentir capaz, que eu podo.<\/span><\/span><\/span><\/p>\n<p class=\"western\" align=\"justify\"><span style=\"font-family: Times New Roman, serif\"><span style=\"font-size: large\"><span style=\"color: #000000\"><b>T: E que che impiden facer?<\/b><\/span><\/span><\/span><\/p>\n<p class=\"western\" align=\"justify\"><span style=\"font-family: Times New Roman, serif\"><span style=\"font-size: large\"><span style=\"color: #000000\">K: \u00c1s veces imp\u00eddenme reco\u00f1ecer os meus erros.<\/span><\/span><\/span><\/p>\n<p class=\"western\" align=\"justify\"><span style=\"font-family: Times New Roman, serif\"><span style=\"font-size: large\"><span style=\"color: #000000\"><b>T: Moi ben. Segue avanzando ata outro momento importante para a t\u00faa alma.<\/b><\/span><\/span><\/span><\/p>\n<p class=\"western\" align=\"justify\"><span style=\"font-family: Times New Roman, serif\"><span style=\"font-size: large\"><span style=\"color: #000000\">K: V\u00e9nseme que eu ti\u00f1a un amante e que o manti\u00f1a en segredo, porque non deb\u00eda.<\/span><\/span><\/span><\/p>\n<p class=\"western\" align=\"justify\"><span style=\"font-family: Times New Roman, serif\"><span style=\"font-size: large\"><span style=\"color: #000000\"><b>T: Ti\u00f1as algo oculto&#8230; ben, imos ver como era iso: un, dous, tres&#8230;<\/b><\/span><\/span><\/span><\/p>\n<p class=\"western\" align=\"justify\"><span style=\"font-family: Times New Roman, serif\"><span style=\"font-size: large\"><span style=\"color: #000000\">K: \u00c9 un guerreiro e temos unha relaci\u00f3n forte, de amor, mais que non pode sa\u00edr \u00e1 luz p\u00fablica porque as sacerdotisas debemos ser c\u00e9libes. Hai no templo un cuarto secreto, e como eu te\u00f1o poder, introd\u00fazoo a el. El pertence a outra caste, non inferior ou superior \u00e1 mi\u00f1a, por\u00e9n separadas, que non deben mesturarse. Eu s\u00edntome protectora con el. El qu\u00e9reme e \u00e9 poderoso coa s\u00faa forza, coa s\u00faa capacidade de loitar. Pero no que respecta ao amor, eu son m\u00e1is poderosa ca el.<\/span><\/span><\/span><\/p>\n<p class=\"western\" align=\"justify\"><span style=\"font-family: Times New Roman, serif\"><span style=\"font-size: large\"><span style=\"color: #000000\"><b>T: A ver, expl\u00edcame ben.<\/b><\/span><\/span><\/span><\/p>\n<p class=\"western\" align=\"justify\"><span style=\"font-family: Times New Roman, serif\"><span style=\"font-size: large\"><span style=\"color: #000000\">K: \u00c9 como que el me respectase en exceso, e eu quero que me tome como muller, e que non me olle coma se eu fose superior. Que entenda que son unha muller e que quero ser a s\u00faa muller. Ten d\u00fabidas, non quere seguir, con todo eu d\u00edgolle que sigamos, que non vai haber problemas. El ten medo polos dous mais eu d\u00edgolle que non nos podemos separar, non debemos separarnos.<\/span><\/span><\/span><\/p>\n<p class=\"western\" align=\"justify\"><span style=\"font-family: Times New Roman, serif\"><span style=\"font-size: large\"><span style=\"color: #000000\"><b>T: Contin\u00faa.<\/b><\/span><\/span><\/span><\/p>\n<p class=\"western\" align=\"justify\"><span style=\"font-family: Times New Roman, serif\"><span style=\"font-size: large\"><span style=\"color: #000000\">K: Hai outra xente m\u00e1is poderosa, uns homes, sacerdotes m\u00e1is importantes ca min, e eles dec\u00e1tanse. L\u00e9vano!! Trato de defendelo, e non podo!! (Katia mostra angustia e temor).<\/span><\/span><\/span><\/p>\n<p class=\"western\" align=\"justify\"><span style=\"font-family: Times New Roman, serif\"><span style=\"font-size: large\"><span style=\"color: #000000\"><b>T: Onde est\u00e1s ti e onde est\u00e1 el?<\/b><\/span><\/span><\/span><\/p>\n<p class=\"western\" align=\"justify\"><span style=\"font-family: Times New Roman, serif\"><span style=\"font-size: large\"><span style=\"color: #000000\">K: Nun sal\u00f3n grande onde eses sacerdotes nos din que transgredemos estas leis. Sup\u00fa\u00f1ase que eu non pod\u00eda ter este tipo de relaci\u00f3n&#8230; \u00c9 un templo, de pedra, fr\u00edo, grande, alto. Eles levan unhas t\u00fanicas, as s\u00faas caras son longas, e usan uns cinti\u00f1os, non coroas, son bandas na cabeza. Son dous. Ac\u00fasanme. Eu estou a\u00ed parada diante deles, por\u00e9n eles est\u00e1n m\u00e1is arriba, eu estou abaixo, e o meu amante est\u00e1 axeonllado, e vano castigar a el. Eu d\u00edgolles que non, que NON, que a culpa \u00e9 mi\u00f1a&#8230; mais&#8230; a min non me van facer nada&#8230; (Chorando)&#8230; l\u00e9vano&#8230; empezo a berrar, e sux\u00e9itanme&#8230; parece que hai m\u00e1is xente&#8230; e eu sei que o van matar, vano sacrificar a el&#8230; e b\u00e9rrolles que non&#8230; NON! Eu te\u00f1o a culpa! Non \u00e9 culpa del! Por favor&#8230; eu te\u00f1o a culpa&#8230; non \u00e9 a s\u00faa culpa, por favor&#8230; (Chorando e xemendo)&#8230; Non&#8230; Non&#8230; Non&#8230; Eu te\u00f1o a culpa, poden sacrificarme a min, non a el&#8230;<\/span><\/span><\/span><\/p>\n<p class=\"western\" align=\"justify\"><span style=\"font-family: Times New Roman, serif\"><span style=\"font-size: large\"><span style=\"color: #000000\"><b>T: Avanza, non te dete\u00f1as.<\/b><\/span><\/span><\/span><\/p>\n<p class=\"western\" align=\"justify\"><span style=\"font-family: Times New Roman, serif\"><span style=\"font-size: large\"><span style=\"color: #000000\">K: Por\u00e9n eles dinme que non, que eu son necesaria, que eu te\u00f1o que seguir a facer o meu papel&#8230; que hai moitos coma el, mais non coma min&#8230; Eu ins\u00edstolles que a culpa \u00e9 mi\u00f1a, por\u00e9n iso non \u00e9 o que lles importa&#8230; el \u00e9 un m\u00e1is&#8230; E para min \u00e9 important\u00edsimo! E cando o levan, el \u00e9 moi valente, mais nos seus ollos vexo ese desamparo, e te\u00f1o ganas de protexelo&#8230; corro tras el e non podo porque non me deixan. E quero morrer con el. Ahhh, ai, ai, unha dor no peito cando mo levan.<\/span><\/span><\/span><\/p>\n<p class=\"western\" align=\"justify\"><span style=\"font-family: Times New Roman, serif\"><span style=\"font-size: large\"><span style=\"color: #000000\"><b>T: De todo o vivido a\u00ed, que \u00e9 o que m\u00e1is che marca?<\/b><\/span><\/span><\/span><\/p>\n<p class=\"western\" align=\"justify\"><span style=\"font-family: Times New Roman, serif\"><span style=\"font-size: large\"><span style=\"color: #000000\">K: Cando me dou conta que nos descubriron&#8230; non, mais o peor \u00e9 cando me decato que o castigado vai ser el e non eu&#8230; Parece que me suxeitan polos ombreiros e polo pescozo, eu estou axeonllada no chan. T\u00edranme cara a atr\u00e1s mentres o levan&#8230; eses homes son moi malos, moi duros, son inflexibles&#8230;<\/span><\/span><\/span><\/p>\n<p class=\"western\" align=\"justify\"><span style=\"font-family: Times New Roman, serif\"><span style=\"font-size: large\"><span style=\"color: #000000\"><b>T: Sente esa dor e esg\u00f3taa.<\/b><\/span><\/span><\/span><\/p>\n<p class=\"western\" align=\"justify\"><span style=\"font-family: Times New Roman, serif\"><span style=\"font-size: large\"><span style=\"color: #000000\">K: \u00c9 como unha ferida profunda no peito&#8230; e o pescozo&#8230;<\/span><\/span><\/span><\/p>\n<p class=\"western\" align=\"justify\"><span style=\"font-family: Times New Roman, serif\"><span style=\"font-size: large\"><span style=\"color: #000000\"><b>T: E a t\u00faa reacci\u00f3n emocional?<\/b><\/span><\/span><\/span><\/p>\n<p class=\"western\" align=\"justify\"><span style=\"font-family: Times New Roman, serif\"><span style=\"font-size: large\"><span style=\"color: #000000\">K: Profunda dor e angustia, desexos de protexelo, quero axudalo e non podo. Quero voar sobre el, e abrazalo&#8230; E agora estano levando, e el non se queixa, por\u00e9n a s\u00faa ollada \u00e9 dun profundo desamparo&#8230;<\/span><\/span><\/span><\/p>\n<p class=\"western\" align=\"justify\"><span style=\"font-family: Times New Roman, serif\"><span style=\"font-size: large\"><span style=\"color: #000000\"><b>T: \u00d3llao.<\/b><\/span><\/span><\/span><\/p>\n<p class=\"western\" align=\"justify\"><span style=\"font-family: Times New Roman, serif\"><span style=\"font-size: large\"><span style=\"color: #000000\">K: \u00c9 algu\u00e9n que eu co\u00f1ezo (cun suspiro).<\/span><\/span><\/span><\/p>\n<p class=\"western\" align=\"justify\"><span style=\"font-family: Times New Roman, serif\"><span style=\"font-size: large\"><span style=\"color: #000000\"><b>T: E que est\u00e1s a pensar cando o levan?<\/b><\/span><\/span><\/span><\/p>\n<p class=\"western\" align=\"justify\"><span style=\"font-family: Times New Roman, serif\"><span style=\"font-size: large\"><span style=\"color: #000000\">K: Doume conta que o meu poder era nada. NADA!<\/span><\/span><\/span><\/p>\n<p class=\"western\" align=\"justify\"><span style=\"font-family: Times New Roman, serif\"><span style=\"font-size: large\"><span style=\"color: #000000\"><b>T: E todo iso, de que maneira est\u00e1 a afectarche nesta vida?<\/b><\/span><\/span><\/span><\/p>\n<p class=\"western\" align=\"justify\"><span style=\"font-family: Times New Roman, serif\"><span style=\"font-size: large\"><span style=\"color: #000000\">K: Faime protexer as persoas que eu quero&#8230; buscar nos homes aquel que me parece desamparado, para protexelo&#8230;<\/span><\/span><\/span><\/p>\n<p class=\"western\" align=\"justify\"><span style=\"font-family: Times New Roman, serif\"><span style=\"font-size: large\"><span style=\"color: #000000\">Faime entender que non hai poder que valla&#8230; que \u00e9 f\u00e1cil enganarse cos honores&#8230; que todos somos mortais, e que non serve envanecerse. Imp\u00eddeme que me crea todo o conto&#8230; \u00c9 como unha advertencia de \u00abNon te esquezas que en calquera momento a situaci\u00f3n pode mudar\u00bb. E daquela sinto medo cando son feliz.<\/span><\/span><\/span><\/p>\n<p class=\"western\" align=\"justify\"><span style=\"font-family: Times New Roman, serif\"><span style=\"font-size: large\"><span style=\"color: #000000\"><b>T: Avanza&#8230;<\/b><\/span><\/span><\/span><\/p>\n<p class=\"western\" align=\"justify\"><span style=\"font-family: Times New Roman, serif\"><span style=\"font-size: large\"><span style=\"color: #000000\">K: Te\u00f1o que seguir a\u00ed, facer ese papel de sacerdotisa, coma se nada pasase. Ningu\u00e9n m\u00e1is sabe o que pasou, s\u00f3 os que estivemos a\u00ed. E s\u00edntome utilizada&#8230; antes eu cr\u00edame moito o conto do meu poder como sacerdotisa, e agora doume conta que son un instrumento destoutra xente, e que a eles lles d\u00e1 o mesmo que eu tivese pecado ou tivese transgredido as normas, porque eu son s\u00f3 unha imaxe, unha forma de manter eles o seu poder.<\/span><\/span><\/span><\/p>\n<p class=\"western\" align=\"justify\"><span style=\"font-family: Times New Roman, serif\"><span style=\"font-size: large\"><span style=\"color: #000000\">Ent\u00f3n, non me van sacrificar a min porque investiran tempo e enerx\u00eda en prepararme para ese rol. E por iso cast\u00edgano a el. E comeza a darme noxo ese papel que represento, porque xa non creo en nada, nin sequera nos deuses que invoco&#8230; fago o meu papel a contragusto, e s\u00edntome cada d\u00eda m\u00e1is violentada.<\/span><\/span><\/span><\/p>\n<p class=\"western\" align=\"justify\"><span style=\"font-family: Times New Roman, serif\"><span style=\"font-size: large\"><span style=\"color: #000000\"><b>T: E cales son as t\u00faas reacci\u00f3ns ao sentirte violentada?<\/b><\/span><\/span><\/span><\/p>\n<p class=\"western\" align=\"justify\"><span style=\"font-family: Times New Roman, serif\"><span style=\"font-size: large\"><span style=\"color: #000000\">K: Sinto a raiba, \u00e9 como un calafr\u00edo de odio por eses sacerdotes que non te\u00f1en sentimentos. Xa non podo querer a ningu\u00e9n. Trato de ser a\u00ednda m\u00e1is fr\u00eda ca eles, porque \u00e9 perigoso querer a algu\u00e9n.<\/span><\/span><\/span><\/p>\n<p class=\"western\" align=\"justify\"><span style=\"font-family: Times New Roman, serif\"><span style=\"font-size: large\"><span style=\"color: #000000\"><b>T: E todo isto que che fai facer na t\u00faa vida como Katia?<\/b><\/span><\/span><\/span><\/p>\n<p class=\"western\" align=\"justify\"><span style=\"font-family: Times New Roman, serif\"><span style=\"font-size: large\"><span style=\"color: #000000\">K: D\u00e1me a impresi\u00f3n que me afectou m\u00e1is na mi\u00f1a primeira mocidade, que eu era moi reticente para querer a algu\u00e9n. Ti\u00f1a medo de entregarme confiadamente, de querer.<\/span><\/span><\/span><\/p>\n<p class=\"western\" align=\"justify\"><span style=\"font-family: Times New Roman, serif\"><span style=\"font-size: large\"><span style=\"color: #000000\"><b>T: Agora ir\u00e1s ao \u00faltimo momento da t\u00faa vida nesa vida, un, dous, tres&#8230;:<\/b><\/span><\/span><\/span><\/p>\n<p class=\"western\" align=\"justify\"><span style=\"font-family: Times New Roman, serif\"><span style=\"font-size: large\"><span style=\"color: #000000\">K: Hai unha especie de festa, como bailes e c\u00e1nticos, con lume e invocaci\u00f3ns, e hai outro pobo inimigo que se aproveita diso para invadiren e atacaren o templo. Comezan a tirar lanzas e queiman, e ch\u00e9game unha lanza ao peito, e doume conta que vou morrer. \u00c9 como unha mestura, a festa que se transforma en matanza.<\/span><\/span><\/span><\/p>\n<p class=\"western\" align=\"justify\"><span style=\"font-family: Times New Roman, serif\"><span style=\"font-size: large\"><span style=\"color: #000000\">Non sinto dor. Sinto unha mestura de sorpresa con alivio: por fin acabouse. Eu quer\u00eda morrer hab\u00eda tempo.<\/span><\/span><\/span><\/p>\n<p class=\"western\" align=\"justify\"><span style=\"font-family: Times New Roman, serif\"><span style=\"font-size: large\"><span style=\"color: #000000\"><b>T: Avanza a trav\u00e9s desa morte e dime que est\u00e1 a ocorrer a\u00ed.<\/b><\/span><\/span><\/span><\/p>\n<p class=\"western\" align=\"justify\"><span style=\"font-family: Times New Roman, serif\"><span style=\"font-size: large\"><span style=\"color: #000000\">K: Vou sa\u00edndo da\u00ed, subindo, subindo&#8230; vexo o meu corpo que est\u00e1 botado, como desarticulado no chan e todos se pisan uns aos outros, hai moito sangue, \u00e9 unha orx\u00eda de sangue al\u00f3 embaixo&#8230; eran uns salvaxes, m\u00e1is atrasados ca n\u00f3s.<\/span><\/span><\/span><\/p>\n<p class=\"western\" align=\"justify\"><span style=\"font-family: Times New Roman, serif\"><span style=\"font-size: large\"><span style=\"color: #000000\"><b>T: Ese lugar, onde estaba?<\/b><\/span><\/span><\/span><\/p>\n<p class=\"western\" align=\"justify\"><span style=\"font-family: Times New Roman, serif\"><span style=\"font-size: large\"><span style=\"color: #000000\">K: Algo oriental, como Xava.<\/span><\/span><\/span><\/p>\n<p class=\"western\" align=\"justify\"><span style=\"font-family: Times New Roman, serif\"><span style=\"font-size: large\"><span style=\"color: #000000\"><b>T: Como te sentes ao ir subindo e vendo isto?<\/b><\/span><\/span><\/span><\/p>\n<p class=\"western\" align=\"justify\"><span style=\"font-family: Times New Roman, serif\"><span style=\"font-size: large\"><span style=\"color: #000000\">K: M\u00e1is aliviada, como que tivese menos odio, d\u00e1ndome conta que todos morriamos, e que era unha forma de descansar. E vou a un lugar como agradable, como frotando, como volume non m\u00e1is.<\/span><\/span><\/span><\/p>\n<p class=\"western\" align=\"justify\"><span style=\"font-family: Times New Roman, serif\"><span style=\"font-size: large\"><span style=\"color: #000000\"><b>T: Que temos que rescatar agora?<\/b><\/span><\/span><\/span><\/p>\n<p class=\"western\" align=\"justify\"><span style=\"font-family: Times New Roman, serif\"><span style=\"font-size: large\"><span style=\"color: #000000\">K: V\u00e9nseme \u00e1 mente que eu o quer\u00eda m\u00e1is a el que el a min. Como que me tivese gustado que me estivese esperando, e non, non est\u00e1 (rindo). E s\u00edntome un pouco desilusionada.<\/span><\/span><\/span><\/p>\n<p class=\"western\" align=\"justify\"><span style=\"font-family: Times New Roman, serif\"><span style=\"font-size: large\"><span style=\"color: #000000\"><b>T: Katia, cal \u00e9 a aprendizaxe desta experiencia?<\/b><\/span><\/span><\/span><\/p>\n<p class=\"western\" align=\"justify\"><span style=\"font-family: Times New Roman, serif\"><span style=\"font-size: large\"><span style=\"color: #000000\">K: Encontr\u00e1monos nesta vida, mais estarmos xuntos destruir\u00eda totalmente a s\u00faa imaxe. No momento pensei que foramos covardes, mais agora doume conta que estivo ben, que pasei a proba, porque el ser\u00eda outra vez sacrificado pola mi\u00f1a culpa.<\/span><\/span><\/span><\/p>\n<p class=\"western\" align=\"justify\"><span style=\"color: #000000\"><span style=\"font-family: Times New Roman, serif\"><span style=\"font-size: large\"><b>Traduci\u00f3n \u00e1 lingua galega: Vicenzo Reboleiro Gonz\u00e1lez.<\/b><\/span><\/span><\/span><\/p>\n<p class=\"western\" align=\"justify\"><span style=\"font-family: Times New Roman, serif\"><span style=\"font-size: large\"><span style=\"color: #000000\">Ligaz\u00f3n do caso orixinal en castel\u00e1n dentro do sitio web \u00ab<\/span><span style=\"color: #000000\"><i>Terapia da alma<\/i><\/span><span style=\"color: #000000\">\u00bb da Academia de Terapia Regresiva da Doutora Viviana Zenteno, en Chile:<\/span><\/span><\/span><\/p>\n<p class=\"western\" lang=\"ca-ES\" align=\"justify\"><span style=\"color: #000080\"><u><a href=\"https:\/\/terapiadelalma.org\/katia-caso-clinico\/\"><span style=\"font-family: Times New Roman, serif\"><span style=\"font-size: large\"><span lang=\"gl-ES\">https:\/\/terapiadelalma.org\/katia-caso-clinico\/<\/span><\/span><\/span><\/a><\/u><\/span><\/p>","protected":false},"excerpt":{"rendered":"<p>Katia. Caso Cl\u00ednico. M\u00e9rcores, 1 de Outubro de 2014. Terapeuta: Doutora Viviana Zenteno. Katia (45) comprende nesta regresi\u00f3n o motivo dunha renuncia amorosa. Anos atr\u00e1s ela era libre, mais el &hellip; <a href=\"https:\/\/animaweb.blog.pangea.org\/gl\/katia-cas-clinic\/\" class=\"more-link\">Ler m\u00e1is<span class=\"screen-reader-text\"> &#8220;Katia. Caso Cl\u00ednico.&#8221;<\/span><\/a><\/p>\n","protected":false},"author":12345698,"featured_media":0,"parent":0,"menu_order":0,"comment_status":"closed","ping_status":"closed","template":"","meta":{"ngg_post_thumbnail":0,"footnotes":""},"class_list":["post-920","page","type-page","status-publish","hentry"],"_links":{"self":[{"href":"https:\/\/animaweb.blog.pangea.org\/gl\/wp-json\/wp\/v2\/pages\/920","targetHints":{"allow":["GET"]}}],"collection":[{"href":"https:\/\/animaweb.blog.pangea.org\/gl\/wp-json\/wp\/v2\/pages"}],"about":[{"href":"https:\/\/animaweb.blog.pangea.org\/gl\/wp-json\/wp\/v2\/types\/page"}],"author":[{"embeddable":true,"href":"https:\/\/animaweb.blog.pangea.org\/gl\/wp-json\/wp\/v2\/users\/12345698"}],"replies":[{"embeddable":true,"href":"https:\/\/animaweb.blog.pangea.org\/gl\/wp-json\/wp\/v2\/comments?post=920"}],"version-history":[{"count":9,"href":"https:\/\/animaweb.blog.pangea.org\/gl\/wp-json\/wp\/v2\/pages\/920\/revisions"}],"predecessor-version":[{"id":2105,"href":"https:\/\/animaweb.blog.pangea.org\/gl\/wp-json\/wp\/v2\/pages\/920\/revisions\/2105"}],"wp:attachment":[{"href":"https:\/\/animaweb.blog.pangea.org\/gl\/wp-json\/wp\/v2\/media?parent=920"}],"curies":[{"name":"wp","href":"https:\/\/api.w.org\/{rel}","templated":true}]}}