{"id":88,"date":"2018-01-18T17:23:37","date_gmt":"2018-01-18T15:23:37","guid":{"rendered":"http:\/\/animaweb.blog.pangea.org\/?page_id=88"},"modified":"2021-10-30T09:16:52","modified_gmt":"2021-10-30T07:16:52","slug":"bibliografia-del-doctor-jose-luis-cabouli","status":"publish","type":"page","link":"https:\/\/animaweb.blog.pangea.org\/gl\/bibliografia-del-doctor-jose-luis-cabouli\/","title":{"rendered":"Bibliografia do Doutor Jos\u00e9 Luis Cabouli."},"content":{"rendered":"<p lang=\"gl-ES\" align=\"center\"><span style=\"font-family: Times New Roman, serif\"><span style=\"font-size: x-large\"><b>Bibliograf\u00eda do Doutor Jos\u00e9 Lu\u00eds Cabouli.<\/b><\/span><\/span><\/p>\n<p lang=\"gl-ES\" style=\"text-align: justify\" align=\"center\"><span style=\"font-family: Times New Roman, serif\"><span style=\"font-size: large\"><b>Traduci\u00f3n: Elisa Borraz\u00e1s.<\/b><\/span><\/span><\/p>\n<table border=\"0\" width=\"100%\">\n<tbody>\n<tr>\n<td>\n<p style=\"text-align: center\" align=\"justify\"><img loading=\"lazy\" decoding=\"async\" class=\"aligncenter wp-image-89 size-full\" title=\"Terapia de Vidas Pasadas. T\u00e9cnica e pr\u00e1ctica (Terapia de Vidas Pasadas. T\u00e9cnica y pr\u00e1ctica). ISBN: 9789507540257. Editorial Continente (http:\/\/www.edicontinente.com.ar). Formato: 230 x 155 x 20 mm (R\u00fastica con solapa). P\u00e1xinas: 320. Publicaci\u00f3n: 26\/09\/1995. Idioma: castel\u00e1n.\" src=\"https:\/\/animaweb.cat\/files\/2018\/01\/Doctor_Jose_Luis_Cabouli_Terapia_de_vidas_pasadas_Editorial_Continente_portada_castellano.jpg\" alt=\"Terapia de Vidas Pasadas. T\u00e9cnica e pr\u00e1ctica (Terapia de Vidas Pasadas. T\u00e9cnica y pr\u00e1ctica). ISBN: 9789507540257. Editorial Continente (http:\/\/www.edicontinente.com.ar). Formato: 230 x 155 x 20 mm (R\u00fastica con solapa). P\u00e1xinas: 320. Publicaci\u00f3n: 26\/09\/1995. Idioma: castel\u00e1n.\" width=\"162\" height=\"236\" \/><\/p>\n<p align=\"justify\"><span lang=\"gl-ES\"><i>Terapia de Vidas Pasadas. T\u00e9cnica e pr\u00e1ctica<\/i><\/span> <span lang=\"gl-ES\">(<\/span><span lang=\"gl-ES\"><i>Terapia de Vidas Pasadas. T\u00e9cnica y pr\u00e1ctica<\/i><\/span><span lang=\"gl-ES\">)<\/span><span lang=\"gl-ES\">. ISBN: 9789507540257. Editorial Continente (<a href=\"http:\/\/www.edicontinente.com.ar\/\">http:\/\/www.edicontinente.com.ar<\/a>). Formato: 230 x 155 x 20 mm (R\u00fastica con solapa). P\u00e1xinas: 320. Publicaci\u00f3n: 26\/09\/1995. Idioma: castel\u00e1n.<\/span><\/p>\n<p lang=\"gl-ES\" align=\"justify\">Vivimos outras vidas antes desta? \u00c9 posible que hoxe, na nosa vida presente, reaccionemos sen sabelo ao influxo de antigas emoci\u00f3ns non resoltas?<\/p>\n<p lang=\"gl-ES\" align=\"justify\">Moitas persoas que atravesaron pola experiencia de regresi\u00f3n, descubriron que os s\u00edntomas e conflitos que as perturban desaparec\u00edan ou se resolv\u00edan ao revivir escenas das s\u00faas vidas anteriores. Por primeira vez un m\u00e9dico arxentino revela a s\u00faa experiencia cl\u00ednica coa Terapia de Vidas Pasadas e explica, de xeito claro e ameno, a trav\u00e9s de historias reais, a t\u00e9cnica que utiliza na s\u00faa pr\u00e1ctica privada.<\/p>\n<p lang=\"gl-ES\" align=\"justify\"><i>Terapia de Vidas Pasadas<\/i>, un libro que xa \u00e9 un cl\u00e1sico da psicolox\u00eda transpersoal.<\/p>\n<\/td>\n<\/tr>\n<tr>\n<td>\n<p style=\"text-align: center\" align=\"justify\"><img loading=\"lazy\" decoding=\"async\" class=\"aligncenter wp-image-90 size-full\" title=\"A Viaxe da alma. Experiencias da vida entre as vidas (El Viaje del Alma. Experiencias de la vida entre las vidas). ISBN: 9789507541926. Editorial Continente (http:\/\/www.edicontinente.com.ar). Formato: 230 x 155 x mm (R\u00fastica con solapa). P\u00e1xinas: 224. Publicaci\u00f3n: 09\/11\/2006. Idioma: castel\u00e1n.\" src=\"https:\/\/animaweb.cat\/files\/2018\/01\/Doctor_Jose_Luis_Cabouli_El_viaje_del_alma_Editorial_Continente_portada_castellano.jpg\" alt=\"A Viaxe da alma. Experiencias da vida entre as vidas (El Viaje del Alma. Experiencias de la vida entre las vidas). ISBN: 9789507541926. Editorial Continente (http:\/\/www.edicontinente.com.ar). Formato: 230 x 155 x mm (R\u00fastica con solapa). P\u00e1xinas: 224. Publicaci\u00f3n: 09\/11\/2006. Idioma: castel\u00e1n.\" width=\"170\" height=\"246\" \/><\/p>\n<p align=\"justify\"><span lang=\"gl-ES\"><i>A Viaxe da alma. Experiencias da vida entre as vidas<\/i><\/span> <span lang=\"gl-ES\">(<\/span><span lang=\"gl-ES\"><i>El Viaje del Alma. Experiencias de la vida entre las vidas<\/i><\/span><span lang=\"gl-ES\">)<\/span><span lang=\"gl-ES\"><i>.<\/i><\/span><span lang=\"gl-ES\"> ISBN: 9789507541926. Editorial Continente (<a href=\"http:\/\/www.edicontinente.com.ar\/\">http:\/\/www.edicontinente.com.ar<\/a>). Formato: 230 x 155 x mm (R\u00fastica con solapa). P\u00e1xinas: 224. Publicaci\u00f3n: 09\/11\/2006. Idioma: castel\u00e1n.<\/span><\/p>\n<p lang=\"gl-ES\" align=\"justify\">A\u00ednda que non o lembremos, todos volvemos da morte. Pero, que cousa \u00e9 iso que chamamos \u00abmorte\u00bb? Que nos ocorre despois da morte? Onde imos? Que nos agarda?<\/p>\n<p lang=\"gl-ES\" align=\"justify\">Neste libro, a resposta ch\u00e9ganos directamente das persoas que, a trav\u00e9s da Terapia de Vidas Pasadas, experimentaron a continuidade da s\u00faa consciencia m\u00e1is al\u00f3 da existencia f\u00edsica.<\/p>\n<p lang=\"gl-ES\" align=\"justify\">Partindo da experiencia da morte, percorrendo o espazo entre vidas at\u00e9 chegar ao momento de volver nacer, o seu autor, o Dr. Jos\u00e9 Lu\u00eds Cabouli de vasta experiencia na pr\u00e1ctica terap\u00e9utica de regresi\u00f3n a vidas pasadas, cond\u00facenos nunha viaxe de ida e volta no cami\u00f1o da alma.<\/p>\n<p lang=\"gl-ES\" align=\"justify\">Unha viaxe onde se nos revela como unha certeza a sabia reflexi\u00f3n de Apolonio de Tiana:<\/p>\n<p lang=\"gl-ES\" align=\"justify\">\u00abNada nace, nada morre en realidade. Ningunha persoa morre sen\u00f3n en aparencia. Ningunha persoa nace sen\u00f3n en aparencia. A pasaxe da esencia \u00e1 substancia, \u00e9 o que se chama \u00abnacer\u00bb e, pola contra, o que se chama \u00abmorrer\u00bb \u00e9 a pasaxe da substancia \u00e1 esencia\u00bb.<\/p>\n<\/td>\n<\/tr>\n<tr>\n<td>\n<p style=\"text-align: center\" align=\"justify\"><img loading=\"lazy\" decoding=\"async\" class=\"aligncenter wp-image-93 size-full\" title=\"A Vida antes de Nacer. Viaxe \u00e1 orixe da nosa historia persoal (La Vida antes de Nacer. Viaje al origen de nuestra historia personal). ISBN: 9789507540738. Editorial Continente (http:\/\/www.edicontinente.com.ar). Formato: 230 x 155 x 19 mm (R\u00fastica con solapa). P\u00e1xinas: 256. Publicaci\u00f3n: 26\/04\/2000. Idioma: castel\u00e1n.\" src=\"https:\/\/animaweb.cat\/files\/2018\/01\/Doctor_Jose_Luis_Cabouli_La_vida_antes_de_nacer_Editorial_Continente_portada_castellano.jpg\" alt=\"La Vida antes de Nacer. Viaje al origen de nuestra historia personal. ISBN: 9789507540738. Editorial Continente (http:\/\/www.edicontinente.com.ar). Formato: 230 x 155 x 19 mm (R\u00fastica con solapa). P\u00e1ginas: 256. Publicaci\u00f3n: 26\/04\/2000.\" width=\"165\" height=\"244\" \/><\/p>\n<p align=\"justify\"><span lang=\"gl-ES\"><i>A Vida antes de Nacer. Viaxe \u00e1 orixe da nosa historia persoal<\/i><\/span> <span lang=\"gl-ES\">(<\/span><span lang=\"gl-ES\"><i>La Vida antes de Nacer. Viaje al origen de nuestra historia personal<\/i><\/span><span lang=\"gl-ES\">)<\/span><span lang=\"gl-ES\">. ISBN: 9789507540738. Editorial Continente (<a href=\"http:\/\/www.edicontinente.com.ar\/\">http:\/\/www.edicontinente.com.ar<\/a>). Formato: 230 x 155 x 19 mm (R\u00fastica con solapa). P\u00e1xinas: 256. Publicaci\u00f3n: 26\/04\/2000. Idioma: castel\u00e1n.<\/span><\/p>\n<p lang=\"gl-ES\" align=\"justify\">Pode unha nai influ\u00edr no psiquismo do seu fillo antes do nacemento? \u00c9 o mesmo nacer de parto natural que por ces\u00e1rea? Como \u00e9 nacer baixo anestesia xeral? E con f\u00f3rceps? E con circular de cord\u00f3n? Que sucede coa alma despois da interrupci\u00f3n do embarazo? De que falan os xemelgos antes de nacer? Todo o que nunca imaxinou sobre a vida do beb\u00e9 antes de nacer saberao directamente a trav\u00e9s do relato daqueles que reviviron a vida intrauterina en regresi\u00f3n. Un libro revelador para pais, terapeutas, obstetras e todos aqueles interesados neste fascinante per\u00edodo da vida.<\/p>\n<\/td>\n<\/tr>\n<tr>\n<td>\n<p style=\"text-align: center\" align=\"justify\"><img loading=\"lazy\" decoding=\"async\" class=\"aligncenter wp-image-94 size-full\" title=\"O Traballo da alma. Que \u00e9 a Terapia de Vidas Pasadas? (El Trabajo del Alma. \u00bfQu\u00e9 es la Terapia de Vidas Pasadas?). ISBN: 9789507541087. Editorial Continente (http:\/\/www.edicontinente.com.ar). Formato: 230 x 155 x 9 mm (R\u00fastica con solapa). P\u00e1xinas: 128. Publicaci\u00f3n: 05\/08\/2004. Idioma: castel\u00e1n.\" src=\"https:\/\/animaweb.cat\/files\/2018\/01\/Doctor_Jose_Luis_Cabouli_El_trabajo_del_alma_Editorial_Continente_portada_castellano.jpg\" alt=\"O Traballo da alma. Que \u00e9 a Terapia de Vidas Pasadas? (El Trabajo del Alma. \u00bfQu\u00e9 es la Terapia de Vidas Pasadas?). ISBN: 9789507541087. Editorial Continente (http:\/\/www.edicontinente.com.ar). Formato: 230 x 155 x 9 mm (R\u00fastica con solapa). P\u00e1xinas: 128. Publicaci\u00f3n: 05\/08\/2004. Idioma: castel\u00e1n.\" width=\"161\" height=\"240\" \/><\/p>\n<p align=\"justify\"><span lang=\"gl-ES\"><i>O Traballo da alma. Que \u00e9 a Terapia de Vidas Pasadas?<\/i><\/span> <span lang=\"gl-ES\">(<\/span><span lang=\"gl-ES\"><i>El Trabajo del Alma. \u00bfQu\u00e9 es la Terapia de Vidas Pasadas?<\/i><\/span><span lang=\"gl-ES\">). <\/span><span lang=\"gl-ES\">ISBN: 9789507541087. Editorial Continente (<a href=\"http:\/\/www.edicontinente.com.ar\/\">http:\/\/www.edicontinente.com.ar<\/a>). Formato: 230 x 155 x 9 mm (R\u00fastica con solapa). P\u00e1xinas: 128. Publicaci\u00f3n: 05\/08\/2004. Idioma: castel\u00e1n.<\/span><\/p>\n<p lang=\"gl-ES\" align=\"justify\">Que \u00e9 a Terapia de Vidas Pasadas? En que se basea? Como funciona? Como se traballa? Que cousas pode resolver? Cales son os verdadeiros alcances desta t\u00e9cnica terap\u00e9utica?<\/p>\n<p lang=\"gl-ES\" align=\"justify\">Historias reais de fobias, medos, afogos nocturnos e asma bronquial, entre outras, son o medio elixido polo autor para responder amplamente a estes interrogantes, ao tempo que nos mergulla nos carreiros da alma humana.<\/p>\n<p lang=\"gl-ES\" align=\"justify\">Un co\u00f1ecemento e un ensino m\u00e1is profundos subxacen en cada unha destas historias. Do mesmo xeito que a maior\u00eda das persoas, os protagonistas consultaron pola s\u00faa dor sen saber que finalmente ir\u00edan atoparse coa s\u00faa alma. M\u00e1is al\u00f3 da dor e das emoci\u00f3ns a resolver est\u00e1 a aprendizaxe da alma.<\/p>\n<\/td>\n<\/tr>\n<tr>\n<td>\n<p style=\"text-align: center\" align=\"justify\"><img loading=\"lazy\" decoding=\"async\" class=\"aligncenter wp-image-95 size-full\" title=\"Terapia da Posesi\u00f3n Espiritual. T\u00e9cnica e pr\u00e1ctica cl\u00ednica (Terapia de la Posesi\u00f3n Espiritual. T\u00e9cnica y pr\u00e1ctica cl\u00ednica). ISBN: 9789507543807. Editorial Continente (http:\/\/www.edicontinente.com.ar). Formato: 230 x 155 x 25 mm (R\u00fastica con solapa). P\u00e1xinas: 360. Publicaci\u00f3n: 18\/09\/2012. Idioma: castel\u00e1n.\" src=\"https:\/\/animaweb.cat\/files\/2018\/01\/Doctor_Jose_Luis_Cabouli_Terapia_de_la_posesion_espiritual_Editorial_Continente_portada_castellano.jpg\" alt=\"Terapia da Posesi\u00f3n Espiritual. T\u00e9cnica e pr\u00e1ctica cl\u00ednica (Terapia de la Posesi\u00f3n Espiritual. T\u00e9cnica y pr\u00e1ctica cl\u00ednica). ISBN: 9789507543807. Editorial Continente (http:\/\/www.edicontinente.com.ar). Formato: 230 x 155 x 25 mm (R\u00fastica con solapa). P\u00e1xinas: 360. Publicaci\u00f3n: 18\/09\/2012. Idioma: castel\u00e1n.\" width=\"174\" height=\"246\" \/><\/p>\n<p align=\"justify\"><span lang=\"gl-ES\"><i>Terapia da Posesi\u00f3n Espiritual. T\u00e9cnica e pr\u00e1ctica cl\u00ednica<\/i><\/span> <span lang=\"gl-ES\">(<\/span><span lang=\"gl-ES\"><i>Terapia de la Posesi\u00f3n Espiritual. T\u00e9cnica y pr\u00e1ctica cl\u00ednica<\/i><\/span><span lang=\"gl-ES\">)<\/span><span lang=\"gl-ES\">. ISBN: 9789507543807. Editorial Continente (<a href=\"http:\/\/www.edicontinente.com.ar\/\">http:\/\/www.edicontinente.com.ar<\/a>). Formato: 230 x 155 x 25 mm (R\u00fastica con solapa). P\u00e1xinas: 360. Publicaci\u00f3n: 18\/09\/2012. Idioma: castel\u00e1n.<\/span><\/p>\n<p lang=\"gl-ES\" align=\"justify\">Algunha vez a s\u00faa parella lle dixo que hai momentos nos que vostede parece outra persoa? Ou sentiu que hai momentos nos que non \u00e9 vostede? Algunha vez experimentou coma se houbese outra vontade no seu interior que o impulsase a facer cousas que non quer\u00eda facer? Ou, pola contra, sentiu que algo inexplicable o frea ou o obstaculiza cada vez que quere emprender unha tarefa importante? Tivo pensamentos estra\u00f1os ou obsesivos coma se estes non lle pertencesen?<\/p>\n<p lang=\"gl-ES\" align=\"justify\">\u00c9 posible que no noso comportamento e decisi\u00f3ns vitais sexamos influenciados mental e emocionalmente pola acci\u00f3n dunha enerx\u00eda pensante estra\u00f1a?<\/p>\n<p lang=\"gl-ES\" align=\"justify\">No transcurso do traballo terap\u00e9utico coa regresi\u00f3n \u00e9 frecuente que o terapeuta descubra que os s\u00edntomas que presenta o paciente non se deben a un trauma padecido por este sen\u00f3n ao accionar unha enerx\u00eda estra\u00f1a que invadiu o subconsciente da persoa. Esta invasi\u00f3n do subconsciente \u00e9 o que clasicamente se co\u00f1eceu como a posesi\u00f3n espiritual.<\/p>\n<p lang=\"gl-ES\" align=\"justify\">Con valent\u00eda, claridade e coa sinxeleza que o caracteriza, o Dr. Jos\u00e9 Lu\u00eds Cabouli, mestre reco\u00f1ecido en Terapia de Vidas Pasadas, revela aqu\u00ed mediante historias reais a s\u00faa experiencia cl\u00ednica de dezaoito anos no traballo terap\u00e9utico co fen\u00f3meno da posesi\u00f3n espiritual.<\/p>\n<p lang=\"gl-ES\" align=\"justify\">Un libro apaixonante, emotivo e revelador, que responde a estes interrogantes e abre un cami\u00f1o real para a resoluci\u00f3n de moitos conflitos mentais e emocionais.<\/p>\n<\/td>\n<\/tr>\n<tr>\n<td>\n<p style=\"text-align: center\"><img loading=\"lazy\" decoding=\"async\" class=\"aligncenter wp-image-203 size-full\" title=\"Terapia da Posesi\u00f3n Espiritual. T\u00e9cnica e pr\u00e1ctica cl\u00ednica (Terapia de la Posesi\u00f3n Espiritual. T\u00e9cnica y pr\u00e1ctica cl\u00ednica). ISBN: 976-84-96381-36-0. Edici\u00f3ns \u00cdndigo. Primeira edici\u00f3n: Xu\u00f1o de 2006. Segunda edici\u00f3n: Xu\u00f1o de 2010. Idioma: castel\u00e1n.\" src=\"https:\/\/animaweb.cat\/files\/2018\/02\/Doctor_Jose_Luis_Cabouli_Terapia_de_la_posesion_espiritual_Editorial_Indigo_portada_castellano_200x286px.png\" alt=\"Terapia da Posesi\u00f3n Espiritual. T\u00e9cnica e pr\u00e1ctica cl\u00ednica (Terapia de la Posesi\u00f3n Espiritual. T\u00e9cnica y pr\u00e1ctica cl\u00ednica). ISBN: 976-84-96381-36-0. Edici\u00f3ns \u00cdndigo. Primeira edici\u00f3n: Xu\u00f1o de 2006. Segunda edici\u00f3n: Xu\u00f1o de 2010. Idioma: castel\u00e1n.\" width=\"200\" height=\"286\" \/><\/p>\n<p><i>Terapia da Posesi\u00f3n Espiritual. T\u00e9cnica e pr\u00e1ctica cl\u00ednica<\/i> (<i>Terapia de la Posesi\u00f3n Espiritual. T\u00e9cnica y pr\u00e1ctica cl\u00ednica<\/i>)<i>.<\/i> ISBN: 976-84-96381-36-0. Edici\u00f3ns \u00cdndigo. Primeira edici\u00f3n: Xu\u00f1o de 2006. Segunda edici\u00f3n: Xu\u00f1o de 2010. Idioma: castel\u00e1n.<\/td>\n<\/tr>\n<tr>\n<td>\n<p style=\"text-align: center\" align=\"justify\"><img loading=\"lazy\" decoding=\"async\" class=\"aligncenter wp-image-96 size-full\" title=\"O Prop\u00f3sito da alma. Cal \u00e9 a nosa misi\u00f3n nesta vida (El Prop\u00f3sito del Alma. Cu\u00e1l es nuestra misi\u00f3n en esta vida). ISBN: 9789507543531. Editorial Continente (http:\/\/www.edicontinente.com.ar). Formato: 230 x 155 x 15 mm (R\u00fastica con solapa). P\u00e1xinas: 192. Publicaci\u00f3n: 24\/07\/2012. Idioma: castel\u00e1n.\" src=\"https:\/\/animaweb.cat\/files\/2018\/01\/Doctor_Jose_Luis_Cabouli_El_proposito_del_alma_Editorial_Continente_portada_castellano.jpg\" alt=\"O Prop\u00f3sito da alma. Cal \u00e9 a nosa misi\u00f3n nesta vida (El Prop\u00f3sito del Alma. Cu\u00e1l es nuestra misi\u00f3n en esta vida). ISBN: 9789507543531. Editorial Continente (http:\/\/www.edicontinente.com.ar). Formato: 230 x 155 x 15 mm (R\u00fastica con solapa). P\u00e1xinas: 192. Publicaci\u00f3n: 24\/07\/2012. Idioma: castel\u00e1n.\" width=\"165\" height=\"246\" \/><\/p>\n<p align=\"justify\"><span lang=\"gl-ES\"><i>O Prop\u00f3sito da alma. Cal \u00e9 a nosa misi\u00f3n nesta vida<\/i><\/span> <span lang=\"gl-ES\">(<\/span><span lang=\"gl-ES\"><i>El Prop\u00f3sito del Alma. Cu\u00e1l es nuestra misi\u00f3n en esta vida<\/i><\/span><span lang=\"gl-ES\">)<\/span><span lang=\"gl-ES\"><i>.<\/i><\/span><span lang=\"gl-ES\"> ISBN: 9789507543531. Editorial Continente (<a href=\"http:\/\/www.edicontinente.com.ar\/\">http:\/\/www.edicontinente.com.ar<\/a>). Formato: 230 x 155 x 15 mm (R\u00fastica con solapa). P\u00e1xinas: 192. Publicaci\u00f3n: 24\/07\/2012. Idioma: castel\u00e1n.<\/span><\/p>\n<p lang=\"gl-ES\" align=\"justify\">Para que estamos aqu\u00ed, nesta vida? Que \u00e9 o que vi\u00f1emos facer? Cal \u00e9 a nosa misi\u00f3n nesta vida? Cal \u00e9 o sentido da vida?<\/p>\n<p lang=\"gl-ES\" align=\"justify\">Todos, absolutamente todos, temos un prop\u00f3sito a cumprir nesta vida. Este prop\u00f3sito forma parte do proceso de aprendizaxe, de evoluci\u00f3n e de crecemento da nosa alma e constit\u00fae a esencia e o sentido da nosa vida no corpo f\u00edsico.<\/p>\n<p lang=\"gl-ES\" align=\"justify\">Estamos aqu\u00ed, neste mundo, cun prop\u00f3sito claro e preciso que foi definido pola nosa alma antes de encarnar.<\/p>\n<p lang=\"gl-ES\" align=\"justify\">Completando a trilox\u00eda iniciada con \u00ab<i>A<\/i><i> viaxe da alma<\/i>\u00bb e \u00ab<i>O traballo da alma<\/i>\u00bb, o doutor Jos\u00e9 Lu\u00eds Cabouli, reco\u00f1ecido autor e mestre en terapia de vidas pasadas, merg\u00fallanos na aventura da alma dende o intre no que se diagrama o noso plan de vida at\u00e9 o momento da nosa aparici\u00f3n neste mundo. Para que estamos aqu\u00ed, como se define o prop\u00f3sito da alma, como se determinan os seres que ser\u00e1n os nosos pais, son alg\u00fans dos interrogantes que son dilucidados a trav\u00e9s do relato de persoas que vivenciaron por medio da regresi\u00f3n a experiencia da preparaci\u00f3n do seu prop\u00f3sito para esta vida.<\/p>\n<\/td>\n<\/tr>\n<tr>\n<td>\n<p style=\"text-align: center\" align=\"justify\"><img loading=\"lazy\" decoding=\"async\" class=\"aligncenter wp-image-97 size-full\" title=\"Atrapamento e recuperaci\u00f3n da alma. Terapia de Vidas Pasadas: unha novo paradigma (Atrapamiento y recuperaci\u00f3n del alma. Terapia de Vidas Pasadas: un nuevo paradigma). ISBN: 9789507544620. Editorial Continente (http:\/\/www.edicontinente.com.ar). Formato: 230 x 155 x 15 mm (R\u00fastica con solapa). P\u00e1xinas: 256. Publicaci\u00f3n: 30\/07\/2014. Idioma: castel\u00e1n.\" src=\"https:\/\/animaweb.cat\/files\/2018\/01\/Doctor_Jose_Luis_Cabouli_Atrapamiento_y_recuperacion_del_alma_Editorial_Continente_portada_castellano.jpg\" alt=\"Atrapamento e recuperaci\u00f3n da alma. Terapia de Vidas Pasadas: unha novo paradigma (Atrapamiento y recuperaci\u00f3n del alma. Terapia de Vidas Pasadas: un nuevo paradigma). ISBN: 9789507544620. Editorial Continente (http:\/\/www.edicontinente.com.ar). Formato: 230 x 155 x 15 mm (R\u00fastica con solapa). P\u00e1xinas: 256. Publicaci\u00f3n: 30\/07\/2014. Idioma: castel\u00e1n.\" width=\"165\" height=\"240\" \/><\/p>\n<p align=\"justify\"><span lang=\"gl-ES\"><i>Atrapamento e recuperaci\u00f3n da alma. Terapia de Vidas Pasadas: unha novo paradigma<\/i><\/span> <span lang=\"gl-ES\">(<\/span><span lang=\"gl-ES\"><i>Atrapamiento y recuperaci\u00f3n del alma. Terapia de Vidas Pasadas: un nuevo paradigma<\/i><\/span><span lang=\"gl-ES\">)<\/span><span lang=\"gl-ES\"><i>.<\/i><\/span><span lang=\"gl-ES\"> ISBN: 9789507544620. Editorial Continente (<a href=\"http:\/\/www.edicontinente.com.ar\/\">http:\/\/www.edicontinente.com.ar<\/a>). Formato: 230 x 155 x 15 mm (R\u00fastica con solapa). P\u00e1xinas: 256. Publicaci\u00f3n: 30\/07\/2014. Idioma: castel\u00e1n.<\/span><\/p>\n<p lang=\"gl-ES\" align=\"justify\">As vidas pasadas, son vidas pasadas ou son vidas simult\u00e1neas? \u00c9 posible que en situaci\u00f3ns traum\u00e1ticas perdamos unha parte da nosa alma? E se \u00e9 as\u00ed, \u00e9 posible recuperar o fragmento que se perdeu?<\/p>\n<p lang=\"gl-ES\" align=\"justify\">Tras escribir sobre a t\u00e9cnica b\u00e1sica, o espazo entre vidas, a vida antes de nacer, o prop\u00f3sito da alma e a influencia das almas perdidas na x\u00e9nese dalg\u00fans disturbios emocionais, o autor presenta aqu\u00ed un enfoque novo da terapia de vidas pasadas como corolario da s\u00faa experiencia de vinte e sete anos na pr\u00e1ctica cl\u00ednica e m\u00e1is de seis mil regresi\u00f3ns conducidas.<\/p>\n<p lang=\"gl-ES\" align=\"justify\">Atrapamento da alma, multisimultaneidade, perda e recuperaci\u00f3n da alma, promesas, pactos e maldici\u00f3ns son alg\u00fans dos conceptos que conforman un novo paradigma e unha comprensi\u00f3n diferente da terapia de vidas pasadas. Un libro que revoluciona o concepto acerca desta terapia; revelador e atractivo para o p\u00fablico en xeral, servir\u00e1 de gu\u00eda para os profesionais interesados nesta t\u00e9cnica transpersoal.<\/p>\n<\/td>\n<\/tr>\n<\/tbody>\n<\/table>","protected":false},"excerpt":{"rendered":"<p>Bibliograf\u00eda do Doutor Jos\u00e9 Lu\u00eds Cabouli. Traduci\u00f3n: Elisa Borraz\u00e1s. Terapia de Vidas Pasadas. T\u00e9cnica e pr\u00e1ctica (Terapia de Vidas Pasadas. T\u00e9cnica y pr\u00e1ctica). ISBN: 9789507540257. Editorial Continente (http:\/\/www.edicontinente.com.ar). Formato: 230 &hellip; <a href=\"https:\/\/animaweb.blog.pangea.org\/gl\/bibliografia-del-doctor-jose-luis-cabouli\/\" class=\"more-link\">Ler m\u00e1is<span class=\"screen-reader-text\"> &#8220;Bibliografia do Doutor Jos\u00e9 Luis Cabouli.&#8221;<\/span><\/a><\/p>\n","protected":false},"author":12345698,"featured_media":0,"parent":0,"menu_order":0,"comment_status":"closed","ping_status":"closed","template":"","meta":{"ngg_post_thumbnail":0,"footnotes":""},"class_list":["post-88","page","type-page","status-publish","hentry"],"_links":{"self":[{"href":"https:\/\/animaweb.blog.pangea.org\/gl\/wp-json\/wp\/v2\/pages\/88","targetHints":{"allow":["GET"]}}],"collection":[{"href":"https:\/\/animaweb.blog.pangea.org\/gl\/wp-json\/wp\/v2\/pages"}],"about":[{"href":"https:\/\/animaweb.blog.pangea.org\/gl\/wp-json\/wp\/v2\/types\/page"}],"author":[{"embeddable":true,"href":"https:\/\/animaweb.blog.pangea.org\/gl\/wp-json\/wp\/v2\/users\/12345698"}],"replies":[{"embeddable":true,"href":"https:\/\/animaweb.blog.pangea.org\/gl\/wp-json\/wp\/v2\/comments?post=88"}],"version-history":[{"count":33,"href":"https:\/\/animaweb.blog.pangea.org\/gl\/wp-json\/wp\/v2\/pages\/88\/revisions"}],"predecessor-version":[{"id":1597,"href":"https:\/\/animaweb.blog.pangea.org\/gl\/wp-json\/wp\/v2\/pages\/88\/revisions\/1597"}],"wp:attachment":[{"href":"https:\/\/animaweb.blog.pangea.org\/gl\/wp-json\/wp\/v2\/media?parent=88"}],"curies":[{"name":"wp","href":"https:\/\/api.w.org\/{rel}","templated":true}]}}