{"id":85,"date":"2018-01-18T17:09:58","date_gmt":"2018-01-18T15:09:58","guid":{"rendered":"http:\/\/animaweb.blog.pangea.org\/?page_id=85"},"modified":"2022-12-25T08:03:33","modified_gmt":"2022-12-25T06:03:33","slug":"bibliografies","status":"publish","type":"page","link":"https:\/\/animaweb.blog.pangea.org\/gl\/bibliografies\/","title":{"rendered":"Bibliografias"},"content":{"rendered":"<p lang=\"gl-ES\" align=\"justify\"><a href=\"\/gl\/bibliografia-del-doctor-jose-luis-cabouli\/\"><span style=\"font-family: Times New Roman, serif\"><span style=\"font-size: x-large\"><b>Bibliograf\u00eda do Doutor Jos\u00e9 Lu\u00eds Cabouli.<\/b><\/span><\/span><\/a><\/p>\n<p lang=\"gl-ES\" align=\"justify\"><a href=\"\/gl\/blibliografia-del-doctor-brian-weiss\/\"><span style=\"font-family: Times New Roman, serif\"><span style=\"font-size: x-large\"><b>Bibliograf\u00eda do Doutor Brian Weiss.<\/b><\/span><\/span><\/a><\/p>\n<p lang=\"gl-ES\" align=\"justify\"><a href=\"\/gl\/bibliografia-del-doctor-michael-newton\/\"><span style=\"font-family: Times New Roman, serif\"><span style=\"font-size: x-large\"><b>Bibliografia do Doutor Michael Newton.<\/b><\/span><\/span><\/a><\/p>\n<p align=\"justify\"><a href=\"\/gl\/bibliografia-de-la-doctora-viviana-zenteno\/\"><span style=\"font-family: Times New Roman, serif\"><span style=\"font-size: x-large\"><span lang=\"gl-ES\"><b>Bibliograf\u00eda da Doutora Viviana Zenteno.<\/b><\/span><\/span><\/span><\/a><\/p>","protected":false},"excerpt":{"rendered":"<p>Bibliograf\u00eda do Doutor Jos\u00e9 Lu\u00eds Cabouli. Bibliograf\u00eda do Doutor Brian Weiss. Bibliografia do Doutor Michael Newton. Bibliograf\u00eda da Doutora Viviana Zenteno.<\/p>\n","protected":false},"author":12345698,"featured_media":0,"parent":0,"menu_order":0,"comment_status":"closed","ping_status":"closed","template":"","meta":{"ngg_post_thumbnail":0,"footnotes":""},"class_list":["post-85","page","type-page","status-publish","hentry"],"_links":{"self":[{"href":"https:\/\/animaweb.blog.pangea.org\/gl\/wp-json\/wp\/v2\/pages\/85","targetHints":{"allow":["GET"]}}],"collection":[{"href":"https:\/\/animaweb.blog.pangea.org\/gl\/wp-json\/wp\/v2\/pages"}],"about":[{"href":"https:\/\/animaweb.blog.pangea.org\/gl\/wp-json\/wp\/v2\/types\/page"}],"author":[{"embeddable":true,"href":"https:\/\/animaweb.blog.pangea.org\/gl\/wp-json\/wp\/v2\/users\/12345698"}],"replies":[{"embeddable":true,"href":"https:\/\/animaweb.blog.pangea.org\/gl\/wp-json\/wp\/v2\/comments?post=85"}],"version-history":[{"count":35,"href":"https:\/\/animaweb.blog.pangea.org\/gl\/wp-json\/wp\/v2\/pages\/85\/revisions"}],"predecessor-version":[{"id":2275,"href":"https:\/\/animaweb.blog.pangea.org\/gl\/wp-json\/wp\/v2\/pages\/85\/revisions\/2275"}],"wp:attachment":[{"href":"https:\/\/animaweb.blog.pangea.org\/gl\/wp-json\/wp\/v2\/media?parent=85"}],"curies":[{"name":"wp","href":"https:\/\/api.w.org\/{rel}","templated":true}]}}