{"id":43,"date":"2018-01-17T23:36:04","date_gmt":"2018-01-17T21:36:04","guid":{"rendered":"http:\/\/animaweb.blog.pangea.org\/?page_id=43"},"modified":"2023-02-15T20:31:44","modified_gmt":"2023-02-15T18:31:44","slug":"entrevista-al-dr-jose-luis-cabouli-al-diari-reforma-mexic-df","status":"publish","type":"page","link":"https:\/\/animaweb.blog.pangea.org\/gl\/entrevista-al-dr-jose-luis-cabouli-al-diari-reforma-mexic-df\/","title":{"rendered":"Entrevista ao Doutor Jos\u00e9 Lu\u00eds Cabouli no xornal Reforma, M\u00e9xico DF."},"content":{"rendered":"<p class=\"western\" lang=\"gl-ES\" align=\"justify\"><span style=\"font-size: x-large\"><span style=\"font-family: Times New Roman, serif\"><b>Entrevista ao Doutor Jos\u00e9 Lu\u00eds Cabouli no xornal Reforma, M\u00e9xico DF.<br \/>\n<\/b><\/span><\/span><span style=\"font-family: Times New Roman, serif\"><span style=\"font-size: large\"><b><i><img loading=\"lazy\" decoding=\"async\" class=\"alignright wp-image-783 size-full\" title=\"Reforma. Logo.\" src=\"https:\/\/animaweb.cat\/files\/2020\/01\/Reforma_Logotipo_72ppp_200x50px.png\" alt=\"Reforma. Logo.\" width=\"200\" height=\"50\" \/><\/i><\/b><\/span><\/span><\/p>\n<p class=\"western\" lang=\"gl-ES\" align=\"justify\"><em><span style=\"font-family: Times New Roman, serif\"><span style=\"font-size: large\">por Natalia Vitela, M\u00e9xico, 26 de Agosto de 2006.<\/span><\/span><\/em><\/p>\n<p lang=\"gl-ES\" align=\"justify\"><span style=\"color: #000000\"><span style=\"font-family: Times New Roman, serif\"><span style=\"font-size: large\"><b>Traduci\u00f3n: Vicenzo Reboleiro Gonz\u00e1lez.<\/b><\/span><\/span><\/span><\/p>\n<p class=\"western\" lang=\"gl-ES\" align=\"justify\"><span style=\"font-family: Times New Roman, serif\"><span style=\"font-size: large\"><b>Explican fen\u00f3meno de almas posu\u00eddas.<\/b><\/span><\/span><\/p>\n<p class=\"western\" lang=\"gl-ES\" align=\"justify\"><span style=\"font-family: Times New Roman, serif\"><span style=\"font-size: large\">Algunha vez experimentou que o que pensa, di e act\u00faa non \u00e9 vostede e que o fai motivado por unha vontade allea \u00e1 s\u00faa? Se \u00e9 as\u00ed non descarte a posibilidade de estar \u00abposu\u00eddo\u00bb.<\/span><\/span><\/p>\n<p class=\"western\" lang=\"gl-ES\" align=\"justify\"><span style=\"font-family: Times New Roman, serif\"><span style=\"font-size: large\">Polo menos, isto sost\u00e9n o terapeuta arxentino Jos\u00e9 Lu\u00eds Cabouli, quen practica a Terapia de Vidas Pasadas, e asegura que realizou m\u00e1is de catro mil regresi\u00f3ns, e nun dez por cento encontrouse con experiencias de posesi\u00f3n espiritual.<\/span><\/span><\/p>\n<p class=\"western\" lang=\"gl-ES\" align=\"justify\"><span style=\"font-size: large\"><span style=\"font-family: Times New Roman, serif\">O autor de <\/span><span style=\"font-family: Times New Roman, serif\"><i>Terapia da posesi\u00f3n espiritual<\/i><\/span><span style=\"font-family: Times New Roman, serif\"> (\u00cdndigo)<\/span><span style=\"font-family: Times New Roman, serif\">, quen formou a m\u00e1is de vinte terapeutas mexicanos, indica que ao falar de posesi\u00f3n non se refire ao que se mostra en pel\u00edculas como <\/span><span style=\"font-family: Times New Roman, serif\"><i>Ghost<\/i><\/span><span style=\"font-family: Times New Roman, serif\">, cinta en que Sam (Patrick Swayze) se introduce no corpo dunha m\u00e9dium (Whoopi Woldberg) ou <\/span><span style=\"font-family: Times New Roman, serif\"><i>The exorcism of Emily Rose,<\/i><\/span><span style=\"font-family: Times New Roman, serif\"> pel\u00edcula en que Emily Rose (Jennifer Carpenter) \u00e9 posu\u00edda por un demo.<\/span><\/span><\/p>\n<p class=\"western\" lang=\"gl-ES\" align=\"justify\"><span style=\"font-family: Times New Roman, serif\"><span style=\"font-size: large\">A que se refire con posesi\u00f3n espiritual? A quen lles pasa? E como poden resolvelo? Son algunhas das preguntas \u00e1s que responde Cabouli.<\/span><\/span><\/p>\n<p class=\"western\" lang=\"gl-ES\" align=\"justify\">\u2013<span style=\"font-size: large\"><span style=\"font-family: Times New Roman, serif\"><b>Que \u00e9 a posesi\u00f3n espiritual?\u2013<\/b><\/span><\/span><\/p>\n<p class=\"western\" lang=\"gl-ES\" align=\"justify\">\u2013<span style=\"font-family: Times New Roman, serif\"><span style=\"font-size: large\">F\u00e1lase de \u00abposesi\u00f3n\u00bb porque as\u00ed se lle denominou a trav\u00e9s dos tempos, pois en aparencia, as persoas est\u00e1n posu\u00eddas, mais na realidade a alma desencarnada ou entidade espiritual dun defunto non pode entrar no corpo.<\/span><\/span><\/p>\n<p class=\"western\" lang=\"gl-ES\" align=\"justify\"><span style=\"font-family: Times New Roman, serif\"><span style=\"font-size: large\">O que ocorre \u00e9 que entra en contacto co campo vibratorio dunha persoa viva e produce unha interferencia, porque o psiquismo do morto mest\u00farase a nivel subconsciente cos pensamentos do vivo, non obstante este non est\u00e1 consciente do que sucede.\u2013<\/span><\/span><\/p>\n<p class=\"western\" lang=\"gl-ES\" align=\"justify\">\u2013<span style=\"font-size: large\"><span style=\"font-family: Times New Roman, serif\"><b>Que \u00e9 unha alma desencarnada ou perdida?\u2013<\/b><\/span><\/span><\/p>\n<p class=\"western\" lang=\"gl-ES\" align=\"justify\">\u2013<span style=\"font-family: Times New Roman, serif\"><span style=\"font-size: large\">\u00c9 a alma dunha persoa que faleceu e que, por algunha raz\u00f3n, queda atrapada no plano f\u00edsico e non pode dirixirse \u00e1 dimensi\u00f3n espiritual. A inconsciencia da morte e os lazos afectivos moi fortes son algunhas raz\u00f3ns, as\u00ed como o querer coidar os seres queridos ou mesmo vingarse de algu\u00e9n.<\/span><\/span><\/p>\n<p class=\"western\" lang=\"gl-ES\" align=\"justify\"><span style=\"font-family: Times New Roman, serif\"><span style=\"font-size: large\">As persoas cren que se trata de demos, por\u00e9n no noventa por cento dos casos son familiares. Hai tam\u00e9n as \u00abalmas oportunistas\u00bb, que se pegan cando as persoas se achegan a esculcar nun accidente ou van ao pante\u00f3n e o seu campo vibratorio est\u00e1 aberto.\u2013<\/span><\/span><\/p>\n<p class=\"western\" lang=\"gl-ES\" align=\"justify\">\u2013<span style=\"font-size: large\"><span style=\"font-family: Times New Roman, serif\"><b>Que \u00e9 o campo vibratorio?\u2013<\/b><\/span><\/span><\/p>\n<p class=\"western\" lang=\"gl-ES\" align=\"justify\">\u2013<span style=\"font-family: Times New Roman, serif\"><span style=\"font-size: large\">O campo vibratorio rodea aos humanos; habitualmente se co\u00f1\u00e9ce como aura magn\u00e9tica. \u00c9 un campo en constante vibraci\u00f3n que envolve as persoas. Este pode ser modificado polos pensamentos, as emoci\u00f3ns e as sensaci\u00f3ns dos individuos.\u2013<\/span><\/span><\/p>\n<p class=\"western\" lang=\"gl-ES\" align=\"justify\">\u2013<span style=\"font-size: large\"><span style=\"font-family: Times New Roman, serif\"><b>Como afecta a \u00abposesi\u00f3n\u00bb \u00e1 persoa interferida?\u2013<\/b><\/span><\/span><\/p>\n<p class=\"western\" lang=\"gl-ES\" align=\"justify\">\u2013<span style=\"font-family: Times New Roman, serif\"><span style=\"font-size: large\">Cando o psiquismo do defunto se mestura coa mente subconsciente do vivo, a persoa pode experimentar sensaci\u00f3ns e emoci\u00f3ns que non lle pertencen e sufrir trastornos de comportamento; \u00e9 coma se de s\u00fapeto houbese m\u00e1is dunha vontade.<\/span><\/span><\/p>\n<p class=\"western\" lang=\"gl-ES\" align=\"justify\"><span style=\"font-family: Times New Roman, serif\"><span style=\"font-size: large\">Nos casos de influencia severa, a alma perdida domina mente e vontade. Hai momentos en que a persoa perde a consciencia de si mesmo e manif\u00e9stase a outra, por iso cando se recupera deste estado, non sabe que pasou.\u2013<\/span><\/span><\/p>\n<p class=\"western\" lang=\"gl-ES\" align=\"justify\">\u2013<span style=\"font-size: large\"><b><span style=\"font-family: Times New Roman, serif\">Quen son m\u00e1is susceptibles?\u2013<\/span><\/b><\/span><\/p>\n<p class=\"western\" lang=\"gl-ES\" align=\"justify\">\u2013<span style=\"font-family: Times New Roman, serif\"><span style=\"font-size: large\">Unha interferencia non a ten calquera; suc\u00e9delles a quen te\u00f1en unha debilidade no campo vibratorio por mor de traumas psicol\u00f3xicos e f\u00edsicos. O campo vibratorio dos nenos a\u00ednda non est\u00e1 ben formado, polo que son m\u00e1is susceptibles.\u2013<\/span><\/span><\/p>\n<p class=\"western\" lang=\"gl-ES\" align=\"justify\">\u2013<span style=\"font-size: large\"><span style=\"font-family: Times New Roman, serif\"><b>En que consiste o tratamento?\u2013<\/b><\/span><\/span><\/p>\n<p class=\"western\" lang=\"gl-ES\" align=\"justify\">\u2013<span style=\"font-family: Times New Roman, serif\"><span style=\"font-size: large\">A persoa debe permitir falar, a trav\u00e9s dela, \u00e1 alma perdida. Primeiro hai que facerlle a terapia ao outro. A maior\u00eda das almas perdidas non saben o que est\u00e1 a pasar e hai que explicarlles a situaci\u00f3n ou ver cal \u00e9 a necesidade para quedar aqu\u00ed no plano f\u00edsico e axudalos a ir \u00e1 dimensi\u00f3n espiritual.<\/span><\/span><\/p>\n<p class=\"western\" lang=\"gl-ES\" align=\"justify\"><span style=\"font-family: Times New Roman, serif\"><span style=\"font-size: large\">En ocasi\u00f3ns, as almas perdidas non se poden ir porque as persoas non as deixan, est\u00e1n a chamalas para que lles axuden.<\/span><\/span><\/p>\n<p class=\"western\" lang=\"gl-ES\" align=\"justify\"><span style=\"font-family: Times New Roman, serif\"><span style=\"font-size: large\">Despois a persoa debe traballar co que facilitou que se lle \u00abpegase\u00bb a alma.\u2013<\/span><\/span><\/p>\n<p class=\"western\" lang=\"gl-ES\" align=\"justify\"><span style=\"font-family: Times New Roman, serif\"><span style=\"font-size: large\"><b>S\u00edntomas da posesi\u00f3n espiritual.<\/b><\/span><\/span><\/p>\n<p class=\"western\" lang=\"gl-ES\" align=\"justify\"><span style=\"font-family: Times New Roman, serif\"><span style=\"font-size: large\">As manifestaci\u00f3ns cl\u00ednicas que unha persoa pode padecer cando se encontra baixo a influencia de almas perdidas son:<\/span><\/span><\/p>\n<ul>\n<li>\n<p class=\"western\" lang=\"gl-ES\" align=\"justify\"><span style=\"font-family: Times New Roman, serif\"><span style=\"font-size: large\">Escoitar voces que falan dentro da cabeza ou f\u00f3ra dela.<\/span><\/span><\/p>\n<\/li>\n<li>\n<p class=\"western\" lang=\"gl-ES\" align=\"justify\"><span style=\"font-family: Times New Roman, serif\"><span style=\"font-size: large\">Pensamentos estra\u00f1os e obsesivos.<\/span><\/span><\/p>\n<\/li>\n<li>\n<p class=\"western\" lang=\"gl-ES\" align=\"justify\"><span style=\"font-family: Times New Roman, serif\"><span style=\"font-size: large\">Trastornos compulsivos.<\/span><\/span><\/p>\n<\/li>\n<li>\n<p class=\"western\" lang=\"gl-ES\" align=\"justify\"><span style=\"font-family: Times New Roman, serif\"><span style=\"font-size: large\">Obsesi\u00f3ns de todo tipo.<\/span><\/span><\/p>\n<\/li>\n<li>\n<p class=\"western\" lang=\"gl-ES\" align=\"justify\"><span style=\"font-family: Times New Roman, serif\"><span style=\"font-size: large\">Personalidade m\u00faltiple.<\/span><\/span><\/p>\n<\/li>\n<li>\n<p class=\"western\" lang=\"gl-ES\" align=\"justify\"><span style=\"font-family: Times New Roman, serif\"><span style=\"font-size: large\">Fobias e medos.<\/span><\/span><\/p>\n<\/li>\n<\/ul>\n<p class=\"western\" lang=\"gl-ES\" align=\"justify\"><span style=\"font-size: large\"><span style=\"font-family: Times New Roman, serif\"><b>Ligaz\u00f3n \u00e1 entrevista orixinal en castel\u00e1n dentro do sitio web de <\/b><\/span><span style=\"font-family: Times New Roman, serif\"><i><b>Terapia de Vidas Pasadas:<\/b><\/i><\/span><\/span><\/p>\n<p class=\"western\" lang=\"es-ES\" align=\"justify\"><span style=\"font-family: Times New Roman, serif\"><span style=\"font-size: large\"><a href=\"https:\/\/www.vidaspasadas.com.ar\/articulos\/entrevista1.html\"><span lang=\"gl-ES\">https:\/\/www.vidaspasadas.com.ar\/articulos\/entrevista1.html<\/span><\/a><\/span><\/span><\/p>","protected":false},"excerpt":{"rendered":"<p>Entrevista ao Doutor Jos\u00e9 Lu\u00eds Cabouli no xornal Reforma, M\u00e9xico DF. por Natalia Vitela, M\u00e9xico, 26 de Agosto de 2006. Traduci\u00f3n: Vicenzo Reboleiro Gonz\u00e1lez. Explican fen\u00f3meno de almas posu\u00eddas. Algunha &hellip; <a href=\"https:\/\/animaweb.blog.pangea.org\/gl\/entrevista-al-dr-jose-luis-cabouli-al-diari-reforma-mexic-df\/\" class=\"more-link\">Ler m\u00e1is<span class=\"screen-reader-text\"> &#8220;Entrevista ao Doutor Jos\u00e9 Lu\u00eds Cabouli no xornal Reforma, M\u00e9xico DF.&#8221;<\/span><\/a><\/p>\n","protected":false},"author":12345698,"featured_media":0,"parent":0,"menu_order":0,"comment_status":"closed","ping_status":"closed","template":"","meta":{"ngg_post_thumbnail":0,"footnotes":""},"class_list":["post-43","page","type-page","status-publish","hentry"],"_links":{"self":[{"href":"https:\/\/animaweb.blog.pangea.org\/gl\/wp-json\/wp\/v2\/pages\/43","targetHints":{"allow":["GET"]}}],"collection":[{"href":"https:\/\/animaweb.blog.pangea.org\/gl\/wp-json\/wp\/v2\/pages"}],"about":[{"href":"https:\/\/animaweb.blog.pangea.org\/gl\/wp-json\/wp\/v2\/types\/page"}],"author":[{"embeddable":true,"href":"https:\/\/animaweb.blog.pangea.org\/gl\/wp-json\/wp\/v2\/users\/12345698"}],"replies":[{"embeddable":true,"href":"https:\/\/animaweb.blog.pangea.org\/gl\/wp-json\/wp\/v2\/comments?post=43"}],"version-history":[{"count":12,"href":"https:\/\/animaweb.blog.pangea.org\/gl\/wp-json\/wp\/v2\/pages\/43\/revisions"}],"predecessor-version":[{"id":2401,"href":"https:\/\/animaweb.blog.pangea.org\/gl\/wp-json\/wp\/v2\/pages\/43\/revisions\/2401"}],"wp:attachment":[{"href":"https:\/\/animaweb.blog.pangea.org\/gl\/wp-json\/wp\/v2\/media?parent=43"}],"curies":[{"name":"wp","href":"https:\/\/api.w.org\/{rel}","templated":true}]}}