{"id":394,"date":"2019-08-02T22:03:57","date_gmt":"2019-08-02T20:03:57","guid":{"rendered":"https:\/\/animaweb.cat\/?page_id=394"},"modified":"2022-12-25T21:19:53","modified_gmt":"2022-12-25T19:19:53","slug":"llistes-de-correu","status":"publish","type":"page","link":"https:\/\/animaweb.blog.pangea.org\/gl\/llistes-de-correu\/","title":{"rendered":"Listas de correo"},"content":{"rendered":"<p class=\"western\" lang=\"ca-ES\" align=\"center\"><span style=\"font-family: Times New Roman, serif\"><span style=\"font-size: x-large\"><span lang=\"es-ES\"><b>Listas de correo do sitio web \u00abEn cuerpo y alma\u00bb.<\/b><\/span><\/span><\/span><\/p>\n<p class=\"western\" lang=\"ca-ES\" align=\"justify\"><span style=\"font-family: Times New Roman, serif\"><span style=\"font-size: large\"><span lang=\"es-ES\">Temos \u00e1 vosa disposici\u00f3n un servizo de mensaxer\u00eda, mediante o sistema \u00ab<\/span><\/span><\/span><span style=\"font-family: Times New Roman, serif\"><span style=\"font-size: large\"><span lang=\"es-ES\"><i>PHP\u00a0List<\/i><\/span><\/span><\/span><span style=\"font-family: Times New Roman, serif\"><span style=\"font-size: large\"><span lang=\"es-ES\">\u00bb, para darvos a co\u00f1ecer as novidades do sitio web \u00ab<\/span><\/span><\/span><span style=\"font-family: Times New Roman, serif\"><span style=\"font-size: large\"><span lang=\"es-ES\"><i>En cuerpo y alma<\/i><\/span><\/span><\/span><span style=\"font-family: Times New Roman, serif\"><span style=\"font-size: large\"><span lang=\"es-ES\">\u00bb. As noticias est\u00e1n relacionadas coa evoluci\u00f3n espiritual mediante a reencarnaci\u00f3n coa axuda das testemu\u00f1as, como os dos practicantes da <\/span><\/span><\/span><span style=\"font-family: Times New Roman, serif\"><span style=\"font-size: large\"><span lang=\"es-ES\"><i>Terapia de Vidas Pasadas<\/i><\/span><\/span><\/span><span style=\"font-family: Times New Roman, serif\"><span style=\"font-size: large\"><span lang=\"es-ES\"> (<\/span><\/span><\/span><span style=\"font-family: Times New Roman, serif\"><span style=\"font-size: large\"><span lang=\"es-ES\"><i>TVP<\/i><\/span><\/span><\/span><span style=\"font-family: Times New Roman, serif\"><span style=\"font-size: large\"><span lang=\"es-ES\">) e a <\/span><\/span><\/span><span style=\"font-family: Times New Roman, serif\"><span style=\"font-size: large\"><span lang=\"es-ES\"><i>Terapia da Posesi\u00f3n Espiritual (TPE)<\/i><\/span><\/span><\/span><span style=\"font-family: Times New Roman, serif\"><span style=\"font-size: large\"><span lang=\"es-ES\">. A definici\u00f3n fundacional dos nosos obxectivos est\u00e1 determinada nesta <\/span><\/span><\/span><span style=\"color: #000080\"><u><a href=\"http:\/\/animaweb.cat\/gl\/objectius\/\"><span style=\"font-family: Times New Roman, serif\"><span style=\"font-size: large\"><span lang=\"es-ES\">ligaz\u00f3n<\/span><\/span><\/span><\/a><\/u><\/span><span style=\"font-family: Times New Roman, serif\"><span style=\"font-size: large\"><span lang=\"es-ES\">.<\/span><\/span><\/span><\/p>\n<p class=\"western\" lang=\"ca-ES\" align=\"justify\"><span style=\"font-family: Times New Roman, serif\"><span style=\"font-size: large\"><span lang=\"es-ES\">Actualmente, ofrecemos os seguintes tipos de listaxes p\u00fablicas aos cales vos podedes subscribir:<\/span><\/span><\/span><\/p>\n<ul>\n<li>\n<p class=\"western\" lang=\"ca-ES\" align=\"justify\"><span style=\"font-family: Times New Roman, serif\"><span style=\"font-size: large\"><span lang=\"es-ES\">Listaxe en castel\u00e1n (newsletter-animaweb-castellano).<\/span><\/span><\/span><\/p>\n<\/li>\n<li>\n<p class=\"western\" lang=\"ca-ES\" align=\"justify\"><span style=\"font-family: Times New Roman, serif\"><span style=\"font-size: large\"><span lang=\"es-ES\">Listaxe en catal\u00e1n (newsletter-animaweb-catala).<\/span><\/span><\/span><\/p>\n<\/li>\n<li>\n<p class=\"western\" lang=\"ca-ES\" align=\"justify\"><span style=\"font-family: Times New Roman, serif\"><span style=\"font-size: large\"><span lang=\"es-ES\">Listaxe en ingl\u00e9s (newsletter-animaweb-english).<\/span><\/span><\/span><\/p>\n<\/li>\n<\/ul>\n<p class=\"western\" lang=\"ca-ES\" align=\"justify\"><span style=\"font-family: Times New Roman, serif\"><span style=\"font-size: large\"><span lang=\"es-ES\">Para darvos de alta ou de baixa dentro dunha ou m\u00e1is das nosas listaxes, tedes que encher o formulario respectivo que aparecer\u00e1 na seguinte ligaz\u00f3n e responder \u00e1 verificaci\u00f3n que vos vir\u00e1 \u00e1 direcci\u00f3n de correo electr\u00f3nica que sinalastes. Coa resposta a esta verificaci\u00f3n asegur\u00e1monos que sodes v\u00f3s quen solicitades recibir as nosas mensaxes.<\/span><\/span><\/span><\/p>\n<p class=\"western\" lang=\"ca-ES\" align=\"justify\"><span style=\"font-family: Times New Roman, serif\"><span style=\"font-size: large\"><span lang=\"es-ES\">Ligaz\u00f3n para solicitar altas e baixas na listaxe:<\/span><\/span><\/span><\/p>\n<p class=\"western\" lang=\"ca-ES\" align=\"justify\"><span style=\"color: #000080\"><u><a href=\"http:\/\/lista.animaweb.cat\/\"><span style=\"font-family: Times New Roman, serif\"><span style=\"font-size: large\"><span lang=\"es-ES\">http:\/\/lista.animaweb.cat\/<\/span><\/span><\/span><\/a><\/u><\/span><\/p>\n<p class=\"western\" lang=\"ca-ES\" align=\"justify\"><span style=\"font-family: Times New Roman, serif\"><span style=\"font-size: large\"><span lang=\"es-ES\">Pantalla que vos aparecer\u00e1 cando accedades \u00e1 ligaz\u00f3n precedente:<\/span><\/span><\/span><\/p>\n<p lang=\"ca-ES\" style=\"text-align: center\" align=\"justify\"><img loading=\"lazy\" decoding=\"async\" class=\"wp-image-1675 size-full aligncenter\" src=\"https:\/\/animaweb.cat\/files\/2022\/01\/Pantalla_de_subscripcio_al_lloc_web_En_cos_i_anima_catala_castellano_English_72ppp_600x402px.png\" alt=\"\" width=\"600\" height=\"402\" srcset=\"https:\/\/animaweb.blog.pangea.org\/files\/2022\/01\/Pantalla_de_subscripcio_al_lloc_web_En_cos_i_anima_catala_castellano_English_72ppp_600x402px.png 600w, https:\/\/animaweb.blog.pangea.org\/files\/2022\/01\/Pantalla_de_subscripcio_al_lloc_web_En_cos_i_anima_catala_castellano_English_72ppp_600x402px-300x201.png 300w\" sizes=\"auto, (max-width: 600px) 85vw, 600px\" \/><\/p>\n<p class=\"western\" lang=\"ca-ES\" align=\"justify\"><span style=\"font-family: Times New Roman, serif\"><span style=\"font-size: large\"><span lang=\"es-ES\">Ligaz\u00f3n para solicitar altas ou modificaci\u00f3ns:<\/span><\/span><\/span><\/p>\n<p class=\"western\" lang=\"ca-ES\" align=\"justify\"><span style=\"color: #000080\"><u><a href=\"http:\/\/lista.animaweb.cat\/?p=subscribe&amp;id=3\"><span style=\"font-family: Times New Roman, serif\"><span style=\"font-size: large\"><span lang=\"es-ES\">http:\/\/lista.animaweb.cat\/?p=subscribe&amp;ide=3<\/span><\/span><\/span><\/a><\/u><\/span><\/p>\n<p class=\"western\" lang=\"ca-ES\" align=\"justify\"><span style=\"font-family: Times New Roman, serif\"><span style=\"font-size: large\"><span lang=\"es-ES\">Pantalla que vos aparecer\u00e1 cando accedades \u00e1 ligaz\u00f3n precedente:<\/span><\/span><\/span><\/p>\n<p lang=\"ca-ES\" style=\"text-align: center\" align=\"justify\"><img loading=\"lazy\" decoding=\"async\" class=\"aligncenter size-full wp-image-1678\" src=\"https:\/\/animaweb.cat\/files\/2022\/01\/Pantalla_de_subscripcio_al_lloc_web_En_cos_i_anima_English_72ppp_600x420px.png\" alt=\"\" width=\"600\" height=\"420\" srcset=\"https:\/\/animaweb.blog.pangea.org\/files\/2022\/01\/Pantalla_de_subscripcio_al_lloc_web_En_cos_i_anima_English_72ppp_600x420px.png 600w, https:\/\/animaweb.blog.pangea.org\/files\/2022\/01\/Pantalla_de_subscripcio_al_lloc_web_En_cos_i_anima_English_72ppp_600x420px-300x210.png 300w\" sizes=\"auto, (max-width: 600px) 85vw, 600px\" \/><\/p>\n<p class=\"western\" lang=\"ca-ES\" align=\"justify\"><span style=\"font-family: Times New Roman, serif\"><span style=\"font-size: large\"><span lang=\"es-ES\">Ligaz\u00f3n para darvos de baixa:<\/span><\/span><\/span><\/p>\n<p class=\"western\" lang=\"ca-ES\" align=\"justify\"><span style=\"color: #000080\"><u><a href=\"http:\/\/lista.animaweb.cat\/?p=unsubscribe&amp;id=3\"><span style=\"font-family: Times New Roman, serif\"><span style=\"font-size: large\"><span lang=\"en-GB\">http:\/\/lista.animaweb.cat\/?p=unsubscribe&amp;ide=3<\/span><\/span><\/span><\/a><\/u><\/span><\/p>\n<p class=\"western\" lang=\"ca-ES\" align=\"justify\"><span style=\"font-family: Times New Roman, serif\"><span style=\"font-size: large\"><span lang=\"es-ES\">Pantalla que vos aparecer\u00e1 cando accedades \u00e1 ligaz\u00f3n precedente:<\/span><\/span><\/span><\/p>\n<p lang=\"ca-ES\" style=\"text-align: center\" align=\"justify\"><img loading=\"lazy\" decoding=\"async\" class=\"aligncenter size-full wp-image-1681\" src=\"https:\/\/animaweb.cat\/files\/2022\/01\/Pantalla_de_baixa_al_lloc_web_En_cos_i_anima_English_72ppp_600x275px.png\" alt=\"\" width=\"600\" height=\"275\" srcset=\"https:\/\/animaweb.blog.pangea.org\/files\/2022\/01\/Pantalla_de_baixa_al_lloc_web_En_cos_i_anima_English_72ppp_600x275px.png 600w, https:\/\/animaweb.blog.pangea.org\/files\/2022\/01\/Pantalla_de_baixa_al_lloc_web_En_cos_i_anima_English_72ppp_600x275px-300x138.png 300w\" sizes=\"auto, (max-width: 600px) 85vw, 600px\" \/><\/p>\n<p class=\"western\" lang=\"ca-ES\" align=\"justify\"><span style=\"font-family: Times New Roman, serif\"><span style=\"font-size: large\"><span lang=\"es-ES\">Se vos dades de alta, asegur\u00e1devos que a nosa direcci\u00f3n de correo electr\u00f3nica info <img loading=\"lazy\" decoding=\"async\" class=\"alignnone size-full wp-image-401\" src=\"https:\/\/animaweb.cat\/files\/2019\/08\/A_que_dansa.gif\" alt=\"\" width=\"25\" height=\"23\" \/>\u00a0animaweb.cat estea dada de alta na listaxe de direcci\u00f3ns do voso xestor de correo, para que as nosas mensaxes non vaian parar dentro da vosa papeleira de correo lixo.<\/span><\/span><\/span><\/p>\n<p class=\"western\" lang=\"ca-ES\" align=\"justify\"><span style=\"font-family: Times New Roman, serif\"><span style=\"font-size: large\"><span lang=\"es-ES\">Igualmente verificade que as nosas mensaxes non vaian parar \u00e1 papeleira de correo lixo ata que o voso xestor de correo aprendese a reco\u00f1ecer a nosa direcci\u00f3n como un remitente fiable.<\/span><\/span><\/span><\/p>\n<p class=\"western\" lang=\"ca-ES\" align=\"justify\"><span style=\"font-family: Times New Roman, serif\"><span style=\"font-size: large\"><span lang=\"es-ES\">Moitas grazas pola vosa colaboraci\u00f3n e inter\u00e9s.<\/span><\/span><\/span><\/p>\n<p class=\"western\" lang=\"ca-ES\" align=\"right\"><span style=\"font-family: Times New Roman, serif\"><span style=\"font-size: large\"><span lang=\"es-ES\">Equipo de \u00ab<\/span><span lang=\"es-ES\"><i>En cuerpo y alma<\/i><\/span><span lang=\"es-ES\">\u00bb.<br \/>\n<\/span><\/span><\/span><span style=\"color: #000000\"><span style=\"font-family: Times New Roman, serif\"><span style=\"font-size: large\"><b>Traduci\u00f3n \u00e1 lingua galega: Vicenzo Reboleiro Gonz\u00e1lez.<\/b><\/span><\/span><\/span><\/p>\n<p class=\"western\" lang=\"ca-ES\" align=\"right\"><span style=\"font-family: Times New Roman, serif\"><span style=\"font-size: large\"><span lang=\"es-ES\">\u00a0<\/span><\/span><\/span><\/p>\n<p lang=\"ca-ES\" style=\"text-align: center\" align=\"right\"><img loading=\"lazy\" decoding=\"async\" class=\"aligncenter size-full wp-image-402\" src=\"https:\/\/animaweb.cat\/files\/2019\/08\/PHPList_logotip_400x124px.jpg\" alt=\"\" width=\"400\" height=\"124\" srcset=\"https:\/\/animaweb.blog.pangea.org\/files\/2019\/08\/PHPList_logotip_400x124px.jpg 400w, https:\/\/animaweb.blog.pangea.org\/files\/2019\/08\/PHPList_logotip_400x124px-300x93.jpg 300w\" sizes=\"auto, (max-width: 400px) 85vw, 400px\" \/><\/p>","protected":false},"excerpt":{"rendered":"<p>Listas de correo do sitio web \u00abEn cuerpo y alma\u00bb. Temos \u00e1 vosa disposici\u00f3n un servizo de mensaxer\u00eda, mediante o sistema \u00abPHP\u00a0List\u00bb, para darvos a co\u00f1ecer as novidades do sitio &hellip; <a href=\"https:\/\/animaweb.blog.pangea.org\/gl\/llistes-de-correu\/\" class=\"more-link\">Ler m\u00e1is<span class=\"screen-reader-text\"> &#8220;Listas de correo&#8221;<\/span><\/a><\/p>\n","protected":false},"author":12345698,"featured_media":0,"parent":0,"menu_order":0,"comment_status":"closed","ping_status":"closed","template":"","meta":{"ngg_post_thumbnail":0,"footnotes":""},"class_list":["post-394","page","type-page","status-publish","hentry"],"_links":{"self":[{"href":"https:\/\/animaweb.blog.pangea.org\/gl\/wp-json\/wp\/v2\/pages\/394","targetHints":{"allow":["GET"]}}],"collection":[{"href":"https:\/\/animaweb.blog.pangea.org\/gl\/wp-json\/wp\/v2\/pages"}],"about":[{"href":"https:\/\/animaweb.blog.pangea.org\/gl\/wp-json\/wp\/v2\/types\/page"}],"author":[{"embeddable":true,"href":"https:\/\/animaweb.blog.pangea.org\/gl\/wp-json\/wp\/v2\/users\/12345698"}],"replies":[{"embeddable":true,"href":"https:\/\/animaweb.blog.pangea.org\/gl\/wp-json\/wp\/v2\/comments?post=394"}],"version-history":[{"count":26,"href":"https:\/\/animaweb.blog.pangea.org\/gl\/wp-json\/wp\/v2\/pages\/394\/revisions"}],"predecessor-version":[{"id":2279,"href":"https:\/\/animaweb.blog.pangea.org\/gl\/wp-json\/wp\/v2\/pages\/394\/revisions\/2279"}],"wp:attachment":[{"href":"https:\/\/animaweb.blog.pangea.org\/gl\/wp-json\/wp\/v2\/media?parent=394"}],"curies":[{"name":"wp","href":"https:\/\/api.w.org\/{rel}","templated":true}]}}