{"id":382,"date":"2019-07-23T21:44:04","date_gmt":"2019-07-23T19:44:04","guid":{"rendered":"https:\/\/animaweb.cat\/?page_id=382"},"modified":"2023-01-23T23:29:09","modified_gmt":"2023-01-23T21:29:09","slug":"gracies","status":"publish","type":"page","link":"https:\/\/animaweb.blog.pangea.org\/gl\/gracies\/","title":{"rendered":"Grazas"},"content":{"rendered":"<p class=\"western\"><strong><span style=\"font-family: Times New Roman, serif\"><span style=\"font-size: large\"><span lang=\"gl-ES\">Agradecementos<\/span><\/span><\/span><\/strong><span style=\"font-family: Times New Roman, serif\"><span style=\"font-size: large\"><span lang=\"gl-ES\">.<\/span><\/span><\/span><\/p>\n<ul>\n<li>\n<p class=\"western\" lang=\"gl-ES\"><span style=\"font-family: Times New Roman, serif\"><span style=\"font-size: large\">Este sitio web foi posible grazas a:<\/span><\/span><\/p>\n<ul>\n<li>\n<p class=\"western\" lang=\"gl-ES\"><span style=\"font-family: Times New Roman, serif\"><span style=\"font-size: large\">Persoas:<\/span><\/span><\/p>\n<ul>\n<li>\n<p class=\"western\" lang=\"gl-ES\"><span style=\"font-family: Times New Roman, serif\"><span style=\"font-size: large\">Antoni Aceves.<\/span><\/span><\/p>\n<\/li>\n<li>\n<p class=\"western\" lang=\"gl-ES\"><span style=\"font-family: Times New Roman, serif\"><span style=\"font-size: large\">Josep Agust\u00edn.<\/span><\/span><\/p>\n<\/li>\n<li>\n<p class=\"western\" lang=\"gl-ES\"><span style=\"font-family: Times New Roman, serif\"><span style=\"font-size: large\">Rolando d\u2019Alessandro.<\/span><\/span><\/p>\n<\/li>\n<li>\n<p class=\"western\" lang=\"gl-ES\"><span style=\"font-family: Times New Roman, serif\"><span style=\"font-size: large\">Jos\u00e9 Mar\u00eda Alguersuari.<\/span><\/span><\/p>\n<\/li>\n<li>\n<p class=\"western\" lang=\"gl-ES\"><span style=\"font-family: Times New Roman, serif\"><span style=\"font-size: large\">Llu\u00eds Amiguet.<\/span><\/span><\/p>\n<\/li>\n<li>\n<p class=\"western\" lang=\"gl-ES\"><span style=\"font-family: Times New Roman, serif\"><span style=\"font-size: large\">Mary Arsenault.<\/span><\/span><\/p>\n<\/li>\n<li>\n<p class=\"western\" lang=\"gl-ES\"><span style=\"font-family: Times New Roman, serif\"><span style=\"font-size: large\">Mireya Ashley.<\/span><\/span><\/p>\n<\/li>\n<li>\n<p class=\"western\" lang=\"gl-ES\"><span style=\"font-family: Times New Roman, serif\"><span style=\"font-size: large\">Luis Aubele.<\/span><\/span><\/p>\n<\/li>\n<li>\n<p class=\"western\" lang=\"gl-ES\"><span style=\"font-family: Times New Roman, serif\"><span style=\"font-size: large\">Beth. The Weiss Institute.<\/span><\/span><\/p>\n<\/li>\n<li>\n<p class=\"western\" lang=\"gl-ES\"><span style=\"font-family: Times New Roman, serif\"><span style=\"font-size: large\"><b>Bibiana Bistrich.<\/b><\/span><\/span><\/p>\n<\/li>\n<li>\n<p class=\"western\" lang=\"gl-ES\"><span style=\"font-family: Times New Roman, serif\"><span style=\"font-size: large\">Elisa Borraz\u00e1s.<\/span><\/span><\/p>\n<\/li>\n<li>\n<p class=\"western\" lang=\"gl-ES\"><span style=\"font-family: Times New Roman, serif\"><span style=\"font-size: large\">A. C.<\/span><\/span><\/p>\n<\/li>\n<li>\n<p class=\"western\" lang=\"gl-ES\"><span style=\"font-family: Times New Roman, serif\"><span style=\"font-size: large\"><b>Jos\u00e9 Luis Cabouli.<\/b><\/span><\/span><\/p>\n<\/li>\n<li>\n<p class=\"western\" lang=\"gl-ES\"><span style=\"font-family: Times New Roman, serif\"><span style=\"font-size: large\">Natalia Campoy.<\/span><\/span><\/p>\n<\/li>\n<li>\n<p class=\"western\" lang=\"gl-ES\"><span style=\"font-family: Times New Roman, serif\"><span style=\"font-size: large\">N\u00faria Comas Viladrich.<\/span><\/span><\/p>\n<\/li>\n<li>\n<p class=\"western\" lang=\"gl-ES\"><span style=\"font-family: Times New Roman, serif\"><span style=\"font-size: large\">Joan Cortadellas.<\/span><\/span><\/p>\n<\/li>\n<li>\n<p class=\"western\" lang=\"gl-ES\"><span style=\"font-family: Times New Roman, serif\"><span style=\"font-size: large\">Govor Marian Cosmin.<\/span><\/span><\/p>\n<\/li>\n<li>\n<p class=\"western\" lang=\"gl-ES\"><span style=\"font-family: Times New Roman, serif\"><span style=\"font-size: large\">Dawn Light.<\/span><\/span><\/p>\n<\/li>\n<li>\n<p class=\"western\" lang=\"gl-ES\"><span style=\"font-family: Times New Roman, serif\"><span style=\"font-size: large\">Deddi.<\/span><\/span><\/p>\n<\/li>\n<li>\n<p class=\"western\" lang=\"gl-ES\"><span style=\"font-family: Times New Roman, serif\"><span style=\"font-size: large\">Alexandra Forst.<\/span><\/span><\/p>\n<\/li>\n<li>\n<p class=\"western\" lang=\"gl-ES\"><span style=\"font-family: Times New Roman, serif\"><span style=\"font-size: large\">Joana Gironella Sol\u00e9.<\/span><\/span><\/p>\n<\/li>\n<li>\n<p class=\"western\" lang=\"gl-ES\"><span style=\"font-family: Times New Roman, serif\"><span style=\"font-size: large\"><b>Carlos Gonz\u00e1lez Delgado.<\/b><\/span><\/span><\/p>\n<\/li>\n<li>\n<p class=\"western\" lang=\"gl-ES\"><span style=\"font-family: Times New Roman, serif\"><span style=\"font-size: large\">Jordi Griera Roig.<\/span><\/span><\/p>\n<\/li>\n<li>\n<p class=\"western\" lang=\"gl-ES\"><span style=\"font-family: Times New Roman, serif\"><span style=\"font-size: large\">Adriana Grosso.<\/span><\/span><\/p>\n<\/li>\n<li>\n<p class=\"western\" lang=\"gl-ES\"><span style=\"font-family: Times New Roman, serif\"><span style=\"font-size: large\">C. Hennebault.<\/span><\/span><\/p>\n<\/li>\n<li>\n<p class=\"western\" lang=\"gl-ES\"><span style=\"font-family: Times New Roman, serif\"><span style=\"font-size: large\">Gaspar Hern\u00e1ndez.<\/span><\/span><\/p>\n<\/li>\n<li>\n<p class=\"western\" lang=\"gl-ES\"><span style=\"font-family: Times New Roman, serif\"><span style=\"font-size: large\">Paco Hernanz.<\/span><\/span><\/p>\n<\/li>\n<li>\n<p class=\"western\" lang=\"gl-ES\"><span style=\"font-family: Times New Roman, serif\"><span style=\"font-size: large\">Joan Inglada Roig.<\/span><\/span><\/p>\n<\/li>\n<li>\n<p class=\"western\" lang=\"gl-ES\"><span style=\"font-family: Times New Roman, serif\"><span style=\"font-size: large\">Mariia Konysheva. \u041c\u0430\u0440\u0438\u044f \u041a\u043e\u043d\u044b\u0448\u0435\u0432\u0430.<\/span><\/span><\/p>\n<\/li>\n<li>\n<p class=\"western\" lang=\"gl-ES\"><span style=\"font-family: Times New Roman, serif\"><span style=\"font-size: large\"><b>Leopoldo Lage.<\/b><\/span><\/span><\/p>\n<\/li>\n<li>\n<p class=\"western\" lang=\"gl-ES\"><span style=\"font-family: Times New Roman, serif\"><span style=\"font-size: large\">Iraide L\u00f3pez de Gere\u00f1u.<\/span><\/span><\/p>\n<\/li>\n<li>\n<p class=\"western\" lang=\"gl-ES\"><span style=\"font-family: Times New Roman, serif\"><span style=\"font-size: large\"><b>Juan Jos\u00e9 L\u00f3pez Mart\u00ednez.<\/b><\/span><\/span><\/p>\n<\/li>\n<li>\n<p class=\"western\" lang=\"gl-ES\"><span style=\"font-family: Times New Roman, serif\"><span style=\"font-size: large\">Carmen Luz Heredia.<\/span><\/span><\/p>\n<\/li>\n<li>\n<p class=\"western\" lang=\"gl-ES\"><span style=\"font-family: Times New Roman, serif\"><span style=\"font-size: large\">Dolors Mar\u00edn Tuy\u00e0.<\/span><\/span><\/p>\n<\/li>\n<li>\n<p class=\"western\" lang=\"gl-ES\"><span style=\"font-family: Times New Roman, serif\"><span style=\"font-size: large\">Jordi Mas Aixal\u00e0.<\/span><\/span><\/p>\n<\/li>\n<li>\n<p class=\"western\" lang=\"gl-ES\"><span style=\"font-family: Times New Roman, serif\"><span style=\"font-size: large\">Federico Merino.<\/span><\/span><\/p>\n<\/li>\n<li>\n<p class=\"western\" lang=\"gl-ES\"><span style=\"font-family: Times New Roman, serif\"><span style=\"font-size: large\">Francisca Morales Gabald\u00f3n.<\/span><\/span><\/p>\n<\/li>\n<li>\n<p class=\"western\" lang=\"gl-ES\"><span style=\"font-family: Times New Roman, serif\"><span style=\"font-size: large\"><b>Michael Duff Newton.<\/b><\/span><\/span><\/p>\n<\/li>\n<li>\n<p class=\"western\" lang=\"gl-ES\"><span style=\"font-family: Times New Roman, serif\"><span style=\"font-size: large\">Fran Olea.<\/span><\/span><\/p>\n<\/li>\n<li>\n<p class=\"western\" lang=\"gl-ES\"><span style=\"font-family: Times New Roman, serif\"><span style=\"font-size: large\">Josep P\u00e0mies Breu.<\/span><\/span><\/p>\n<\/li>\n<li>\n<p class=\"western\" lang=\"gl-ES\"><span style=\"font-family: Times New Roman, serif\"><span style=\"font-size: large\"><b>Loto Perrella Estell\u00e9s.<\/b><\/span><\/span><\/p>\n<\/li>\n<li>\n<p class=\"western\" lang=\"gl-ES\"><span style=\"font-family: Times New Roman, serif\"><span style=\"font-size: large\">Thierry Pi\u00e9lat.<\/span><\/span><\/p>\n<\/li>\n<li>\n<p class=\"western\" lang=\"gl-ES\"><span style=\"font-family: Times New Roman, serif\"><span style=\"font-size: large\">Nina Piulats Finger.<\/span><\/span><\/p>\n<\/li>\n<li>\n<p class=\"western\" lang=\"gl-ES\"><span style=\"font-family: Times New Roman, serif\"><span style=\"font-size: large\">Octavi Piulats Riu.<\/span><\/span><\/p>\n<\/li>\n<li>\n<p class=\"western\" lang=\"gl-ES\"><span style=\"font-family: Times New Roman, serif\"><span style=\"font-size: large\">Elisenda Pons.<\/span><\/span><\/p>\n<\/li>\n<li>\n<p class=\"western\" lang=\"gl-ES\"><span style=\"font-family: Times New Roman, serif\"><span style=\"font-size: large\">\u00d2scar Puig.<\/span><\/span><\/p>\n<\/li>\n<li>\n<p class=\"western\" lang=\"gl-ES\"><span style=\"font-family: Times New Roman, serif\"><span style=\"font-size: large\">Jordi R\u00e0fols.<\/span><\/span><\/p>\n<\/li>\n<li>\n<p class=\"western\" lang=\"gl-ES\"><span style=\"font-family: Times New Roman, serif\"><span style=\"font-size: large\">Vicenzo Reboleiro Gonz\u00e1lez.<\/span><\/span><\/p>\n<\/li>\n<li>\n<p class=\"western\" lang=\"gl-ES\"><span style=\"font-family: Times New Roman, serif\"><span style=\"font-size: large\">Rosa Mar\u00eda Rodriguez Valls.<\/span><\/span><\/p>\n<\/li>\n<li>\n<p class=\"western\" lang=\"gl-ES\"><span style=\"font-family: Times New Roman, serif\"><span style=\"font-size: large\">N\u00faria Roig Esteve.<\/span><\/span><\/p>\n<\/li>\n<li>\n<p class=\"western\" lang=\"gl-ES\"><span style=\"font-family: Times New Roman, serif\"><span style=\"font-size: large\">Manuel Sans Segarra.<\/span><\/span><\/p>\n<\/li>\n<li>\n<p class=\"western\" lang=\"gl-ES\"><span style=\"font-family: Times New Roman, serif\"><span style=\"font-size: large\">Edda Schaumann.<\/span><\/span><\/p>\n<\/li>\n<li>\n<p class=\"western\" lang=\"gl-ES\"><span style=\"font-family: Times New Roman, serif\"><span style=\"font-size: large\">Beatrice Scivetti.<\/span><\/span><\/p>\n<\/li>\n<li>\n<p class=\"western\" lang=\"gl-ES\"><span style=\"font-family: Times New Roman, serif\"><span style=\"font-size: large\">Simone de Souza.<\/span><\/span><\/p>\n<\/li>\n<li>\n<p class=\"western\" lang=\"gl-ES\"><span style=\"font-family: Times New Roman, serif\"><span style=\"font-size: large\">Rich Stammler.<\/span><\/span><\/p>\n<\/li>\n<li>\n<p class=\"western\" lang=\"gl-ES\"><span style=\"font-family: Times New Roman, serif\"><span style=\"font-size: large\">Brauli Tamarit Tamarit.<\/span><\/span><\/p>\n<\/li>\n<li>\n<p class=\"western\" lang=\"gl-ES\"><span style=\"font-family: Times New Roman, serif\"><span style=\"font-size: large\"><b>Hans TenDam.<\/b><\/span><\/span><\/p>\n<\/li>\n<li>\n<p class=\"western\" lang=\"gl-ES\"><span style=\"font-family: Times New Roman, serif\"><span style=\"font-size: large\">Elisabeth Thomas.<\/span><\/span><\/p>\n<\/li>\n<li>\n<p class=\"western\" lang=\"gl-ES\"><span style=\"font-family: Times New Roman, serif\"><span style=\"font-size: large\">Ra\u00fal Torres.<\/span><\/span><\/p>\n<\/li>\n<li>\n<p class=\"western\" lang=\"gl-ES\" align=\"justify\"><span style=\"font-family: Times New Roman, serif\"><span style=\"font-size: large\">Marisabel Tropea.<\/span><\/span><\/p>\n<\/li>\n<li>\n<p class=\"western\" lang=\"gl-ES\"><span style=\"font-family: Times New Roman, serif\"><span style=\"font-size: large\">Alfons Tur Garcia.<\/span><\/span><\/p>\n<\/li>\n<li>\n<p class=\"western\" lang=\"gl-ES\"><span style=\"font-family: Times New Roman, serif\"><span style=\"font-size: large\">\u00c9ric Villeroc.<\/span><\/span><\/p>\n<\/li>\n<li>\n<p class=\"western\" lang=\"gl-ES\"><span style=\"font-family: Times New Roman, serif\"><span style=\"font-size: large\">Yana Vinokurova. \u042f\u043d\u0430 \u0412\u0438\u043d\u043e\u043a\u0443\u0440\u043e\u0432\u0430.<\/span><\/span><\/p>\n<\/li>\n<li>\n<p class=\"western\" lang=\"gl-ES\"><span style=\"font-family: Times New Roman, serif\"><span style=\"font-size: large\">Natalia Vitela.<\/span><\/span><\/p>\n<\/li>\n<li>\n<p class=\"western\" lang=\"gl-ES\"><span style=\"font-family: Times New Roman, serif\"><span style=\"font-size: large\"><b>Brian Leslie Weiss.<\/b><\/span><\/span><\/p>\n<\/li>\n<li>\n<p class=\"western\" lang=\"gl-ES\" align=\"justify\"><span style=\"font-family: Times New Roman, serif\"><span style=\"font-size: large\">Jonatan Zamarchi.<\/span><\/span><\/p>\n<\/li>\n<li>\n<p class=\"western\" lang=\"gl-ES\" align=\"justify\"><span style=\"font-family: Times New Roman, serif\"><span style=\"font-size: large\"><b>Viviana Zenteno.<\/b><\/span><\/span><\/p>\n<\/li>\n<\/ul>\n<\/li>\n<li>\n<p class=\"western\" lang=\"gl-ES\"><span style=\"font-family: Times New Roman, serif\"><span style=\"font-size: large\">Entidades:<\/span><\/span><\/p>\n<ul>\n<li>\n<p class=\"western\" lang=\"gl-ES\"><span style=\"font-family: Times New Roman, serif\"><span style=\"font-size: large\">Arkano Books.<\/span><\/span><\/p>\n<\/li>\n<li>\n<p class=\"western\" lang=\"gl-ES\"><span style=\"font-family: Times New Roman, serif\"><span style=\"font-size: large\">Asociaci\u00f3n Chilena de Terapeutas de Vidas Pasadas (ACHTEVIP).<\/span><\/span><\/p>\n<\/li>\n<li>\n<p class=\"western\" lang=\"gl-ES\"><span style=\"font-family: Times New Roman, serif\"><span style=\"font-size: large\">Asociaci\u00f3n Espa\u00f1ola de Terapia Regresiva (AETR).<\/span><\/span><\/p>\n<\/li>\n<li>\n<p class=\"western\" lang=\"gl-ES\"><span style=\"font-family: Times New Roman, serif\"><span style=\"font-size: large\">Associaci\u00f3 Catalana d\u2019E<\/span><span style=\"color: #000000\"><span style=\"font-size: large\">s<\/span><\/span><span style=\"font-size: large\">peranto (ACE)-Kataluna Esperanto-Asocio (KEA).<\/span><\/span><\/p>\n<\/li>\n<li>\n<p class=\"western\" lang=\"gl-ES\"><span style=\"font-family: Times New Roman, serif\"><span style=\"font-size: large\">Association for Research and Past Life Therapies (APRT).<\/span><\/span><\/p>\n<\/li>\n<li>\n<p class=\"western\" lang=\"gl-ES\"><span style=\"font-family: Times New Roman, serif\"><span style=\"font-size: large\">Athanor. Revista.<\/span><\/span><\/p>\n<\/li>\n<li>\n<p class=\"western\" lang=\"gl-ES\"><span style=\"font-family: Times New Roman, serif\"><span style=\"font-size: large\">Centro ATMA de M\u00e1laga.<\/span><\/span><\/p>\n<\/li>\n<li>\n<p class=\"western\" lang=\"gl-ES\"><span style=\"font-family: Times New Roman, serif\"><span style=\"font-size: large\">Cercle d\u2019Agermanament Occitano Catal\u00e0 (CAOC)-Cercle d\u2019Afrairament Occitano Catalan (CAOC).<\/span><\/span><\/p>\n<\/li>\n<li>\n<p class=\"western\" lang=\"gl-ES\"><span style=\"font-family: Times New Roman, serif\"><span style=\"font-size: large\">Ediciones B.<\/span><\/span><\/p>\n<\/li>\n<li>\n<p class=\"western\" lang=\"gl-ES\"><span style=\"font-family: Times New Roman, serif\"><span style=\"font-size: large\">Ediciones Continente.<\/span><\/span><\/p>\n<\/li>\n<li>\n<p class=\"western\" lang=\"gl-ES\"><span style=\"font-family: Times New Roman, serif\"><span style=\"font-size: large\">Ediciones \u00cdndigo.<\/span><\/span><\/p>\n<\/li>\n<li>\n<p class=\"western\" lang=\"gl-ES\"><span style=\"font-family: Times New Roman, serif\"><span style=\"font-size: large\">Editorial Dilema.<\/span><\/span><\/p>\n<\/li>\n<li>\n<p class=\"western\" lang=\"gl-ES\"><span style=\"font-family: Times New Roman, serif\"><span style=\"font-size: large\">El Peri\u00f3dico de Catalunya.<\/span><\/span><\/p>\n<\/li>\n<li>\n<p class=\"western\" lang=\"gl-ES\"><span style=\"font-family: Times New Roman, serif\"><span style=\"font-size: large\">Grupo Zeta.<\/span><\/span><\/p>\n<\/li>\n<li>\n<p class=\"western\" lang=\"gl-ES\"><span style=\"font-family: Times New Roman, serif\"><span style=\"font-size: large\">International Association of Research and Regression Therapies (IARRT).<\/span><\/span><\/p>\n<\/li>\n<li>\n<p class=\"western\" lang=\"gl-ES\"><span style=\"font-family: Times New Roman, serif\"><span style=\"font-size: large\">La Naci\u00f3n. Buenos Aires.<\/span><\/span><\/p>\n<\/li>\n<li>\n<p class=\"western\" lang=\"gl-ES\"><span style=\"font-family: Times New Roman, serif\"><span style=\"font-size: large\">La Vanguardia.<\/span><\/span><\/p>\n<\/li>\n<li>\n<p class=\"western\" lang=\"gl-ES\"><span style=\"font-family: Times New Roman, serif\"><span style=\"font-size: large\">La Verdad.<\/span><\/span><\/p>\n<\/li>\n<li>\n<p class=\"western\" lang=\"gl-ES\"><span style=\"font-family: Times New Roman, serif\"><span style=\"font-size: large\">New Visions Magazine.<\/span><\/span><\/p>\n<\/li>\n<li>\n<p class=\"western\" lang=\"gl-ES\"><span style=\"font-family: Times New Roman, serif\"><span style=\"font-size: large\">Pangea\u2011Internet Solidari.<\/span><\/span><\/p>\n<\/li>\n<li>\n<p class=\"western\" lang=\"gl-ES\"><span style=\"font-family: Times New Roman, serif\"><span style=\"font-size: large\">Penguin Random House.<\/span><\/span><\/p>\n<\/li>\n<li>\n<p class=\"western\" lang=\"gl-ES\"><span style=\"font-family: Times New Roman, serif\"><span style=\"font-size: large\">Reforma. M\u00e9xico DF.<\/span><\/span><\/p>\n<\/li>\n<li>\n<p class=\"western\" lang=\"gl-ES\"><span style=\"font-family: Times New Roman, serif\"><span style=\"font-size: large\">Robin Book.<\/span><\/span><\/p>\n<\/li>\n<li>\n<p class=\"western\" lang=\"gl-ES\"><span style=\"font-family: Times New Roman, serif\"><span style=\"font-size: large\">Ser y Actuar.<\/span><\/span><\/p>\n<\/li>\n<li>\n<p class=\"western\" lang=\"gl-ES\"><span style=\"font-family: Times New Roman, serif\"><span style=\"font-size: large\">The International Journal of Regression Therapy.<\/span><\/span><\/p>\n<\/li>\n<li>\n<p class=\"western\" lang=\"gl-ES\"><span style=\"font-family: Times New Roman, serif\"><span style=\"font-size: large\">The Weiss Institute.<\/span><\/span><\/p>\n<\/li>\n<\/ul>\n<\/li>\n<\/ul>\n<\/li>\n<\/ul>","protected":false},"excerpt":{"rendered":"<p>Agradecementos. Este sitio web foi posible grazas a: Persoas: Antoni Aceves. Josep Agust\u00edn. Rolando d\u2019Alessandro. Jos\u00e9 Mar\u00eda Alguersuari. Llu\u00eds Amiguet. Mary Arsenault. Mireya Ashley. Luis Aubele. Beth. The Weiss Institute. &hellip; <a href=\"https:\/\/animaweb.blog.pangea.org\/gl\/gracies\/\" class=\"more-link\">Ler m\u00e1is<span class=\"screen-reader-text\"> &#8220;Grazas&#8221;<\/span><\/a><\/p>\n","protected":false},"author":12345698,"featured_media":0,"parent":0,"menu_order":0,"comment_status":"closed","ping_status":"closed","template":"","meta":{"ngg_post_thumbnail":0,"footnotes":""},"class_list":["post-382","page","type-page","status-publish","hentry"],"_links":{"self":[{"href":"https:\/\/animaweb.blog.pangea.org\/gl\/wp-json\/wp\/v2\/pages\/382","targetHints":{"allow":["GET"]}}],"collection":[{"href":"https:\/\/animaweb.blog.pangea.org\/gl\/wp-json\/wp\/v2\/pages"}],"about":[{"href":"https:\/\/animaweb.blog.pangea.org\/gl\/wp-json\/wp\/v2\/types\/page"}],"author":[{"embeddable":true,"href":"https:\/\/animaweb.blog.pangea.org\/gl\/wp-json\/wp\/v2\/users\/12345698"}],"replies":[{"embeddable":true,"href":"https:\/\/animaweb.blog.pangea.org\/gl\/wp-json\/wp\/v2\/comments?post=382"}],"version-history":[{"count":45,"href":"https:\/\/animaweb.blog.pangea.org\/gl\/wp-json\/wp\/v2\/pages\/382\/revisions"}],"predecessor-version":[{"id":2388,"href":"https:\/\/animaweb.blog.pangea.org\/gl\/wp-json\/wp\/v2\/pages\/382\/revisions\/2388"}],"wp:attachment":[{"href":"https:\/\/animaweb.blog.pangea.org\/gl\/wp-json\/wp\/v2\/media?parent=382"}],"curies":[{"name":"wp","href":"https:\/\/api.w.org\/{rel}","templated":true}]}}