{"id":286,"date":"2018-09-10T14:52:19","date_gmt":"2018-09-10T12:52:19","guid":{"rendered":"https:\/\/animaweb.cat\/?page_id=286"},"modified":"2023-01-20T19:36:18","modified_gmt":"2023-01-20T17:36:18","slug":"tipus-de-karma-karma-collectiu-fama-objectiu-i-perdo-cites-dels-savis","status":"publish","type":"page","link":"https:\/\/animaweb.blog.pangea.org\/gl\/tipus-de-karma-karma-collectiu-fama-objectiu-i-perdo-cites-dels-savis\/","title":{"rendered":"Tipos de karma, karma colectivo, fama, obxectivo e perd\u00f3n. Citas dos sabios."},"content":{"rendered":"<p align=\"center\"><span style=\"font-family: Times New Roman, serif\"><span style=\"font-size: x-large\"><b>Tipos de karma, karma colectivo, fama, obxectivo e perd\u00f3n. Citas dos sabios.<\/b><\/span><\/span><\/p>\n<p align=\"justify\"><span style=\"font-family: Times New Roman, serif\"><span style=\"font-size: large\"><img loading=\"lazy\" decoding=\"async\" class=\"wp-image-429 size-medium alignright\" title=\"Only Love Is Real: A Story of Soulmates Reunited. Cover. English.\" src=\"https:\/\/animaweb.cat\/files\/2019\/08\/Doctor_Brian_Weiss_Only_Love_Is_Real_cover_English-197x300.jpg\" alt=\"Only Love Is Real: A Story of Soulmates Reunited. Cover. English.\" width=\"197\" height=\"300\" \/>A trav\u00e9s do corpo dos pacientes do doutor Brian Weiss sometidos a regresi\u00f3n hipn\u00f3tica, non s\u00f3 se pode acceder ao pasado da s\u00faa alma en busca dun feito traum\u00e1tico, se non que tam\u00e9n almas de diferentes sabios ou mestres poden intervir para transmitir ao terapeuta explicaci\u00f3ns acerca da evoluci\u00f3n espiritual.<\/span><\/span><\/p>\n<p align=\"justify\"><span style=\"font-family: Times New Roman, serif\"><span style=\"font-size: large\">No seguinte relato se concatenan varias citas de sabios dando a s\u00faa explicaci\u00f3n acerca dos diferentes tipos de karma, inclu\u00edndo o karma colectivo, pasando pola cuesti\u00f3n da fama, e a necesidade de perdoar e ser perdoado.<\/span><\/span><\/p>\n<hr \/>\n<p align=\"center\"><span style=\"font-family: Times New Roman, serif\"><span style=\"font-size: large\"><b>Citas dos sabios.<\/b><\/span><\/span><\/p>\n<p align=\"justify\"><span style=\"font-family: Times New Roman, serif\"><span style=\"font-size: large\">\u00c1s veces as mensaxes non son tan psicol\u00f3xicas e parecen proceder dunha fonte m\u00e1is tradicional, m\u00e1is did\u00e1ctica.<\/span><\/span><\/p>\n<p align=\"justify\"><span style=\"font-family: Times New Roman, serif\"><span style=\"font-size: large\">O estilo \u00e9 algo diferente, case coma se se tratase dun ditado.<\/span><\/span><\/p>\n<p align=\"justify\"><span style=\"font-family: Times New Roman, serif\"><span style=\"font-size: large\">Existen varios tipos de karma, de d\u00e9bedas por saldar. O karma individual corresponde \u00e1s propias obrigas da entidade, que s\u00f3 lle pertencen a ela. Pero tam\u00e9n hai un karma colectivo, as d\u00e9bedas do grupo, e existen diversos grupos: relixi\u00f3ns, razas, nacionalidades, etc. Nun nivel m\u00e1is amplo, est\u00e1 o karma planetario, que afecta ao destino do planeta e \u00e1s s\u00faas consecuencias. No karma colectivo, non s\u00f3 hai d\u00e9bedas individuais acumuladas e sedimentadas, sen\u00f3n que as s\u00faas consecuencias terminan por atribu\u00edrse ao grupo, ao pa\u00eds ou ao planeta. A aplicaci\u00f3n deste karma colectivo determina o futuro do grupo ou do pa\u00eds. Pero tam\u00e9n se aplica ao individuo que se reencarna dentro do grupo ou do pa\u00eds, ou ao mesmo tempo e en relaci\u00f3n con ese grupo ou pa\u00eds a\u00ednda que non pertenza a el, ou nunha \u00e9poca posterior&#8230;<\/span><\/span><\/p>\n<p align=\"justify\"><span style=\"font-family: Times New Roman, serif\"><span style=\"font-size: large\">A acci\u00f3n conv\u00e9rtese nunha acci\u00f3n correcta cando leva a cabo ao longo do Cami\u00f1o, a trav\u00e9s do Carreiro que conduce a Deus. O resto de cami\u00f1os acaban sendo falsos carreiros ou espellismos, e a acci\u00f3n que leva a cabo ao longo deles non \u00e9 a acci\u00f3n correcta. As\u00ed pois, a acci\u00f3n correcta estimula a espiritualidade da persoa e a s\u00faa recuperaci\u00f3n. Toda acci\u00f3n que favoreza a xustiza, a misericordia, o amor, a sabedor\u00eda e todos os atributos que denominamos divinos ou espirituais \u00e9 inevitablemente unha acci\u00f3n correcta. O froito da acci\u00f3n correcta \u00e9 a meta desexada. Os froitos das acci\u00f3ns que levan a cabo polos outros cami\u00f1os son transitorios, ilusorios e falsos. Son froitos tentadores e enganosos, pero non son o que realmente desexamos. Os froitos dunha acci\u00f3n correcta abarcan todos os nosos obxectivos e anhelos e todo o que necesitamos e desexamos.<\/span><\/span><\/p>\n<p align=\"justify\"><span style=\"font-family: Times New Roman, serif\"><span style=\"font-size: large\">A fama \u00e9 un bo exemplo. Todo aquel que persegue a fama como unha meta na vida, probablemente obteraa durante un tempo. Pero esta fama ser\u00e1 pasaxeira e insatisfactoria. Con todo, se a fama chega dun modo espont\u00e1neo, como resultado da acci\u00f3n correcta, acci\u00f3n levada a cabo no Cami\u00f1o, durar\u00e1 e ser\u00e1 verdadeira, a\u00ednda que para a persoa que se acha no Cami\u00f1o isto non ser\u00e1 importante. Velaqu\u00ed a diferenza entre o desexo ego\u00edsta de fama, por parte da persoa, e a fama non buscada e non desexada, que \u00e9 o resultado da acci\u00f3n correcta. A primeira \u00e9 ilusoria e ef\u00e9mera. A segunda \u00e9 real e duradeira, e \u00e9 fiel \u00e1 alma. No primeiro caso acum\u00falase ao karma, e \u00e9 necesario saldalo; no segundo non.<\/span><\/span><\/p>\n<p align=\"justify\"><span style=\"font-family: Times New Roman, serif\"><span style=\"font-size: large\">\u00c1s veces as mensaxes suc\u00e9dense como escintileos e son moi concisas.<\/span><\/span><\/p>\n<p align=\"justify\"><span style=\"font-family: Times New Roman, serif\"><span style=\"font-size: large\">\u00abO obxectivo non \u00e9 ga\u00f1ar sen\u00f3n abrirse\u00bb.<\/span><\/span><\/p>\n<p align=\"justify\"><span style=\"font-family: Times New Roman, serif\"><span style=\"font-size: large\">Logo, como se volvesen ter a quenda, as mensaxes son de novo m\u00e1is psicol\u00f3xicas e adquiren a forma de impresi\u00f3ns que se suceden unha detr\u00e1s doutra, como centelleos.<\/span><\/span><\/p>\n<p align=\"justify\"><span style=\"font-family: Times New Roman, serif\"><span style=\"font-size: large\">Deus perdoa, pero tam\u00e9n debes ser perdoado polos demais, e tes que perdoalos a eles. O perd\u00f3n tam\u00e9n \u00e9 unha responsabilidade t\u00faa. Debes perdoar e ser perdoado. A psican\u00e1lise non repara os danos. Tes que ir m\u00e1is al\u00f3 do entendemento e realizar cambios, mellorar o mundo, arranxar as relaci\u00f3ns, perdoar aos demais e aceptar o seu perd\u00f3n. \u00c9 sumamente importante perseguir a virtude sen descanso. Soamente falar dela non \u00e9 suficiente. Entender co intelecto e non aplicar un remedio tampouco \u00e9 suficiente. Pero expresar o amor si o \u00e9.<\/span><\/span><\/p>\n<p align=\"justify\"><span style=\"font-family: Times New Roman, serif\"><span style=\"font-size: large\">Brian Weiss. <i>Lazos de amor<\/i>. Primeira edici\u00f3n castel\u00e1 en r\u00fastica da Editorial Vergara. P\u00e1xinas 91-93.<br \/>\n<\/span><\/span><span style=\"font-family: Times New Roman, serif\"><span style=\"font-size: large\"><b>Traduci\u00f3n: Elisa Borraz\u00e1s.<\/b><\/span><\/span><\/p>","protected":false},"excerpt":{"rendered":"<p>Tipos de karma, karma colectivo, fama, obxectivo e perd\u00f3n. Citas dos sabios. A trav\u00e9s do corpo dos pacientes do doutor Brian Weiss sometidos a regresi\u00f3n hipn\u00f3tica, non s\u00f3 se pode &hellip; <a href=\"https:\/\/animaweb.blog.pangea.org\/gl\/tipus-de-karma-karma-collectiu-fama-objectiu-i-perdo-cites-dels-savis\/\" class=\"more-link\">Ler m\u00e1is<span class=\"screen-reader-text\"> &#8220;Tipos de karma, karma colectivo, fama, obxectivo e perd\u00f3n. Citas dos sabios.&#8221;<\/span><\/a><\/p>\n","protected":false},"author":12345698,"featured_media":0,"parent":0,"menu_order":0,"comment_status":"closed","ping_status":"closed","template":"","meta":{"ngg_post_thumbnail":0,"footnotes":""},"class_list":["post-286","page","type-page","status-publish","hentry"],"_links":{"self":[{"href":"https:\/\/animaweb.blog.pangea.org\/gl\/wp-json\/wp\/v2\/pages\/286","targetHints":{"allow":["GET"]}}],"collection":[{"href":"https:\/\/animaweb.blog.pangea.org\/gl\/wp-json\/wp\/v2\/pages"}],"about":[{"href":"https:\/\/animaweb.blog.pangea.org\/gl\/wp-json\/wp\/v2\/types\/page"}],"author":[{"embeddable":true,"href":"https:\/\/animaweb.blog.pangea.org\/gl\/wp-json\/wp\/v2\/users\/12345698"}],"replies":[{"embeddable":true,"href":"https:\/\/animaweb.blog.pangea.org\/gl\/wp-json\/wp\/v2\/comments?post=286"}],"version-history":[{"count":30,"href":"https:\/\/animaweb.blog.pangea.org\/gl\/wp-json\/wp\/v2\/pages\/286\/revisions"}],"predecessor-version":[{"id":2374,"href":"https:\/\/animaweb.blog.pangea.org\/gl\/wp-json\/wp\/v2\/pages\/286\/revisions\/2374"}],"wp:attachment":[{"href":"https:\/\/animaweb.blog.pangea.org\/gl\/wp-json\/wp\/v2\/media?parent=286"}],"curies":[{"name":"wp","href":"https:\/\/api.w.org\/{rel}","templated":true}]}}