{"id":281,"date":"2018-09-10T12:51:15","date_gmt":"2018-09-10T10:51:15","guid":{"rendered":"https:\/\/animaweb.cat\/?page_id=281"},"modified":"2023-02-16T06:05:05","modified_gmt":"2023-02-16T04:05:05","slug":"cites-i-testimonis","status":"publish","type":"page","link":"https:\/\/animaweb.blog.pangea.org\/gl\/cites-i-testimonis\/","title":{"rendered":"Citas e testemu\u00f1os"},"content":{"rendered":"<p lang=\"gl-ES\" align=\"justify\"><span style=\"font-family: Times New Roman, serif\"><span style=\"font-size: x-large\"><b><a href=\"\/gl\/respectar-els-individus-de-les-altres-condicions-el-testimoni-develyn\/\">Respectar os individuos doutras condici\u00f3ns. O testemu\u00f1o de Evelyn.<\/a><br \/>\n<\/b><\/span><\/span><span style=\"font-family: Times New Roman, serif\"><span style=\"font-size: large\"><i>Este caso do Doutor Brian Weiss pertence a unha paciente que aqu\u00ed toma o nome de Evelyn, onde se evidencia a necesidade de aprender a respectar <\/i><i>a<\/i><i>s persoas que pertencen a un colectivo alleo.<br \/>\n<\/i><\/span><\/span><span style=\"font-family: Times New Roman, serif\"><span style=\"font-size: large\">Brian Weiss. <i>Same<\/i><i> Soul, Many Bodies<\/i> (<i>Moitos corpos, unha mesma alma<\/i><i>)<\/i>. Primeira edici\u00f3n castel\u00e1 en r\u00fastica da Editorial Zeta. P\u00e1xinas 65 a 74.<br \/>\n<\/span><\/span><span style=\"font-family: Times New Roman, serif\"><span style=\"font-size: large\"><b>Traduci\u00f3n: Elisa Borraz\u00e1s.<\/b><\/span><\/span><\/p>\n<p class=\"western\" align=\"justify\"><span style=\"font-family: Times New Roman, serif\"><span style=\"font-size: x-large\"><b><a href=\"\/gl\/tipus-de-karma-karma-collectiu-fama-objectiu-i-perdo-cites-dels-savis\/\">Tipos de karma, karma colectivo, fama, obxectivo e perd\u00f3n. Citas dos sabios.<\/a><br \/>\n<\/b><\/span><\/span><span style=\"font-family: Times New Roman, serif\"><span style=\"font-size: large\"><i>A trav\u00e9s do corpo dos pacientes do doutor Brian Weiss sometidos a regresi\u00f3n hipn\u00f3tica, non s\u00f3 se pode acceder ao pasado da s\u00faa alma en busca dun feito traum\u00e1tico, se non que tam\u00e9n almas de diferentes sabios ou mestres poden intervir para transmitir ao terapeuta explicaci\u00f3ns acerca da evoluci\u00f3n espiritual.<br \/>\n<\/i><\/span><\/span><span style=\"font-family: Times New Roman, serif\"><span style=\"font-size: large\">Brian Weiss. <\/span><\/span><span style=\"font-family: Times New Roman, serif\"><span style=\"font-size: large\"><i>Lazos de amor<\/i><\/span><\/span><span style=\"font-family: Times New Roman, serif\"><span style=\"font-size: large\">. Primeira edici\u00f3n castel\u00e1 en r\u00fastica da Editorial Vergara. P\u00e1xinas 91-93.<br \/>\n<\/span><\/span><span style=\"font-family: Times New Roman, serif\"><span style=\"font-size: large\"><b>Traduci\u00f3n: Elisa Borraz\u00e1s.<\/b><\/span><\/span><\/p>\n<p class=\"western\" align=\"justify\"><span style=\"font-family: Times New Roman, serif\"><span style=\"font-size: x-large\"><span lang=\"gl-ES\"><b><a href=\"\/gl\/a-la-comprensio-per-lexperiencia\/\">\u00c1 comprensi\u00f3n pola experiencia.<\/a><br \/>\n<\/b><\/span><\/span><\/span><em><span style=\"font-family: Times New Roman, serif\"><span style=\"font-size: large\">O doutor en Psiquiatr\u00eda Brian Weiss narra as s\u00faas pesquisas iniciais na procura de referencias sobre a reencarnaci\u00f3n, tralos seus primeiros pasos na t\u00e9cnica de terapia de vidas pasadas.<br \/>\n<\/span><\/span><\/em><span style=\"font-family: Times New Roman, serif\"><span style=\"font-size: large\"><span lang=\"gl-ES\">Brian Weiss. <\/span><\/span><\/span><span style=\"color: #000000\"><span style=\"font-family: Times New Roman, serif\"><span style=\"font-size: large\"><span lang=\"gl-ES\"><i>Through Time into Healing<\/i><\/span><\/span><\/span><\/span><span style=\"color: #000000\"><span style=\"font-family: Times New Roman, serif\"><span style=\"font-size: large\"><span lang=\"gl-ES\"> (<\/span><\/span><\/span><\/span><span style=\"font-family: Times New Roman, serif\"><span style=\"font-size: large\"><span lang=\"gl-ES\"><i>A trav\u00e9s do tempo<\/i><\/span><\/span><\/span><span style=\"font-family: Times New Roman, serif\"><span style=\"font-size: large\"><span lang=\"gl-ES\">). Traduci\u00f3n da primeira edici\u00f3n castel\u00e1 en r\u00fastica da Editorial Vergara, p\u00e1xinas 45 a 50.<br \/>\n<\/span><\/span><\/span><span style=\"font-family: Times New Roman, serif\"><span style=\"font-size: large\"><b>Traduci\u00f3n: Elisa Borraz\u00e1s.<\/b><\/span><\/span><\/p>\n<p class=\"western\" lang=\"gl-ES\" align=\"justify\"><span style=\"font-family: Times New Roman, serif\"><span style=\"font-size: x-large\"><b><a href=\"\/gl\/un-cas-de-reencarnacio-immediata-en-el-grup-familiar-terapia-de-vides-passades\/\">Un caso de reencarnaci\u00f3n inmediata no grupo familiar. Terapia de Vidas Pasadas.<\/a><br \/>\n<\/b><\/span><\/span><span style=\"font-family: Times New Roman, serif\"><span style=\"font-size: large\"><span lang=\"gl-ES\"><i>Marcela (45 anos), veu \u00e1 consulta co prop\u00f3sito de traballar a s\u00faa fobia aos cans. Hab\u00eda xa varios anos que os seus dous fillos, de doce e dez anos, lle reclamaban que quer\u00edan un can como mascota, pero Marcela t\u00ed\u00f1alles moito medo aos cans, at\u00e9 o punto de non poder cami\u00f1ar soa polo seu barrio onde hab\u00eda moitos cans soltos. Marcela desexaba liberarse dese medo tan molesto que a levaba a ter actitudes case c\u00f3micas cando se topaba con alg\u00fan can, sen importar o seu tama\u00f1o nin as circunstancias (&#8230;).<br \/>\n<\/i><\/span><\/span><\/span><span style=\"font-family: Times New Roman, serif\"><span style=\"font-size: large\">por Leopoldo Lage, Merlo, San Lu\u00eds, Arxentina.<br \/>\n<\/span><\/span><span style=\"font-family: Times New Roman, serif\"><span style=\"font-size: large\"><b>Traduci\u00f3n: Elisa Borraz\u00e1s.<\/b><\/span><\/span><\/p>\n<p lang=\"gl-ES\" align=\"justify\"><span style=\"font-family: Times New Roman, serif\"><span style=\"font-size: x-large\"><b><a href=\"\/gl\/testimoniatge-damy-cas-de-suicidi-i-pas-per-la-biblioteca-dels-llibres-de-la-vida\/\">Testemu\u00f1o de Amy. Caso de suicidio e paso pola biblioteca dos Libros da Vida.<\/a><\/b><\/span><\/span><br \/>\n<span style=\"font-family: Times New Roman, serif\"><i><span style=\"font-size: large\"><i>No seguinte relato, unha paciente do Doutor Michael Newton, que aqu\u00ed toma o nome de Amy, revive unha vida pasada na cal se suicida por atoparse solteira, embarazada e perder a s\u00faa parella nun accidente na Inglaterra victoriana. A s\u00faa alma queda estancada uns cen anos dedicada a reflexionar sobre o que fixo, ata que accede a unha biblioteca dos Libros da Vida. Al\u00e1 establece un di\u00e1logo coa alma dun dos bibliotecarios, un experto mestre que a axuda a continuar o seu cami\u00f1o de evoluci\u00f3n espiritual (&#8230;).<\/i><\/span><\/i><\/span><br \/>\n<span style=\"font-family: Times New Roman, serif\"><span style=\"font-size: large\"><span lang=\"gl-ES\">Doutor Michael Newton. <\/span><\/span><\/span><span style=\"font-family: Times New Roman, serif\"><span style=\"font-size: large\"><span lang=\"gl-ES\"><i>Destino de las almas. Un eterno crecimiento espiritual<\/i><\/span><\/span><\/span><span style=\"font-family: Times New Roman, serif\"><span style=\"font-size: large\"><span lang=\"gl-ES\"> (<\/span><\/span><\/span><span style=\"font-family: Times New Roman, serif\"><span style=\"font-size: large\"><span lang=\"gl-ES\"><i>Destino das almas. Un eterno crecemento espiritual<\/i><\/span><\/span><\/span><span style=\"font-family: Times New Roman, serif\"><span style=\"font-size: large\"><span lang=\"gl-ES\">). P\u00e1xinas 93-100.<br \/>\n<\/span><\/span><\/span><span style=\"font-family: Times New Roman, serif\"><span style=\"font-size: large\"><b>Traduci\u00f3n: Elisa Borraz\u00e1s.<\/b><\/span><\/span><\/p>\n<p lang=\"gl-ES\" align=\"justify\"><span style=\"font-family: Times New Roman, serif\"><span style=\"font-size: x-large\"><span style=\"color: #000000\"><b><a href=\"\/gl\/katia-cas-clinic\/\">Katia. Caso Cl\u00ednico.<\/a><br \/>\n<\/b><\/span><\/span><\/span><span style=\"font-family: Times New Roman, serif\"><span style=\"font-size: large\"><span style=\"color: #000000\">M\u00e9rcores, 1 de Outubro de 2014. Terapeuta: Doutora Viviana Zenteno.<br \/>\n<\/span><\/span><\/span><span style=\"font-family: Times New Roman, serif\"><span style=\"font-size: large\"><span style=\"color: #000000\"><i>Katia (45) comprende nesta regresi\u00f3n o motivo dunha renuncia amorosa. Anos atr\u00e1s ela era libre, mais el non, e era unha figura p\u00fablica.<br \/>\n<\/i><\/span><\/span><\/span><span style=\"color: #000000\"><span style=\"font-family: Times New Roman, serif\"><span style=\"font-size: large\"><b>Traduci\u00f3n \u00e1 lingua galega: Vicenzo Reboleiro Gonz\u00e1lez.<\/b><\/span><\/span><\/span><\/p>\n<p lang=\"gl-ES\" align=\"justify\"><span style=\"font-family: Times New Roman, serif\"><span style=\"font-size: x-large\"><b><a href=\"\/gl\/testimoni-de-cristina-un-pacte-amb-la-foscor\/\">Testemu\u00f1o de Cristina. Un pacto coa escuridade.<\/a><br \/>\n<\/b><\/span><\/span><span style=\"font-family: Times New Roman, serif\"><span style=\"font-size: large\"><i>A paciente, que neste relato toma o nome de Cristina, sofre varios bloqueos \u00e1 hora de poder levar a cabo os seus prop\u00f3sitos na s\u00faa vida actual. Coa axuda do terapeuta ela visualiza unha vida pasada onde se xeraron estes s\u00edntomas, cando foi un home que establece un pacto coa escuridade para conseguir poder e aceptaci\u00f3n social polos membros dunha seita. Cristina, asistida polo terapeuta, pode desfacer o pacto que a limitaba, sanar os males realizados e resolver os bloqueos a que estaba suxeita <\/i><\/span><span style=\"font-size: large\"><i>(&#8230;)<\/i><\/span><span style=\"font-size: large\">.<br \/>\n<\/span><\/span><span style=\"font-family: Times New Roman, serif\"><span style=\"font-size: large\">Doutor Jos\u00e9 Lu\u00eds Cabouli. <\/span><span style=\"font-size: large\"><i>Atrapamento e recuperaci\u00f3n da alma. Terapia de vidas pasadas: Un novo paradigma<\/i><\/span><span style=\"font-size: large\">. Edici\u00f3ns Continente. P\u00e1xinas 123 a 134.<br \/>\n<\/span><\/span><span style=\"font-family: Times New Roman, serif\"><span style=\"font-size: x-large\"><b><span style=\"font-size: large\">Traduci\u00f3n \u00e1 lingua galega: Vicenzo Reboleiro Gonz\u00e1lez.<\/span><\/b><\/span><\/span><\/p>\n<p lang=\"gl-ES\" align=\"justify\"><a href=\"\/gl\/testimoni-dorfeo-terapia-de-possessio-espiritual\/\"><span style=\"font-family: Times New Roman, serif\"><span style=\"font-size: x-large\"><b>Testemu\u00f1o de Orfeo. Terapia de posesi\u00f3n espiritual.<br \/>\n<\/b><\/span><\/span><\/a><span style=\"font-family: Times New Roman, serif\"><span style=\"font-size: large\"><i>O paciente que aqu\u00ed toma o nome de Orfeo sa\u00edu dunha sesi\u00f3n onde superou un pacto coa escuridade dunha vida anterior. Na sesi\u00f3n presente o terapeuta detecta a presenza de diferentes entidades desencarnadas que entraron dentro do paciente, aproveitando o seu estado anterior. O terapeuta dialoga con cada unha destas entidades que se manifestan utilizando a voz e as cordas vocais de Orfeo, axud\u00e1ndoas a atopar o cami\u00f1o da Luz. Deste xeito, liberan o seu h\u00f3spede de trastornos e poden volver retomar o ciclo de encarnaci\u00f3ns sucesivas.<br \/>\n<\/i><\/span><\/span><span style=\"font-family: Times New Roman, serif\"><span style=\"font-size: large\">Doutor Jos\u00e9 Lu\u00eds Cabouli. <i>Terapia da posesi\u00f3n espiritual. T\u00e9cnica e pr\u00e1ctica cl\u00ednica<\/i>. Edici\u00f3ns Continente. P\u00e1xinas 270 a 285.<br \/>\n<\/span><\/span><span style=\"font-family: Times New Roman, serif\"><span style=\"font-size: large\"><b>Traduci\u00f3n \u00e1 lingua galega: Vicenzo Reboleiro Gonz\u00e1lez.<\/b><\/span><\/span><\/p>\n<p lang=\"gl-ES\" align=\"justify\"><a href=\"\/gl\/cas-davortament-terapia-de-possessio-espiritual\/\"><span style=\"font-family: Times New Roman, serif\"><span style=\"font-size: x-large\"><b>Caso de aborto. Terapia d<\/b><\/span><\/span><span style=\"font-family: Times New Roman, serif\"><span style=\"font-size: x-large\"><b>a<\/b><\/span><\/span><span style=\"font-family: Times New Roman, serif\"><span style=\"font-size: x-large\"><b> posesi\u00f3n espiritual.<br \/>\n<\/b><\/span><\/span><\/a><span style=\"font-family: Times New Roman, serif\"><span style=\"font-size: large\">\u00ab<\/span><\/span><span style=\"font-family: Times New Roman, serif\"><span style=\"font-size: large\"><i>A BEG (Bioelectrograf\u00eda) corresponde a unha muller de trinta e cinco a\u00f1os que perdeu un embarazo de tres meses como consecuencia dun accidente. A muller refer\u00eda medo e culpa porque o accidente se debeu a unha imprudencia s\u00faa. A BEG foi obtida durante a sesi\u00f3n de regresi\u00f3n, xusto no momento en que a paciente expresou o seguinte: &#8220;Neste momento sinto que o beb\u00e9 est\u00e1 dentro da mi\u00f1a cabeza&#8221; <\/i><\/span><\/span><span style=\"font-family: Times New Roman, serif\"><span style=\"font-size: large\"><i>(&#8230;)<\/i><\/span><\/span><span style=\"font-family: Times New Roman, serif\"><span style=\"font-size: large\">\u00bb<\/span><\/span><span style=\"font-family: Times New Roman, serif\"><span style=\"font-size: large\">.<br \/>\n<\/span><\/span><span style=\"font-family: Times New Roman, serif\"><span style=\"font-size: large\">Imaxe da BEG: Ra\u00fal Torres, do libro do Doutor Jos\u00e9 Lu\u00eds Cabouli. <\/span><\/span><span style=\"font-family: Times New Roman, serif\"><span style=\"font-size: large\"><span lang=\"es-ES\"><i>Terapia de la posesi\u00f3n espiritual. T\u00e9cnica y pr\u00e1ctica cl\u00ednica<\/i><\/span><\/span><\/span> <span style=\"font-family: Times New Roman, serif\"><span style=\"font-size: large\">(<\/span><\/span><span style=\"font-family: Times New Roman, serif\"><span style=\"font-size: large\"><i>Terapia da posesi\u00f3n espiritual. T\u00e9cnica e pr\u00e1ctica cl\u00ednica<\/i><\/span><\/span><span style=\"font-family: Times New Roman, serif\"><span style=\"font-size: large\">). <\/span><\/span><span style=\"font-family: Times New Roman, serif\"><span style=\"font-size: large\">Editorial \u00cdndigo. P\u00e1gina 397.<br \/>\n<\/span><\/span><span style=\"font-family: Times New Roman, serif\"><span style=\"font-size: x-large\"><b><span style=\"font-size: large\">Traduci\u00f3n \u00e1 lingua galega: Vicenzo Reboleiro Gonz\u00e1lez.<\/span><\/b><\/span><\/span><\/p>","protected":false},"excerpt":{"rendered":"<p>Respectar os individuos doutras condici\u00f3ns. O testemu\u00f1o de Evelyn. Este caso do Doutor Brian Weiss pertence a unha paciente que aqu\u00ed toma o nome de Evelyn, onde se evidencia a &hellip; <a href=\"https:\/\/animaweb.blog.pangea.org\/gl\/cites-i-testimonis\/\" class=\"more-link\">Ler m\u00e1is<span class=\"screen-reader-text\"> &#8220;Citas e testemu\u00f1os&#8221;<\/span><\/a><\/p>\n","protected":false},"author":12345698,"featured_media":0,"parent":0,"menu_order":0,"comment_status":"closed","ping_status":"closed","template":"","meta":{"ngg_post_thumbnail":0,"footnotes":""},"class_list":["post-281","page","type-page","status-publish","hentry"],"_links":{"self":[{"href":"https:\/\/animaweb.blog.pangea.org\/gl\/wp-json\/wp\/v2\/pages\/281","targetHints":{"allow":["GET"]}}],"collection":[{"href":"https:\/\/animaweb.blog.pangea.org\/gl\/wp-json\/wp\/v2\/pages"}],"about":[{"href":"https:\/\/animaweb.blog.pangea.org\/gl\/wp-json\/wp\/v2\/types\/page"}],"author":[{"embeddable":true,"href":"https:\/\/animaweb.blog.pangea.org\/gl\/wp-json\/wp\/v2\/users\/12345698"}],"replies":[{"embeddable":true,"href":"https:\/\/animaweb.blog.pangea.org\/gl\/wp-json\/wp\/v2\/comments?post=281"}],"version-history":[{"count":136,"href":"https:\/\/animaweb.blog.pangea.org\/gl\/wp-json\/wp\/v2\/pages\/281\/revisions"}],"predecessor-version":[{"id":2407,"href":"https:\/\/animaweb.blog.pangea.org\/gl\/wp-json\/wp\/v2\/pages\/281\/revisions\/2407"}],"wp:attachment":[{"href":"https:\/\/animaweb.blog.pangea.org\/gl\/wp-json\/wp\/v2\/media?parent=281"}],"curies":[{"name":"wp","href":"https:\/\/api.w.org\/{rel}","templated":true}]}}