{"id":26,"date":"2018-01-17T20:47:37","date_gmt":"2018-01-17T18:47:37","guid":{"rendered":"http:\/\/animaweb.blog.pangea.org\/?page_id=26"},"modified":"2023-01-19T06:53:01","modified_gmt":"2023-01-19T04:53:01","slug":"jose-luis-cabouli-lanima-es-el-xofer-el-cos-el-vehicle","status":"publish","type":"page","link":"https:\/\/animaweb.blog.pangea.org\/gl\/jose-luis-cabouli-lanima-es-el-xofer-el-cos-el-vehicle\/","title":{"rendered":"Jos\u00e9 Lu\u00eds Cabouli: \u00abA alma \u00e9 o chofer; o corpo, o veh\u00edculo\u00bb."},"content":{"rendered":"<p align=\"center\"><span style=\"font-family: Times New Roman, serif\"><span style=\"font-size: x-large\"><span style=\"color: #000000\"><b>Jos\u00e9 Lu\u00eds Cabouli: \u00abA alma \u00e9 o chofer; o corpo, o veh\u00edculo\u00bb.<\/b><\/span><\/span><\/span><\/p>\n<p align=\"justify\"><span style=\"font-family: Times New Roman, serif\"><span style=\"font-size: large\"><b><span style=\"color: #000000\"><img loading=\"lazy\" decoding=\"async\" class=\"alignright wp-image-773 size-full\" title=\"El Peri\u00f3dico de Catalunya (O Xornal de Catalunya). Logotipo.\" src=\"https:\/\/animaweb.cat\/files\/2020\/01\/El_Periodico_de_Catalunya_Logotip_72ppp_200x39px.png\" alt=\"El Peri\u00f3dico de Catalunya (O Xornal de Catalunya). Logotipo.\" width=\"200\" height=\"39\" \/>El Peri\u00f3dico de Catalunya (<\/span><span style=\"color: #000000\">O Xornal de Catalunya<\/span><span style=\"color: #000000\">)<\/span><span style=\"color: #000000\">. M\u00e9rcores, 8 de outubro de 2008.<\/span><\/b><\/span><\/span><\/p>\n<p align=\"justify\"><span style=\"font-family: Times New Roman, serif\"><span style=\"font-size: large\"><span style=\"color: #000000\"><i>Jos\u00e9 Lu\u00eds Cabouli practica a Terapia das Vidas Pasadas. \u00c9 m\u00e9dico e cirurxi\u00e1n da alma. Asume que existe a reencarnaci\u00f3n e traballa con pacientes que arrastran traumas doutras vidas.<\/i><\/span><\/span><\/span><\/p>\n<p align=\"justify\"><span style=\"font-family: Times New Roman, serif\"><span style=\"font-size: large\"><span style=\"color: #000000\"><b>Jos\u00e9 Lu\u00eds Cabouli: \u00abA alma \u00e9 o chofer; o corpo, o veh\u00edculo\u00bb.<\/b><\/span><\/span><\/span><\/p>\n<p align=\"justify\"><span style=\"font-family: Times New Roman, serif\"><span style=\"font-size: large\"><span style=\"color: #000000\"><b>Gaspar Hern\u00e0ndez.<br \/>\n<\/b><\/span><\/span><\/span><span style=\"font-family: Times New Roman, serif\"><span style=\"font-size: large\"><b><span style=\"color: #000000\">Traduci\u00f3n: Vicenzo Reboleiro Gonz\u00e1lez.<\/span><\/b><\/span><\/span><b><\/b><\/p>\n<figure id=\"attachment_27\" aria-describedby=\"caption-attachment-27\" style=\"width: 400px\" class=\"wp-caption alignnone\"><img loading=\"lazy\" decoding=\"async\" class=\"wp-image-27 size-full\" title=\"Jos\u00e9 Luis Cabouli. Foto: Elisenda Pons.\" src=\"https:\/\/animaweb.cat\/files\/2018\/01\/Jose_Luis_Cabouli_-_Foto_1_400x358px.png\" alt=\"Jos\u00e9 Luis Cabouli. Foto: Elisenda Pons.\" width=\"400\" height=\"358\" srcset=\"https:\/\/animaweb.blog.pangea.org\/files\/2018\/01\/Jose_Luis_Cabouli_-_Foto_1_400x358px.png 400w, https:\/\/animaweb.blog.pangea.org\/files\/2018\/01\/Jose_Luis_Cabouli_-_Foto_1_400x358px-300x269.png 300w\" sizes=\"auto, (max-width: 400px) 85vw, 400px\" \/><figcaption id=\"caption-attachment-27\" class=\"wp-caption-text\">Jos\u00e9 Luis Cabouli. Foto: Elisenda Pons.<\/figcaption><\/figure>\n<p align=\"justify\"><span style=\"font-family: Times New Roman, serif\"><span style=\"font-size: large\"><b><span style=\"color: #000000\">Jos\u00e9 Lu\u00eds Cabouli. Foto: Elisenda Pons.<\/span><\/b><\/span><\/span><\/p>\n<p align=\"justify\"><span style=\"font-family: Times New Roman, serif\"><span style=\"font-size: large\"><span style=\"color: #000000\">M\u00e9rcores, 8-10-2008 \u00e1s 0 horas.<\/span><\/span><\/span><\/p>\n<p align=\"justify\"><span style=\"color: #000000\">\u2013<span style=\"font-family: Times New Roman, serif\"><span style=\"font-size: large\"><b>Vostede deixou a medicina. Por que?\u2013<\/b><\/span><\/span><\/span><\/p>\n<p align=\"justify\"><span style=\"color: #000000\">\u2013<span style=\"font-family: Times New Roman, serif\"><span style=\"font-size: large\">Foi o destino. Era cirurxi\u00e1n pl\u00e1stico e en 1988 tomei unhas vacaci\u00f3ns. Unha noite, estando nunha praia facendo meditaci\u00f3n, cambioume a vida. Veume claramente a certeza de que ti\u00f1a que deixar a cirurx\u00eda e dedicarme \u00e1 cirurx\u00eda da alma.\u2013<\/span><\/span><\/span><\/p>\n<p align=\"justify\"><span style=\"color: #000000\">\u2013<span style=\"font-family: Times New Roman, serif\"><span style=\"font-size: large\"><b>Inicialmente non pensaba dedicarse a iso?\u2013<\/b><\/span><\/span><\/span><\/p>\n<p align=\"justify\"><span style=\"color: #000000\">\u2013<span style=\"font-family: Times New Roman, serif\"><span style=\"font-size: large\">Si, mais aprend\u00edn que, cando uno non fai o que ten que facer, a vida obr\u00edgate a que o fagas.\u2013<\/span><\/span><\/span><\/p>\n<p align=\"justify\"><span style=\"color: #000000\">\u2013<span style=\"font-family: Times New Roman, serif\"><span style=\"font-size: large\"><b>Que \u00e9 a Terapia das Vidas Pasadas?\u2013<\/b><\/span><\/span><\/span><\/p>\n<p align=\"justify\"><span style=\"color: #000000\">\u2013<span style=\"font-family: Times New Roman, serif\"><span style=\"font-size: large\">Consiste en traermos \u00e1 consciencia f\u00edsica episodios e eventos traum\u00e1ticos que est\u00e1n reprimidos no inconsciente, e que por iso provocan desequilibrios no d\u00eda a d\u00eda.\u2013<\/span><\/span><\/span><\/p>\n<p align=\"justify\"><span style=\"color: #000000\">\u2013<span style=\"font-family: Times New Roman, serif\"><span style=\"font-size: large\"><b>Son feitos que un viviu?\u2013<\/b><\/span><\/span><\/span><\/p>\n<p align=\"justify\"><span style=\"color: #000000\">\u2013<span style=\"font-family: Times New Roman, serif\"><span style=\"font-size: large\">Si que os vivimos, mais noutras vidas. Hai relaci\u00f3ns directas entre traumas de vidas pasadas e o conflito emocional actual dunha persoa.\u2013<\/span><\/span><\/span><\/p>\n<p align=\"justify\"><span style=\"color: #000000\">\u2013<span style=\"font-family: Times New Roman, serif\"><span style=\"font-size: large\"><b>E como sabe que pertencen a unha vida pasada e non ao inconsciente colectivo?\u2013<\/b><\/span><\/span><\/span><\/p>\n<p align=\"justify\"><span style=\"color: #000000\">\u2013<span style=\"font-family: Times New Roman, serif\"><span style=\"font-size: large\">En primeiro lugar, non sabemos exactamente que \u00e9 o inconsciente colectivo. E, se fose tan f\u00e1cil obter informaci\u00f3n do inconsciente colectivo, ent\u00f3n fariamos os exames conect\u00e1ndonos ao inconsciente colectivo?\u2013<\/span><\/span><\/span><\/p>\n<p align=\"justify\"><span style=\"color: #000000\">\u2013<span style=\"font-family: Times New Roman, serif\"><span style=\"font-size: large\"><b>Os pacientes que non cren en vidas pasadas, c\u00faranse?\u2013<\/b><\/span><\/span><\/span><\/p>\n<p align=\"justify\"><span style=\"color: #000000\">\u2013<span style=\"font-family: Times New Roman, serif\"><span style=\"font-size: large\">Desde o punto de vista terap\u00e9utico, non importa se as vidas pasadas existen ou non existen. Todos temos experiencias no subconsciente que non pertencen ao marco desta vida. Ernesto S\u00e1bato definiu o inconsciente como a realidade m\u00e1is verdadeira que existe. Todo o que temos no inconsciente sair\u00e1 \u00e1 vida diaria.\u2013<\/span><\/span><\/span><\/p>\n<p align=\"justify\"><span style=\"color: #000000\">\u2013<span style=\"font-family: Times New Roman, serif\"><span style=\"font-size: large\"><b>Vostede cre na reencarnaci\u00f3n?\u2013<\/b><\/span><\/span><\/span><\/p>\n<p align=\"justify\"><span style=\"color: #000000\">\u2013<span style=\"font-family: Times New Roman, serif\"><span style=\"font-size: large\">Cr\u00eda nela, at\u00e9 que comecei a traballar coas vidas pasadas. Cando empecei a experimentar en min mesmo episodios de vidas anteriores, deixei de crer na reencarnaci\u00f3n para asumila como unha realidade, como unha experiencia.\u2013<\/span><\/span><\/span><\/p>\n<p align=\"justify\"><span style=\"color: #000000\">\u2013<span style=\"font-family: Times New Roman, serif\"><span style=\"font-size: large\"><b>Cantas vidas pasadas ten vostede?\u2013<\/b><\/span><\/span><\/span><\/p>\n<p align=\"justify\"><span style=\"color: #000000\">\u2013<span style=\"font-family: Times New Roman, serif\"><span style=\"font-size: large\">Imposible de saber. No curso dun traballo terap\u00e9utico podes traballar 12 ou 20 vidas. Buda tivo 500 vidas negativas e 500 positivas antes de alcanzar a iluminaci\u00f3n. O \u00fanico que aparece cando un traballa \u00e9 o realmente trascendente para a alma.\u2013<\/span><\/span><\/span><\/p>\n<p align=\"justify\"><span style=\"color: #000000\">\u2013<span style=\"font-family: Times New Roman, serif\"><span style=\"font-size: large\"><b>Cantas vidas ten a alma?\u2013<\/b><\/span><\/span><\/span><\/p>\n<p align=\"justify\"><span style=\"color: #000000\">\u2013<span style=\"font-family: Times New Roman, serif\"><span style=\"font-size: large\">Unha soa vida. Os corpos son instrumentos e veh\u00edculos para levaren a cabo as experiencias que a alma precisa para evolucionar. A alma \u00e9 unha entidade que mant\u00e9n a s\u00faa individualidade ou a s\u00faa esencia permanentemente. <\/span><span lang=\"it-IT\">Ti fuches ti, e ser\u00e1s sempre o mesmo.\u2013<\/span><\/span><\/span><\/p>\n<p align=\"justify\"><span style=\"color: #000000\">\u2013<span style=\"font-family: Times New Roman, serif\"><span style=\"font-size: large\"><b><span lang=\"it-IT\">A\u00ednda que morra?\u2013<\/span><\/b><\/span><\/span><\/span><\/p>\n<p align=\"justify\"><span style=\"color: #000000\">\u2013<\/span><span style=\"font-family: Times New Roman, serif\"><span style=\"font-size: large\"><span style=\"color: #000000\">Morre o teu corpo, non a t\u00faa alma. Necesitas un veh\u00edculo neste mundo, que \u00e9 o corpo. Non obstante o corpo non aguanta para sempre, e a alma precisar\u00e1 outros corpos para cumprir o seu plan.\u2013<\/span><\/span><\/span><\/p>\n<p align=\"justify\"><span style=\"color: #000000\">\u2013<span style=\"font-family: Times New Roman, serif\"><span style=\"font-size: large\"><b>A alma ten un plan?\u2013<\/b><\/span><\/span><\/span><\/p>\n<p align=\"justify\"><span style=\"color: #000000\">\u2013<span style=\"font-family: Times New Roman, serif\"><span style=\"font-size: large\">Si, un traxecto. A alma \u00e9 o chofer e o corpo \u00e9 o veh\u00edculo. E utilizamos este veh\u00edculo para conclu\u00edrmos as experiencias que necesitamos para crecer, para evolucionar, quen sabe at\u00e9 onde.\u2013<\/span><\/span><\/span><\/p>\n<p align=\"justify\"><span style=\"color: #000000\">\u2013<span style=\"font-family: Times New Roman, serif\"><span style=\"font-size: large\"><b>Segundo os designios de algo superior?\u2013<\/b><\/span><\/span><\/span><\/p>\n<p align=\"justify\"><span style=\"color: #000000\">\u2013<span style=\"font-family: Times New Roman, serif\"><span style=\"font-size: large\">Eu penso que \u00e9 un traballo en equipo. Hai un arquitecto que dirixe o plan do universo e, dentro dese plan, cada alma ten unha funci\u00f3n a cumprir. Estamos aqu\u00ed para darnos conta de que somos Un: pertencemos a un Todo. Non obstante, a ilusi\u00f3n de estarmos nun corpo fainos crer que estamos separados e que somos entes individuais. Mais en realidade, cando transcendemos iso, vemos que formamos parte dun s\u00f3 Ser?\u2013<\/span><\/span><\/span><\/p>\n<p align=\"justify\"><span style=\"font-family: Times New Roman, serif\"><span style=\"font-size: large\"><span style=\"color: #000000\"><b>\u2013Como podo conectar coa lembranza dunha vida anterior?\u2013<\/b><\/span><\/span><\/span><\/p>\n<p align=\"justify\"><span style=\"color: #000000\">\u2013<span style=\"font-family: Times New Roman, serif\"><span style=\"font-size: large\">Conectar con vidas pasadas \u00e9 bastante sinxelo. En primeiro lugar, pode ocorrer espont\u00e1neamente ou pode ser provocado. Espont\u00e1neamente adoita ocorrer facendo meditaci\u00f3n, en so\u00f1os, cando lemos un libro, vemos unha pel\u00edcula ou visitamos un lugar concreto, ent\u00f3n recibimos un co\u00f1ecemento instant\u00e1neo. \u00c9 frecuente que os nenos de 2 a 6 anos te\u00f1an recordos espont\u00e1neos das s\u00faas vidas anteriores, porque a\u00ednda non actuaron os mecanismos de censura da intelectualidade. Con todo, os pa\u00eds consideran iso como unha fantas\u00eda.\u2013<\/span><\/span><\/span><\/p>\n<p align=\"justify\"><span style=\"color: #000000\">\u2013<span style=\"font-family: Times New Roman, serif\"><span style=\"font-size: large\"><b>Vostede \u00e9 m\u00e9dico, ten formaci\u00f3n cient\u00edfica. Que dir\u00eda aos seus compa\u00f1eiros que pensan que se volveu tolo?\u2013<\/b><\/span><\/span><\/span><\/p>\n<p align=\"justify\"><span style=\"color: #000000\">\u2013<span style=\"font-family: Times New Roman, serif\"><span style=\"font-size: large\">Simplemente, que sigan os alicerces do m\u00e9todo cient\u00edfico: a observaci\u00f3n, a experimentaci\u00f3n e a comprobaci\u00f3n. Observar o fen\u00f3meno, experimentar con iso e comprobalo. E manter a mente aberta, sen prexulgar a ningu\u00e9n. Se eu mante\u00f1o a mente aberta, diante de min pode ocorrer calquera cousa; por\u00e9n, se me pecho, o inconsciente de quen te\u00f1o diante tam\u00e9n se pecha.\u2013<\/span><\/span><\/span><\/p>\n<p align=\"justify\"><span style=\"font-family: Times New Roman, serif\"><span style=\"font-size: large\"><span style=\"color: #000000\"><i>Outra vida en Girona. O doutor Jos\u00e9 Lu\u00eds Cabouli (Bos Aires, 1950) exerceu como cirurxi\u00e1n pl\u00e1stico na capital arxentina at\u00e9 que un bo d\u00eda decidiu deixar a profesi\u00f3n de m\u00e9dico e dedicarse \u00e1 denominada Terapia de Vidas Pasadas (TVP). Desde 1992, dirixe o Centro de Estudos TVP e estes d\u00edas est\u00e1 impartiendo un seminario en Catalunya convidado pola librar\u00eda Epsilon. El est\u00e1 convencido de que noutra vida habitou nas comarcas de Girona. Nesa zona, afirma, s\u00e9ntese como en casa.<\/i><\/span><\/span><\/span><\/p>\n<p align=\"justify\"><span style=\"font-family: Times New Roman, serif\"><span style=\"font-size: large\"><b><span style=\"color: #000000\">Ligaz\u00f3n da entrevista orixinal en castel\u00e1n:<\/span><\/b><\/span><\/span><\/p>\n<p align=\"justify\"><span style=\"font-family: Times New Roman, serif\"><span style=\"font-size: large\"><a href=\"http:\/\/www.elperiodico.com\/%C3%A9\/opinion\/20081008\/jose-lu%C3%ADs-cabouli-o-alma-%C3%A9-o-chofer-o-corpo-o-vehiculo-24269\"><span style=\"color: #000000\">http:\/\/www.elperiodico.com\/\u00e9\/opinion\/20081008\/jose-lu\u00eds-cabouli-o-alma-\u00e9-o-chofer-o-corpo-o-vehiculo-24269<\/span><\/a><\/span><\/span><\/p>","protected":false},"excerpt":{"rendered":"<p>Jos\u00e9 Lu\u00eds Cabouli: \u00abA alma \u00e9 o chofer; o corpo, o veh\u00edculo\u00bb. El Peri\u00f3dico de Catalunya (O Xornal de Catalunya). M\u00e9rcores, 8 de outubro de 2008. Jos\u00e9 Lu\u00eds Cabouli practica &hellip; <a href=\"https:\/\/animaweb.blog.pangea.org\/gl\/jose-luis-cabouli-lanima-es-el-xofer-el-cos-el-vehicle\/\" class=\"more-link\">Ler m\u00e1is<span class=\"screen-reader-text\"> &#8220;Jos\u00e9 Lu\u00eds Cabouli: \u00abA alma \u00e9 o chofer; o corpo, o veh\u00edculo\u00bb.&#8221;<\/span><\/a><\/p>\n","protected":false},"author":12345698,"featured_media":0,"parent":0,"menu_order":0,"comment_status":"closed","ping_status":"closed","template":"","meta":{"ngg_post_thumbnail":0,"footnotes":""},"class_list":["post-26","page","type-page","status-publish","hentry"],"_links":{"self":[{"href":"https:\/\/animaweb.blog.pangea.org\/gl\/wp-json\/wp\/v2\/pages\/26","targetHints":{"allow":["GET"]}}],"collection":[{"href":"https:\/\/animaweb.blog.pangea.org\/gl\/wp-json\/wp\/v2\/pages"}],"about":[{"href":"https:\/\/animaweb.blog.pangea.org\/gl\/wp-json\/wp\/v2\/types\/page"}],"author":[{"embeddable":true,"href":"https:\/\/animaweb.blog.pangea.org\/gl\/wp-json\/wp\/v2\/users\/12345698"}],"replies":[{"embeddable":true,"href":"https:\/\/animaweb.blog.pangea.org\/gl\/wp-json\/wp\/v2\/comments?post=26"}],"version-history":[{"count":12,"href":"https:\/\/animaweb.blog.pangea.org\/gl\/wp-json\/wp\/v2\/pages\/26\/revisions"}],"predecessor-version":[{"id":2366,"href":"https:\/\/animaweb.blog.pangea.org\/gl\/wp-json\/wp\/v2\/pages\/26\/revisions\/2366"}],"wp:attachment":[{"href":"https:\/\/animaweb.blog.pangea.org\/gl\/wp-json\/wp\/v2\/media?parent=26"}],"curies":[{"name":"wp","href":"https:\/\/api.w.org\/{rel}","templated":true}]}}