{"id":219,"date":"2018-02-28T15:26:36","date_gmt":"2018-02-28T13:26:36","guid":{"rendered":"https:\/\/animaweb.cat\/?page_id=219"},"modified":"2021-04-17T09:49:01","modified_gmt":"2021-04-17T07:49:01","slug":"bibliografia-del-doctor-michael-newton","status":"publish","type":"page","link":"https:\/\/animaweb.blog.pangea.org\/gl\/bibliografia-del-doctor-michael-newton\/","title":{"rendered":"Bibliografia do Doutor Michael Newton."},"content":{"rendered":"<p lang=\"gl-ES\" align=\"center\"><span style=\"font-family: Times New Roman, serif\"><span style=\"font-size: x-large\"><b>Bibliografia do Doutor Michael Newton.<\/b><\/span><\/span><\/p>\n<p lang=\"gl-ES\" style=\"text-align: justify\" align=\"center\"><span style=\"font-family: Times New Roman, serif\"><span style=\"font-size: large\"><b>Traduci\u00f3n: Elisa Borraz\u00e1s.<\/b><\/span><\/span><\/p>\n<table border=\"0\" width=\"100%\">\n<tbody>\n<tr>\n<td>\n<p style=\"text-align: center\" align=\"justify\"><img loading=\"lazy\" decoding=\"async\" class=\"aligncenter wp-image-442 size-medium\" title=\"A viaxe das almas. Estudos de casos da vida entre vidas (Journey of Souls). 1994.\" src=\"https:\/\/animaweb.cat\/files\/2019\/09\/Doctor_Michael_Newton_Journey_of_Souls_cover_English-200x300.jpg\" alt=\"A viaxe das almas. Estudos de casos da vida entre vidas (Journey of Souls). 1994.\" width=\"200\" height=\"300\" \/><\/p>\n<p align=\"justify\"><span lang=\"gl-ES\"><i>A viaxe das almas. Estudos de casos da vida entre vidas<\/i><\/span> <span lang=\"gl-ES\">(<\/span><span lang=\"en-US\"><i>Journey of Souls<\/i><\/span><span lang=\"gl-ES\">)<\/span><span lang=\"gl-ES\">. 1994.<\/span><\/p>\n<p lang=\"gl-ES\" align=\"justify\">Con case un mill\u00f3n de exemplares vendidos en todo o mundo, <i>A viaxe<\/i> <i>das almas <\/i>est\u00e1 considerado un cl\u00e1sico de referencia sobre a reencarnaci\u00f3n e o que lle sucede \u00e1 alma durante a vida entre vidas, \u00e9 dicir, durante o per\u00edodo de desencarnaci\u00f3n que ten lugar entre a morte e o renacemento.<\/p>\n<p lang=\"gl-ES\" align=\"justify\"><i>A viaxe das almas<\/i> recolle as narraci\u00f3ns de vinte e nove pacientes do Dr. Michael Newton, os cales en estado supraconsciente revelan os seus recordos m\u00e1is profundos e relatan de forma emotiva o que ocorre despois da morte f\u00edsica, describindo polo mi\u00fado como \u00e9 en realidade o mundo espiritual, que sucede mentres estamos desencarnados e por que regresamos ao plano f\u00edsico en determinados corpos.<\/p>\n<p lang=\"gl-ES\" align=\"justify\">A trav\u00e9s desas impresionantes historias descubrir\u00e1s:<\/p>\n<ul>\n<li>\n<p lang=\"gl-ES\" align=\"justify\">Que se sente ao morrer.<\/p>\n<\/li>\n<li>\n<p lang=\"gl-ES\" align=\"justify\">Que \u00e9 o que se ve e sente despois da morte.<\/p>\n<\/li>\n<li>\n<p lang=\"gl-ES\" align=\"justify\">A verdade sobre os \u00abgu\u00edas espirituais\u00bb.<\/p>\n<\/li>\n<li>\n<p lang=\"gl-ES\" align=\"justify\">O prop\u00f3sito da vida e a manifestaci\u00f3n dun \u00abCreador\u00bb.<\/p>\n<\/li>\n<li>\n<p lang=\"gl-ES\" align=\"justify\">Como aprendemos a reco\u00f1ecer as nosas almas xemelgas na Terra.<\/p>\n<\/li>\n<li>\n<p lang=\"gl-ES\" align=\"justify\">O tres niveis da alma: principiante, intermedia e avanzada.<\/p>\n<\/li>\n<li>\n<p lang=\"gl-ES\" align=\"justify\">Que lles sucede \u00e1s almas \u00abperturbadas\u00bb.<\/p>\n<\/li>\n<li>\n<p lang=\"gl-ES\" align=\"justify\">Por que somos asignados a certos grupos de almas no mundo espiritual e que tarefa desempe\u00f1amos al\u00ed.<\/p>\n<\/li>\n<\/ul>\n<\/td>\n<\/tr>\n<tr>\n<td>\n<p style=\"text-align: center\" align=\"justify\"><img loading=\"lazy\" decoding=\"async\" class=\"aligncenter wp-image-443 size-medium\" title=\"Destino das almas. Un eterno crecemento espiritual (Destiny of Souls). 2000.\" src=\"https:\/\/animaweb.cat\/files\/2019\/09\/Doctor_Michael_Newton_Destinity_of_Souls_cover_English-200x300.jpg\" alt=\"Destino das almas. Un eterno crecemento espiritual (Destiny of Souls). 2000.\" width=\"200\" height=\"300\" \/><\/p>\n<p align=\"justify\"><span lang=\"gl-ES\"><i>Destino das almas. Un eterno crecemento espiritual<\/i><\/span> <span lang=\"gl-ES\">(<\/span><span lang=\"en-US\"><i>Destiny of Souls<\/i><\/span><span lang=\"gl-ES\">)<\/span><span lang=\"gl-ES\"><i>.<\/i><\/span><span lang=\"gl-ES\"> 2000.<\/span><\/p>\n<p lang=\"gl-ES\" align=\"justify\"><i>Destino das almas<\/i> presenta os resultados impactantes das investigaci\u00f3ns realizadas polo reco\u00f1ecido psic\u00f3logo hipnoterapeuta Dr. Michael Newton, quen a trav\u00e9s do seu innovador m\u00e9todo de hipnoterapia presenta o estudo de 55 casos de persoas que lembran en detalle as s\u00faas vidas anteriores.<\/p>\n<p lang=\"gl-ES\" align=\"justify\">\u00c9 un libro dese\u00f1ado para quen desexan aventurarse por primeira vez na tem\u00e1tica da vida despois da morte, e achega valiosa informaci\u00f3n a quen xa co\u00f1ecen os estudos do Dr. Newton, \u00e1 vez que permite explorar o significado da memoria espiritual mentres se len as historias de persoas en profunda hipnosis. E permitirache comprender:<\/p>\n<ul>\n<li>\n<p lang=\"gl-ES\" align=\"justify\">Cal \u00e9 o noso prop\u00f3sito na Terra?<\/p>\n<\/li>\n<li>\n<p lang=\"gl-ES\" align=\"justify\">Os sitios espirituais cara a onde van as almas despois da morte.<\/p>\n<\/li>\n<li>\n<p lang=\"gl-ES\" align=\"justify\">As formas de comunicaci\u00f3n entre os esp\u00edritos e os seres vivos.<\/p>\n<\/li>\n<li>\n<p lang=\"gl-ES\" align=\"justify\">Aos gu\u00edas espirituais e ao Consello de Maiores que nos entrevistan despois de cada vida.<\/p>\n<\/li>\n<li>\n<p lang=\"gl-ES\" align=\"justify\">\u00c1s almas compa\u00f1eiras.<\/p>\n<\/li>\n<li>\n<p lang=\"gl-ES\" align=\"justify\">As uni\u00f3ns entre grupos de almas e familias.<\/p>\n<\/li>\n<li>\n<p lang=\"gl-ES\" align=\"justify\">A viaxe das almas a trav\u00e9s do tempo.<\/p>\n<\/li>\n<li>\n<p lang=\"gl-ES\" align=\"justify\">A conexi\u00f3n entre a alma e o cerebro.<\/p>\n<\/li>\n<li>\n<p lang=\"gl-ES\" align=\"justify\">Por que escollemos certos corpos?<\/p>\n<\/li>\n<\/ul>\n<\/td>\n<\/tr>\n<tr>\n<td>\n<p style=\"text-align: center\" align=\"justify\"><img loading=\"lazy\" decoding=\"async\" class=\"aligncenter wp-image-444 size-full\" title=\"A vida entre vidas. Novas evidencias sobre a existencia doutras vidas despois da morte e a inmortalidade da alma (Life Between Lives Hypnotherapy). 2004.\" src=\"https:\/\/animaweb.cat\/files\/2019\/09\/Doctor_Michael_Newton_Life_between_Lives_cover_English.jpg\" alt=\"A vida entre vidas. Novas evidencias sobre a existencia doutras vidas despois da morte e a inmortalidade da alma (Life Between Lives Hypnotherapy). 2004.\" width=\"150\" height=\"225\" \/><\/p>\n<p align=\"justify\"><span lang=\"gl-ES\"><i>A vida entre vidas. Novas evidencias sobre a existencia doutras vidas despois da morte e a<\/i><\/span> <span lang=\"gl-ES\"><i>inmortalidade da alma<\/i><\/span> <span lang=\"gl-ES\">(<\/span><span lang=\"en-US\"><i>Life Between Lives Hypnotherapy<\/i><\/span><span lang=\"gl-ES\">)<\/span><span lang=\"gl-ES\">. 2004.<\/span><\/p>\n<p lang=\"gl-ES\" align=\"justify\">Nesta obra, composta como un \u00abdiario de viaxe\u00bb das experiencias de vinte e nove persoas \u00e1s que se induciu a un nivel de superconsciencia hipn\u00f3tica, descr\u00edbense de maneira conmovedora as diferentes incidencias destas persoas nas s\u00faas outras reencarnaciones na Terra. \u00c9 as\u00ed como se nos revelan detalles sobre que se sente ao morrer, quen nos espera despois da morte, como \u00e9 o mundo dos esp\u00edritos ou por que eliximos reencarnarnos en determinados seres.<\/p>\n<ul>\n<li>\n<p lang=\"gl-ES\" align=\"justify\">Cal \u00e9 a finalidade da vida e como podemos reco\u00f1ecer nela a presenza do Creador.<\/p>\n<\/li>\n<li>\n<p lang=\"gl-ES\" align=\"justify\">Como son e que papel desempe\u00f1an os gu\u00edas espirituais.<\/p>\n<\/li>\n<li>\n<p lang=\"gl-ES\" align=\"justify\">Que tipo de axuda recibimos para orientarnos no novo mundo.<\/p>\n<\/li>\n<li>\n<p lang=\"gl-ES\" align=\"justify\">Que sucede no mundo espiritual coas almas dos suicidas.<\/p>\n<\/li>\n<li>\n<p lang=\"gl-ES\" align=\"justify\">Cal \u00e9 a aut\u00e9ntica verdade sobre a existencia do ceo e o inferno.<\/p>\n<\/li>\n<\/ul>\n<\/td>\n<\/tr>\n<tr>\n<td>\n<p style=\"text-align: center\" align=\"justify\"><img loading=\"lazy\" decoding=\"async\" class=\"aligncenter wp-image-445 size-medium\" title=\"Memorias da alma. A vida entre vidas. Historia de transformaci\u00f3n persoal (Memories of the Afterlife). 2009.\" src=\"https:\/\/animaweb.cat\/files\/2019\/09\/Doctor_Michael_Newton_Memories_of_the_Afterlife_cover_English-199x300.jpg\" alt=\"Memorias da alma. A vida entre vidas. Historia de transformaci\u00f3n persoal (Memories of the Afterlife). 2009.\" width=\"199\" height=\"300\" \/><\/p>\n<p align=\"justify\"><span lang=\"gl-ES\"><i>Memorias da alma. A vida entre vidas. Historia de transformaci\u00f3n persoal<\/i><\/span> <span lang=\"gl-ES\">(<\/span><span lang=\"en-US\"><i>Memories of the Afterlife<\/i><\/span><span lang=\"gl-ES\">)<\/span><span lang=\"gl-ES\"><i>. <\/i><\/span><span lang=\"gl-ES\">2009.<\/span><\/p>\n<p lang=\"gl-ES\" align=\"justify\">O doutor Michael Newton, autor dos grandes \u00e9xitos de vendas <i>Destino das almas<\/i> e <i>Journey of<\/i> <i>Souls<\/i>, retorna cunha serie de casos estudados que resaltan o profundo impacto da regresi\u00f3n espiritual na vida coti\u00e1 da xente.<\/p>\n<p lang=\"gl-ES\" align=\"justify\">Recollidos de distintas partes do mundo, estes fascinantes relatos foron coidadosamente seleccionados e presentados por hipnoterapeutas certificados polo Newton Institute, e editados polo doutor Newton.<\/p>\n<p lang=\"gl-ES\" align=\"justify\">Despois de lembrar escenas das s\u00faas vidas pasadas, os que participaron nestes estudos embarc\u00e1ronse en cami\u00f1os espirituais que transformaron as s\u00faas vidas: reun\u00edronse coas s\u00faas parellas espirituais e esp\u00edritos gu\u00eda, e descubriron as consecuencias e ramificaci\u00f3ns das elecci\u00f3ns realizadas na Terra, das relaci\u00f3ns amorosas e dos so\u00f1os, todo iso tras comulgar coas s\u00faas almas inmortais.<\/p>\n<p lang=\"gl-ES\" align=\"justify\">Como consecuencia, estas perlas de autoco\u00f1ecemento reveladas produciron experiencias que permitiron a esas persoas entender as adversidades sufridas nas s\u00faas vidas, e, doutra banda, sanar as s\u00faas emoci\u00f3ns, tomar conciencia do seu verdadeiro prop\u00f3sito e enriquecer as s\u00faas vidas cun novo significado.<\/p>\n<\/td>\n<\/tr>\n<\/tbody>\n<\/table>","protected":false},"excerpt":{"rendered":"<p>Bibliografia do Doutor Michael Newton. Traduci\u00f3n: Elisa Borraz\u00e1s. A viaxe das almas. Estudos de casos da vida entre vidas (Journey of Souls). 1994. Con case un mill\u00f3n de exemplares vendidos &hellip; <a href=\"https:\/\/animaweb.blog.pangea.org\/gl\/bibliografia-del-doctor-michael-newton\/\" class=\"more-link\">Ler m\u00e1is<span class=\"screen-reader-text\"> &#8220;Bibliografia do Doutor Michael Newton.&#8221;<\/span><\/a><\/p>\n","protected":false},"author":12345698,"featured_media":0,"parent":0,"menu_order":0,"comment_status":"closed","ping_status":"closed","template":"","meta":{"ngg_post_thumbnail":0,"footnotes":""},"class_list":["post-219","page","type-page","status-publish","hentry"],"_links":{"self":[{"href":"https:\/\/animaweb.blog.pangea.org\/gl\/wp-json\/wp\/v2\/pages\/219","targetHints":{"allow":["GET"]}}],"collection":[{"href":"https:\/\/animaweb.blog.pangea.org\/gl\/wp-json\/wp\/v2\/pages"}],"about":[{"href":"https:\/\/animaweb.blog.pangea.org\/gl\/wp-json\/wp\/v2\/types\/page"}],"author":[{"embeddable":true,"href":"https:\/\/animaweb.blog.pangea.org\/gl\/wp-json\/wp\/v2\/users\/12345698"}],"replies":[{"embeddable":true,"href":"https:\/\/animaweb.blog.pangea.org\/gl\/wp-json\/wp\/v2\/comments?post=219"}],"version-history":[{"count":25,"href":"https:\/\/animaweb.blog.pangea.org\/gl\/wp-json\/wp\/v2\/pages\/219\/revisions"}],"predecessor-version":[{"id":1314,"href":"https:\/\/animaweb.blog.pangea.org\/gl\/wp-json\/wp\/v2\/pages\/219\/revisions\/1314"}],"wp:attachment":[{"href":"https:\/\/animaweb.blog.pangea.org\/gl\/wp-json\/wp\/v2\/media?parent=219"}],"curies":[{"name":"wp","href":"https:\/\/api.w.org\/{rel}","templated":true}]}}