{"id":198,"date":"2018-02-28T13:53:57","date_gmt":"2018-02-28T11:53:57","guid":{"rendered":"https:\/\/animaweb.cat\/?page_id=198"},"modified":"2021-04-17T09:43:50","modified_gmt":"2021-04-17T07:43:50","slug":"blibliografia-del-doctor-brian-weiss","status":"publish","type":"page","link":"https:\/\/animaweb.blog.pangea.org\/gl\/blibliografia-del-doctor-brian-weiss\/","title":{"rendered":"Bibliograf\u00eda do Doutor Brian Weiss."},"content":{"rendered":"<p lang=\"gl-ES\" align=\"center\"><span style=\"font-family: Times New Roman, serif\"><span style=\"font-size: x-large\"><b>Bibliograf<\/b><b>\u00ed<\/b><b>a do Doutor Brian Weiss.<\/b><\/span><\/span><\/p>\n<p lang=\"gl-ES\" style=\"text-align: justify\" align=\"center\"><span style=\"font-family: Times New Roman, serif\"><span style=\"font-size: large\"><b>Traduci\u00f3n: Elisa Borraz\u00e1s.<\/b><\/span><\/span><\/p>\n<table border=\"0\" width=\"100%\">\n<tbody>\n<tr>\n<td>\n<p lang=\"gl-ES\" style=\"text-align: center\" align=\"justify\"><img loading=\"lazy\" decoding=\"async\" class=\"aligncenter wp-image-427 size-medium\" title=\"Moitas vidas, moitos mestres (Many Lives, Many Masters: The True Story of a Prominent Psychiatrist, His Young Patient, and the Past-Life Therapy That Changed Both Their Lives). 1988.\" src=\"https:\/\/animaweb.cat\/files\/2019\/08\/Doctor_Brian_Weiss_Many_Lives_Many_Masters_cover_English-194x300.jpg\" alt=\"Moitas vidas, moitos mestres (Many Lives, Many Masters: The True Story of a Prominent Psychiatrist, His Young Patient, and the Past-Life Therapy That Changed Both Their Lives). 1988.\" width=\"194\" height=\"300\" \/><\/p>\n<p lang=\"gl-ES\" align=\"justify\"><i>Moitas vidas, moitos mestres<\/i> (<span lang=\"en-US\"><i>Many Lives, Many Masters: The True Story of a Prominent Psychiatrist, His Young Patient, and the Past-Life Therapy That Changed Both Their Lives<\/i><\/span>). 1988. O doutor Brian Weiss, xefe de psiquiatr\u00eda do hospital Mount Sinai de Miami, relata neste, o seu primeiro libro, unha asombrosa experiencia que cambiou por completo a s\u00faa propia vida e a s\u00faa visi\u00f3n da psicoterapia.<\/p>\n<p lang=\"gl-ES\" align=\"justify\">Unha das s\u00faas pacientes, Catherine, lembrou baixo hipnose varias das s\u00faas vidas pasadas e puido encontrar nelas a orixe de moitos dos traumas que sufr\u00eda. Catherine curouse, pero ocorreu algo a\u00ednda m\u00e1is importante: logrou porse en contacto cos Mestres, esp\u00edritos superiores que habitan os estados entre d\u00faas vidas. Eles comunic\u00e1ronlle importantes mensaxes de sabedor\u00eda e de co\u00f1ecemento.<\/p>\n<p lang=\"gl-ES\" align=\"justify\">Este relato, profundamente conmovedor, punto de encontro entre ciencia e metaf\u00edsica, constitu\u00edu un extraordinario best-s\u00e9ller e segue a ser de obrigada lectura nun mundo convulsionado, en especial para os que buscan un novo sentido espiritual.<\/p>\n<\/td>\n<\/tr>\n<tr>\n<td>\n<p style=\"text-align: center\"><img loading=\"lazy\" decoding=\"async\" class=\"aligncenter wp-image-428 size-medium\" title=\"A trav\u00e9s do tempo (Through Time into Healing: Discovering the Power of Regression Therapy to Erase Trauma and Transform Mind, Body and Relationships). 1993.\" src=\"https:\/\/animaweb.cat\/files\/2019\/08\/Doctor_Brian_Weiss_Through_Time_Into_Healing_cover_English-194x300.jpg\" alt=\"A trav\u00e9s do tempo (Through Time into Healing: Discovering the Power of Regression Therapy to Erase Trauma and Transform Mind, Body and Relationships). 1993.\" width=\"194\" height=\"300\" \/><\/p>\n<p><i>A trav\u00e9s do tempo<\/i> (<span lang=\"en-US\"><i>Through Time into Healing: Discovering the Power of Regression Therapy to Erase Trauma and Transform Mind, Body and Relationships<\/i><\/span>). 1993. O doutor Brian Weiss, autor de <i>Moitas vidas, moitos mestres<\/i>, analiza neste libro a capacidade de curaci\u00f3n da terapia de regresi\u00f3n a vidas pasadas. C\u00f3ntanos os casos de moitos dos seus pacientes empresarios, avogados, obreiros ou terapeutas, xente de moi diversas crenzas, niveis socioecon\u00f3micos e educaci\u00f3n, que descubriu nas s\u00faas vidas pasadas a orixe dos seus traumas. Mediante estas regresi\u00f3ns, os enfermos puideron tam\u00e9n recuperar distintos talentos dos que gozaban en vidas anteriores e chegar \u00e1 convicci\u00f3n de que a nosa existencia, en aparencia limitada, \u00e9 en verdade un paso no longo cami\u00f1o cara \u00e1 inmortalidade. O doutor Brian Weiss pon ademais ao noso alcance unha serie de exercicios que nos permitir\u00e1n experimentar regresi\u00f3ns ao pasado e alcanzar a paz espiritual.<\/td>\n<\/tr>\n<tr>\n<td>\n<p lang=\"gl-ES\" style=\"text-align: center\" align=\"justify\"><img loading=\"lazy\" decoding=\"async\" class=\"aligncenter wp-image-429 size-medium\" title=\"Lazos de amor (s\u00f3 o amor \u00e9 real) (Only Love Is Real: A Story of Soulmates Reunited). 1997.\" src=\"https:\/\/animaweb.cat\/files\/2019\/08\/Doctor_Brian_Weiss_Only_Love_Is_Real_cover_English-197x300.jpg\" alt=\"Lazos de amor (s\u00f3 o amor \u00e9 real) (Only Love Is Real: A Story of Soulmates Reunited). 1997.\" width=\"197\" height=\"300\" \/><\/p>\n<p lang=\"gl-ES\" align=\"justify\"><i>Lazos de amor (s\u00f3 o amor \u00e9 real) <\/i>(<span lang=\"en-US\"><i>Only Love Is Real: A Story of Soulmates Reunited<\/i><\/span>). 1997. Pedro e Elisabeth non se co\u00f1ec\u00edan e nada indicaba que houbese entre eles a menor afinidade, salvo que a infelicidade de ambos os levou a porse en mans do mesmo psiquiatra. O doutor Weiss soubo intu\u00edr que Pedro e Elisabeth estaban ligados indisolublemente. Foron necesarias moitas sesi\u00f3ns de hipnose e o entusiasmo dun m\u00e9dico capaz de transgredir o marco da ciencia ao uso para que ambos recuperasen a memoria das s\u00faas vidas pasadas e fosen capaces de descubrir os lazos que lles un\u00edan. A regresi\u00f3n \u00e1s s\u00faas vidas anteriores permitiulles deixar flu\u00edr os seus sentimentos e unir definitivamente os seus destinos. Os seus recordos empezaron a coincidir&#8230;<\/p>\n<p lang=\"gl-ES\" align=\"justify\">Brian Weiss \u00e9 autor de grandes \u00e9xitos como <i>Moitas vidas, moitos mestres<\/i> <i>e<\/i><i> A trav\u00e9s do tempo.<\/i><\/p>\n<\/td>\n<\/tr>\n<tr>\n<td>\n<p lang=\"gl-ES\" style=\"text-align: center\" align=\"justify\"><img loading=\"lazy\" decoding=\"async\" class=\"aligncenter wp-image-430 size-full\" title=\"As mensaxes dos Sabios (Messages From the Masters: Tapping into the Power of Love). 2001.\" src=\"https:\/\/animaweb.cat\/files\/2019\/08\/Doctor_Brian_Weiss_Messages_From_The_Masters_cover_English.jpg\" alt=\"As mensaxes dos Sabios (Messages From the Masters: Tapping into the Power of Love). 2001.\" width=\"180\" height=\"273\" \/><\/p>\n<p lang=\"gl-ES\" align=\"justify\"><i>As mensaxes dos Sabios<\/i> (<span lang=\"en-US\"><i>Messages From the Masters: Tapping into the Power of Love<\/i><\/span>)<i>.<\/i> 2001. En <i>Moitas vidas, moitos mestres<\/i> Brian Weiss abriu unha porta inesperada ao asombroso mundo das regresi\u00f3ns a outras existencias. En <i>Lazos de amor<\/i> mostrounos que noutras vidas temos almas que esperan reunirse connosco hoxe en d\u00eda. Agora, aprofundando no co\u00f1ecemento dos Sabios, os gu\u00edas espirituais que dan forma aos nosos destinos, rev\u00e9lanos que o amor \u00e9 a forza esencial da vida e m\u00f3stranos o seu potencial curador e creador, \u00e1 vez que nos ensina a controlar o seu incrible poder.<\/p>\n<p lang=\"gl-ES\" align=\"justify\">Este libro ofrece os testemu\u00f1os \u00edntimos e sorprendentes da milagrosa forza do amor. Os seus relatos non s\u00f3 nos internan no que sucede despois da morte, sen\u00f3n que tam\u00e9n nos mostran estratexias para combater a ansiedade e evitar mediante a autoafirmaci\u00f3n os estragos que poden causar algunhas relaci\u00f3ns.<\/p>\n<\/td>\n<\/tr>\n<tr>\n<td>\n<p lang=\"gl-ES\" style=\"text-align: center\" align=\"justify\"><img loading=\"lazy\" decoding=\"async\" class=\"aligncenter wp-image-431 size-medium\" title=\"Meditaci\u00f3n: O logro da paz interior e tranquilidade na s\u00faa vida (Meditation: Achieving Inner Peace and Tranquility in Your Life. 2002). 2002.\" src=\"https:\/\/animaweb.cat\/files\/2019\/08\/Doctor_Brian_Weiss_Meditation_Achieving_Inner_Peace_and_Tranquillity_in_Your_Life_cover_English-280x300.jpg\" alt=\"Meditaci\u00f3n: O logro da paz interior e tranquilidade na s\u00faa vida (Meditation: Achieving Inner Peace and Tranquility in Your Life. 2002). 2002.\" width=\"280\" height=\"300\" \/><\/p>\n<p lang=\"gl-ES\" align=\"justify\"><i>Meditaci\u00f3n: O logro da paz interior e tranquilidade na s\u00faa vida<\/i> (<span lang=\"en-US\"><i>Meditation: Achieving Inner Peace and Tranquility in Your Life<\/i><\/span><span lang=\"en-US\">. 2002<\/span>)<i>.<\/i> 2002. A meditaci\u00f3n \u00e9 unha t\u00e9cnica que pode empregarse para experimentar a paz interior e que nos permite reformularnos a visi\u00f3n sobre o que nos rodea, mesmo sobre n\u00f3s mesmo. Practicala ax\u00fadanos a confiar na capacidade de utilizar as nosas enerx\u00edas na purificaci\u00f3n do corpo e da mente, e ax\u00fadanos a descubrir e desenvolver a nosa espiritualidade.<\/p>\n<p lang=\"gl-ES\" align=\"justify\">Meditaci\u00f3n incl\u00fae as t\u00e9cnicas que o doutor Weiss utiliza cos seus pacientes para axudarlles a vencer o insomnio, a ansiedade, as fobias, problemas de peso e enfermidades. A meditaci\u00f3n tam\u00e9n pode reducir a tensi\u00f3n arterial, reforzar o sistema inmunol\u00f3gico e rebaixar a tensi\u00f3n.<\/p>\n<p lang=\"gl-ES\" align=\"justify\">Este libro constit\u00fae o primeiro paso para conseguir que a viaxe da vida sexa m\u00e1is relaxado e cheo de paz.<\/p>\n<\/td>\n<\/tr>\n<tr>\n<td>\n<p lang=\"gl-ES\" style=\"text-align: center\" align=\"justify\"><img loading=\"lazy\" decoding=\"async\" class=\"aligncenter wp-image-432 size-medium\" title=\"Espellos do tempo: a regresi\u00f3n de Uso f\u00edsico, emocional e curaci\u00f3n espiritual (Mirrors of Time: Using Regression for Physical, Emotional, and Spiritual Healing). 2003.\" src=\"https:\/\/animaweb.cat\/files\/2019\/08\/Doctor_Brian_Weiss_Mirrors_of_Time_Using_Regression_for_Physical_Emotional_and_Spiritual_Healing_cover_English-270x300.jpg\" alt=\"Espellos do tempo: a regresi\u00f3n de Uso f\u00edsico, emocional e curaci\u00f3n espiritual (Mirrors of Time: Using Regression for Physical, Emotional, and Spiritual Healing). 2003.\" width=\"270\" height=\"300\" \/><\/p>\n<p lang=\"gl-ES\" align=\"justify\"><i>Espellos do tempo: a regresi\u00f3n de Uso f\u00edsico, emocional e curaci\u00f3n espiritual<\/i> (<span lang=\"en-US\"><i>Mirrors of Time: Using Regression for Physical, Emotional, and Spiritual Healing<\/i><\/span>). 2003. Os beneficios da terapia da regresi\u00f3n est\u00e9ndense moito m\u00e1is al\u00f3 da eliminaci\u00f3n dos trastornos que padecemos. A trav\u00e9s dela \u00e9 posible alcanzar a sanaci\u00f3n en todos os aspectos, f\u00edsico, emocional e espiritual.<\/p>\n<p lang=\"gl-ES\" align=\"justify\"><i>Espellos do tempo <\/i>anima ao lector a retroceder no tempo e lembrar sucesos que poder\u00edan ser a orixe das dificultades que experimenta na actualidade. Grazas aos recordos da s\u00faa vida presente e mesmo aos de vidas pasadas, ver\u00e1 diminu\u00edr os s\u00edntomas que padece e invadiralle unha intensa sensaci\u00f3n de relaxaci\u00f3n e benestar.<\/p>\n<p lang=\"gl-ES\" align=\"justify\">Practicar estes exercicios con regularidade, asegura o doutor Weiss, mellora a sa\u00fade f\u00edsica e emocional, proporciona equilibrio e serenidade, e ampl\u00eda a perspectiva espiritual.<\/p>\n<\/td>\n<\/tr>\n<tr>\n<td>\n<p lang=\"gl-ES\" style=\"text-align: center\" align=\"justify\"><img loading=\"lazy\" decoding=\"async\" class=\"aligncenter wp-image-433 size-full\" title=\"Eliminar a tensi\u00f3n, buscar a paz interior (Eliminating Stress, Finding Inner Peace). 2004.\" src=\"https:\/\/animaweb.cat\/files\/2019\/08\/Doctor_Brian_Weiss_Eliminating_Stress_Finding_Inner_Peace_cover_English.jpg\" alt=\"Eliminar a tensi\u00f3n, buscar a paz interior (Eliminating Stress, Finding Inner Peace). 2004.\" width=\"221\" height=\"259\" \/><\/p>\n<p lang=\"gl-ES\" align=\"justify\"><i>Eliminar a tensi\u00f3n, buscar a paz interior<\/i> (<span lang=\"en-US\"><i>Eliminating Stress, Finding Inner Peace<\/i><\/span>)<i>.<\/i> 2004. A tensi\u00f3n \u00e9 unha resposta normal do noso organismo, pero o exceso de tensi\u00f3n, tan estendido hoxe, produce graves problemas. A tensi\u00f3n cons\u00f3menos, destr\u00fae a nosa capacidade de ser felices&#8230; e tam\u00e9n dana a mucosa das paredes estomacais e aumenta a presi\u00f3n sangu\u00ednea, atacando de forma directa o sistema cardiovascular. Ao deprimir o sistema inmunol\u00f3gico, permite o desenvolvemento de enfermidades cr\u00f3nicas.<\/p>\n<p lang=\"gl-ES\" align=\"justify\">Pero se modificamos a nosa actitude mental e aprendemos as t\u00e9cnicas de relaxaci\u00f3n simples pero moi efectivas que prop\u00f3n o doutor Brian Weiss, poderemos reducir a tensi\u00f3n \u00e1 s\u00faa m\u00ednima expresi\u00f3n.<\/p>\n<p lang=\"gl-ES\" align=\"justify\">Este libro axudaralle a alcanzar un profundo estado de relaxaci\u00f3n, liberarse das tensi\u00f3ns agudas ou cr\u00f3nicas que experimentan continuamente o seu corpo e a s\u00faa mente, e eliminar os bloqueos e os obst\u00e1culos que lle impiden alcanzar un estado de paz interior.<\/p>\n<p lang=\"gl-ES\" align=\"justify\">A pr\u00e1ctica regular da meditaci\u00f3n que aqu\u00ed se prop\u00f3n produce resultados profundos e duradeiros. Participar activamente na nosa curaci\u00f3n \u00e9, en definitiva, realizar un acto de amor cara a n\u00f3s mesmos.<\/p>\n<\/td>\n<\/tr>\n<tr>\n<td>\n<p lang=\"gl-ES\" style=\"text-align: center\" align=\"justify\"><img loading=\"lazy\" decoding=\"async\" class=\"aligncenter wp-image-434 size-full\" title=\"Moitos corpos, unha mesma alma (Same Soul, Many Bodies: Discover the Healing Power of Future Lives through Progression Therapy).\" src=\"https:\/\/animaweb.cat\/files\/2019\/08\/Doctor_Brian_Weiss_Same_Soul_Many_Bodies_cover_English.jpg\" alt=\"Moitos corpos, unha mesma alma (Same Soul, Many Bodies: Discover the Healing Power of Future Lives through Progression Therapy).\" width=\"180\" height=\"271\" \/><\/p>\n<p lang=\"gl-ES\" align=\"justify\"><i>Moitos corpos, unha mesma alma<\/i> (<span lang=\"en-US\"><i>Same Soul, Many Bodies: Discover the Healing Power of Future Lives through Progression Therapy<\/i><\/span>)<i>.<\/i> 2006. O psiquiatra Brian Weiss cobrou notoriedade internacional coa s\u00faa investigaci\u00f3n sobre o poder curativo da regresi\u00f3n a vidas anteriores, relatada na s\u00faa famosa obra <i>Moitas vidas, moitos mestres<\/i>. Agora, neste libro fascinante e innovador, o doutor Weiss rev\u00e9lanos como o contacto coas vidas que viviremos no futuro pode transformarnos no presente.<\/p>\n<p lang=\"gl-ES\" align=\"justify\">Todos vivimos existencias anteriores. Todos viviremos outras no futuro. O que fagamos nesta vida influir\u00e1 sobre as nosas reencarnaci\u00f3ns futuras, ao longo do cami\u00f1o de evoluci\u00f3n cara \u00e1 inmortalidade.<\/p>\n<p lang=\"gl-ES\" align=\"justify\">Ao inducir progresi\u00f3ns ao futuro nos seus pacientes, o doutor Weiss descubriu que o noso porvir \u00e9 variable e que as decisi\u00f3ns que tomemos agora determinar\u00e1n a calidade das nosas vidas vindeiras. Serv\u00edndose de decenas de casos cl\u00ednicos, o autor exp\u00f3n os beneficios terap\u00e9uticos da progresi\u00f3n, como antes evidenciara que a regresi\u00f3n a vidas anteriores pode aliviar as feridas f\u00edsicas e emocionais que sufrimos no presente.<\/p>\n<p lang=\"gl-ES\" align=\"justify\"><i>Moitos corpos, unha mesma alma<\/i> \u00e9 unha obra revolucionaria que aprofunda nos descubrimentos do doutor Weiss sobre o pasado para transportar os seus mill\u00f3ns de lectores at\u00e9 un futuro individual e colectivo de cuxa creaci\u00f3n son respons\u00e1beis eles mesmos. Polo cami\u00f1o, as s\u00faas vidas actuais quedar\u00e1n transformadas profundamente e atopar\u00e1n m\u00e1is paz, m\u00e1is felicidade e soluci\u00f3ns aos seus problemas.<\/p>\n<\/td>\n<\/tr>\n<tr>\n<td>\n<p lang=\"gl-ES\" style=\"text-align: center\" align=\"justify\"><img loading=\"lazy\" decoding=\"async\" class=\"aligncenter wp-image-435 size-medium\" title=\"Os milagres existen. O poder sanador dos recordos de vidas anteriores (Miracles Happen: The Transformational Healing Power of Past Life Memories). 2012.\" src=\"https:\/\/animaweb.cat\/files\/2019\/08\/Doctor_Brian_Weiss_Miracles_Happen_cover_English-199x300.jpg\" alt=\"Os milagres existen. O poder sanador dos recordos de vidas anteriores (Miracles Happen: The Transformational Healing Power of Past Life Memories). 2012.\" width=\"199\" height=\"300\" \/><\/p>\n<p lang=\"gl-ES\" align=\"justify\"><i>Os milagres existen. O poder sanador dos recordos de vidas anteriores<\/i> (<span lang=\"en-US\"><i>Miracles Happen: The Transformational Healing Power of Past Life Memories<\/i><\/span>). 2012. Como psicoterapeuta tradicional, o doutor Weiss mostrouse esc\u00e9ptico cando unha das s\u00faas pacientes empezou a lembrar situaci\u00f3ns traum\u00e1ticas das s\u00faas vidas anteriores. Con todo, os devanditos recordos permit\u00edronlle recuperarse dos seus pesadelos recorrentes e dos ataques de angustia dun modo non experimentado con anterioridade. Na actualidade, o doutor Weiss \u00e9 un l\u00edder no campo da terapia relacionada coas vidas anteriores e axudou a miles de persoas a conectarse con estas e experimentar unha curaci\u00f3n definitiva.<\/p>\n<p lang=\"gl-ES\" align=\"justify\"><i>Os milagres existen<\/i> \u00e9 unha recompilaci\u00f3n de historias inspiradoras contadas polos propios pacientes, elixidos entre decenas de miles de persoas que participaron dos talleres experienciais que o autor imparte desde 1988. Weiss, xunto coa s\u00faa filla Amy, comparte connosco estas notables historias da vida real e rev\u00e9lanos o modo en que a regresi\u00f3n \u00e1s vidas anteriores alberga as claves do noso prop\u00f3sito espiritual.<\/p>\n<\/td>\n<\/tr>\n<\/tbody>\n<\/table>","protected":false},"excerpt":{"rendered":"<p>Bibliograf\u00eda do Doutor Brian Weiss. Traduci\u00f3n: Elisa Borraz\u00e1s. Moitas vidas, moitos mestres (Many Lives, Many Masters: The True Story of a Prominent Psychiatrist, His Young Patient, and the Past-Life Therapy &hellip; <a href=\"https:\/\/animaweb.blog.pangea.org\/gl\/blibliografia-del-doctor-brian-weiss\/\" class=\"more-link\">Ler m\u00e1is<span class=\"screen-reader-text\"> &#8220;Bibliograf\u00eda do Doutor Brian Weiss.&#8221;<\/span><\/a><\/p>\n","protected":false},"author":12345698,"featured_media":0,"parent":0,"menu_order":0,"comment_status":"closed","ping_status":"closed","template":"","meta":{"ngg_post_thumbnail":0,"footnotes":""},"class_list":["post-198","page","type-page","status-publish","hentry"],"_links":{"self":[{"href":"https:\/\/animaweb.blog.pangea.org\/gl\/wp-json\/wp\/v2\/pages\/198","targetHints":{"allow":["GET"]}}],"collection":[{"href":"https:\/\/animaweb.blog.pangea.org\/gl\/wp-json\/wp\/v2\/pages"}],"about":[{"href":"https:\/\/animaweb.blog.pangea.org\/gl\/wp-json\/wp\/v2\/types\/page"}],"author":[{"embeddable":true,"href":"https:\/\/animaweb.blog.pangea.org\/gl\/wp-json\/wp\/v2\/users\/12345698"}],"replies":[{"embeddable":true,"href":"https:\/\/animaweb.blog.pangea.org\/gl\/wp-json\/wp\/v2\/comments?post=198"}],"version-history":[{"count":23,"href":"https:\/\/animaweb.blog.pangea.org\/gl\/wp-json\/wp\/v2\/pages\/198\/revisions"}],"predecessor-version":[{"id":1312,"href":"https:\/\/animaweb.blog.pangea.org\/gl\/wp-json\/wp\/v2\/pages\/198\/revisions\/1312"}],"wp:attachment":[{"href":"https:\/\/animaweb.blog.pangea.org\/gl\/wp-json\/wp\/v2\/media?parent=198"}],"curies":[{"name":"wp","href":"https:\/\/api.w.org\/{rel}","templated":true}]}}