{"id":171,"date":"2018-02-04T21:04:23","date_gmt":"2018-02-04T19:04:23","guid":{"rendered":"https:\/\/animaweb.cat\/?page_id=171"},"modified":"2023-02-15T20:08:51","modified_gmt":"2023-02-15T18:08:51","slug":"jose-luis-cabouli-hi-ha-casos-de-gent-amb-lanima-de-germans-morts","status":"publish","type":"page","link":"https:\/\/animaweb.blog.pangea.org\/gl\/jose-luis-cabouli-hi-ha-casos-de-gent-amb-lanima-de-germans-morts\/","title":{"rendered":"Jos\u00e9 Lu\u00eds Cabouli: \u00abHai casos de xente coa alma de irm\u00e1ns mortos\u00bb."},"content":{"rendered":"<p class=\"western\" lang=\"gl-ES\" align=\"center\"><span style=\"font-family: Times New Roman, serif\"><span style=\"font-size: x-large\"><b>Jos\u00e9 Lu\u00eds Cabouli: \u00abHai casos de xente coa alma de irm\u00e1ns mortos\u00bb.<\/b><\/span><\/span><\/p>\n<p class=\"western\" lang=\"gl-ES\" align=\"justify\"><span style=\"font-family: Times New Roman, serif\"><span style=\"font-size: large\"><b><img loading=\"lazy\" decoding=\"async\" class=\"alignright wp-image-779 size-full\" title=\"La Verdad. Logotipo.\" src=\"https:\/\/animaweb.cat\/files\/2020\/01\/La_Verdad_Logotip_72ppp_200x26px.png\" alt=\"La Verdad. Logotipo.\" width=\"200\" height=\"26\" \/>La Verdad (A Verdade). Venres, 25 de maio de 2012.<\/b><\/span><\/span><\/p>\n<p class=\"western\" lang=\"gl-ES\" align=\"justify\"><span style=\"font-family: Times New Roman, serif\"><span style=\"font-size: large\"><b>\u00abHai casos de xente coa alma de irm\u00e1ns mortos\u00bb.<\/b><\/span><\/span><\/p>\n<p class=\"western\" lang=\"gl-ES\" align=\"justify\"><span style=\"font-family: Times New Roman, serif\"><span style=\"font-size: large\">Jos\u00e9 Lu\u00eds Cabouli. Especialista en terapia regresiva.<\/span><\/span><\/p>\n<p class=\"western\" lang=\"gl-ES\" align=\"justify\"><span style=\"font-family: Times New Roman, serif\"><span style=\"font-size: large\"><b>Traduci\u00f3n: Vicenzo Reboleiro Gonz\u00e1lez.<\/b><\/span><\/span><\/p>\n<p class=\"western\" lang=\"gl-ES\" align=\"justify\"><span style=\"font-family: Times New Roman, serif\"><span style=\"font-size: large\">O experto utiliza unha t\u00e9cnica de regresi\u00f3n a vidas pasadas para resolver conflitos e problemas psicol\u00f3xicos dos seus pacientes.<\/span><\/span><\/p>\n<figure id=\"attachment_179\" aria-describedby=\"caption-attachment-179\" style=\"width: 400px\" class=\"wp-caption aligncenter\"><img loading=\"lazy\" decoding=\"async\" class=\"wp-image-179 size-full\" title=\"O especialista arxentino Jos\u00e9 Lu\u00eds Cabouli. A.\u00a0C.\" src=\"https:\/\/animaweb.cat\/files\/2018\/02\/Jose_Luis_Cabouli_-_La_Verdad_400x428px.png\" alt=\"O especialista arxentino Jos\u00e9 Lu\u00eds Cabouli. A.\u00a0C.\" width=\"400\" height=\"428\" srcset=\"https:\/\/animaweb.blog.pangea.org\/files\/2018\/02\/Jose_Luis_Cabouli_-_La_Verdad_400x428px.png 400w, https:\/\/animaweb.blog.pangea.org\/files\/2018\/02\/Jose_Luis_Cabouli_-_La_Verdad_400x428px-280x300.png 280w\" sizes=\"auto, (max-width: 400px) 85vw, 400px\" \/><figcaption id=\"caption-attachment-179\" class=\"wp-caption-text\">O especialista arxentino Jos\u00e9 Lu\u00eds Cabouli. A.\u00a0C.<\/figcaption><\/figure>\n<p class=\"western\" lang=\"gl-ES\" align=\"center\"><span style=\"font-family: Times New Roman, serif\"><span style=\"font-size: large\"><b>O especialista arxentino Jos\u00e9 Lu\u00eds Cabouli. A.\u00a0C.<\/b><\/span><\/span><\/p>\n<p class=\"western\" lang=\"gl-ES\" align=\"justify\"><span style=\"font-family: Times New Roman, serif\"><span style=\"font-size: large\">M.\u00a0T.\u00a0B. Elxe. A terapia que practica nada ten que ver con maxia, hipnotismo ou sesi\u00f3ns esot\u00e9ricas. O doutor Jos\u00e9 Lu\u00eds Cabouli (Buenos Aires, Arxentina, 1950), un referente mundial en terapia regresiva, defende que revivir experiencias traum\u00e1ticas de vidas pasadas resolve conflitos e problemas psicol\u00f3xicos, como fobias e medos. Os casos m\u00e1is impactantes que tratou en 25 anos de exercicio son de pacientes que descobren que se reencarnou neles a alma dun irm\u00e1n falecido. Este licenciado en Medicina, que foi cirurxi\u00e1n pl\u00e1stico, ofrece esta fin de semana unha charla e un seminario no centro de terapias naturais Esp\u00edgol.<\/span><\/span><\/p>\n<p class=\"western\" lang=\"gl-ES\" align=\"justify\">\u2013<span style=\"font-family: Times New Roman, serif\"><span style=\"font-size: large\"><b>Hai que crer para que a terapia regresiva sexa eficaz?\u2013<\/b><\/span><\/span><\/p>\n<p class=\"western\" lang=\"gl-ES\" align=\"justify\">\u2013<span style=\"font-family: Times New Roman, serif\"><span style=\"font-size: large\">Non, nada ten que ver con crenzas, \u00e9 para todo o mundo.\u2013<\/span><\/span><\/p>\n<p class=\"western\" lang=\"gl-ES\" align=\"justify\">\u2013<span style=\"font-family: Times New Roman, serif\"><span style=\"font-size: large\"><b>Cal \u00e9 o seu obxectivo?\u2013<\/b><\/span><\/span><\/p>\n<p class=\"western\" lang=\"gl-ES\" align=\"justify\">\u2013<span style=\"font-family: Times New Roman, serif\"><span style=\"font-size: large\">Tr\u00e1tase da sanaci\u00f3n das feridas da alma e dos traumas. Util\u00edzase para tratarmos problemas psicol\u00f3xicos, como depresi\u00f3ns, fobias, medos&#8230; mesmo dores para as cales non hai causa m\u00e9dica, como certas cefaleas ou neuralxias.\u2013<\/span><\/span><\/p>\n<p class=\"western\" lang=\"gl-ES\" align=\"justify\">\u2013<span style=\"font-family: Times New Roman, serif\"><span style=\"font-size: large\"><b>Defende que a causa est\u00e1 noutras vidas que vivimos?\u2013<\/b><\/span><\/span><\/p>\n<p class=\"western\" lang=\"gl-ES\" align=\"justify\">\u2013<span style=\"font-family: Times New Roman, serif\"><span style=\"font-size: large\">En vidas pasadas e mesmo na primeira infancia, no momento do noso nacemento ou durante a vida fetal. As experiencias est\u00e1n no subconsciente e hai que buscar o motivo traum\u00e1tico orixinal, porque sempre hai alg\u00fan, e revivilo para poder superalo.\u2013<\/span><\/span><\/p>\n<p class=\"western\" lang=\"gl-ES\" align=\"justify\">\u2013<span style=\"font-family: Times New Roman, serif\"><span style=\"font-size: large\"><b>E como \u00e9 posible?\u2013<\/b><\/span><\/span><\/p>\n<p class=\"western\" lang=\"gl-ES\" align=\"justify\">\u2013<span style=\"font-family: Times New Roman, serif\"><span style=\"font-size: large\">Cando traballas coas emoci\u00f3ns comezan a emerxer experiencias que non pertencen ao \u00e1mbito da vida coti\u00e1 e xorden de forma natural. A trav\u00e9s das emoci\u00f3ns o paciente entra nun estado expandido de conciencia. A clave \u00e9 que para a alma o tempo non existe. Por exemplo, unha persoa que te\u00f1a medo ao mar ou a se embarcar poida que te\u00f1a vivido o afundimento do Titanic nunha vida pasada. O corpo morreu pero a alma contin\u00faa atrapada nese momento, nunha experiencia que non ten fin e que se instalou na vida presente.\u2013<\/span><\/span><\/p>\n<p class=\"western\" lang=\"gl-ES\" align=\"justify\">\u2013<span style=\"font-family: Times New Roman, serif\"><span style=\"font-size: large\"><b>Como axuda aos seus pacientes a revivilas sen recorrer \u00e1 hipnose?\u2013<\/b><\/span><\/span><\/p>\n<p class=\"western\" lang=\"gl-ES\" align=\"justify\">\u2013<span style=\"font-family: Times New Roman, serif\"><span style=\"font-size: large\">Ten que focalizar esa sensaci\u00f3n e sentila profundamente at\u00e9 que poida asemellar esa sensaci\u00f3n ao que a provocou. O que te cura \u00e9 a revivencia no corpo, e iso \u00e9 a parte dura; por exemplo, se os seus problemas respiratorios ou afogos est\u00e1n relacionados con que morreu na forca, ten que chegar a sentir a soga no pescozo. As\u00ed a alma pode desprenderse dese trauma e terminar con el.\u2013<\/span><\/span><\/p>\n<p class=\"western\" lang=\"gl-ES\" align=\"justify\">\u2013<span style=\"font-family: Times New Roman, serif\"><span style=\"font-size: large\"><b>E no caso do nacemento ou a vida fetal?\u2013<\/b><\/span><\/span><\/p>\n<p class=\"western\" lang=\"gl-ES\" align=\"justify\">\u2013<span style=\"font-family: Times New Roman, serif\"><span style=\"font-size: large\">Se o momento do noso nacemento foi traum\u00e1tico, pode espertar esa experiencia doutra vida pasada. Tam\u00e9n no seo materno, todo o que lle pasa \u00e1 nai, o feto v\u00edveo como propio. \u00c1s veces, as depresi\u00f3ns e o medo poden vir do ventre materno.\u2013<\/span><\/span><\/p>\n<p class=\"western\" lang=\"gl-ES\" align=\"justify\">\u2013<span style=\"font-family: Times New Roman, serif\"><span style=\"font-size: large\"><b>D\u00edgame o caso m\u00e1is impactante que atendeu na s\u00faa consulta?\u2013<\/b><\/span><\/span><\/p>\n<p class=\"western\" lang=\"gl-ES\" align=\"justify\">\u2013<span style=\"font-family: Times New Roman, serif\"><span style=\"font-size: large\">Alg\u00fans dos m\u00e1is impactantes ocorren cando un adulto descobre, ao traballarmos coa regresi\u00f3n, que foi o irm\u00e1n maior que morreu antes de que nacese. En familias con fillos falecidos hai moitas probabilidades de que a s\u00faa alma se reencarne noutro irm\u00e1n.\u2013<\/span><\/span><\/p>","protected":false},"excerpt":{"rendered":"<p>Jos\u00e9 Lu\u00eds Cabouli: \u00abHai casos de xente coa alma de irm\u00e1ns mortos\u00bb. La Verdad (A Verdade). Venres, 25 de maio de 2012. \u00abHai casos de xente coa alma de irm\u00e1ns &hellip; <a href=\"https:\/\/animaweb.blog.pangea.org\/gl\/jose-luis-cabouli-hi-ha-casos-de-gent-amb-lanima-de-germans-morts\/\" class=\"more-link\">Ler m\u00e1is<span class=\"screen-reader-text\"> &#8220;Jos\u00e9 Lu\u00eds Cabouli: \u00abHai casos de xente coa alma de irm\u00e1ns mortos\u00bb.&#8221;<\/span><\/a><\/p>\n","protected":false},"author":12345698,"featured_media":0,"parent":0,"menu_order":0,"comment_status":"closed","ping_status":"closed","template":"","meta":{"ngg_post_thumbnail":0,"footnotes":""},"class_list":["post-171","page","type-page","status-publish","hentry"],"_links":{"self":[{"href":"https:\/\/animaweb.blog.pangea.org\/gl\/wp-json\/wp\/v2\/pages\/171","targetHints":{"allow":["GET"]}}],"collection":[{"href":"https:\/\/animaweb.blog.pangea.org\/gl\/wp-json\/wp\/v2\/pages"}],"about":[{"href":"https:\/\/animaweb.blog.pangea.org\/gl\/wp-json\/wp\/v2\/types\/page"}],"author":[{"embeddable":true,"href":"https:\/\/animaweb.blog.pangea.org\/gl\/wp-json\/wp\/v2\/users\/12345698"}],"replies":[{"embeddable":true,"href":"https:\/\/animaweb.blog.pangea.org\/gl\/wp-json\/wp\/v2\/comments?post=171"}],"version-history":[{"count":21,"href":"https:\/\/animaweb.blog.pangea.org\/gl\/wp-json\/wp\/v2\/pages\/171\/revisions"}],"predecessor-version":[{"id":2399,"href":"https:\/\/animaweb.blog.pangea.org\/gl\/wp-json\/wp\/v2\/pages\/171\/revisions\/2399"}],"wp:attachment":[{"href":"https:\/\/animaweb.blog.pangea.org\/gl\/wp-json\/wp\/v2\/media?parent=171"}],"curies":[{"name":"wp","href":"https:\/\/api.w.org\/{rel}","templated":true}]}}