{"id":126,"date":"2018-01-19T20:41:42","date_gmt":"2018-01-19T18:41:42","guid":{"rendered":"http:\/\/animaweb.blog.pangea.org\/?page_id=126"},"modified":"2023-01-19T06:41:05","modified_gmt":"2023-01-19T04:41:05","slug":"jose-luis-cabouli-el-teu-ego-no-suporta-tota-la-veritat","status":"publish","type":"page","link":"https:\/\/animaweb.blog.pangea.org\/gl\/jose-luis-cabouli-el-teu-ego-no-suporta-tota-la-veritat\/","title":{"rendered":"Jos\u00e9 Lu\u00eds Cabouli: \u00abO teu ego non atura toda a verdade\u00bb."},"content":{"rendered":"<p class=\"western\" lang=\"gl-ES\" align=\"center\"><span style=\"font-family: Times New Roman, serif\"><span style=\"font-size: x-large\"><b>Jos\u00e9 Lu\u00eds Cabouli: \u00abO teu ego non atura toda a verdade\u00bb.<\/b><\/span><\/span><\/p>\n<p class=\"western\" lang=\"gl-ES\" align=\"justify\"><span style=\"font-family: Times New Roman, serif\"><span style=\"font-size: large\"><b><img loading=\"lazy\" decoding=\"async\" class=\"alignright wp-image-774 size-full\" title=\"La Vanguardia. Logo.\" src=\"https:\/\/animaweb.cat\/files\/2020\/01\/La_Vanguardia_Logotip_72ppp_200x44px.png\" alt=\"La Vanguardia. Logo.\" width=\"200\" height=\"44\" \/>La Vanguardia. S\u00e1bado, 23 de Agosto de 2003. A Contra.<\/b><\/span><\/span><\/p>\n<p class=\"western\" lang=\"gl-ES\" align=\"justify\"><span style=\"font-family: Times New Roman, serif\"><span style=\"font-size: large\"><b>Jos\u00e9 Lu\u00eds Cabouli: \u00abO teu ego non atura toda a verdade\u00bb.<br \/>\n<\/b><\/span><\/span><span style=\"font-family: Times New Roman, serif\"><span style=\"font-size: large\"><b>Traduci\u00f3n: Elisa Borraz\u00e1s.<\/b><\/span><\/span><\/p>\n<p class=\"western\" lang=\"gl-ES\" align=\"justify\"><span style=\"font-family: Times New Roman, serif\"><span style=\"font-size: large\">Te\u00f1o 52 anos. Nac\u00edn en Buenos Aires. <b>Fun cirurxi\u00e1n pl\u00e1stico, pero dos que non se fan ricos, e hoxe son terapeuta regresivo<\/b>. Te\u00f1o un fillo de 10 meses e outro de 20 anos. <b>Creo que nesta vida purgamos erros de vidas anteriores que debemos emendar con amor, e traumas terr\u00edbeis dos que debe librarse a nosa conciencia ao lembralos.<\/b><\/span><\/span><\/p>\n<figure id=\"attachment_127\" aria-describedby=\"caption-attachment-127\" style=\"width: 400px\" class=\"wp-caption aligncenter\"><img loading=\"lazy\" decoding=\"async\" class=\"wp-image-127 size-full\" title=\"Jos\u00e9 Lu\u00eds Cabouli. Foto: Jos\u00e9 Mar\u00eda Alguersuari.\" src=\"https:\/\/animaweb.cat\/files\/2018\/01\/Jose_Luis_Cabouli_-_La_Contra_400x255px.png\" alt=\"Jos\u00e9 Lu\u00eds Cabouli. Foto: Jos\u00e9 Mar\u00eda Alguersuari.\" width=\"400\" height=\"255\" srcset=\"https:\/\/animaweb.blog.pangea.org\/files\/2018\/01\/Jose_Luis_Cabouli_-_La_Contra_400x255px.png 400w, https:\/\/animaweb.blog.pangea.org\/files\/2018\/01\/Jose_Luis_Cabouli_-_La_Contra_400x255px-300x191.png 300w\" sizes=\"auto, (max-width: 400px) 85vw, 400px\" \/><figcaption id=\"caption-attachment-127\" class=\"wp-caption-text\">Jos\u00e9 Lu\u00eds Cabouli. Foto: Jos\u00e9 Mar\u00eda Alguersuari.<\/figcaption><\/figure>\n<p class=\"western\" lang=\"gl-ES\" align=\"center\"><span style=\"font-family: Times New Roman, serif\"><span style=\"font-size: large\"><b>Jos\u00e9 Lu\u00eds Cabouli. Foto: Jos\u00e9 Mar\u00eda Alguersuari.<\/b><\/span><\/span><\/p>\n<p class=\"western\" lang=\"gl-ES\" align=\"justify\"><span style=\"font-family: Times New Roman, serif\"><span style=\"font-size: large\">Terapeuta Regresivo.<\/span><\/span><\/p>\n<p class=\"western\" lang=\"gl-ES\" align=\"justify\"><span style=\"font-family: Times New Roman, serif\"><span style=\"font-size: large\">Un paciente dic\u00edame que ti\u00f1a unha dor de est\u00f3mago que se lle acentuaba en discusi\u00f3ns de parella polos seus propios ataques de ci\u00fames.<\/span><\/span><\/p>\n<p class=\"western\" lang=\"gl-ES\" align=\"justify\">\u2013<span style=\"font-family: Times New Roman, serif\"><span style=\"font-size: large\"><b>Que lle recomendou?\u2013<\/b><\/span><\/span><\/p>\n<p class=\"western\" lang=\"gl-ES\" align=\"justify\">\u2013<span style=\"font-family: Times New Roman, serif\"><span style=\"font-size: large\">Pedinlle que me describise a dor e d\u00edxome: \u00ab\u00c9 coma se tivese un pu\u00f1al cravado no est\u00f3mago\u00bb. Eu tomei a frase de forma literal, como far\u00eda o propio subconsciente do meu paciente, e interrogueino ata que chegou \u00e1 experiencia causante do s\u00edntoma.\u2013<\/span><\/span><\/p>\n<p class=\"western\" lang=\"gl-ES\" align=\"justify\">\u2013<span style=\"font-family: Times New Roman, serif\"><span style=\"font-size: large\"><b>Unha \u00falcera?\u2013<\/b><\/span><\/span><\/p>\n<p class=\"western\" lang=\"gl-ES\" align=\"justify\">\u2013<span style=\"font-family: Times New Roman, serif\"><span style=\"font-size: large\">Unha pelexa nunha taberna na que o meu paciente acaba de descubrir que a s\u00faa muller lle foi infiel e o outro o apu\u00f1alaba.\u2013<\/span><\/span><\/p>\n<p class=\"western\" lang=\"gl-ES\" align=\"justify\">\u2013<span style=\"font-family: Times New Roman, serif\"><span style=\"font-size: large\"><b>Ent\u00f3n \u00e9 normal que lle doese&#8230;\u2013<\/b><\/span><\/span><\/p>\n<p class=\"western\" lang=\"gl-ES\" align=\"justify\">\u2013<span style=\"font-family: Times New Roman, serif\"><span style=\"font-size: large\">Non, \u00e9 que a pelexa foi nunha vida anterior. Na terapia reviviu a rabia, o odio, a ira e a desconfianza cara \u00e1 s\u00faa muller e liberouse. Porque cando a morte sucede en segundos, a conciencia queda atrapada no estupor antes de comprender que morreu.\u2013<\/span><\/span><\/p>\n<p class=\"western\" lang=\"gl-ES\" align=\"justify\">\u2013<span style=\"font-family: Times New Roman, serif\"><span style=\"font-size: large\"><b>E como lembra agora el que foi outro?\u2013<\/b><\/span><\/span><\/p>\n<p class=\"western\" lang=\"gl-ES\" align=\"justify\">\u2013<span style=\"font-family: Times New Roman, serif\"><span style=\"font-size: large\">Ao pasado s\u00f3 se chega pola emoci\u00f3n, as\u00ed que tento que o paciente non razoe, que evoque sensaci\u00f3ns e sentimentos.\u2013<\/span><\/span><\/p>\n<p class=\"western\" lang=\"gl-ES\" align=\"justify\">\u2013<span style=\"font-family: Times New Roman, serif\"><span style=\"font-size: large\"><b>Buf, vaia culebr\u00f3n.\u2013<\/b><\/span><\/span><\/p>\n<p class=\"western\" lang=\"gl-ES\" align=\"justify\">\u2013<span style=\"font-family: Times New Roman, serif\"><span style=\"font-size: large\">Se non quere non crea na vida pasada, pero si no subconsciente que, como dic\u00eda S\u00e1bato, \u00e9 m\u00e1is real que a realidade. Ent\u00f3n tentaremos esgotar todas esas sensaci\u00f3ns desagradables para que poida liberar a s\u00faa conciencia conxelada no tempo polo pasmo da morte s\u00fabita.\u2013<\/span><\/span><\/p>\n<p class=\"western\" lang=\"gl-ES\" align=\"justify\">\u2013<span style=\"font-family: Times New Roman, serif\"><span style=\"font-size: large\"><b>E se a dor \u00e9 culpa dunha \u00falcera?\u2013<\/b><\/span><\/span><\/p>\n<p class=\"western\" lang=\"gl-ES\" align=\"justify\">\u2013<span style=\"font-family: Times New Roman, serif\"><span style=\"font-size: large\">Ent\u00f3n o paciente xa non se achega \u00e1 mi\u00f1a consulta. O que lle sucede \u00e9 que cando se atopa fronte a unha situaci\u00f3n parecida \u00e1 de anteriores vidas, ren\u00f3vase o s\u00edntoma da dor no ventre, porque a s\u00faa conciencia est\u00e1 atrapada nese instante. Eu intento que reviva intensamente todas aquelas emoci\u00f3ns de rabia e dor para que a s\u00faa conciencia poida desprenderse dese corpo que xa non ten nada que ver con el.\u2013<\/span><\/span><\/p>\n<p class=\"western\" lang=\"gl-ES\" align=\"justify\">\u2013<span style=\"font-family: Times New Roman, serif\"><span style=\"font-size: large\"><b>E se el mesmo inventou todo iso da pelexa ou, suxestionado, s\u00e1cao dunha pel\u00edcula?\u2013<\/b><\/span><\/span><\/p>\n<p class=\"western\" lang=\"gl-ES\" align=\"justify\">\u2013<span style=\"font-family: Times New Roman, serif\"><span style=\"font-size: large\">Xa lle dixen que hai quen cre que eses episodios revividos son meras fantas\u00edas do subconsciente: ben, en calquera caso para o subconsciente calquera cousa que co\u00f1ece \u00e9 verdadeira. As\u00ed que se esgota esa dor liberar\u00e1 ao paciente da s\u00faa propia pantasma. A certeza de que o seu trauma sexa anterior \u00e1 s\u00faa propia vida talvez chegue m\u00e1is tarde.\u2013<\/span><\/span><\/p>\n<p class=\"western\" lang=\"gl-ES\" align=\"justify\">\u2013<span style=\"font-family: Times New Roman, serif\"><span style=\"font-size: large\"><b>Como lembrar\u00eda eu outras vidas?\u2013<\/b><\/span><\/span><\/p>\n<p class=\"western\" lang=\"gl-ES\" align=\"justify\">\u2013<span style=\"font-family: Times New Roman, serif\"><span style=\"font-size: large\">Para empezar, \u00e1 terapia regresiva non se pode ir por curiosidade, hai que chegar por necesidade por un s\u00edntoma inexplicable. Ese s\u00edntoma presente levaranos ao trauma pasado a trav\u00e9s das emoci\u00f3ns que se reviven. E hai tres grandes momentos onde se expresan eses traumas anteriores: a morte, a experiencia fetal e a primeira infancia.\u2013<\/span><\/span><\/p>\n<p class=\"western\" lang=\"gl-ES\" align=\"justify\">\u2013<span style=\"font-family: Times New Roman, serif\"><span style=\"font-size: large\"><b>Vostede lembra o seu nacemento?\u2013<\/b><\/span><\/span><\/p>\n<p class=\"western\" lang=\"gl-ES\" align=\"justify\">\u2013<span style=\"font-family: Times New Roman, serif\"><span style=\"font-size: large\">Si. Reviv\u00edn as emoci\u00f3ns de querer sa\u00edr, o fr\u00edo da sala, sensaci\u00f3ns de compresi\u00f3n, de afogo&#8230; Pero son incapaz de evocar imaxes. E tiven unha paciente que lembrou a s\u00faa rabia pola ausencia da s\u00faa nai&#8230;\u2013<\/span><\/span><\/p>\n<p class=\"western\" lang=\"gl-ES\" align=\"justify\">\u2013<span style=\"font-family: Times New Roman, serif\"><span style=\"font-size: large\"><b>No parto?\u2013<\/b><\/span><\/span><\/p>\n<p class=\"western\" lang=\"gl-ES\" align=\"justify\">\u2013<span style=\"font-family: Times New Roman, serif\"><span style=\"font-size: large\">Si, a s\u00faa nai durm\u00eda anestesiada e foi a irm\u00e1 da s\u00faa nai, a s\u00faa t\u00eda, quen en realidade a lavou cando naceu e despois explicoume que tivo sempre unha relaci\u00f3n moi especial con aquela t\u00eda s\u00faa e, en cambio, mantivo certa distancia coa s\u00faa nai. O curioso \u00e9 que ningu\u00e9n lle explicou antes que a s\u00faa nai foi anestesiada no seu alumeamento.\u2013<\/span><\/span><\/p>\n<p class=\"western\" lang=\"gl-ES\" align=\"justify\">\u2013<span style=\"font-family: Times New Roman, serif\"><span style=\"font-size: large\"><b>Talvez s\u00f3 o escoitou&#8230;\u2013<\/b><\/span><\/span><\/p>\n<p class=\"western\" lang=\"gl-ES\" align=\"justify\">\u2013<span style=\"font-family: Times New Roman, serif\"><span style=\"font-size: large\">Eu creo que o viviu e p\u00f3deo lembrar. Por que non? Ademais, existe unha analox\u00eda clara entre o trauma sufrido en vidas pasadas e o nacemento. Por exemplo, as mortes por aforcamento ou de anoxia noutra vida, adoitan reflectirse en circulares de cord\u00f3n no momento do parto na vida actual.\u2013<\/span><\/span><\/p>\n<p class=\"western\" lang=\"gl-ES\" align=\"justify\">\u2013<span style=\"font-family: Times New Roman, serif\"><span style=\"font-size: large\"><b>E non pode tratarse simplemente dun mal recordo de infancia?\u2013<\/b><\/span><\/span><\/p>\n<p class=\"western\" lang=\"gl-ES\" align=\"justify\">\u2013<span style=\"font-family: Times New Roman, serif\"><span style=\"font-size: large\">Eu fun cirurxi\u00e1n antes de dedicarme \u00e1 terapia regresiva, tras familiarizarme cos traballos do doutor Morris Netherton. Unha dos meus pacientes sufr\u00eda dores continuadas e inexplicables nas costas con contracturas continuas&#8230;\u2013<\/span><\/span><\/p>\n<p class=\"western\" lang=\"gl-ES\" align=\"justify\">\u2013<span style=\"font-family: Times New Roman, serif\"><span style=\"font-size: large\"><b>Postura incorrecta? Tensi\u00f3n?\u2013<\/b><\/span><\/span><\/p>\n<p class=\"western\" lang=\"gl-ES\" align=\"justify\">\u2013<span style=\"font-family: Times New Roman, serif\"><span style=\"font-size: large\">Intervi\u00f1\u00e9mola d\u00faas veces e cheg\u00e1moslle a quitar parte do \u00f3so da esc\u00e1pula sen resultado. Eu probei a terapia de Netherton e chegamos xuntos a revivir unha experiencia de tortura na Idade Media.?\u2013<\/span><\/span><\/p>\n<p class=\"western\" lang=\"gl-ES\" align=\"justify\">\u2013<span style=\"font-family: Times New Roman, serif\"><span style=\"font-size: large\"><b>Vaia pel\u00edcula!\u2013<\/b><\/span><\/span><\/p>\n<p class=\"western\" lang=\"gl-ES\" align=\"justify\">\u2013<span style=\"font-family: Times New Roman, serif\"><span style=\"font-size: large\">Pois deu resultado. E eu mesmo sufr\u00eda unha gastrite inexplicable ata que reviv\u00edn unha batalla nunha vida anterior na que me cravaron unha lanza.\u2013<\/span><\/span><\/p>\n<p class=\"western\" lang=\"gl-ES\" align=\"justify\">\u2013<span style=\"font-family: Times New Roman, serif\"><span style=\"font-size: large\"><b>Pois eu prefiro a gastrite, oia!\u2013<\/b><\/span><\/span><\/p>\n<p class=\"western\" lang=\"gl-ES\" align=\"justify\">\u2013<span style=\"font-family: Times New Roman, serif\"><span style=\"font-size: large\">O subconsciente l\u00e9vache al\u00ed onde a conciencia ten que traballar en liberarnos dunha experiencia traum\u00e1tica.\u2013<\/span><\/span><\/p>\n<p class=\"western\" lang=\"gl-ES\" align=\"justify\">\u2013<span style=\"font-family: Times New Roman, serif\"><span style=\"font-size: large\"><b>E as tremendas bacanais romanas non se poden lembrar?\u2013<\/b><\/span><\/span><\/p>\n<p class=\"western\" lang=\"gl-ES\" align=\"justify\">\u2013<span style=\"font-family: Times New Roman, serif\"><span style=\"font-size: large\">Os recordos agradables non deixan pegada. Os traumas sup\u00e9ranse ao revivilos e ao compensar os teus propios comportamentos mesquinos, ego\u00edstas ou crueis cun novo amor que recupere o equilibrio universal.\u2013<\/span><\/span><\/p>\n<p class=\"western\" lang=\"gl-ES\" align=\"justify\">\u2013<span style=\"font-family: Times New Roman, serif\"><span style=\"font-size: large\"><b>E se non podo evocar ningunha vida anterior?\u2013<\/b><\/span><\/span><\/p>\n<p class=\"western\" lang=\"gl-ES\" align=\"justify\">\u2013<span style=\"font-family: Times New Roman, serif\"><span style=\"font-size: large\">O bloqueo na terapia s\u00f3 se produce cando o paciente ten algo que ocultar e emprega a s\u00faa enerx\u00eda en que non aflore. O teu ego non soporta toda a verdade porque \u00e9 demasiado humillante e tratas de ocultala.\u2013<\/span><\/span><\/p>\n<p class=\"western\" lang=\"gl-ES\" align=\"justify\">\u2013<span style=\"font-family: Times New Roman, serif\"><span style=\"font-size: large\"><b>E ser Cleopatra ou Napole\u00f3n&#8230;?\u2013<\/b><\/span><\/span><\/p>\n<p class=\"western\" lang=\"gl-ES\" align=\"justify\">\u2013<span style=\"font-family: Times New Roman, serif\"><span style=\"font-size: large\">Non co\u00f1ec\u00edn nunca a ning\u00fan paciente que tivese unha vida anterior famosa ou glamurosa. Todos lembran vidas e mortes crueis de ignotos e desgraciados seres humanos.\u2013<\/span><\/span><\/p>\n<p class=\"western\" lang=\"gl-ES\" style=\"text-align: right\" align=\"justify\"><span style=\"font-family: Times New Roman, serif\"><span style=\"font-size: large\">Llu\u00eds Amiguet.<\/span><\/span><\/p>\n<p class=\"western\" lang=\"gl-ES\" align=\"justify\"><span style=\"font-family: Times New Roman, serif\"><span style=\"font-size: large\"><b>Un paso.<\/b><\/span><\/span><\/p>\n<p class=\"western\" lang=\"gl-ES\" align=\"justify\"><span style=\"font-family: Times New Roman, serif\"><span style=\"font-size: large\">Foi un paso moi pequeno para a humanidade, pero moi grande para min, pero non consigo lembrar o momento do meu nacemento con nitidez a pesar de que deixei algunhas horas no transo, o cal non impide que lles convide (non hai ning\u00fan perigo) a tentalo a partir, como di Cabouli, de sensaci\u00f3ns: cheiros, fr\u00edo e calor, ru\u00eddos, luces&#8230; E descubertos os misterios do propio parto, a eternidade. A metampsicose ou trasmigraci\u00f3n das almas \u00e9 un acto de fe com\u00fan a varias relixi\u00f3ns e unha posibilidade que acari\u00f1ou a psican\u00e1lise jungiana. Agora tento achegarme \u00e1 terapia regresiva cunha, creo que, saudable distancia que lles recomendo, a\u00ednda que non vexo maior risco no lance que o que axexa \u00e1s s\u00faas carteiras. E diso aqu\u00ed sabemos coidarnos.<\/span><\/span><\/p>","protected":false},"excerpt":{"rendered":"<p>Jos\u00e9 Lu\u00eds Cabouli: \u00abO teu ego non atura toda a verdade\u00bb. La Vanguardia. S\u00e1bado, 23 de Agosto de 2003. A Contra. Jos\u00e9 Lu\u00eds Cabouli: \u00abO teu ego non atura toda &hellip; <a href=\"https:\/\/animaweb.blog.pangea.org\/gl\/jose-luis-cabouli-el-teu-ego-no-suporta-tota-la-veritat\/\" class=\"more-link\">Ler m\u00e1is<span class=\"screen-reader-text\"> &#8220;Jos\u00e9 Lu\u00eds Cabouli: \u00abO teu ego non atura toda a verdade\u00bb.&#8221;<\/span><\/a><\/p>\n","protected":false},"author":12345698,"featured_media":0,"parent":0,"menu_order":0,"comment_status":"closed","ping_status":"closed","template":"","meta":{"ngg_post_thumbnail":0,"footnotes":""},"class_list":["post-126","page","type-page","status-publish","hentry"],"_links":{"self":[{"href":"https:\/\/animaweb.blog.pangea.org\/gl\/wp-json\/wp\/v2\/pages\/126","targetHints":{"allow":["GET"]}}],"collection":[{"href":"https:\/\/animaweb.blog.pangea.org\/gl\/wp-json\/wp\/v2\/pages"}],"about":[{"href":"https:\/\/animaweb.blog.pangea.org\/gl\/wp-json\/wp\/v2\/types\/page"}],"author":[{"embeddable":true,"href":"https:\/\/animaweb.blog.pangea.org\/gl\/wp-json\/wp\/v2\/users\/12345698"}],"replies":[{"embeddable":true,"href":"https:\/\/animaweb.blog.pangea.org\/gl\/wp-json\/wp\/v2\/comments?post=126"}],"version-history":[{"count":31,"href":"https:\/\/animaweb.blog.pangea.org\/gl\/wp-json\/wp\/v2\/pages\/126\/revisions"}],"predecessor-version":[{"id":2364,"href":"https:\/\/animaweb.blog.pangea.org\/gl\/wp-json\/wp\/v2\/pages\/126\/revisions\/2364"}],"wp:attachment":[{"href":"https:\/\/animaweb.blog.pangea.org\/gl\/wp-json\/wp\/v2\/media?parent=126"}],"curies":[{"name":"wp","href":"https:\/\/api.w.org\/{rel}","templated":true}]}}