{"id":11,"date":"2018-01-17T13:56:50","date_gmt":"2018-01-17T11:56:50","guid":{"rendered":"http:\/\/animaweb.blog.pangea.org\/?page_id=11"},"modified":"2023-02-15T20:37:58","modified_gmt":"2023-02-15T18:37:58","slug":"entrevistes","status":"publish","type":"page","link":"https:\/\/animaweb.blog.pangea.org\/gl\/entrevistes\/","title":{"rendered":"Entrevistas"},"content":{"rendered":"<p class=\"western\" lang=\"gl-ES\" align=\"justify\"><span style=\"font-family: Times New Roman, serif\"><span style=\"font-size: x-large\"><b><a href=\"\/gl\/brian-weiss-som-animes-i-anem-de-cos-en-cos\/\">Brian Weiss: \u00abSomos almas e imos de corpo en corpo\u00bb.<\/a><br \/>\n<\/b><\/span><\/span><span style=\"font-family: Times New Roman, serif\"><span style=\"font-size: large\"><b>El Peri\u00f3dico de Catalunya (O Xornal de Catalunya). M\u00e9rcores, 21 de xaneiro do 2009. Opini\u00f3n. P\u00e1xina 80.<br \/>\n<\/b><\/span><\/span><span style=\"font-family: Times New Roman, serif\"><span style=\"font-size: large\"><i>A entrevista con Brian Weiss, Psiquiatra especialista en terapia regresiva. En Estados Unidos atendeu cerca de 4.000 pacientes que te\u00f1en recordos das s\u00faas vidas pasadas (&#8230;).<br \/>\n<\/i><\/span><\/span><span style=\"font-family: Times New Roman, serif\"><span style=\"font-size: large\">Gaspar Hern\u00e1ndez.<br \/>\n<\/span><\/span><span style=\"font-family: Times New Roman, serif\"><span style=\"font-size: large\"><b>Traduci\u00f3n \u00e1 lingua galega: Elisa Borraz\u00e1s.<\/b><\/span><\/span><\/p>\n<p align=\"justify\"><span style=\"font-family: Times New Roman, serif\"><span style=\"font-size: x-large\"><b><a href=\"\/gl\/retorn-a-la-pau-entrevista-a-brian-weiss\/\">Regreso \u00e1 Paz. Entrevista a Brian Weiss.<\/a><br \/>\n<\/b><\/span><\/span><span style=\"font-family: Times New Roman, serif\"><span style=\"font-size: large\"><b>Revista Athanor. N\u00famero 35. Setembro-outubro de 2002. P\u00e1xinas 15-18.<br \/>\n<\/b><\/span><\/span><span style=\"font-family: Times New Roman, serif\"><span style=\"font-size: large\">Entrevistador: Josep Agust\u00edn. Int\u00e9rprete: Loto Perrella. Fot\u00f3grafa: Natalia Campoy.<br \/>\n<\/span><\/span><span style=\"font-family: Times New Roman, serif\"><span style=\"font-size: large\"><i>Como estar en paz cun mesmo e, por conseguinte, con todo, \u00e9 quiz\u00e1 a f\u00f3rmula m\u00e1xica m\u00e1is procurada desde sempre polo ser humano. Ao ser recibido polo doutor Brian Weiss no hotel e durante toda a entrevista, fomos acompa\u00f1ados pola tranquilidade, o bo humor e o car\u00e1cter atento desta persoa <\/i><i>(&#8230;)<\/i><i>.<br \/>\n<\/i><\/span><\/span><span style=\"font-family: Times New Roman, serif\"><span style=\"font-size: large\"><b>Traduci\u00f3n \u00e1 lingua galega: Vicenzo Reboleiro Gonz\u00e1lez.<\/b><\/span><\/span><\/p>\n<p lang=\"gl-ES\" align=\"justify\"><a href=\"\/gl\/doctora-viviana-zenteno-les-regressions-com-a-terapia-de-lanima-entrevista-terra-6-5-2010\/\"><span style=\"font-family: Times New Roman, serif\"><span style=\"font-size: x-large\"><b>Doutora Viviana Zenteno. As regresi\u00f3ns como terapia da alma. Entrevista Terra, 6-5-2010.<br \/>\n<\/b><\/span><\/span><\/a><span style=\"font-family: Times New Roman, serif\"><span style=\"font-size: large\"><b>Entrevista Terra Networks Chile.<br \/>\n<\/b><\/span><\/span><span style=\"font-family: Times New Roman, serif\"><span style=\"font-size: large\">Xoves, 6 de Maio de 2010.<br \/>\n<\/span><\/span><span style=\"font-family: Times New Roman, serif\"><span style=\"font-size: large\"><i>A trav\u00e9s desta t\u00e9cnica, o pasado mest\u00farase co presente e act\u00edvanse unha serie de feitos que non est\u00e1n no consciente.<br \/>\n<\/i><\/span><\/span><span style=\"font-family: Times New Roman, serif\"><span style=\"font-size: large\"><b>Traduci\u00f3n \u00e1 lingua galega: Vicenzo Reboleiro Gonz\u00e1lez.<\/b><\/span><\/span><\/p>\n<p lang=\"gl-ES\" align=\"justify\"><span style=\"font-family: Times New Roman, serif\"><span style=\"font-size: x-large\"><b><a href=\"\/gl\/jose-luis-cabouli-el-teu-ego-no-suporta-tota-la-veritat\/\">Jos\u00e9 Lu\u00eds Cabouli: \u00abO teu ego non atura toda a verdade\u00bb.<\/a><br \/>\n<\/b><\/span><\/span><span style=\"font-family: Times New Roman, serif\"><span style=\"font-size: large\"><b>La Vanguardia. S\u00e1bado, 23 de Agosto de 2003. A Contra.<br \/>\n<\/b><\/span><\/span><span style=\"font-family: Times New Roman, serif\"><span style=\"font-size: large\"><i>Te\u00f1o 52 anos. Nac\u00edn en Buenos Aires. Fun cirurxi\u00e1n pl\u00e1stico, pero dos que non se fan ricos, e hoxe son terapeuta regresivo. Te\u00f1o un fillo de 10 meses e outro de 20 anos. Creo que nesta vida purgamos erros de vidas anteriores que debemos emendar con amor, e traumas terr\u00edbeis dos que debe librarse a nosa conciencia ao lembralos.<br \/>\n<\/i><\/span><\/span><span style=\"font-family: Times New Roman, serif\"><span style=\"font-size: large\"><b>Traduci\u00f3n \u00e1 lingua galega: Elisa Borraz\u00e1s.<\/b><\/span><\/span><b><\/b><\/p>\n<p align=\"justify\"><span style=\"font-family: Times New Roman, serif\"><span style=\"font-size: x-large\"><span style=\"color: #000000\"><b><a href=\"\/gl\/jose-luis-cabouli-lanima-es-el-xofer-el-cos-el-vehicle\/\">Jos\u00e9 Lu\u00eds Cabouli: \u00abA alma \u00e9 o chofer; o corpo, o veh\u00edculo\u00bb.<\/a><br \/>\n<\/b><\/span><\/span><\/span><span style=\"font-family: Times New Roman, serif\"><span style=\"font-size: large\"><span style=\"color: #000000\"><b>El Peri\u00f3dico de Catalunya (<\/b><\/span><span style=\"color: #000000\"><b>O Xornal de Catalunya<\/b><\/span><span style=\"color: #000000\"><b>)<\/b><\/span><span style=\"color: #000000\"><b>. M\u00e9rcores, 8 de outubro de 2008.<br \/>\n<\/b><\/span><\/span><\/span><span style=\"font-family: Times New Roman, serif\"><span style=\"font-size: large\"><span style=\"color: #000000\"><i>Jos\u00e9 Lu\u00eds Cabouli practica a Terapia das Vidas Pasadas. \u00c9 m\u00e9dico e cirurxi\u00e1n da alma. Asume que existe a reencarnaci\u00f3n e traballa con pacientes que arrastran traumas doutras vidas <\/i><\/span><span style=\"color: #000000\"><i>(&#8230;)<\/i><\/span><span style=\"color: #000000\"><i>.<br \/>\n<\/i><\/span><\/span><\/span><span style=\"font-family: Times New Roman, serif\"><span style=\"font-size: large\"><b><span style=\"color: #000000\">Traduci\u00f3n \u00e1 lingua galega: Vicenzo Reboleiro Gonz\u00e1lez.<\/span><\/b><\/span><\/span><\/p>\n<p align=\"justify\"><span style=\"font-family: Times New Roman, serif\"><span style=\"font-size: x-large\"><b><a href=\"\/gl\/jose-luis-cabouli-hi-ha-casos-de-gent-amb-lanima-de-germans-morts\/\">Jos\u00e9 Lu\u00eds Cabouli: \u00abHai casos de xente coa alma de irm\u00e1ns mortos\u00bb.<\/a><br \/>\n<\/b><\/span><\/span><span style=\"font-family: Times New Roman, serif\"><span style=\"font-size: large\"><b>La Verdad (A Verdade). Venres, 25 de maio de 2012.<br \/>\n<\/b><\/span><\/span><span style=\"font-family: Times New Roman, serif\"><span style=\"font-size: large\"><i>O experto utiliza unha t\u00e9cnica de regresi\u00f3n a vidas pasadas para resolver conflitos e problemas psicol\u00f3xicos dos seus pacientes <\/i><i>(&#8230;)<\/i><i>.<br \/>\n<\/i><\/span><\/span><span style=\"color: #000000\"><span style=\"font-family: Times New Roman, serif\"><span style=\"font-size: large\"><b>Traduci\u00f3n \u00e1 lingua galega: Vicenzo Reboleiro Gonz\u00e1lez.<\/b><\/span><\/span><\/span><\/p>\n<p align=\"justify\"><span style=\"font-family: Times New Roman, serif\"><span style=\"font-size: x-large\"><b><a href=\"\/gl\/jose-luis-cabouli-vaig-voler-ser-un-cirurgia-danimes\/\">Jos\u00e9 Lu\u00eds Cabouli: \u00abQuixen ser un cirurxi\u00e1n de almas\u00bb.<\/a><br \/>\n<\/b><\/span><\/span><span style=\"font-family: Times New Roman, serif\"><span style=\"font-size: large\"><b>Por Lu\u00eds Aubele. Entrevista publicada no diario \u00abLa Naci\u00f3n\u00bb, Buenos Aires, 22\u201103\u20112009.<br \/>\n<\/b><\/span><\/span><span style=\"font-family: Times New Roman, serif\"><span style=\"font-size: large\"><i>\u00abQue fun antes de ser Jos\u00e9 Lu\u00eds?\u00bb, comezou a preguntarse cando ti\u00f1a 8 anos. O curioso \u00e9 que daquela nunca ti\u00f1a ouvido falar de reencarnaci\u00f3n; non s\u00f3 non sab\u00eda o que era, sen\u00f3n que nin sequera co\u00f1ec\u00eda a palabra. \u00abS\u00f3 uns anos m\u00e1is tarde, entre os 15 e os 16, souben de que se trataba. As\u00ed e todo, tiveron que pasar 20 anos m\u00e1is, cando xa era un cirurxi\u00e1n pl\u00e1stico con anos de exercicio, para que entendese que a reencarnaci\u00f3n pod\u00eda ter unha finalidade terap\u00e9utica\u00bb, lembra Jos\u00e9 Lu\u00eds Cabouli, m\u00e9dico e terapeuta especializado en Terapia de Vidas Pasadas (&#8230;).<br \/>\n<\/i><\/span><\/span><span style=\"color: #000000\"><span style=\"font-family: Times New Roman, serif\"><span style=\"font-size: large\"><b>Traduci\u00f3n \u00e1 lingua galega: Vicenzo Reboleiro Gonz\u00e1lez.<\/b><\/span><\/span><\/span><\/p>\n<p lang=\"gl-ES\" align=\"justify\"><span style=\"font-family: Times New Roman, serif\"><span style=\"font-size: x-large\"><b><a href=\"\/gl\/entrevista-al-dr-jose-luis-cabouli-al-diari-reforma-mexic-df\/\">Entrevista ao Doutor Jos\u00e9 Lu\u00eds Cabouli no xornal Reforma, M\u00e9xico DF.<\/a><br \/>\n<\/b><\/span><\/span><span style=\"font-family: Times New Roman, serif\"><span style=\"font-size: large\"><b>por Natalia Vitela, M\u00e9xico, 26 de Agosto de 2006.<br \/>\n<\/b><\/span><\/span><span style=\"font-family: Times New Roman, serif\"><span style=\"font-size: large\"><i>Algunha vez experimentou que o que pensa, di e act\u00faa non \u00e9 vostede e que o fai motivado por unha vontade allea \u00e1 s\u00faa? Se \u00e9 as\u00ed non descarte a posibilidade de estar \u00abposu\u00eddo\u00bb (&#8230;).<br \/>\n<\/i><\/span><\/span><span style=\"color: #000000\"><span style=\"font-family: Times New Roman, serif\"><span style=\"font-size: large\"><b>Traduci\u00f3n \u00e1 lingua galega: Vicenzo Reboleiro Gonz\u00e1lez.<\/b><\/span><\/span><\/span><\/p>\n<p lang=\"gl-ES\" align=\"justify\"><span style=\"font-family: Consolas, serif\"><span style=\"font-size: small\"><span style=\"font-family: Times New Roman, serif\"><span style=\"font-size: x-large\"><b><a href=\"\/gl\/la-ment-una-entrevista-amb-el-dr-michael-newton-per-mary-arsenault\/\">A Mente: unha entrevista co Doutor Michael Newton, por Mary Arsenault.<\/a><br \/>\n<\/b><\/span><\/span><\/span><\/span><span style=\"font-family: Times New Roman, serif\"><span style=\"font-size: large\"><b><span lang=\"en-US\">Wisdom Magazine<\/span>. M\u00e9rcores, 1 de decembro de 2004.<br \/>\n<\/b><\/span><\/span><span style=\"font-family: Consolas, serif\"><span style=\"font-size: small\"><span style=\"font-family: Times New Roman, serif\"><span style=\"font-size: large\"><i>En 1994, a vida tal como a co\u00f1ecemos, con todas as s\u00faas preguntas angustiosas de por que estamos aqu\u00ed e cara a onde imos, chegou ao seu fin coa publicaci\u00f3n de <\/i><\/span><\/span><span style=\"font-family: Times New Roman, serif\"><span style=\"font-size: large\"><span lang=\"en-US\"><i><b>Journey of Souls<\/b><\/i><\/span><\/span><\/span><span style=\"font-family: Times New Roman, serif\"><span style=\"font-size: large\"><i><b> (Viaxe das Almas)<\/b><\/i><\/span><\/span><span style=\"font-family: Times New Roman, serif\"><span style=\"font-size: large\"><i>,<\/i><\/span><\/span><span style=\"font-family: Times New Roman, serif\"><span style=\"font-size: large\"><i> do Doutor Michael Newton. Neste libro <\/i><\/span><\/span><span style=\"font-family: Times New Roman, serif\"><span style=\"font-size: large\"><i>(&#8230;).<br \/>\n<\/i><\/span><\/span><\/span><\/span><span style=\"font-family: Times New Roman, serif\"><span style=\"font-size: x-large\"><b><span style=\"font-size: large\">Traduci\u00f3n \u00e1 lingua galega: Vicenzo Reboleiro Gonz\u00e1lez.<\/span><\/b><\/span><\/span><\/p>\n<p lang=\"gl-ES\" align=\"justify\"><span style=\"font-family: Times New Roman, serif\"><span style=\"font-size: x-large\"><b><a href=\"\/gl\/albada-dun-nou-dia-entrevista-a-brian-weiss-2007\/\">Amencer dun Novo D\u00eda. Entrevista a Brian Weiss. 2007.<\/a><br \/>\n<\/b><\/span><\/span><span style=\"font-family: Times New Roman, serif\"><span style=\"font-size: large\"><b>Entrevista a Brian Weiss por Dawn Light (Luz da Alba).<br \/>\n<\/b><\/span><\/span><span style=\"font-family: Times New Roman, serif\"><span style=\"font-size: large\"><i>Aqu\u00ed est\u00e1 a entrevista completa dunha hora que lle fixen a Brian Weiss. Un extracto desta entrevista publicouse no n\u00famero de Setembro\/Outubro de 2007 da revista <\/i><i>New Visions Magazine<\/i><span style=\"color: #548dd4\"><i>.<br \/>\n<\/i><\/span><\/span><\/span><span style=\"font-family: Times New Roman, serif\"><span style=\"font-size: large\"><b>Traduci\u00f3n \u00e1 lingua galega: Vicenzo Reboleiro Gonz\u00e1lez.<\/b><\/span><\/span><\/p>","protected":false},"excerpt":{"rendered":"<p>Brian Weiss: \u00abSomos almas e imos de corpo en corpo\u00bb. El Peri\u00f3dico de Catalunya (O Xornal de Catalunya). M\u00e9rcores, 21 de xaneiro do 2009. Opini\u00f3n. P\u00e1xina 80. A entrevista con &hellip; <a href=\"https:\/\/animaweb.blog.pangea.org\/gl\/entrevistes\/\" class=\"more-link\">Ler m\u00e1is<span class=\"screen-reader-text\"> &#8220;Entrevistas&#8221;<\/span><\/a><\/p>\n","protected":false},"author":12345698,"featured_media":0,"parent":0,"menu_order":0,"comment_status":"closed","ping_status":"closed","template":"","meta":{"ngg_post_thumbnail":0,"footnotes":""},"class_list":["post-11","page","type-page","status-publish","hentry"],"_links":{"self":[{"href":"https:\/\/animaweb.blog.pangea.org\/gl\/wp-json\/wp\/v2\/pages\/11","targetHints":{"allow":["GET"]}}],"collection":[{"href":"https:\/\/animaweb.blog.pangea.org\/gl\/wp-json\/wp\/v2\/pages"}],"about":[{"href":"https:\/\/animaweb.blog.pangea.org\/gl\/wp-json\/wp\/v2\/types\/page"}],"author":[{"embeddable":true,"href":"https:\/\/animaweb.blog.pangea.org\/gl\/wp-json\/wp\/v2\/users\/12345698"}],"replies":[{"embeddable":true,"href":"https:\/\/animaweb.blog.pangea.org\/gl\/wp-json\/wp\/v2\/comments?post=11"}],"version-history":[{"count":114,"href":"https:\/\/animaweb.blog.pangea.org\/gl\/wp-json\/wp\/v2\/pages\/11\/revisions"}],"predecessor-version":[{"id":2402,"href":"https:\/\/animaweb.blog.pangea.org\/gl\/wp-json\/wp\/v2\/pages\/11\/revisions\/2402"}],"wp:attachment":[{"href":"https:\/\/animaweb.blog.pangea.org\/gl\/wp-json\/wp\/v2\/media?parent=11"}],"curies":[{"name":"wp","href":"https:\/\/api.w.org\/{rel}","templated":true}]}}