{"id":106,"date":"2018-01-18T18:25:27","date_gmt":"2018-01-18T16:25:27","guid":{"rendered":"http:\/\/animaweb.blog.pangea.org\/?page_id=106"},"modified":"2023-03-04T23:48:23","modified_gmt":"2023-03-04T21:48:23","slug":"objectius","status":"publish","type":"page","link":"https:\/\/animaweb.blog.pangea.org\/gl\/objectius\/","title":{"rendered":"Obxectivos"},"content":{"rendered":"<p class=\"western\" lang=\"gl-ES\" align=\"center\"><span style=\"font-family: Times New Roman, serif\"><span style=\"font-size: x-large\"><b>Obxectivos.<\/b><\/span><\/span><\/p>\n<p class=\"western\" lang=\"gl-ES\" align=\"justify\"><span style=\"font-family: Times New Roman, serif\"><span style=\"font-size: large\">A crenza de que s\u00f3 vivimos unha soa encarnaci\u00f3n est\u00e1 moi estendida pot todo o mundo. Ademais, nas civilizaci\u00f3ns de Occidente estamos impregnados desta mentalidade moderna de vivir a vida na inmediatez sen preocuparnos excesivamente das consecuencias dos nosos actos.<\/span><\/span><\/p>\n<p class=\"western\" lang=\"es-ES\" align=\"justify\"><span style=\"font-family: Times New Roman, serif\"><span style=\"font-size: large\"><span lang=\"gl-ES\">Neste contexto, a <\/span><\/span><\/span><span style=\"font-family: Times New Roman, serif\"><span style=\"font-size: large\"><span lang=\"gl-ES\"><b>Terapia de Vidas Pasadas (TVP)<\/b><\/span><\/span><\/span><span style=\"font-family: Times New Roman, serif\"><span style=\"font-size: large\"><span lang=\"gl-ES\"> foi desenvolvida por terapeutas, alg\u00fans deles formados no rigor acad\u00e9mico e con experiencia pr\u00e1ctica, que descubriron a evidencia da reencarnaci\u00f3n, non pola v\u00eda dun dogma imposto ou por unha crenza libremente aceptada, sen\u00f3n mediante a pr\u00e1ctica coti\u00e1 cos seus pacientes.<\/span><\/span><\/span><\/p>\n<p class=\"western\" lang=\"es-ES\" align=\"justify\"><span style=\"font-family: Times New Roman, serif\"><span style=\"font-size: large\"><span lang=\"gl-ES\">Se un individuo cre que s\u00f3 se vive unha soa vez, pode decidir desentenderse da sorte do lugar onde vive, pois sup\u00f3n que non volver\u00e1. Pero ante a d\u00fabida dunha persoa que cre probable que poida volver \u00e1 Terra, aquela pode pensar: <\/span><\/span><\/span><span style=\"font-family: Times New Roman, serif\"><span style=\"font-size: large\"><span lang=\"gl-ES\"><i>\u00abCoidado, porque quizais volveremos. Por tanto, temos que procurar deixar o Mundo igual ou mellor de como o atopamos, ou polo menos conservalo, evitando que empeore excesivamente, porque ser\u00e1 o mesmo lugar onde imos regresar\u00bb.<\/i><\/span><\/span><\/span><\/p>\n<p class=\"western\" lang=\"gl-ES\" align=\"justify\"><span style=\"font-family: Times New Roman, serif\"><span style=\"font-size: large\">Os pacientes da TVP te\u00f1en a ocasi\u00f3n de descubrir que vimos a este mundo a aprender. Fac\u00e9molo pescudando as faltas do noso pasado, coas cales incorporamos diferentes tipos de lecci\u00f3ns, entre elas as virtudes fundamentais do amor e a compaix\u00f3n, que son algunhas das que a alma debe asumir no seu cami\u00f1o de perfeccionamento. Virtudes necesarias nun planeta como o noso, que pode nutrir de suficiente alimento, materia e enerx\u00eda a todos os seus habitantes, pero onde hai xente que sofre carencias graves. Un planeta cunha rica variedade de especies e de medios, pero en risco debido ao exceso de contaminaci\u00f3n e ao desperdicio de recursos. Onde a Humanidade disp\u00f3n dunha gran diversidade de naci\u00f3ns, culturas e linguas, cada unha capaz de ofrecer as s\u00faas soluci\u00f3ns orixinais ao resto, pero coa capacidade militar suficiente como para destru\u00edr varias veces a vida que cont\u00e9n.<\/span><\/span><\/p>\n<p class=\"western\" lang=\"es-ES\" align=\"justify\"><span style=\"font-family: Times New Roman, serif\"><span style=\"font-size: large\"><span lang=\"gl-ES\">A maior materia pendente da Humanidade no noso planeta, a\u00ednda que non a \u00fanica, \u00e9 elevar o nivel \u00e9tico e de consciencia da nosa sociedade. Neste labor a espiritualidade \u00e9 decisiva. Desde este modesto sitio web <\/span><\/span><\/span><span style=\"font-family: Times New Roman, serif\"><span style=\"font-size: large\"><span lang=\"gl-ES\"><i>En corpo e alma<\/i><\/span><\/span><\/span><span style=\"font-family: Times New Roman, serif\"><span style=\"font-size: large\"><span lang=\"gl-ES\"> introducimos os internautas neste cami\u00f1o aberto por uns investigadores pioneiros que, combinando a ps\u00edquica e metaps\u00edquica, poden axudarnos a mellorar o nivel das relaci\u00f3ns entre os individuos, entre os colectivos, e no respecto cara a nosa propia natureza e a do resto dos seres vivos.<\/span><\/span><\/span><\/p>\n<p class=\"western\" lang=\"es-ES\" align=\"right\"><span style=\"font-family: Times New Roman, serif\"><span style=\"font-size: large\"><span lang=\"gl-ES\">Equipo da web <\/span><\/span><\/span><span style=\"font-family: Times New Roman, serif\"><span style=\"font-size: large\"><span lang=\"gl-ES\"><i><b>En corpo e alma.<br \/>\n<\/b><\/i><\/span><\/span><\/span><span style=\"font-family: Times New Roman, serif\"><span style=\"font-size: large\">Primeira versi\u00f3n: Xoves, 18 de Xaneiro de 2018.<br \/>\n<\/span><\/span><span style=\"font-family: Times New Roman, serif\"><span style=\"font-size: large\">\u00daltima modificaci\u00f3n: Martes, 30 de Xaneiro de 2018.<br \/>\n<\/span><\/span><span style=\"font-family: Times New Roman, serif\"><span style=\"font-size: large\"><b>Traduci\u00f3n: Elisa Borraz\u00e1s.<\/b><\/span><\/span><\/p>","protected":false},"excerpt":{"rendered":"<p>Obxectivos. A crenza de que s\u00f3 vivimos unha soa encarnaci\u00f3n est\u00e1 moi estendida pot todo o mundo. Ademais, nas civilizaci\u00f3ns de Occidente estamos impregnados desta mentalidade moderna de vivir a &hellip; <a href=\"https:\/\/animaweb.blog.pangea.org\/gl\/objectius\/\" class=\"more-link\">Ler m\u00e1is<span class=\"screen-reader-text\"> &#8220;Obxectivos&#8221;<\/span><\/a><\/p>\n","protected":false},"author":12345698,"featured_media":0,"parent":0,"menu_order":0,"comment_status":"closed","ping_status":"closed","template":"","meta":{"ngg_post_thumbnail":0,"footnotes":""},"class_list":["post-106","page","type-page","status-publish","hentry"],"_links":{"self":[{"href":"https:\/\/animaweb.blog.pangea.org\/gl\/wp-json\/wp\/v2\/pages\/106","targetHints":{"allow":["GET"]}}],"collection":[{"href":"https:\/\/animaweb.blog.pangea.org\/gl\/wp-json\/wp\/v2\/pages"}],"about":[{"href":"https:\/\/animaweb.blog.pangea.org\/gl\/wp-json\/wp\/v2\/types\/page"}],"author":[{"embeddable":true,"href":"https:\/\/animaweb.blog.pangea.org\/gl\/wp-json\/wp\/v2\/users\/12345698"}],"replies":[{"embeddable":true,"href":"https:\/\/animaweb.blog.pangea.org\/gl\/wp-json\/wp\/v2\/comments?post=106"}],"version-history":[{"count":50,"href":"https:\/\/animaweb.blog.pangea.org\/gl\/wp-json\/wp\/v2\/pages\/106\/revisions"}],"predecessor-version":[{"id":2432,"href":"https:\/\/animaweb.blog.pangea.org\/gl\/wp-json\/wp\/v2\/pages\/106\/revisions\/2432"}],"wp:attachment":[{"href":"https:\/\/animaweb.blog.pangea.org\/gl\/wp-json\/wp\/v2\/media?parent=106"}],"curies":[{"name":"wp","href":"https:\/\/api.w.org\/{rel}","templated":true}]}}