{"id":920,"date":"2020-10-05T11:08:22","date_gmt":"2020-10-05T09:08:22","guid":{"rendered":"https:\/\/animaweb.cat\/?page_id=920"},"modified":"2022-10-20T20:08:38","modified_gmt":"2022-10-20T18:08:38","slug":"katia-cas-clinic","status":"publish","type":"page","link":"https:\/\/animaweb.blog.pangea.org\/fr\/katia-cas-clinic\/","title":{"rendered":"Katia. Un cas clinique."},"content":{"rendered":"<p lang=\"fr-FR\" align=\"center\"><span style=\"font-family: Times New Roman, serif\"><span style=\"font-size: x-large\"><b>Katia. Un cas clinique. <\/b><\/span><\/span><\/p>\n<p lang=\"fr-FR\" align=\"justify\"><span style=\"font-family: Times New Roman, serif\"><span style=\"font-size: large\"><img loading=\"lazy\" decoding=\"async\" class=\"alignright wp-image-921 size-full\" title=\"Academia de Terapia Regresiva Doctora Viviana Zenteno (Acad\u00e9mie de th\u00e9rapie r\u00e9gressive Docteur Viviana Zenteno).\" src=\"https:\/\/animaweb.cat\/files\/2020\/10\/Academia_de_Terapia_Regresiva_Doctora_Viviana_Zenteno_Logotipo_72ppp_200x230px.png\" alt=\"Academia de Terapia Regresiva Doctora Viviana Zenteno (Acad\u00e9mie de th\u00e9rapie r\u00e9gressive Docteur Viviana Zenteno).\" width=\"200\" height=\"230\" \/>Mercredi, 1 octobre 2014.<br \/>\n<\/span><\/span><span style=\"font-family: Times New Roman, serif\"><span style=\"font-size: large\">Th\u00e9rapeute\u00a0: Docteur Viviana Zenteno.<br \/>\n<\/span><\/span><span style=\"font-family: Times New Roman, serif\"><span style=\"font-size: large\"><b>Traduction\u00a0: Loto Perrella.<\/b><\/span><\/span><\/p>\n<p lang=\"fr-FR\" align=\"justify\"><span style=\"font-family: Times New Roman, serif\"><span style=\"font-size: large\"><i>Dans cette r\u00e9gression Katia (45) comprend la raison d\u2019une renonciation amoureuse. Il y a des ann\u00e9es elle \u00e9tait libre, mais lui ne l\u2019\u00e9tait pas, et il \u00e9tait un personnage publique.<\/i><\/span><\/span><\/p>\n<p lang=\"fr-FR\" align=\"justify\"><span style=\"font-family: Times New Roman, serif\"><span style=\"font-size: large\"><b>Th\u00e9rapeute\u00a0: Tu vois quoi\u00a0?<\/b><\/span><\/span><\/p>\n<p lang=\"fr-FR\" align=\"justify\"><span style=\"font-family: Times New Roman, serif\"><span style=\"font-size: large\">Katia\u00a0: Je vois une \u00eele d\u2019en haut, avec beaucoup de v\u00e9g\u00e9tation, je m\u2019enfonce dans le bois. Maintenant je descends, c\u2019est comme une for\u00eat, et dedans il y a une esp\u00e8ce de terre-plein avec un amphith\u00e9\u00e2tre comme \u00e7a, grand.<\/span><\/span><\/p>\n<p lang=\"fr-FR\" align=\"justify\"><span style=\"font-family: Times New Roman, serif\"><span style=\"font-size: large\"><b>T\u00a0: Tu es habill\u00e9e comment\u00a0?<\/b><\/span><\/span><\/p>\n<p lang=\"fr-FR\" align=\"justify\"><span style=\"font-family: Times New Roman, serif\"><span style=\"font-size: large\">K\u00a0: Je porte une tunique, de longs cheveux fonc\u00e9s, et quelques ornements.<\/span><\/span><\/p>\n<p lang=\"fr-FR\" align=\"justify\"><span style=\"font-family: Times New Roman, serif\"><span style=\"font-size: large\"><b>T\u00a0: Quel \u00e2ge a-tu\u00a0?<\/b><\/span><\/span><\/p>\n<p lang=\"fr-FR\" align=\"justify\"><span style=\"font-family: Times New Roman, serif\"><span style=\"font-size: large\">K\u00a0: Environ 25 ans&#8230; je devine que je suis une pr\u00eatresse. Il y a un temple&#8230; Je ne sais pas si c\u2019est une \u00eele ou une presqu\u2019\u00eele, mais c\u2019est tout entour\u00e9 par la mer, et le temple est au milieu de la for\u00eat&#8230; je vois des idoles en pierre, comme des dieux. Il semblerait que j\u2019ai un r\u00f4le important, que je connais beaucoup de choses que les autres ne connaissent pas. Dans ce lieu on y br\u00fble de l\u2019encens ou quelque parfum. On \u00e9coute de la musique, comme des tambours. Je dirige les c\u00e9r\u00e9monies, avec des chants on demande quelque chose \u00e0 la nature, aux dieux, abondance, fertilit\u00e9. Je me trouve un \u00e9chelon par-dessus des autres, je dirige et j\u2019invoque.<\/span><\/span><\/p>\n<p lang=\"fr-FR\" align=\"justify\"><span style=\"font-family: Times New Roman, serif\"><span style=\"font-size: large\"><b>T\u00a0: Quelle est ta sensation physique \u00e0 ce moment l\u00e0\u00a0?<\/b><\/span><\/span><\/p>\n<p lang=\"fr-FR\" align=\"justify\"><span style=\"font-family: Times New Roman, serif\"><span style=\"font-size: large\">K\u00a0: Je m\u2019y trouve bien, j\u2019ai une sensation d\u2019\u00e9panouissement&#8230; comme si je transmettais \u00e0 ces gens des choses qu\u2019ils ne savent pas et moi je sais, ceci me donne une sensation de pouvoir.<\/span><\/span><\/p>\n<p lang=\"fr-FR\" align=\"justify\"><span style=\"font-family: Times New Roman, serif\"><span style=\"font-size: large\"><b>T\u00a0: Quelles sont tes \u00e9motions\u00a0?<\/b><\/span><\/span><\/p>\n<p lang=\"fr-FR\" align=\"justify\"><span style=\"font-family: Times New Roman, serif\"><span style=\"font-size: large\">K\u00a0: Un peu d\u2019orgueil, je suis un peu arrogante.<\/span><\/span><\/p>\n<p lang=\"fr-FR\" align=\"justify\"><span style=\"font-family: Times New Roman, serif\"><span style=\"font-size: large\"><b>T\u00a0: Et tes r\u00e9actions mentales\u00a0?<\/b><\/span><\/span><\/p>\n<p lang=\"fr-FR\" align=\"justify\"><span style=\"font-family: Times New Roman, serif\"><span style=\"font-size: large\">K\u00a0: Je constate que ces invocations et ces rituels sont efficaces, ils sont puissants.<\/span><\/span><\/p>\n<p lang=\"fr-FR\" align=\"justify\"><span style=\"font-family: Times New Roman, serif\"><span style=\"font-size: large\"><b>T\u00a0: Observe ces sensations d\u2019orgueil, d\u2019\u00e9panouissement et de pouvoir. Qu\u2019est-ce qu\u2019elles te font faire dans ta vie comme Katia\u00a0?<\/b><\/span><\/span><\/p>\n<p lang=\"fr-FR\" align=\"justify\"><span style=\"font-family: Times New Roman, serif\"><span style=\"font-size: large\">K\u00a0: Elles me font sentir capable, que je peux.<\/span><\/span><\/p>\n<p lang=\"fr-FR\" align=\"justify\"><span style=\"font-family: Times New Roman, serif\"><span style=\"font-size: large\"><b>T\u00a0: Et qu\u2019est-ce qu\u2019elles t\u2019emp\u00eachent de faire\u00a0?<\/b><\/span><\/span><\/p>\n<p lang=\"fr-FR\" align=\"justify\"><span style=\"font-family: Times New Roman, serif\"><span style=\"font-size: large\">K\u00a0: Quelquefois elles m\u2019emp\u00eachent de reconna\u00eetre mes erreurs.<\/span><\/span><\/p>\n<p lang=\"fr-FR\" align=\"justify\"><span style=\"font-family: Times New Roman, serif\"><span style=\"font-size: large\"><b>T\u00a0: Tr\u00e8s bien. Continue en avant jusqu\u2019\u00e0 un autre moment important pour ton \u00e2me.<\/b><\/span><\/span><\/p>\n<p lang=\"fr-FR\" align=\"justify\"><span style=\"font-family: Times New Roman, serif\"><span style=\"font-size: large\">K\u00a0: Je d\u00e9tecte que j\u2019avais un amoureux que je gardais en secret, parce-que je ne devais pas en avoir un.<\/span><\/span><\/p>\n<p lang=\"fr-FR\" align=\"justify\"><span style=\"font-family: Times New Roman, serif\"><span style=\"font-size: large\"><b>T\u00a0: Tu avais quelque chose cach\u00e9e&#8230; bien, voyons de quoi il s\u2019agissait\u00a0: un, deux, trois&#8230;<\/b><\/span><\/span><\/p>\n<p lang=\"fr-FR\" align=\"justify\"><span style=\"font-family: Times New Roman, serif\"><span style=\"font-size: large\">K\u00a0: C\u2019est un guerrier et nous avons une forte relation d\u2019amour, qui ne peut pas sortir \u00e0 plein jour, parce-que les pr\u00eatresses doivent rester c\u00e9libataires. Dans le temple il y a une chambre secr\u00e8te, et je l\u2019y introduis gr\u00e2ce \u00e0 mon pouvoir. Il appartient \u00e0 une autre race, ni inf\u00e9rieure ni sup\u00e9rieure \u00e0 la mienne, mais s\u00e9par\u00e9es, elles ne peuvent pas se m\u00e9langer. Je me sens protectrice avec lui. Il m\u2019aime et il est puissant avec sa force, avec son habilit\u00e9 pour lutter. Mais par rapport \u00e0 l\u2019amour, je suis plus puissante que lui.<\/span><\/span><\/p>\n<p lang=\"fr-FR\" align=\"justify\"><span style=\"font-family: Times New Roman, serif\"><span style=\"font-size: large\"><b>T\u00a0: Explique-moi bien.<\/b><\/span><\/span><\/p>\n<p lang=\"fr-FR\" align=\"justify\"><span style=\"font-family: Times New Roman, serif\"><span style=\"font-size: large\">K\u00a0: C\u2019est comme s\u2019il me respectait \u00e0 l\u2019exc\u00e8s, et moi je veux qu\u2019il me prenne comme une femme, je ne veux pas qu\u2019il me regarde comme si j\u2019\u00e9tais sup\u00e9rieure. Qu\u2019il comprenne que je suis une femme et que je veux \u00eatre sa femme. Il doute, il ne veut pas suivre, mais je lui dis qu\u2019il faut suivre, qu\u2019il n\u2019y aura aucun probl\u00e8me. Il a peur pour tous les deux mais je lui dis que nous ne pouvons pas nous s\u00e9parer, nous ne devons pas nous s\u00e9parer.<\/span><\/span><\/p>\n<p lang=\"fr-FR\" align=\"justify\"><span style=\"font-family: Times New Roman, serif\"><span style=\"font-size: large\"><b>T\u00a0: Continue.<\/b><\/span><\/span><\/p>\n<p lang=\"fr-FR\" align=\"justify\"><span style=\"font-family: Times New Roman, serif\"><span style=\"font-size: large\">K\u00a0: Il y a des autres gens plus puissants, des hommes, des pr\u00eatres plus importants que moi, et ils s\u2019en rendent compte. Ils l\u2019emportent\u00a0!! je cherche \u00e0 le d\u00e9fendre, mais je ne peux pas\u00a0!! (\u00a0Katia montre angoisse et peur\u00a0).<\/span><\/span><\/p>\n<p lang=\"fr-FR\" align=\"justify\"><span style=\"font-family: Times New Roman, serif\"><span style=\"font-size: large\"><b>T\u00a0: O\u00f9 es-tu et o\u00f9 est-il\u00a0?<\/b><\/span><\/span><\/p>\n<p lang=\"fr-FR\" align=\"justify\"><span style=\"font-family: Times New Roman, serif\"><span style=\"font-size: large\">K\u00a0: C\u2019est une grande salle et les pr\u00eatres nous disent que nous avons transgress\u00e9 la loi. On supposait que je ne pouvais avoir ce genre de relation&#8230; C\u2019est un temple, en pierre, froid, grand, haut. Eux ils portent des tuniques, leurs visages sont longs, et ils portent \u00e0 la t\u00eate des bandes, pas des couronnes. Ils sont deux. Ils m\u2019accusent. Je suis devant eux, interdite, ils se trouvent en haut, moi je suis en bas, et mon amoureux est \u00e0 genoux, et il sera puni. Je leurs dis que non, que NON, que c\u2019est ma faute&#8230; mais moi je ne serais pas punie&#8230; (\u00a0elle pleure\u00a0)&#8230; ils l\u2019emportent&#8230; je commence \u00e0 crier, et ils me retiennent&#8230; il y a d\u2019autres gens semble-t-il&#8230; je sais qu\u2019ils le tueront, ils le sacrifieront&#8230; et je cris que non&#8230; NON\u00a0! c\u2019est moi la coupable\u00a0! ce n\u2019est pas lui\u00a0! je vous prie&#8230; c\u2019est moi la coupable&#8230; ce n\u2019est pas lui, je vous prie&#8230; (\u00a0elle pleure et g\u00e9mit\u00a0)&#8230; Non&#8230; non&#8230; non&#8230; c\u2019est moi la coupable, sacrifiez-moi, pas lui&#8230;<\/span><\/span><\/p>\n<p lang=\"fr-FR\" align=\"justify\"><span style=\"font-family: Times New Roman, serif\"><span style=\"font-size: large\"><b>T\u00a0: Continue, ne t\u2019arr\u00eate pas.<\/b><\/span><\/span><\/p>\n<p lang=\"fr-FR\" align=\"justify\"><span style=\"font-family: Times New Roman, serif\"><span style=\"font-size: large\">K\u00a0: Mais ils disent que non, que moi je suis n\u00e9cessaire, que je dois continuer avec mon r\u00f4le&#8230; qu\u2019il y en a beaucoup comme lui, mais non pas comme moi&#8230; Je leurs insiste que c\u2019est ma faute mais ils n\u2019en veulent savoir&#8230; lui c\u2019est un entre autres&#8230; E pour moi il est tr\u00e8s important\u00a0! Quand ils l\u2019emportent, il est tr\u00e8s courageux, mais dans son regard je vois sa d\u00e9tresse, et j\u2019ai envie de le prot\u00e9ger&#8230; je cours apr\u00e8s lui mais je ne peux pas parce qu\u2019ils ne me laissent pas. Et je veux mourir avec lui. Aaah, aye, aye, je sens une douleur dans ma poitrine quand ils l\u2019emportent.<\/span><\/span><\/p>\n<p lang=\"fr-FR\" align=\"justify\"><span style=\"font-family: Times New Roman, serif\"><span style=\"font-size: large\"><b>T\u00a0: De tout ce que tu a v\u00e9cu l\u00e0, qu\u2019est-ce qui te marque le plus\u00a0?<\/b><\/span><\/span><\/p>\n<p lang=\"fr-FR\" align=\"justify\"><span style=\"font-family: Times New Roman, serif\"><span style=\"font-size: large\">K\u00a0: Quand je constate qu\u2019ils nous ont d\u00e9couvert&#8230; mais non, le pire est quand je me rends compte que lui sera puni, pas moi&#8230; Parait-il qu\u2019ils me tiennent par l\u2019\u00e9paule et le cou, je suis \u00e0 genoux par terre. Ils me refr\u00e8nent quand ils l\u2019emportent&#8230; ce sont des hommes tr\u00e8s m\u00e9chants, tr\u00e8s durs, ils sont inflexibles&#8230;<\/span><\/span><\/p>\n<p lang=\"fr-FR\" align=\"justify\"><span style=\"font-family: Times New Roman, serif\"><span style=\"font-size: large\"><b>T\u00a0: Ressens cette douleur et \u00e9puise-la.<\/b><\/span><\/span><\/p>\n<p lang=\"fr-FR\" align=\"justify\"><span style=\"font-family: Times New Roman, serif\"><span style=\"font-size: large\">K\u00a0: C\u2019est comme une blessure profonde dans ma poitrine&#8230; et mon cou&#8230;<\/span><\/span><\/p>\n<p lang=\"fr-FR\" align=\"justify\"><span style=\"font-family: Times New Roman, serif\"><span style=\"font-size: large\"><b>T\u00a0: Et ta r\u00e9action \u00e9motionnelle\u00a0?<\/b><\/span><\/span><\/p>\n<p lang=\"fr-FR\" align=\"justify\"><span style=\"font-family: Times New Roman, serif\"><span style=\"font-size: large\">K\u00a0: Une douleur et une angoisse profondes, le d\u00e9sir de le prot\u00e9ger, je veux l\u2019aider mais je ne peux pas. Je veux voler sur lui et l\u2019embrasser&#8230; Et maintenant ils l\u2019emportent, et il ne se plaint pas, mais son regard montre une d\u00e9tresse profonde&#8230;<\/span><\/span><\/p>\n<p lang=\"fr-FR\" align=\"justify\"><span style=\"font-family: Times New Roman, serif\"><span style=\"font-size: large\"><b>T\u00a0: Regarde-le.<\/b><\/span><\/span><\/p>\n<p lang=\"fr-FR\" align=\"justify\"><span style=\"font-family: Times New Roman, serif\"><span style=\"font-size: large\">K\u00a0: C\u2019est quelqu\u2019un que je connais (elle soupire).<\/span><\/span><\/p>\n<p lang=\"fr-FR\" align=\"justify\"><span style=\"font-family: Times New Roman, serif\"><span style=\"font-size: large\"><b>T\u00a0: Que pense-tu quand ils l\u2019emportent\u00a0? <\/b><\/span><\/span><\/p>\n<p lang=\"fr-FR\" align=\"justify\"><span style=\"font-family: Times New Roman, serif\"><span style=\"font-size: large\">K\u00a0: Je constate que mon pouvoir \u00e9tait rien. ZERO\u00a0! <\/span><\/span><\/p>\n<p lang=\"fr-FR\" align=\"justify\"><span style=\"font-family: Times New Roman, serif\"><span style=\"font-size: large\"><b>T\u00a0: Et tout ceci, de quelle fa\u00e7on il t\u2019affecte dans cette vie\u00a0? <\/b><\/span><\/span><\/p>\n<p lang=\"fr-FR\" align=\"justify\"><span style=\"font-family: Times New Roman, serif\"><span style=\"font-size: large\"><br \/>\nK\u00a0: Il me fait prot\u00e9ger les personnes que j\u2019aime&#8230; chercher dans les hommes celui qui me semble d\u00e9laiss\u00e9 pour le prot\u00e9ger&#8230; Il me fait comprendre qu\u2019il n\u2019y a pas de vrai pouvoir&#8230; qu\u2019il est facile de se tromper avec les honneurs&#8230; que nous sommes tous mortels, et qu\u2019il ne sert \u00e0 rien de s\u2019enorgueillir. Cela m\u2019emp\u00eache de croire toute l\u2019histoire&#8230; C\u2019est comme un avertissement\u00a0: \u00ab\u00a0n\u2019oublie pas que en un moment la situation peut changer\u00a0\u00bb. Et alors quand je suis heureuse j\u2019ai peur.<\/span><\/span><\/p>\n<p lang=\"fr-FR\" align=\"justify\"><span style=\"font-family: Times New Roman, serif\"><span style=\"font-size: large\"><b>T\u00a0: Continue.<\/b><\/span><\/span><\/p>\n<p lang=\"fr-FR\" align=\"justify\"><span style=\"font-family: Times New Roman, serif\"><span style=\"font-size: large\">K\u00a0: Je dois rester l\u00e0, jouer mon r\u00f4le de pr\u00eatresse, comme si rien n\u2019\u00e9tait pass\u00e9. Personne sait ce qui s\u2019est pass\u00e9, seulement ceux qui \u00e9taient l\u00e0. Je me sens utilis\u00e9e&#8230; Auparavant je croyais l\u2019histoire de mon pouvoir de pr\u00eatresse, mais maintenant je constate que je suis un instrument de ces autres sujets, et pour eux c\u2019est la m\u00eame chose que j\u2019ai p\u00e9ch\u00e9 ou que j\u2019ai transgress\u00e9 la loi, parce que je suis seulement une image, un moyen pour qu\u2019ils puissent maintenir leur pouvoir.<\/span><\/span><\/p>\n<p lang=\"fr-FR\" align=\"justify\"><span style=\"font-family: Times New Roman, serif\"><span style=\"font-size: large\">Pour cela ils ne me sacrifieront pas, parce qu\u2019ils on investi du temps et de l\u2019\u00e9nergie pour me pr\u00e9parer pour ce r\u00f4le. Et alors ils s\u00e9vissent contre lui. Et le r\u00f4le que je joue commence \u00e0 me d\u00e9gouter, parce que je ne crois plus \u00e0 rien, pas m\u00eame aux dieux que j\u2019invoque&#8230; je joue mon r\u00f4le \u00e0 contrec\u0153ur, et je me sens chaque jour plus violent\u00e9e.<\/span><\/span><\/p>\n<p lang=\"fr-FR\" align=\"justify\"><span style=\"font-family: Times New Roman, serif\"><span style=\"font-size: large\"><b>T\u00a0: Et quelles sont tes r\u00e9actions en te sentant violent\u00e9e\u00a0?<\/b><\/span><\/span><\/p>\n<p lang=\"fr-FR\" align=\"justify\"><span style=\"font-family: Times New Roman, serif\"><span style=\"font-size: large\">K\u00a0: Je sens de la col\u00e8re, c\u2019est comme un frisson de haine vers ces pr\u00eatres qui n\u2019ont pas de sentiments. Je ne peux plus aimer personne. Je cherche \u00e0 \u00eatre encore plus froide que eux, parce qu\u2019il est dangereux d\u2019aimer.<\/span><\/span><\/p>\n<p lang=\"fr-FR\" align=\"justify\"><span style=\"font-family: Times New Roman, serif\"><span style=\"font-size: large\"><b>T\u00a0: Et tout ceci, qu\u2019est-ce qu\u2019il te fait faire dans ta vie comme Katia\u00a0?<\/b><\/span><\/span><\/p>\n<p lang=\"fr-FR\" align=\"justify\"><span style=\"font-family: Times New Roman, serif\"><span style=\"font-size: large\">K\u00a0: J\u2019ai l\u2019impression que ceci m\u2019a frapp\u00e9 davantage dans ma jeunesse, car j\u2019\u00e9tais r\u00e9ticente \u00e0 aimer quelqu\u2019un. Je craignais me livrer avec confiance, je craignais aimer.<\/span><\/span><\/p>\n<p lang=\"fr-FR\" align=\"justify\"><span style=\"font-family: Times New Roman, serif\"><span style=\"font-size: large\"><b>T\u00a0: Maintenant tu ira \u00e0 ton dernier moment dans cette vie, un, deux, trois&#8230;<\/b><\/span><\/span><\/p>\n<p lang=\"fr-FR\" align=\"justify\"><span style=\"font-family: Times New Roman, serif\"><span style=\"font-size: large\">K\u00a0: Il y a une esp\u00e8ce de f\u00eate, comme des bals, des chants, avec du feu et des invocations, et il y a un peuple ennemi qui en profite pour nous envahir et attaquer le temple. Ils commencent \u00e0 jeter des lances et ils brulent, je re\u00e7ois une lance dans ma poitrine et je constate que je vais mourir. C\u2019est comme un m\u00e9lange, la f\u00eate devient une tuerie.<\/span><\/span><\/p>\n<p lang=\"fr-FR\" align=\"justify\"><span style=\"font-family: Times New Roman, serif\"><span style=\"font-size: large\">Je ne sens pas de douleur. Je sens un m\u00e9lange de surprise et de soulagement\u00a0: finalement c\u2019\u00e8 fini. Il faisait long temps que je voulais mourir.<\/span><\/span><\/p>\n<p lang=\"fr-FR\" align=\"justify\"><span style=\"font-family: Times New Roman, serif\"><span style=\"font-size: large\"><b>T\u00a0: Avance \u00e0 travers cette mort et explique moi ce qui se passe.<\/b><\/span><\/span><\/p>\n<p lang=\"fr-FR\" align=\"justify\"><span style=\"font-family: Times New Roman, serif\"><span style=\"font-size: large\">K\u00a0: Je sors de l\u00e0, je monte, je monte&#8230; je vois mon corps qui est abandonn\u00e9 et d\u00e9sarticul\u00e9 par terre, et tout le monde pi\u00e9tine tout le monde, il y a beaucoup de sang, c\u2019est une orgie de sang l\u00e0 bas&#8230; ils sont des sauvages, plus sous-d\u00e9velopp\u00e9s que nous.<\/span><\/span><\/p>\n<p lang=\"fr-FR\" align=\"justify\"><span style=\"font-family: Times New Roman, serif\"><span style=\"font-size: large\"><b>T\u00a0: Ce lieu c\u2019est o\u00f9\u00a0?<\/b><\/span><\/span><\/p>\n<p lang=\"fr-FR\" align=\"justify\"><span style=\"font-family: Times New Roman, serif\"><span style=\"font-size: large\">K\u00a0: Quelque part en orient, peut-\u00eatre Java.<\/span><\/span><\/p>\n<p lang=\"fr-FR\" align=\"justify\"><span style=\"font-family: Times New Roman, serif\"><span style=\"font-size: large\"><b>T\u00a0: Comment te sens-tu \u00e0 mesure que tu monte et vois ceci\u00a0?<\/b><\/span><\/span><\/p>\n<p lang=\"fr-FR\" align=\"justify\"><span style=\"font-family: Times New Roman, serif\"><span style=\"font-size: large\">K\u00a0: Plus soulag\u00e9e, avec moins d\u2019haine, je me rends conte que nous mourons tous, c\u2019est une fa\u00e7on de reposer. Et je vais \u00e0 un lieu agr\u00e9able, comme flottant, comme si j\u2019\u00e9tais seulement un volume.<\/span><\/span><\/p>\n<p lang=\"fr-FR\" align=\"justify\"><span style=\"font-family: Times New Roman, serif\"><span style=\"font-size: large\"><b>T\u00a0: Qu\u2019est ce qu\u2019il faut sauver maintenant\u00a0?<\/b><\/span><\/span><\/p>\n<p lang=\"fr-FR\" align=\"justify\"><span style=\"font-family: Times New Roman, serif\"><span style=\"font-size: large\">S\u00a0: Je d\u00e9couvre que je l\u2019aimais plus qu\u2019il ne m\u2019aimait. J\u2019aurais aim\u00e9 le trouver en m\u2019attendant, mais non, il n\u2019est pas l\u00e0 (elle rigole). Et je suis un peu d\u00e9\u00e7ue.<\/span><\/span><\/p>\n<p lang=\"fr-FR\" align=\"justify\"><span style=\"font-family: Times New Roman, serif\"><span style=\"font-size: large\"><b>T\u00a0: Katia, qu\u2019a tu appris de cette exp\u00e9rience\u00a0?<\/b><\/span><\/span><\/p>\n<p lang=\"fr-FR\" align=\"justify\"><span style=\"font-family: Times New Roman, serif\"><span style=\"font-size: large\">K\u00a0: Nous nous sommes rencontr\u00e9s dans cette vie, mais notre union aurait d\u00e9truit compl\u00e8tement son image. Alors je cru que nous avions \u00e9t\u00e9 l\u00e2ches, mais maintenant je me rends conte que ce fut correcte, que j\u2019ai surmont\u00e9 la preuve, parce qu\u2019il aurait \u00e9t\u00e9 sacrifi\u00e9 une autre fois par ma faute.<\/span><\/span><\/p>\n<p align=\"justify\"><span style=\"font-family: Times New Roman, serif\"><span style=\"font-size: large\"><span lang=\"fr-FR\">Lien du cas original en espagnol dans le site web <\/span><\/span><\/span><span style=\"font-family: Times New Roman, serif\"><span style=\"font-size: large\"><span lang=\"fr-FR\"><i>Terapia del Alma<\/i><\/span><\/span><\/span><span style=\"font-family: Times New Roman, serif\"><span style=\"font-size: large\"><span lang=\"fr-FR\"> de la \u00ab\u00a0<\/span><\/span><\/span><span style=\"font-family: Times New Roman, serif\"><span style=\"font-size: large\"><span lang=\"fr-FR\"><i>Academia de Terapia Regresiva<\/i><\/span><\/span><\/span><span style=\"font-family: Times New Roman, serif\"><span style=\"font-size: large\"><span lang=\"fr-FR\">\u00a0\u00bb (\u00a0\u00ab\u00a0<\/span><\/span><\/span><span style=\"font-family: Times New Roman, serif\"><span style=\"font-size: large\"><span lang=\"fr-FR\"><i>Acad\u00e9mie de Th\u00e9rapie R\u00e9gressive<\/i><\/span><\/span><\/span><span style=\"font-family: Times New Roman, serif\"><span style=\"font-size: large\"><span lang=\"fr-FR\">\u00a0\u00bb\u00a0) du Docteur Viviana Zenteno, au Chili\u00a0:<\/span><\/span><\/span><\/p>\n<p align=\"justify\"><span style=\"color: #0000ff\"><u><a href=\"https:\/\/terapiadelalma.org\/katia-caso-clinico\/\"><span style=\"font-family: Times New Roman, serif\"><span style=\"font-size: large\"><span lang=\"fr-FR\">https:\/\/terapiadelalma.org\/katia-caso-clinico\/<\/span><\/span><\/span><\/a><\/u><\/span><\/p>","protected":false},"excerpt":{"rendered":"<p>Katia. Un cas clinique. Mercredi, 1 octobre 2014. Th\u00e9rapeute\u00a0: Docteur Viviana Zenteno. Traduction\u00a0: Loto Perrella. Dans cette r\u00e9gression Katia (45) comprend la raison d\u2019une renonciation amoureuse. Il y a des &hellip; <a href=\"https:\/\/animaweb.blog.pangea.org\/fr\/katia-cas-clinic\/\" class=\"more-link\">Continuer la lecture<span class=\"screen-reader-text\"> de &laquo;&nbsp;Katia. Un cas clinique.&nbsp;&raquo;<\/span><\/a><\/p>\n","protected":false},"author":12345698,"featured_media":0,"parent":0,"menu_order":0,"comment_status":"closed","ping_status":"closed","template":"","meta":{"ngg_post_thumbnail":0,"footnotes":""},"class_list":["post-920","page","type-page","status-publish","hentry"],"_links":{"self":[{"href":"https:\/\/animaweb.blog.pangea.org\/fr\/wp-json\/wp\/v2\/pages\/920","targetHints":{"allow":["GET"]}}],"collection":[{"href":"https:\/\/animaweb.blog.pangea.org\/fr\/wp-json\/wp\/v2\/pages"}],"about":[{"href":"https:\/\/animaweb.blog.pangea.org\/fr\/wp-json\/wp\/v2\/types\/page"}],"author":[{"embeddable":true,"href":"https:\/\/animaweb.blog.pangea.org\/fr\/wp-json\/wp\/v2\/users\/12345698"}],"replies":[{"embeddable":true,"href":"https:\/\/animaweb.blog.pangea.org\/fr\/wp-json\/wp\/v2\/comments?post=920"}],"version-history":[{"count":9,"href":"https:\/\/animaweb.blog.pangea.org\/fr\/wp-json\/wp\/v2\/pages\/920\/revisions"}],"predecessor-version":[{"id":2105,"href":"https:\/\/animaweb.blog.pangea.org\/fr\/wp-json\/wp\/v2\/pages\/920\/revisions\/2105"}],"wp:attachment":[{"href":"https:\/\/animaweb.blog.pangea.org\/fr\/wp-json\/wp\/v2\/media?parent=920"}],"curies":[{"name":"wp","href":"https:\/\/api.w.org\/{rel}","templated":true}]}}