{"id":905,"date":"2020-10-04T18:53:48","date_gmt":"2020-10-04T16:53:48","guid":{"rendered":"https:\/\/animaweb.cat\/?page_id=905"},"modified":"2022-09-16T06:36:48","modified_gmt":"2022-09-16T04:36:48","slug":"doctora-viviana-zenteno-les-regressions-com-a-terapia-de-lanima-entrevista-terra-6-5-2010","status":"publish","type":"page","link":"https:\/\/animaweb.blog.pangea.org\/fr\/doctora-viviana-zenteno-les-regressions-com-a-terapia-de-lanima-entrevista-terra-6-5-2010\/","title":{"rendered":"Docteur Viviana Zenteno. Les r\u00e9gressions comme th\u00e9rapie de l\u2019\u00e2me. Interview de Terra, 6.5.2010."},"content":{"rendered":"<p class=\"western\" lang=\"fr-FR\" align=\"center\"><span style=\"font-family: Times New Roman, serif\"><span style=\"font-size: x-large\"><b>Docteur Viviana Zenteno. Les r\u00e9gressions comme th\u00e9rapie de l\u2019\u00e2me. Interview de Terra, 6.5.2010. <\/b><\/span><\/span><\/p>\n<p class=\"western\" lang=\"fr-FR\" align=\"justify\"><span style=\"font-family: Times New Roman, serif\"><span style=\"font-size: large\"><b><img loading=\"lazy\" decoding=\"async\" class=\"alignright wp-image-908 size-full\" title=\"Terra Networks.\" src=\"https:\/\/animaweb.cat\/files\/2020\/10\/Terra_Networks_logotip_72ppp_200x58px.png\" alt=\"Terra Networks.\" width=\"200\" height=\"58\" \/>Interview de Terra Networks Chile. <\/b><\/span><\/span><span style=\"font-family: Times New Roman, serif\"><span style=\"font-size: large\"><b>Par\u00a0: Carmen Luz Heredia.<br \/>\n<\/b><\/span><\/span><span style=\"font-family: Times New Roman, serif\"><span style=\"font-size: large\">Jeudi, le 6 mai 2010.<br \/>\n<\/span><\/span><span style=\"font-family: Times New Roman, serif\"><span style=\"font-size: large\"><b>Traduction\u00a0: Loto Perrella.<\/b><\/span><\/span><\/p>\n<p lang=\"fr-FR\" align=\"center\"><img loading=\"lazy\" decoding=\"async\" class=\"aligncenter wp-image-906 size-full\" title=\"Docteur Viviana Zenteno.\" src=\"https:\/\/animaweb.cat\/files\/2020\/10\/Viviana_Zenteno_sentada_72ppp_600x397px.png\" alt=\"Docteur Viviana Zenteno.\" width=\"600\" height=\"397\" srcset=\"https:\/\/animaweb.blog.pangea.org\/files\/2020\/10\/Viviana_Zenteno_sentada_72ppp_600x397px.png 600w, https:\/\/animaweb.blog.pangea.org\/files\/2020\/10\/Viviana_Zenteno_sentada_72ppp_600x397px-300x199.png 300w\" sizes=\"auto, (max-width: 600px) 85vw, 600px\" \/><\/p>\n<p class=\"western\" lang=\"fr-FR\" align=\"center\"><span style=\"font-family: Times New Roman, serif\"><span style=\"font-size: large\"><b>Docteur Viviana Zenteno.<\/b><\/span><\/span><\/p>\n<p class=\"western\" lang=\"fr-FR\" align=\"justify\"><span style=\"font-family: Times New Roman, serif\"><span style=\"font-size: large\"><b>Les r\u00e9gressions comme une th\u00e9rapie de l\u2019\u00e2me.<\/b><\/span><\/span><\/p>\n<p class=\"western\" lang=\"fr-FR\" align=\"justify\"><span style=\"font-family: Times New Roman, serif\"><span style=\"font-size: large\"><i>Avec cette technique le pass\u00e9 se m\u00eale avec le pr\u00e9sent et on active une s\u00e9rie de faits qui ne sont pas dans le conscient.<\/i><\/span><\/span><\/p>\n<p class=\"western\" lang=\"fr-FR\" align=\"justify\"><span style=\"font-family: Times New Roman, serif\"><span style=\"font-size: large\">Santiago, jeudi le 20 juillet 2006. \u00ab\u00a0<\/span><\/span><span style=\"font-family: Times New Roman, serif\"><span style=\"font-size: large\"><i>Terapia del alma<\/i><\/span><\/span><span style=\"font-family: Times New Roman, serif\"><span style=\"font-size: large\">\u00a0\u00bb (\u00a0\u00ab\u00a0<\/span><\/span><span style=\"font-family: Times New Roman, serif\"><span style=\"font-size: large\"><i>Th\u00e9rapie de l\u2019\u00e2me<\/i><\/span><\/span><span style=\"font-family: Times New Roman, serif\"><span style=\"font-size: large\">\u00a0\u00bb\u00a0) est le titre du livre \u00e9crit par le Docteur Viviana Zenteno, o\u00f9 elle d\u00e9crit plusieurs cas de r\u00e9gressions qu\u2019elle a fait avec ses patients.<\/span><\/span><\/p>\n<p class=\"western\" lang=\"fr-FR\" align=\"justify\"><span style=\"font-family: Times New Roman, serif\"><span style=\"font-size: large\">Pour elle, plus que une r\u00e9gression il s\u2019agit d\u2019une th\u00e9rapie de l\u2019\u00e2me, car elle travaille en profondeur, faisant appel \u00e0 la sagesse qu\u2019il y a au tr\u00e9fonds des personnes.<\/span><\/span><\/p>\n<p class=\"western\" lang=\"fr-FR\" align=\"justify\"><span style=\"font-family: Times New Roman, serif\"><span style=\"font-size: large\">Selon le docteur Zenteno, le monde de la m\u00e9decine peut gu\u00e9rir les douleurs physiques, les probl\u00e8mes mentaux, entre autres, mais elle ne peut gu\u00e9rir les maladies de l\u2019\u00e2me. Pour cette raison elle d\u00e9cidait faire des recherches sur les r\u00e9gressions, et, en temps utile tout commen\u00e7ait \u00e0 arriver. D\u2019abord ce fut un livre du renomm\u00e9 th\u00e9rapeute Brian Weiss sur les vies pass\u00e9es, et, successivement elle se submergeait pleinement dans l\u2019\u00e9tude de cette th\u00e9rapie et elle suivait ce chemin.<\/span><\/span><\/p>\n<p class=\"western\" lang=\"fr-FR\" align=\"justify\">\u2013\u00a0<span style=\"font-family: Times New Roman, serif\"><span style=\"font-size: large\"><b>Comment avez-vous appris la technique de la r\u00e9gression\u00a0?\u00a0\u2013<\/b><\/span><\/span><\/p>\n<p class=\"western\" lang=\"fr-FR\" align=\"justify\">\u2013\u00a0<span style=\"font-family: Times New Roman, serif\"><span style=\"font-size: large\">Je contactais le Docteur Jos\u00e9 Luis Cabouli, sp\u00e9cialiste des th\u00e9rapies des vies pass\u00e9es, qui a aussi \u00e9crit plusieurs livres sur ce sujet. J\u2019avais lu le premier livre qu\u2019il avait \u00e9crit, qui m\u2019a beaucoup int\u00e9ress\u00e9e. Apr\u00e8s \u00e7a je lui \u00e9crivais et commen\u00e7ais un cours intensif en trois \u00e9tapes.\u00a0\u2013<\/span><\/span><\/p>\n<p class=\"western\" lang=\"fr-FR\" align=\"justify\">\u2013\u00a0<span style=\"font-family: Times New Roman, serif\"><span style=\"font-size: large\"><b>Pourquoi avez-vous d\u00e9cid\u00e9 d\u2019\u00e9tudier les r\u00e9gressions\u00a0?\u00a0\u2013<\/b><\/span><\/span><\/p>\n<p class=\"western\" lang=\"fr-FR\" align=\"justify\">\u2013\u00a0<span style=\"font-family: Times New Roman, serif\"><span style=\"font-size: large\">J\u2019ai \u00e9t\u00e9 toujours tr\u00e8s inqui\u00e8te mais je n\u2019ai jamais dout\u00e9 que je voulais \u00eatre m\u00e9decin, je voulais aider \u00e0 gu\u00e9rir les personnes, et pour ceci je choisis la m\u00e9decine g\u00e9n\u00e9rale, qui est assez large pour englober tous les gens avec leurs maladies. J\u2019ai toujours eu un tr\u00e8s bon acc\u00e8s aux gens, en fait \u00e0 un moment donn\u00e9 j\u2019avais m\u00eame pens\u00e9 de devenir psychiatre, mais je d\u00e9cidais que la m\u00e9decine g\u00e9n\u00e9rale me convenait davantage car elle me donnait une vision plus compl\u00e8te du patient. \u00c0 la longue je compris que quelque chose manquait, je pouvais aider \u00e0 gu\u00e9rir le corps, l\u2019esprit, n\u00e9anmoins il y avait quelque chose du patient qui m\u2019\u00e9chappait, et je constatais aussi que les gens tombaient malades quand ils avaient des probl\u00e8mes \u00e9motionnels.<\/span><\/span><\/p>\n<p class=\"western\" lang=\"fr-FR\" align=\"justify\"><span style=\"font-family: Times New Roman, serif\"><span style=\"font-size: large\">Le docteur explique que c\u2019est \u00e0 ce moment qu\u2019elle s\u2019aper\u00e7oit que presque toutes les maladies ont un \u00e9l\u00e9ment \u00e9motionnel. \u00ab<\/span><\/span><span style=\"font-family: Times New Roman, serif\"><span style=\"font-size: large\">\u00a0Ceci me causait une grande inqui\u00e9tude. Je pensais\u00a0: \u00a0\u00bb\u00a0je m\u2019occupe d\u2019une partie, mais il me manque quelque chose.\u00a0\u00a0\u00bb Je voulais arriver jusqu\u2019\u00e0 l\u2019\u00e2me des patients.\u00a0<\/span><\/span><span style=\"font-family: Times New Roman, serif\"><span style=\"font-size: large\">\u00bb<\/span><\/span><\/p>\n<p class=\"western\" lang=\"fr-FR\" align=\"justify\">\u2013\u00a0<span style=\"font-family: Times New Roman, serif\"><span style=\"font-size: large\"><b>C\u2019est comment le m\u00e9lange entre la m\u00e9decine et les r\u00e9gressions\u00a0?\u00a0\u2013<\/b><\/span><\/span><\/p>\n<p class=\"western\" lang=\"fr-FR\" align=\"justify\">\u2013\u00a0<span style=\"font-family: Times New Roman, serif\"><span style=\"font-size: large\">En premier lieu dans mon cabinet les deux choses sont s\u00e9par\u00e9es\u00a0: dans une salle je fais les r\u00e9gressions et dans la salle \u00e0 cot\u00e9 je fais la m\u00e9decine. Mais c\u2019est tout diff\u00e9rent, car la th\u00e9rapie r\u00e9gressive exige plus de temps, elles sont tr\u00e8s diff\u00e9rentes.\u00a0\u2013<\/span><\/span><\/p>\n<p class=\"western\" lang=\"fr-FR\" align=\"justify\">\u2013\u00a0<span style=\"font-family: Times New Roman, serif\"><span style=\"font-size: large\"><b>Pourquoi la d\u00e9nommez-vous une th\u00e9rapie de l\u2019\u00e2me\u00a0?\u00a0\u2013<\/b><\/span><\/span><\/p>\n<p class=\"western\" lang=\"fr-FR\" align=\"justify\">\u2013\u00a0<span style=\"font-family: Times New Roman, serif\"><span style=\"font-size: large\">Je la consid\u00e8re une th\u00e9rapie de l\u2019\u00e2me parce qu\u2019on travaille en profondeur ayant recours \u00e0 la sagesse qui se trouve dans l\u2019\u00e2me des personnes. Avec les r\u00e9gressions on active un nombre de faits qui se trouvent seulement dans l\u2019\u00e2me. La m\u00e9moire est dans l\u2019\u00e2me.<\/span><\/span><\/p>\n<p class=\"western\" lang=\"fr-FR\" align=\"justify\"><span style=\"font-family: Times New Roman, serif\"><span style=\"font-size: large\">En un sens, aussi, c\u2019est une auto-th\u00e9rapie accompagn\u00e9e par un th\u00e9rapeute, mais les r\u00e9ponses qu\u2019il nous faut pour gu\u00e9rir sont dedans nous.\u00a0\u2013<\/span><\/span><\/p>\n<p class=\"western\" lang=\"fr-FR\" align=\"justify\">\u2013\u00a0<span style=\"font-family: Times New Roman, serif\"><span style=\"font-size: large\"><b>Quel est alors le r\u00f4le du th\u00e9rapeute\u00a0?\u00a0\u2013<\/b><\/span><\/span><\/p>\n<p class=\"western\" lang=\"fr-FR\" align=\"justify\">\u2013\u00a0<span style=\"font-family: Times New Roman, serif\"><span style=\"font-size: large\">Quand une personne a recours \u00e0 cette th\u00e9rapie, le th\u00e9rapeute sert de guide, d\u2019accompagnement, mais les r\u00e9ponses sont \u00e0 l\u2019int\u00e9rieur m\u00eame du patient.\u00a0\u2013<\/span><\/span><\/p>\n<p class=\"western\" lang=\"fr-FR\" align=\"justify\">\u2013\u00a0<span style=\"font-family: Times New Roman, serif\"><span style=\"font-size: large\"><b>C\u2019est comment le processus pour transporter votre patient \u00e0 une vie pass\u00e9e\u00a0?\u00a0\u2013<\/b><\/span><\/span><\/p>\n<p class=\"western\" lang=\"fr-FR\" align=\"justify\">\u2013\u00a0<span style=\"font-family: Times New Roman, serif\"><span style=\"font-size: large\">En premier lieu j\u2019ai un entretien pour conna\u00eetre la personne, savoir quel est son probl\u00e8me, ses motifs pour faire une r\u00e9gression. On me pose des questions aussi concernant le niveau de s\u00fbret\u00e9. Quand quelqu\u2019un arrive \u00e0 mon cabinet et veut se soumettre \u00e0 ce processus, je veux savoir qu\u2019il a des motivations plus \u00e9lev\u00e9es, plus spirituelles. Par curiosit\u00e9 cela n\u2019a pas trop d\u2019int\u00e9r\u00eat.\u00a0\u2013<\/span><\/span><\/p>\n<p class=\"western\" lang=\"fr-FR\" align=\"justify\">\u2013\u00a0<span style=\"font-family: Times New Roman, serif\"><span style=\"font-size: large\"><b>Les r\u00e9gressions que vous faites arrivent jusqu\u2019au ventre de la m\u00e8re, ou elles arrivent aussi \u00e0 des vies ant\u00e9rieures\u00a0?\u00a0\u2013<\/b><\/span><\/span><\/p>\n<p class=\"western\" lang=\"fr-FR\" align=\"justify\">\u2013\u00a0<span style=\"font-family: Times New Roman, serif\"><span style=\"font-size: large\">Aussi \u00e0 des vies ant\u00e9rieures, mais cela ne d\u00e9pend pas de moi, cela d\u00e9pend de ce que le patient r\u00e9clame. Quand le patient nous consulte, par exemple parce qu\u2019il a une phobie ou qu\u2019il a peur des araign\u00e9es et qu\u2019il ne se souvient pas d\u2019avoir eu un \u00e9pisode causant dans cette vie, il est probable que ceci lui vienne de vies pass\u00e9es. En g\u00e9n\u00e9ral dans ces cas on va travailler avec les vies pass\u00e9es, mais il peut arriver que le patient se souvienne de quelque chose et il y ait un \u00e9pisode de peur des araign\u00e9es dans cette vie, mais il peut s\u2019agir d\u2019une r\u00e9p\u00e9tition d\u2019un fait d\u2019une vie ant\u00e9rieure. Alors, peut-\u00eatre dans la premi\u00e8re r\u00e9gression il apparaitra seulement cette vie, mais si on continue la recherche peut-\u00eatre appara\u00eetra des vies pass\u00e9es.\u00a0\u2013<\/span><\/span><\/p>\n<p class=\"western\" lang=\"fr-FR\" align=\"justify\">\u2013\u00a0<span style=\"font-family: Times New Roman, serif\"><span style=\"font-size: large\"><b>Quelle sorte de douleurs ou de carences peut-on gu\u00e9rir ou recouvrer avec une r\u00e9gression\u00a0?\u00a0\u2013<\/b><\/span><\/span><\/p>\n<p class=\"western\" lang=\"fr-FR\" align=\"justify\">\u2013\u00a0<span style=\"font-family: Times New Roman, serif\"><span style=\"font-size: large\">En premier lieu \u00e9motionnels\u00a0: des crises de panique, des syndromes d\u2019angoisse, des probl\u00e8mes de relation, soit entre p\u00e8res et fils, avec le partenaire, etcetera. Aussi des probl\u00e8mes vocationnels, ou si quelqu\u2019un a un probl\u00e8me pour affronter et mener \u00e0 bien ses \u00e9tudes.\u00a0\u2013<\/span><\/span><\/p>\n<p class=\"western\" lang=\"fr-FR\" align=\"justify\"><span style=\"font-family: Times New Roman, serif\"><span style=\"font-size: large\"><b>Source\u00a0: Docteur Viviana Zenteno. T\u00e9l. 331 0371\/331 0530. <\/b><\/span><\/span><\/p>\n<p class=\"western\" lang=\"fr-FR\" align=\"justify\"><span style=\"font-family: Times New Roman, serif\"><span style=\"font-size: large\"><b>Par\u00a0: Carmen Luz Heredia.<\/b><\/span><\/span><\/p>\n<p class=\"western\" lang=\"fr-FR\" align=\"justify\"><span style=\"font-family: Times New Roman, serif\"><span style=\"font-size: large\"><b>Copyright Terra Networks Chile S.A. <\/b><\/span><\/span><\/p>\n<p class=\"western\" lang=\"fr-FR\" align=\"justify\"><span style=\"font-family: Times New Roman, serif\"><span style=\"font-size: large\">Lien de l\u2019entretien original en espagnol publi\u00e9 dans le web \u00ab\u00a0<\/span><\/span><span style=\"font-family: Times New Roman, serif\"><span style=\"font-size: large\"><i>Terapia del alma<\/i><\/span><\/span><span style=\"font-family: Times New Roman, serif\"><span style=\"font-size: large\">\u00a0\u00bb (\u00a0\u00ab\u00a0<\/span><\/span><span style=\"font-family: Times New Roman, serif\"><span style=\"font-size: large\"><i>Th\u00e9rapie de l\u2019\u00e2me<\/i><\/span><\/span><span style=\"font-family: Times New Roman, serif\"><span style=\"font-size: large\">\u00a0\u00bb\u00a0)\u00a0:<\/span><\/span><\/p>\n<p class=\"western\" lang=\"es-ES\" align=\"justify\"><span style=\"color: #0000ff\"><u><a href=\"https:\/\/terapiadelalma.org\/entrevista-terra\/\"><span style=\"font-family: Times New Roman, serif\"><span style=\"font-size: large\"><span lang=\"fr-FR\">https:\/\/terapiadelalma.org\/entrevista-terra\/<\/span><\/span><\/span><\/a><\/u><\/span><\/p>","protected":false},"excerpt":{"rendered":"<p>Docteur Viviana Zenteno. Les r\u00e9gressions comme th\u00e9rapie de l\u2019\u00e2me. Interview de Terra, 6.5.2010. Interview de Terra Networks Chile. Par\u00a0: Carmen Luz Heredia. Jeudi, le 6 mai 2010. Traduction\u00a0: Loto Perrella. &hellip; <a href=\"https:\/\/animaweb.blog.pangea.org\/fr\/doctora-viviana-zenteno-les-regressions-com-a-terapia-de-lanima-entrevista-terra-6-5-2010\/\" class=\"more-link\">Continuer la lecture<span class=\"screen-reader-text\"> de &laquo;&nbsp;Docteur Viviana Zenteno. Les r\u00e9gressions comme th\u00e9rapie de l\u2019\u00e2me. Interview de Terra, 6.5.2010.&nbsp;&raquo;<\/span><\/a><\/p>\n","protected":false},"author":12345698,"featured_media":0,"parent":0,"menu_order":0,"comment_status":"closed","ping_status":"closed","template":"","meta":{"ngg_post_thumbnail":0,"footnotes":""},"class_list":["post-905","page","type-page","status-publish","hentry"],"_links":{"self":[{"href":"https:\/\/animaweb.blog.pangea.org\/fr\/wp-json\/wp\/v2\/pages\/905","targetHints":{"allow":["GET"]}}],"collection":[{"href":"https:\/\/animaweb.blog.pangea.org\/fr\/wp-json\/wp\/v2\/pages"}],"about":[{"href":"https:\/\/animaweb.blog.pangea.org\/fr\/wp-json\/wp\/v2\/types\/page"}],"author":[{"embeddable":true,"href":"https:\/\/animaweb.blog.pangea.org\/fr\/wp-json\/wp\/v2\/users\/12345698"}],"replies":[{"embeddable":true,"href":"https:\/\/animaweb.blog.pangea.org\/fr\/wp-json\/wp\/v2\/comments?post=905"}],"version-history":[{"count":9,"href":"https:\/\/animaweb.blog.pangea.org\/fr\/wp-json\/wp\/v2\/pages\/905\/revisions"}],"predecessor-version":[{"id":2024,"href":"https:\/\/animaweb.blog.pangea.org\/fr\/wp-json\/wp\/v2\/pages\/905\/revisions\/2024"}],"wp:attachment":[{"href":"https:\/\/animaweb.blog.pangea.org\/fr\/wp-json\/wp\/v2\/media?parent=905"}],"curies":[{"name":"wp","href":"https:\/\/api.w.org\/{rel}","templated":true}]}}