{"id":747,"date":"2020-01-23T19:25:24","date_gmt":"2020-01-23T17:25:24","guid":{"rendered":"https:\/\/animaweb.cat\/?page_id=747"},"modified":"2022-12-16T19:58:17","modified_gmt":"2022-12-16T17:58:17","slug":"crida","status":"publish","type":"page","link":"https:\/\/animaweb.blog.pangea.org\/fr\/crida\/","title":{"rendered":"Appel"},"content":{"rendered":"<p align=\"center\"><span style=\"font-size: x-large\"><span style=\"font-family: Times New Roman, serif\"><span lang=\"fr-FR\"><b>Appel de la page web \u00ab\u00a0En corps et \u00e2me\u00a0\u00bb. <\/b><\/span><\/span><\/span><\/p>\n<p align=\"justify\"><span style=\"font-family: Times New Roman, serif\"><span lang=\"fr-FR\">Les th\u00e9rapeutes qui appliquent la <\/span><\/span><span style=\"font-family: Times New Roman, serif\"><span lang=\"fr-FR\"><i>Th\u00e9rapie des Vies Pass\u00e9es <\/i><\/span><\/span><span style=\"font-family: Times New Roman, serif\"><span lang=\"fr-FR\">(<\/span><\/span><span style=\"font-family: Times New Roman, serif\"><span lang=\"fr-FR\"><i>TVP<\/i><\/span><\/span><span style=\"font-family: Times New Roman, serif\"><span lang=\"fr-FR\">)<\/span><\/span><b> <\/b><span style=\"font-family: Times New Roman, serif\"><span lang=\"fr-FR\">et la <\/span><\/span><span style=\"font-family: Times New Roman, serif\"><span lang=\"fr-FR\"><i>Th\u00e9rapie de la Possession Spirituelle <\/i><\/span><\/span><span style=\"font-family: Times New Roman, serif\"><span lang=\"fr-FR\">(<\/span><\/span><span style=\"font-family: Times New Roman, serif\"><span lang=\"fr-FR\"><i>TPS<\/i><\/span><\/span><span style=\"font-family: Times New Roman, serif\"><span lang=\"fr-FR\">), chacun selon son style et sa diff\u00e9rente fa\u00e7on de traiter les nombreux cas \u00e9tudi\u00e9s, nous font savoir que nous sommes des \u00e2mes que nous passons d\u2019un corps \u00e0 l\u2019autre. De l\u2019\u00e9tude de ces cas nous apprenons que la r\u00e9incarnation, ou m\u00e9tempsycose, est la voie naturelle d\u2019apprendre et perfectionner les \u00e2mes.<\/span><\/span><\/p>\n<p align=\"justify\"><span style=\"font-family: Times New Roman, serif\"><span lang=\"fr-FR\">Ces th\u00e9rapeutes participent au perfectionnement des \u00e2mes tout en d\u00e9couvrant et aidant \u00e0 r\u00e9soudre dans leurs patients les diff\u00e9rentes formes de souffrance humaine. Compte tenu du nombre de personnes incarn\u00e9es qui existent \u00e0 pr\u00e9sent dans le monde, et faisant un calcul approximatif du nombre d\u2019\u00e2mes d\u00e9sincarn\u00e9es, et compte tenu des diff\u00e9rents faits traumatiques individuels et collectifs, sans r\u00e9soudre, v\u00e9cus par toute l\u2019humanit\u00e9 de la plan\u00e8te Terre tout le long de son histoire, quelle serait l\u2019importance du volume des conflits traumatiques du pass\u00e9, de diff\u00e9rentes sortes, en attente d\u2019\u00eatre r\u00e9solus, qui concernent ce total d\u2019\u00e2mes incarn\u00e9es et d\u00e9sincarn\u00e9es\u00a0? Probablement, des centaines de milliers de millions.<\/span><\/span><\/p>\n<p align=\"justify\"><span style=\"font-family: Times New Roman, serif\"><span lang=\"fr-FR\">Pour aider \u00e0 pousser ce travail de titan dans la r\u00e9solution et le progr\u00e8s de la conscience de l\u2019\u00e2me ou spirituelle, qui concerne toute l\u2019humanit\u00e9, une page web qui commence avec un nombre r\u00e9duit de pages, qui contient la description de quelques cas r\u00e9sous, mais qui puisse augmenter son contenu avec un nombre croissant de langues, peut \u00eatre un outil tr\u00e8s effectif pour atteindre les gens de tous les peuples du monde, ayant recours \u00e0 un des outils de l\u2019\u00e2me collective de chaque peuple, c&rsquo;est-\u00e0-dire la propre langue de chacun.<\/span><\/span><\/p>\n<p align=\"justify\"><span style=\"font-family: Times New Roman, serif\"><span lang=\"fr-FR\">Nous vous encourageons \u00e0 participer \u00e0 ce projet de diff\u00e9rentes mani\u00e8res\u00a0: en traduisant et corrigeant autant bien que possible ses pages. Aussi reprenant, et si n\u00e9cessaire corrigeant d\u2019accord avec l\u2019original, les passages d\u00e9j\u00e0 traduits des auteurs mentionn\u00e9s dans le cas o\u00f9 il y ait des \u00e9ditions d\u00e9j\u00e0 faites de la langue traduite. Seront bienvenues les collaborations concernant la part technique et esth\u00e9tique du projet. Si quelqu\u2019un veut faire une contribution \u00e9conomique pourra la faire directement \u00e0 la personne ou les personnes qui auront collabor\u00e9 et qui ont besoin d\u2019\u00eatre r\u00e9mun\u00e9r\u00e9es, car dans ce projet on cherche \u00e0 \u00e9viter la bureaucratie administrative. Tous les gens et les groupes qui participeront \u00e0 ce projet, s\u2019ils le veulent, pourront apparaitre dans la page de remerciements et en outre dans les pages o\u00f9 elles auront particip\u00e9 expr\u00e8s.<\/span><\/span><\/p>\n<p align=\"justify\"><span style=\"font-family: Times New Roman, serif\"><span lang=\"fr-FR\">Notre humanit\u00e9 avance rapidement sous quelques aspects de la recherche scientifique et technique, mais souffre un grand retard par rapport \u00e0 la connaissance de la r\u00e9alit\u00e9 spirituelle, ce qui inclut aussi un retard \u00e9thique. Cette situation met en jeu la continuit\u00e9 de la vie dans cette grande \u00e9cole qui notre plan\u00e8te. Avec ce projet, qui commence avec un message basique et non n\u00e9cessairement doit \u00eatre le seule, nous voulons aider \u00e0 \u00e9quilibrer cette situation et pousser d\u2019autres projets qui veuillent arriver plus loin.<\/span><\/span><\/p>\n<p align=\"right\"><span style=\"font-family: Times New Roman, serif\"><span lang=\"fr-FR\">\u00c9quipe de la page web <\/span><\/span><span style=\"font-family: Times New Roman, serif\"><span lang=\"fr-FR\"><i>En corps et \u00e2me<\/i><\/span><\/span><span style=\"font-family: Times New Roman, serif\"><span lang=\"fr-FR\">.<br \/>\n<\/span><\/span><span style=\"font-family: Times New Roman, serif\"><span lang=\"fr-FR\">Mardi, 21 janvier 2020.<br \/>\n<\/span><\/span><b><span style=\"font-family: Times New Roman, serif\"><span lang=\"fr-FR\">Traduction\u00a0: Loto Perrella.<\/span><\/span><\/b><\/p>","protected":false},"excerpt":{"rendered":"<p>Appel de la page web \u00ab\u00a0En corps et \u00e2me\u00a0\u00bb. Les th\u00e9rapeutes qui appliquent la Th\u00e9rapie des Vies Pass\u00e9es (TVP) et la Th\u00e9rapie de la Possession Spirituelle (TPS), chacun selon son &hellip; <a href=\"https:\/\/animaweb.blog.pangea.org\/fr\/crida\/\" class=\"more-link\">Continuer la lecture<span class=\"screen-reader-text\"> de &laquo;&nbsp;Appel&nbsp;&raquo;<\/span><\/a><\/p>\n","protected":false},"author":12345698,"featured_media":0,"parent":0,"menu_order":0,"comment_status":"closed","ping_status":"closed","template":"","meta":{"ngg_post_thumbnail":0,"footnotes":""},"class_list":["post-747","page","type-page","status-publish","hentry"],"_links":{"self":[{"href":"https:\/\/animaweb.blog.pangea.org\/fr\/wp-json\/wp\/v2\/pages\/747","targetHints":{"allow":["GET"]}}],"collection":[{"href":"https:\/\/animaweb.blog.pangea.org\/fr\/wp-json\/wp\/v2\/pages"}],"about":[{"href":"https:\/\/animaweb.blog.pangea.org\/fr\/wp-json\/wp\/v2\/types\/page"}],"author":[{"embeddable":true,"href":"https:\/\/animaweb.blog.pangea.org\/fr\/wp-json\/wp\/v2\/users\/12345698"}],"replies":[{"embeddable":true,"href":"https:\/\/animaweb.blog.pangea.org\/fr\/wp-json\/wp\/v2\/comments?post=747"}],"version-history":[{"count":25,"href":"https:\/\/animaweb.blog.pangea.org\/fr\/wp-json\/wp\/v2\/pages\/747\/revisions"}],"predecessor-version":[{"id":2238,"href":"https:\/\/animaweb.blog.pangea.org\/fr\/wp-json\/wp\/v2\/pages\/747\/revisions\/2238"}],"wp:attachment":[{"href":"https:\/\/animaweb.blog.pangea.org\/fr\/wp-json\/wp\/v2\/media?parent=747"}],"curies":[{"name":"wp","href":"https:\/\/api.w.org\/{rel}","templated":true}]}}