{"id":43,"date":"2018-01-17T23:36:04","date_gmt":"2018-01-17T21:36:04","guid":{"rendered":"http:\/\/animaweb.blog.pangea.org\/?page_id=43"},"modified":"2023-02-15T20:31:44","modified_gmt":"2023-02-15T18:31:44","slug":"entrevista-al-dr-jose-luis-cabouli-al-diari-reforma-mexic-df","status":"publish","type":"page","link":"https:\/\/animaweb.blog.pangea.org\/fr\/entrevista-al-dr-jose-luis-cabouli-al-diari-reforma-mexic-df\/","title":{"rendered":"Une interview au Dr. Jos\u00e9 Luis Cabouli du journal Reforma, Mexique DF."},"content":{"rendered":"<p class=\"western\" lang=\"es-ES\" align=\"justify\"><span style=\"font-family: Times New Roman, serif\"><span style=\"font-size: x-large\"><span lang=\"fr-FR\"><b>Une interview au Dr. Jos\u00e9 Luis Cabouli du journal <\/b><\/span><\/span><\/span><span style=\"font-family: Times New Roman, serif\"><span style=\"font-size: x-large\"><span lang=\"fr-FR\"><i><b>Reforma<\/b><\/i><\/span><\/span><\/span><span style=\"font-family: Times New Roman, serif\"><span style=\"font-size: x-large\"><span lang=\"fr-FR\"><b>, Mexique DF.<\/b><\/span><\/span><\/span><\/p>\n<p class=\"western\" lang=\"fr-FR\" align=\"justify\"><span style=\"font-family: Times New Roman, serif\"><span style=\"font-size: large\"><i><img loading=\"lazy\" decoding=\"async\" class=\"alignright wp-image-783 size-full\" title=\"Reforma. Logo.\" src=\"https:\/\/animaweb.cat\/files\/2020\/01\/Reforma_Logotipo_72ppp_200x50px.png\" alt=\"Reforma. Logo.\" width=\"200\" height=\"50\" \/>Par Natalia Vitela, Mexique, le 26 ao\u00fbt 2006.<\/i><\/span><\/span><\/p>\n<p class=\"western\" lang=\"fr-FR\" align=\"justify\"><span style=\"font-family: Times New Roman, serif\"><span style=\"font-size: large\"><b>On explique le ph\u00e9nom\u00e8ne des \u00e2mes poss\u00e9d\u00e9es.<\/b><\/span><\/span><\/p>\n<p class=\"western\" lang=\"fr-FR\" align=\"justify\"><span style=\"font-family: Times New Roman, serif\"><span style=\"font-size: large\">Avez-vous quelque fois senti que ce que vous pensez, dites et faites ne vient pas de vous, mais il ya a une volont\u00e9 en dehors de vous\u00a0? Si ceci vous arrive, n\u2019\u00e9cartez pas la possibilit\u00e9 d\u2019\u00eatre \u00ab\u00a0poss\u00e9d\u00e9\u00a0\u00bb.<\/span><\/span><\/p>\n<p class=\"western\" lang=\"fr-FR\" align=\"justify\"><span style=\"font-family: Times New Roman, serif\"><span style=\"font-size: large\">Ceci au moins c\u2019est ce que affirme le th\u00e9rapeute Jos\u00e9 Luis Cabouli, qui pratique la Th\u00e9rapie des Vies Pass\u00e9es, et affirme qu\u2019il a fait plus de quatre mil r\u00e9gressions, et dans un dix pour cent il s\u2019est trouv\u00e9 avec des exp\u00e9riences de possession spirituelle.<\/span><\/span><\/p>\n<p class=\"western\" lang=\"es-ES\" align=\"justify\"><span style=\"font-family: Times New Roman, serif\"><span style=\"font-size: large\"><span lang=\"fr-FR\">L\u2019auteur de <\/span><\/span><\/span><span style=\"font-family: Times New Roman, serif\"><span style=\"font-size: large\"><span lang=\"fr-FR\"><i>Terapia de la posesi\u00f3n espiritual <\/i><\/span><\/span><\/span><span style=\"font-family: Times New Roman, serif\"><span style=\"font-size: large\"><span lang=\"fr-FR\">(Th\u00e9rapie de la possession spirituelle), qui a pr\u00e9par\u00e9 plus de vingt th\u00e9rapeutes mexicains, affirme que, quand il parle de possession, il ne parle pas de ce qu\u2019on voit dans des films comme <\/span><\/span><\/span><span style=\"font-family: Times New Roman, serif\"><span style=\"font-size: large\"><span lang=\"fr-FR\"><i>Ghost<\/i><\/span><\/span><\/span><span style=\"font-family: Times New Roman, serif\"><span style=\"font-size: large\"><span lang=\"fr-FR\">, o\u00f9 Sam (Patrick Swayze) s\u2019introduit dans le corps d\u2019un m\u00e9dium, (Whoopi Woldberg), ou <\/span><\/span><\/span><span style=\"font-family: Times New Roman, serif\"><span style=\"font-size: large\"><span lang=\"fr-FR\"><i>The exorcism of Emily Rose<\/i><\/span><\/span><\/span><span style=\"font-family: Times New Roman, serif\"><span style=\"font-size: large\"><span lang=\"fr-FR\">, o\u00f9 Emily Rose (Jennifer Carpenter) est poss\u00e9d\u00e9e par un diable.<\/span><\/span><\/span><\/p>\n<p class=\"western\" lang=\"fr-FR\" align=\"justify\"><span style=\"font-family: Times New Roman, serif\"><span style=\"font-size: large\">De quoi parle-t-il quand il dit possession spirituelle\u00a0? Qui en est atteint\u00a0? Et comment peut-on la r\u00e9soudre\u00a0? Ce sont quelques-unes des demandes auxquelles Cabouli r\u00e9pond.<\/span><\/span><\/p>\n<p class=\"western\" lang=\"es-ES\" align=\"justify\">\u2013<span style=\"font-family: Times New Roman, serif\"><span style=\"font-size: large\"><span lang=\"fr-FR\"><b>La possession spirituelle, c\u2019est quoi\u00a0?\u2013<\/b><\/span><\/span><\/span><\/p>\n<p class=\"western\" lang=\"es-ES\" align=\"justify\">\u2013<span style=\"font-family: Times New Roman, serif\"><span style=\"font-size: large\"><span lang=\"fr-FR\">On parle de possession parce-que c\u2019est le nom qu\u2019on lui a donn\u00e9 \u00e0 travers les si\u00e8cles, car apparemment les personnes sont poss\u00e9d\u00e9es, mais en r\u00e9alit\u00e9 l\u2019\u00e2me d\u00e9sincarn\u00e9e ou l\u2019entit\u00e9 spirituelle d\u2019un mort ne peut pas entrer dans le corps.<\/span><\/span><\/span><\/p>\n<p class=\"western\" lang=\"fr-FR\" align=\"justify\"><span style=\"font-family: Times New Roman, serif\"><span style=\"font-size: large\">Ce qui arrive c\u2019est qu\u2019il entre en contact avec le champ vibratoire d\u2019une personne vivante et produit une interf\u00e9rence, parque que le psychisme du mort se m\u00e9lange \u00e0 niveau subconscient avec les pens\u00e9es de la personne vivante, qui n\u2019est pas consciente de ce qui se passe.\u2013<\/span><\/span><\/p>\n<p class=\"western\" lang=\"es-ES\" align=\"justify\">\u2013<span style=\"font-family: Times New Roman, serif\"><span style=\"font-size: large\"><span lang=\"fr-FR\"><b>Qu\u2019est ce que c\u2019est une \u00e2me d\u00e9sincarn\u00e9e ou perdue\u00a0?\u2013<\/b><\/span><\/span><\/span><\/p>\n<p class=\"western\" lang=\"es-ES\" align=\"justify\">\u2013<span style=\"font-family: Times New Roman, serif\"><span style=\"font-size: large\"><span lang=\"fr-FR\">C\u2019est l\u2019\u00e2me d\u2019une personne morte qui, pour quelque raison, reste attrap\u00e9e dans le plan physique et ne peut se diriger vers la dimension spirituelle. M\u00e9connaissance de la mort et des liens affectifs tr\u00e8s forts sont quelques-unes des raisons, et aussi le d\u00e9sir de vouloir soigner de ses proches, et m\u00eame le d\u00e9sir de se venger de quelqu\u2019un.<\/span><\/span><\/span><\/p>\n<p class=\"western\" lang=\"fr-FR\" align=\"justify\"><span style=\"font-family: Times New Roman, serif\"><span style=\"font-size: large\">Les gens pensent qu\u2019il s\u2019agit de d\u00e9mons, mais dans le 90% des cas ils sont des parents. Il y aussi des \u00e2mes opportunistes, qui s\u2019accrochent quand les personnes s\u2019approchent avec curiosit\u00e9 \u00e0 un accident, ou vont au cimeti\u00e8re avec leur champ vibratoire ouvert.\u2013<\/span><\/span><\/p>\n<p class=\"western\" lang=\"es-ES\" align=\"justify\">\u2013<span style=\"font-family: Times New Roman, serif\"><span style=\"font-size: large\"><span lang=\"fr-FR\"><b>Le champ vibratoire c\u2019es quoi\u00a0?\u2013<\/b><\/span><\/span><\/span><\/p>\n<p class=\"western\" lang=\"es-ES\" align=\"justify\">\u2013<span style=\"font-family: Times New Roman, serif\"><span style=\"font-size: large\"><span lang=\"fr-FR\">Le champ vibratoire enveloppe les \u00eatres humains, on l\u2019appelle d\u2019habitude aura magn\u00e9tique. Il s\u2019agit d\u2019un champ en constante vibration qui entoure les personnes. Il peut-\u00eatre modifi\u00e9 par les pens\u00e9es, les \u00e9motions, et les sensations des personnes.\u2013<\/span><\/span><\/span><\/p>\n<p class=\"western\" lang=\"es-ES\" align=\"justify\">\u2013<span style=\"font-family: Times New Roman, serif\"><span style=\"font-size: large\"><span lang=\"fr-FR\"><b>En quelle mesure la \u00ab\u00a0possession\u00a0\u00bb frappe la personne interf\u00e9r\u00e9e\u00a0?\u2013<\/b><\/span><\/span><\/span><\/p>\n<p class=\"western\" lang=\"es-ES\" align=\"justify\">\u2013<span style=\"font-family: Times New Roman, serif\"><span style=\"font-size: large\"><span lang=\"fr-FR\">Quand le psychisme du mort se m\u00e9lange avec l\u2019esprit subconscient du vivant, la personne peut sentir des sensations et des \u00e9motions qui ne lui appartiennent, et souffrir des troubles de comportement, c\u2019est comme si, soudain, il y avait plus d\u2019une volont\u00e9.<\/span><\/span><\/span><\/p>\n<p class=\"western\" lang=\"fr-FR\" align=\"justify\"><span style=\"font-family: Times New Roman, serif\"><span style=\"font-size: large\">Dans les cas d\u2019une forte influence, l\u2019\u00e2me perdue contr\u00f4le l\u2019esprit et la volont\u00e9. Dans certains moments la personne perd la conscience de soi-m\u00eame et l\u2019autre affleure, c\u2019est pour cette raison que quand la personne revient de cet \u00e9tat elle ne sait pas ce qui s\u2019est pass\u00e9.\u2013<\/span><\/span><\/p>\n<p class=\"western\" lang=\"es-ES\" align=\"justify\">\u2013<span style=\"font-family: Times New Roman, serif\"><span style=\"font-size: large\"><span lang=\"fr-FR\"><b>Qui sont les gens les plus susceptibles\u00a0?\u2013<\/b><\/span><\/span><\/span><\/p>\n<p class=\"western\" lang=\"es-ES\" align=\"justify\">\u2013<span style=\"font-family: Times New Roman, serif\"><span style=\"font-size: large\"><span lang=\"fr-FR\">Pas tout le monde subit une interf\u00e9rence. Ceci arrive \u00e0 ceux qui ont un champ vibratoire faible a cause de traumas psychologiques et physiques. Le champ vibratoire des enfants n\u2019est pas encore bien form\u00e9, et pour ceci ils sont plus susceptibles.\u2013<\/span><\/span><\/span><\/p>\n<p class=\"western\" lang=\"es-ES\" align=\"justify\">\u2013<span style=\"font-family: Times New Roman, serif\"><span style=\"font-size: large\"><span lang=\"fr-FR\"><b>En quoi consiste le traitement\u00a0?\u2013<\/b><\/span><\/span><\/span><\/p>\n<p class=\"western\" lang=\"es-ES\" align=\"justify\">\u2013<span style=\"font-family: Times New Roman, serif\"><span style=\"font-size: large\"><span lang=\"fr-FR\">La personne doit permettre que l\u2019\u00e2me perdue parle \u00e0 travers d\u2019elle. Il faut en premier lieu faire la th\u00e9rapie \u00e0 l\u2019autre. La plupart des \u00e2mes perdues ne savent ce qui est en train de passer et il faut leur expliquer la situation, ou voir pour quelle raison elles veulent rester ici dans le plan physique, et les aider \u00e0 rentrer dans la dimension spirituelle.<\/span><\/span><\/span><\/p>\n<p class=\"western\" lang=\"fr-FR\" align=\"justify\"><span style=\"font-family: Times New Roman, serif\"><span style=\"font-size: large\">Il y a des cas o\u00f9 les \u00e2mes perdues ne peuvent pas marcher parce que les personnes ne les laissent pas, elles r\u00e9clament \u00e0 cor et \u00e0 cris qu\u2019on les aide.<\/span><\/span><\/p>\n<p class=\"western\" lang=\"fr-FR\" align=\"justify\"><span style=\"font-family: Times New Roman, serif\"><span style=\"font-size: large\">Apr\u00e8s ceci la personne doit travailler avec celle qui a aid\u00e9 \u00e0 que l\u2019\u00e2me s\u2019y accroche.\u2013<\/span><\/span><\/p>\n<p class=\"western\" lang=\"fr-FR\" align=\"justify\"><span style=\"font-family: Times New Roman, serif\"><span style=\"font-size: large\"><b>Sympt\u00f4mes de la possession spirituelle.<\/b><\/span><\/span><\/p>\n<p class=\"western\" lang=\"fr-FR\" align=\"justify\"><span style=\"font-family: Times New Roman, serif\"><span style=\"font-size: large\">Les manifestations cliniques qu\u2019une personne peut subir quand elle se trouve sous l\u2019influence des \u00e2mes perdues, sont\u00a0:<\/span><\/span><\/p>\n<ul>\n<li>\n<p lang=\"fr-FR\" align=\"justify\"><span style=\"font-family: Times New Roman, serif\"><span style=\"font-size: large\">Ecouter des voix qui parlent dans sa t\u00eate ou hors d\u2019elle.<\/span><\/span><\/p>\n<\/li>\n<li>\n<p lang=\"fr-FR\" align=\"justify\"><span style=\"font-family: Times New Roman, serif\"><span style=\"font-size: large\">Des pens\u00e9es \u00e9tranges et obsessives.<\/span><\/span><\/p>\n<\/li>\n<li>\n<p lang=\"fr-FR\" align=\"justify\"><span style=\"font-family: Times New Roman, serif\"><span style=\"font-size: large\">Des troubles compulsifs.<\/span><\/span><\/p>\n<\/li>\n<li>\n<p lang=\"fr-FR\" align=\"justify\"><span style=\"font-family: Times New Roman, serif\"><span style=\"font-size: large\">Des obsessions de tout genre.<\/span><\/span><\/p>\n<\/li>\n<li>\n<p lang=\"fr-FR\" align=\"justify\"><span style=\"font-family: Times New Roman, serif\"><span style=\"font-size: large\">Une personnalit\u00e9 multiple.<\/span><\/span><\/p>\n<\/li>\n<li>\n<p lang=\"fr-FR\" align=\"justify\"><span style=\"font-family: Times New Roman, serif\"><span style=\"font-size: large\">Des phobies et des peurs.<\/span><\/span><\/p>\n<\/li>\n<\/ul>\n<p class=\"western\" lang=\"fr-FR\" align=\"justify\"><span style=\"font-family: Times New Roman, serif\"><span style=\"font-size: large\">Connexion \u00e0 l\u2019interview originelle en espagnol du web de Th\u00e9rapie des Vies Pass\u00e9es\u00a0:<\/span><\/span><\/p>\n<p class=\"western\" lang=\"es-ES\" align=\"justify\"><span style=\"color: #0000ff\"><u><a href=\"https:\/\/www.vidaspasadas.com.ar\/articulos\/entrevista1.html\"><span style=\"font-family: Times New Roman, serif\"><span style=\"font-size: large\"><span lang=\"fr-FR\">https:\/\/www.vidaspasadas.com.ar\/articulos\/entrevista1.html<\/span><\/span><\/span><\/a><\/u><\/span><\/p>\n<p class=\"western\" lang=\"es-ES\" align=\"justify\"><span style=\"font-family: Times New Roman, serif\"><span style=\"font-size: large\"><b>Traduction\u00a0: Loto Perrella.<\/b><\/span><\/span><\/p>","protected":false},"excerpt":{"rendered":"<p>Une interview au Dr. Jos\u00e9 Luis Cabouli du journal Reforma, Mexique DF. Par Natalia Vitela, Mexique, le 26 ao\u00fbt 2006. On explique le ph\u00e9nom\u00e8ne des \u00e2mes poss\u00e9d\u00e9es. Avez-vous quelque fois &hellip; <a href=\"https:\/\/animaweb.blog.pangea.org\/fr\/entrevista-al-dr-jose-luis-cabouli-al-diari-reforma-mexic-df\/\" class=\"more-link\">Continuer la lecture<span class=\"screen-reader-text\"> de &laquo;&nbsp;Une interview au Dr. Jos\u00e9 Luis Cabouli du journal Reforma, Mexique DF.&nbsp;&raquo;<\/span><\/a><\/p>\n","protected":false},"author":12345698,"featured_media":0,"parent":0,"menu_order":0,"comment_status":"closed","ping_status":"closed","template":"","meta":{"ngg_post_thumbnail":0,"footnotes":""},"class_list":["post-43","page","type-page","status-publish","hentry"],"_links":{"self":[{"href":"https:\/\/animaweb.blog.pangea.org\/fr\/wp-json\/wp\/v2\/pages\/43","targetHints":{"allow":["GET"]}}],"collection":[{"href":"https:\/\/animaweb.blog.pangea.org\/fr\/wp-json\/wp\/v2\/pages"}],"about":[{"href":"https:\/\/animaweb.blog.pangea.org\/fr\/wp-json\/wp\/v2\/types\/page"}],"author":[{"embeddable":true,"href":"https:\/\/animaweb.blog.pangea.org\/fr\/wp-json\/wp\/v2\/users\/12345698"}],"replies":[{"embeddable":true,"href":"https:\/\/animaweb.blog.pangea.org\/fr\/wp-json\/wp\/v2\/comments?post=43"}],"version-history":[{"count":12,"href":"https:\/\/animaweb.blog.pangea.org\/fr\/wp-json\/wp\/v2\/pages\/43\/revisions"}],"predecessor-version":[{"id":2401,"href":"https:\/\/animaweb.blog.pangea.org\/fr\/wp-json\/wp\/v2\/pages\/43\/revisions\/2401"}],"wp:attachment":[{"href":"https:\/\/animaweb.blog.pangea.org\/fr\/wp-json\/wp\/v2\/media?parent=43"}],"curies":[{"name":"wp","href":"https:\/\/api.w.org\/{rel}","templated":true}]}}