{"id":394,"date":"2019-08-02T22:03:57","date_gmt":"2019-08-02T20:03:57","guid":{"rendered":"https:\/\/animaweb.cat\/?page_id=394"},"modified":"2022-12-25T21:19:53","modified_gmt":"2022-12-25T19:19:53","slug":"llistes-de-correu","status":"publish","type":"page","link":"https:\/\/animaweb.blog.pangea.org\/fr\/llistes-de-correu\/","title":{"rendered":"Liste de poste"},"content":{"rendered":"<p class=\"western\" lang=\"fr-FR\" align=\"center\"><span style=\"font-family: Times New Roman, serif\"><span style=\"font-size: x-large\"><b>Liste de poste de notre web \u00ab\u00a0En corps et \u00e2me\u00a0\u00bb.<\/b><\/span><\/span><\/p>\n<p class=\"western\" lang=\"es-ES\" align=\"justify\"><span style=\"font-family: Times New Roman, serif\"><span style=\"font-size: large\"><span lang=\"fr-FR\">Nous avons \u00e0 votre disposition un service de messageries, par le syst\u00e8me <\/span><\/span><\/span><span style=\"font-family: Times New Roman, serif\"><span style=\"font-size: large\"><span lang=\"fr-FR\"><i>\u00ab\u00a0PHP List<\/i><\/span><\/span><\/span><span style=\"font-family: Times New Roman, serif\"><span style=\"font-size: large\"><span lang=\"fr-FR\">\u00a0\u00bb, pour vous faire conna\u00eetre les nouveaut\u00e9s de notre web \u00ab\u00a0<\/span><\/span><\/span><span style=\"font-family: Times New Roman, serif\"><span style=\"font-size: large\"><span lang=\"fr-FR\"><i>En corps et \u00e2me<\/i><\/span><\/span><\/span><span style=\"font-family: Times New Roman, serif\"><span style=\"font-size: large\"><span lang=\"fr-FR\">\u00a0\u00bb. Les messages sont li\u00e9s avec l\u2019\u00e9volution spirituelle \u00e0 travers la r\u00e9incarnation \u00e0 l\u2019aide des t\u00e9moins tels que ceux qui pratiquent la <\/span><\/span><\/span><span style=\"font-family: Times New Roman, serif\"><span style=\"font-size: large\"><span lang=\"fr-FR\"><i>Th\u00e9rapie des Vies Pass\u00e9es (TVP) <\/i><\/span><\/span><\/span><span style=\"font-family: Times New Roman, serif\"><span style=\"font-size: large\"><span lang=\"fr-FR\">et la <\/span><\/span><\/span><span style=\"font-family: Times New Roman, serif\"><span style=\"font-size: large\"><span lang=\"fr-FR\"><i>Th\u00e9rapie de la Possession Spirituelle.<\/i><\/span><\/span><\/span><span style=\"font-family: Times New Roman, serif\"><span style=\"font-size: large\"><span lang=\"fr-FR\"> La d\u00e9finition constitutive de nos buts est \u00e9tablie dans <\/span><\/span><\/span><span style=\"color: #0000ff\"><u><a href=\"\/fr\/objectius\/\"><span style=\"font-family: Times New Roman, serif\"><span style=\"font-size: large\"><span lang=\"fr-FR\">ce lien<\/span><\/span><\/span><\/a><\/u><\/span><span style=\"font-family: Times New Roman, serif\"><span style=\"font-size: large\"><span lang=\"fr-FR\">.<\/span><\/span><\/span><\/p>\n<p class=\"western\" lang=\"fr-FR\" align=\"justify\"><span style=\"font-family: Times New Roman, serif\"><span style=\"font-size: large\">A pr\u00e9sent nous offrons les suivantes listes publiques auxquelles vous pouvez vous abonner\u00a0:<\/span><\/span><\/p>\n<p class=\"western\" lang=\"es-ES\" align=\"justify\">\u25cf <span style=\"font-family: Times New Roman, serif\"><span style=\"font-size: large\"><span lang=\"fr-FR\">Liste en anglais (newsletter-animaweb-english).<\/span><\/span><\/span><\/p>\n<p class=\"western\" lang=\"es-ES\" align=\"justify\">\u25cf <span style=\"font-family: Times New Roman, serif\"><span style=\"font-size: large\"><span lang=\"fr-FR\">Liste en catalan (newsletter-animaweb-catala).<\/span><\/span><\/span><\/p>\n<p class=\"western\" lang=\"es-ES\" align=\"justify\">\u25cf <span style=\"font-family: Times New Roman, serif\"><span style=\"font-size: large\"><span lang=\"fr-FR\">Liste en espagnol (newsletter-animaweb-castellano).<\/span><\/span><\/span><\/p>\n<p class=\"western\" lang=\"fr-FR\" align=\"justify\"><span style=\"font-family: Times New Roman, serif\"><span style=\"font-size: large\">Pour vous inscrire ou vous d\u00e9sinscrire dans une ou plusieurs de nos listes, vous devrez remplir le formulaire que vous trouverez dans le lien suivant et r\u00e9pondre \u00e0 la v\u00e9rification que vous recevrez dans votre poste. Avec votre r\u00e9ponse a cette v\u00e9rification, nous serons surs que c\u2019est bien vous qui avez demand\u00e9 de recevoir nos messages.<\/span><\/span><\/p>\n<p class=\"western\" lang=\"fr-FR\" align=\"justify\"><span style=\"font-family: Times New Roman, serif\"><span style=\"font-size: large\">Lien pour vous inscrire et d\u00e9sinscrire dans la liste\u00a0:<\/span><\/span><\/p>\n<p class=\"western\" lang=\"es-ES\" align=\"justify\"><span style=\"color: #0000ff\"><u><a href=\"http:\/\/lista.animaweb.cat\/\"><span style=\"font-family: Times New Roman, serif\"><span style=\"font-size: large\"><span lang=\"fr-FR\">http:\/\/lista.animaweb.cat\/<\/span><\/span><\/span><\/a><\/u><\/span><\/p>\n<p class=\"western\" lang=\"fr-FR\" align=\"justify\"><span style=\"font-family: Times New Roman, serif\"><span style=\"font-size: large\">\u00c9cran qui apparaitra quand vous appuyez sur le lien pr\u00e9c\u00e9dent\u00a0:<\/span><\/span><\/p>\n<p lang=\"fr-FR\" style=\"text-align: center\" align=\"justify\"><img loading=\"lazy\" decoding=\"async\" class=\"wp-image-1675 size-full aligncenter\" src=\"https:\/\/animaweb.cat\/files\/2022\/01\/Pantalla_de_subscripcio_al_lloc_web_En_cos_i_anima_catala_castellano_English_72ppp_600x402px.png\" alt=\"\" width=\"600\" height=\"402\" srcset=\"https:\/\/animaweb.blog.pangea.org\/files\/2022\/01\/Pantalla_de_subscripcio_al_lloc_web_En_cos_i_anima_catala_castellano_English_72ppp_600x402px.png 600w, https:\/\/animaweb.blog.pangea.org\/files\/2022\/01\/Pantalla_de_subscripcio_al_lloc_web_En_cos_i_anima_catala_castellano_English_72ppp_600x402px-300x201.png 300w\" sizes=\"auto, (max-width: 600px) 85vw, 600px\" \/><\/p>\n<p class=\"western\" lang=\"fr-FR\" align=\"justify\"><span style=\"font-family: Times New Roman, serif\"><span style=\"font-size: large\">Lien pour demander l\u2019inscription ou des modifications\u00a0:<\/span><\/span><\/p>\n<p class=\"western\" lang=\"es-ES\" align=\"justify\"><span style=\"color: #0000ff\"><u><a href=\"http:\/\/lista.animaweb.cat\/?p=subscribe&amp;id=3\"><span style=\"font-family: Times New Roman, serif\"><span style=\"font-size: large\"><span lang=\"fr-FR\">http:\/\/lista.animaweb.cat\/?p=subscribe&amp;id=3<\/span><\/span><\/span><\/a><\/u><\/span><\/p>\n<p class=\"western\" lang=\"fr-FR\" align=\"justify\"><span style=\"font-family: Times New Roman, serif\"><span style=\"font-size: large\">\u00c9cran qui apparaitra quand vous appuyez sur le lien pr\u00e9c\u00e9dent\u00a0:<\/span><\/span><\/p>\n<p lang=\"fr-FR\" style=\"text-align: center\" align=\"justify\"><img loading=\"lazy\" decoding=\"async\" class=\"aligncenter size-full wp-image-1678\" src=\"https:\/\/animaweb.cat\/files\/2022\/01\/Pantalla_de_subscripcio_al_lloc_web_En_cos_i_anima_English_72ppp_600x420px.png\" alt=\"\" width=\"600\" height=\"420\" srcset=\"https:\/\/animaweb.blog.pangea.org\/files\/2022\/01\/Pantalla_de_subscripcio_al_lloc_web_En_cos_i_anima_English_72ppp_600x420px.png 600w, https:\/\/animaweb.blog.pangea.org\/files\/2022\/01\/Pantalla_de_subscripcio_al_lloc_web_En_cos_i_anima_English_72ppp_600x420px-300x210.png 300w\" sizes=\"auto, (max-width: 600px) 85vw, 600px\" \/><\/p>\n<p class=\"western\" lang=\"fr-FR\" align=\"justify\"><span style=\"font-family: Times New Roman, serif\"><span style=\"font-size: large\">Lien pour vous d\u00e9sabonner\u00a0:<\/span><\/span><\/p>\n<p class=\"western\" lang=\"es-ES\" align=\"justify\"><span style=\"color: #0000ff\"><u><a href=\"http:\/\/lista.animaweb.cat\/?p=unsubscribe&amp;id=3\"><span style=\"font-family: Times New Roman, serif\"><span style=\"font-size: large\"><span lang=\"fr-FR\">http:\/\/lista.animaweb.cat\/?p=unsubscribe&amp;id=3<\/span><\/span><\/span><\/a><\/u><\/span><\/p>\n<p class=\"western\" lang=\"fr-FR\" align=\"justify\"><span style=\"font-family: Times New Roman, serif\"><span style=\"font-size: large\">\u00c9cran qui apparaitra quand vous appuyez sur le lien pr\u00e9c\u00e9dent\u00a0:<\/span><\/span><\/p>\n<p lang=\"fr-FR\" style=\"text-align: center\" align=\"justify\"><img loading=\"lazy\" decoding=\"async\" class=\"aligncenter size-full wp-image-1681\" src=\"https:\/\/animaweb.cat\/files\/2022\/01\/Pantalla_de_baixa_al_lloc_web_En_cos_i_anima_English_72ppp_600x275px.png\" alt=\"\" width=\"600\" height=\"275\" srcset=\"https:\/\/animaweb.blog.pangea.org\/files\/2022\/01\/Pantalla_de_baixa_al_lloc_web_En_cos_i_anima_English_72ppp_600x275px.png 600w, https:\/\/animaweb.blog.pangea.org\/files\/2022\/01\/Pantalla_de_baixa_al_lloc_web_En_cos_i_anima_English_72ppp_600x275px-300x138.png 300w\" sizes=\"auto, (max-width: 600px) 85vw, 600px\" \/><\/p>\n<p class=\"western\" lang=\"fr-FR\" align=\"justify\"><span style=\"font-family: Times New Roman, serif\"><span style=\"font-size: large\">Si vous vous inscrivez, assurez-vous que notre adresse e-mail info<span lang=\"en-GB\"><img loading=\"lazy\" decoding=\"async\" class=\"alignnone size-full wp-image-401\" src=\"https:\/\/animaweb.cat\/files\/2019\/08\/A_que_dansa.gif\" alt=\"\" width=\"25\" height=\"23\" \/><\/span>animaweb.cat soit inscrite dans votre liste d\u2019adresses pour \u00e9viter que nos messages soient envoy\u00e9s \u00e0 spam.<\/span><\/span><\/p>\n<p class=\"western\" lang=\"fr-FR\" align=\"justify\"><span style=\"font-family: Times New Roman, serif\"><span style=\"font-size: large\">Aussi assurez-vous que nos messages ne finissent pas dans votre spam jusqu\u2019\u00e0 quand votre gestionnaire de poste n\u2019apprenne \u00e0 reconna\u00eetre notre adresse comme un exp\u00e9diteur de confiance.<\/span><\/span><\/p>\n<p class=\"western\" lang=\"fr-FR\" align=\"justify\"><span style=\"font-family: Times New Roman, serif\"><span style=\"font-size: large\">Nous vous remercions de votre collaboration et int\u00e9r\u00eat.<\/span><\/span><\/p>\n<p class=\"western\" lang=\"es-ES\" align=\"right\"><span style=\"font-family: Times New Roman, serif\"><span style=\"font-size: large\"><span lang=\"fr-FR\">\u00c9quipe de \u00ab\u00a0<\/span><\/span><\/span><span style=\"font-family: Times New Roman, serif\"><span style=\"font-size: large\"><span lang=\"fr-FR\"><i>En corps et \u00e2me<\/i><\/span><\/span><\/span><span style=\"font-family: Times New Roman, serif\"><span style=\"font-size: large\"><span lang=\"fr-FR\">\u00a0\u00bb.<\/span><\/span><\/span><\/p>","protected":false},"excerpt":{"rendered":"<p>Liste de poste de notre web \u00ab\u00a0En corps et \u00e2me\u00a0\u00bb. Nous avons \u00e0 votre disposition un service de messageries, par le syst\u00e8me \u00ab\u00a0PHP List\u00a0\u00bb, pour vous faire conna\u00eetre les nouveaut\u00e9s &hellip; <a href=\"https:\/\/animaweb.blog.pangea.org\/fr\/llistes-de-correu\/\" class=\"more-link\">Continuer la lecture<span class=\"screen-reader-text\"> de &laquo;&nbsp;Liste de poste&nbsp;&raquo;<\/span><\/a><\/p>\n","protected":false},"author":12345698,"featured_media":0,"parent":0,"menu_order":0,"comment_status":"closed","ping_status":"closed","template":"","meta":{"ngg_post_thumbnail":0,"footnotes":""},"class_list":["post-394","page","type-page","status-publish","hentry"],"_links":{"self":[{"href":"https:\/\/animaweb.blog.pangea.org\/fr\/wp-json\/wp\/v2\/pages\/394","targetHints":{"allow":["GET"]}}],"collection":[{"href":"https:\/\/animaweb.blog.pangea.org\/fr\/wp-json\/wp\/v2\/pages"}],"about":[{"href":"https:\/\/animaweb.blog.pangea.org\/fr\/wp-json\/wp\/v2\/types\/page"}],"author":[{"embeddable":true,"href":"https:\/\/animaweb.blog.pangea.org\/fr\/wp-json\/wp\/v2\/users\/12345698"}],"replies":[{"embeddable":true,"href":"https:\/\/animaweb.blog.pangea.org\/fr\/wp-json\/wp\/v2\/comments?post=394"}],"version-history":[{"count":26,"href":"https:\/\/animaweb.blog.pangea.org\/fr\/wp-json\/wp\/v2\/pages\/394\/revisions"}],"predecessor-version":[{"id":2279,"href":"https:\/\/animaweb.blog.pangea.org\/fr\/wp-json\/wp\/v2\/pages\/394\/revisions\/2279"}],"wp:attachment":[{"href":"https:\/\/animaweb.blog.pangea.org\/fr\/wp-json\/wp\/v2\/media?parent=394"}],"curies":[{"name":"wp","href":"https:\/\/api.w.org\/{rel}","templated":true}]}}