{"id":34,"date":"2018-01-17T23:09:15","date_gmt":"2018-01-17T21:09:15","guid":{"rendered":"http:\/\/animaweb.blog.pangea.org\/?page_id=34"},"modified":"2023-02-15T20:26:51","modified_gmt":"2023-02-15T18:26:51","slug":"jose-luis-cabouli-vaig-voler-ser-un-cirurgia-danimes","status":"publish","type":"page","link":"https:\/\/animaweb.blog.pangea.org\/fr\/jose-luis-cabouli-vaig-voler-ser-un-cirurgia-danimes\/","title":{"rendered":"Jos\u00e9 Luis Cabouli: \u00ab J\u2019ai voulu \u00eatre un chirurgien des \u00e2mes \u00bb."},"content":{"rendered":"<p class=\"western\" lang=\"fr-FR\" align=\"center\"><span style=\"font-family: Times New Roman, serif\"><span style=\"font-size: x-large\"><b>Jos\u00e9 Luis Cabouli: \u00ab\u00a0J\u2019ai voulu \u00eatre un chirurgien des \u00e2mes\u00a0\u00bb.<\/b><\/span><\/span><\/p>\n<p class=\"western\" lang=\"fr-FR\" align=\"justify\"><span style=\"font-family: Times New Roman, serif\"><span style=\"font-size: large\"><img loading=\"lazy\" decoding=\"async\" class=\"alignright wp-image-781 size-full\" title=\"La Naci\u00f3n. Logo.\" src=\"https:\/\/animaweb.cat\/files\/2020\/01\/La_Nacion_Logotip_72ppp_200x21px.png\" alt=\"La Naci\u00f3n. Logo.\" width=\"200\" height=\"21\" \/>Par Luis Aubele. Interview publi\u00e9 dans le journal \u00ab\u00a0La Naci\u00f3n\u00a0\u00bb, Buenos Aires, 22.03.2009.<\/span><\/span><\/p>\n<figure id=\"attachment_53\" aria-describedby=\"caption-attachment-53\" style=\"width: 200px\" class=\"wp-caption alignleft\"><img loading=\"lazy\" decoding=\"async\" class=\"wp-image-53 size-full\" title=\"Jos\u00e9 Luis Cabouli. Photo: La Naci\u00f3n.\" src=\"http:\/\/animaweb.blog.pangea.org\/files\/2018\/01\/Jose_Luis_Cabouli_La_Nacion.jpg\" alt=\"Jos\u00e9 Luis Cabouli. Photo: La Naci\u00f3n.\" width=\"200\" height=\"133\" \/><figcaption id=\"caption-attachment-53\" class=\"wp-caption-text\">Jos\u00e9 Luis Cabouli. Photo: La Naci\u00f3n.<\/figcaption><\/figure>\n<p class=\"western\" lang=\"fr-FR\" align=\"justify\"><span style=\"font-family: Times New Roman, serif\"><span style=\"font-size: large\">\u00ab\u00a0Qu\u2019\u00e9tais-je avant d\u2019\u00eatre Jos\u00e9 Luis\u00a0?\u00a0\u00bb Il commen\u00e7ait \u00e0 se poser cette question quand il avait 8 ans. C\u2019est curieux, car \u00e0 ce temps-l\u00e0 il n\u2019avait jamais entendu parler de la r\u00e9incarnation. Non seulement il ne savait pas de quoi il s\u2019agissait, il ne connaissait m\u00eame pas le mot. \u00ab\u00a0Seulement quelques ans apr\u00e8s, entre les 15 et les 16 ans, je sus de quoi il s\u2019agissait. Mais c\u2019est seulement vingt ans plus tard, quand j\u2019\u00e9tais d\u00e9j\u00e0 un chirurgien plastique avec des ann\u00e9es d\u2019exp\u00e9rience, que je compris que la r\u00e9incarnation pouvait avoir un but th\u00e9rapeutique\u00a0\u00bb, se souvient Jos\u00e9 Luis Cabouli, m\u00e9decin et th\u00e9rapeute sp\u00e9cialis\u00e9 en la th\u00e9rapie des vies pass\u00e9es.<\/span><\/span><\/p>\n<p class=\"western\" lang=\"fr-FR\" align=\"justify\"><span style=\"font-family: Times New Roman, serif\"><span style=\"font-size: large\">\u00ab\u00a0En r\u00e9alit\u00e9, je n\u2019avais jamais oubli\u00e9 ce sujet, je continuais \u00e0 l\u2019\u00e9tudier toujours comme une chose int\u00e9ressante, mais \u00e0 la fois que je suivais ma vie professionnelle. Contrairement \u00e0 ce que l\u2019on croit, le fait est que les chirurgiens nous avons des soucis spirituels profonds. Nous somme toujours en contact avec des choses transcendantes, telles que la vie et la mort des \u00eatres humains\u00a0\u00bb, il ajoute.<\/span><\/span><\/p>\n<p class=\"western\" lang=\"es-ES\" align=\"justify\"><span style=\"font-family: Times New Roman, serif\"><span style=\"font-size: large\"><span lang=\"fr-FR\">Cabouli tient des cours dans son pays, au Chile, l\u2019Uruguay, le Mexique et en Espagne. Il est l\u2019auteur de plusieurs livres, entre autres\u00a0: <\/span><\/span><\/span><span style=\"font-family: Times New Roman, serif\"><span style=\"font-size: large\"><span lang=\"fr-FR\"><i>La vida antes de nacer <\/i><\/span><\/span><\/span><span style=\"font-family: Times New Roman, serif\"><span style=\"font-size: large\"><span lang=\"fr-FR\">(<\/span><\/span><\/span><span style=\"font-family: Times New Roman, serif\"><span style=\"font-size: large\"><span lang=\"fr-FR\"><i>La vie avant la naissance<\/i><\/span><\/span><\/span><span style=\"font-family: Times New Roman, serif\"><span style=\"font-size: large\"><span lang=\"fr-FR\">), <\/span><\/span><\/span><span style=\"font-family: Times New Roman, serif\"><span style=\"font-size: large\"><span lang=\"fr-FR\"><i>El trabajo del alma <\/i><\/span><\/span><\/span><span style=\"font-family: Times New Roman, serif\"><span style=\"font-size: large\"><span lang=\"fr-FR\">(<\/span><\/span><\/span><span style=\"font-family: Times New Roman, serif\"><span style=\"font-size: large\"><span lang=\"fr-FR\"><i>Le travail de l\u2019\u00e2me<\/i><\/span><\/span><\/span><span style=\"font-family: Times New Roman, serif\"><span style=\"font-size: large\"><span lang=\"fr-FR\">), <\/span><\/span><\/span><span style=\"font-family: Times New Roman, serif\"><span style=\"font-size: large\"><span lang=\"fr-FR\"><i>El viaje del alma<\/i><\/span><\/span><\/span><span style=\"font-family: Times New Roman, serif\"><span style=\"font-size: large\"><span lang=\"fr-FR\"> (<\/span><\/span><\/span><span style=\"font-family: Times New Roman, serif\"><span style=\"font-size: large\"><span lang=\"fr-FR\"><i>Le voyage de l\u2019\u00e2me<\/i><\/span><\/span><\/span><span style=\"font-family: Times New Roman, serif\"><span style=\"font-size: large\"><span lang=\"fr-FR\">), et <\/span><\/span><\/span><span style=\"font-family: Times New Roman, serif\"><span style=\"font-size: large\"><span lang=\"fr-FR\"><i>Terapia de vidas pasadas <\/i><\/span><\/span><\/span><span style=\"font-family: Times New Roman, serif\"><span style=\"font-size: large\"><span lang=\"fr-FR\">(<\/span><\/span><\/span><span style=\"font-family: Times New Roman, serif\"><span style=\"font-size: large\"><span lang=\"fr-FR\"><i>La th\u00e9rapie des vies pass\u00e9es<\/i><\/span><\/span><\/span><span style=\"font-family: Times New Roman, serif\"><span style=\"font-size: large\"><span lang=\"fr-FR\">).<\/span><\/span><\/span><\/p>\n<p class=\"western\" lang=\"es-ES\" align=\"justify\">\u2013<span style=\"font-family: Times New Roman, serif\"><span style=\"font-size: large\"><span lang=\"fr-FR\"><b>Comment \u00eates vous arriv\u00e9 \u00e0 laisser la chirurgie pour la th\u00e9rapie des vies pass\u00e9es\u00a0?\u2013<\/b><\/span><\/span><\/span><\/p>\n<p class=\"western\" lang=\"es-ES\" align=\"justify\">\u2013<span style=\"font-family: Times New Roman, serif\"><span style=\"font-size: large\"><span lang=\"fr-FR\">En 1988 j\u2019eus un probl\u00e8me dans mon travail, un malentendu, et je ne voulus lutter pour une place qui ne m\u2019int\u00e9ressait plus. Je renon\u00e7ais et je me sentis lib\u00e9r\u00e9, avec plus de temps pour moi, et je d\u00e9cidais faire quelques jours de vacances \u00e0 la plage d\u2019Ostende (Argentine). Un soir, apr\u00e8s le d\u00eener, je pris une chaise longue et je m\u2019en allais m\u00e9diter sous les \u00e9toiles. Je me souviens que j\u2019\u00e9tais pr\u00e8s d\u2019une cabine b\u00e2tie dans sa jeunesse par Arturo Frondizi avec son p\u00e8re et ses fr\u00e8res. Et soudain, je ne peux d\u00e9crire exactement ce qui est arriv\u00e9, je compris que ma profession de chirurgien ne m\u2019int\u00e9ressait plus, et que devant moi il y avait un chemin ouvert, et je d\u00e9cidais me consacrer \u00e0 la th\u00e9rapie, je voulais \u00eatre un chirurgien d\u2019\u00e2mes. Je ne me rappelle d\u2019aucun d\u00e9tail, mais en un instant je d\u00e9cidais de changer compl\u00e8tement l\u2019orientation de ma vie. Ceci me fit comprendre que quand on ne fait pas ce qu\u2019on doit faire, la vie nous oblige \u00e0 faire ce qu\u2019il faut faire.\u2013<\/span><\/span><\/span><\/p>\n<p class=\"western\" lang=\"es-ES\" align=\"justify\">\u2013<span style=\"font-family: Times New Roman, serif\"><span style=\"font-size: large\"><span lang=\"fr-FR\"><b>C\u2019est quoi la th\u00e9rapie des vies pass\u00e9es\u00a0?\u2013<\/b><\/span><\/span><\/span><\/p>\n<p class=\"western\" lang=\"es-ES\" align=\"justify\">\u2013<span style=\"font-family: Times New Roman, serif\"><span style=\"font-size: large\"><span lang=\"fr-FR\">Il s\u2019agit de faire affleurer \u00e0 la conscience des \u00e9pisodes traumatiques qui sont r\u00e9prim\u00e9s dans l\u2019inconscient et qui causent des perturbations dans la vie quotidienne. Les r\u00e9cup\u00e9rer et les vivre \u00e0 nouveau avec tous les sentiments qu\u2019ils avaient d\u00e9cha\u00een\u00e9s, et ne pas simplement les expliquer. Le premier pas pour comprendre la th\u00e9rapie des vies pass\u00e9es consiste \u00e0 comprendre que le temps n\u2019existe pas. Le temps lin\u00e9aire, chronologique, mesurable, est une convention, un accord pris pour pouvoir nous organiser. En r\u00e9alit\u00e9, personne n\u2019a jamais tenu une seconde dans sa main. Il y a m\u00eame des calendriers diff\u00e9rents\u00a0: le maya, l\u2019h\u00e9breux, etc. ce n\u2019est pas moi qui l\u2019a invent\u00e9, Sigmund Freud m\u00eame en parle quand il affirme que l\u2019inconscient est atemporel. Mais il y a encore d\u2019autres choses.\u2013<\/span><\/span><\/span><\/p>\n<p class=\"western\" lang=\"es-ES\" align=\"justify\">\u2013<span style=\"font-family: Times New Roman, serif\"><span style=\"font-size: large\"><span lang=\"fr-FR\"><b>Par exemple\u00a0?\u2013<\/b><\/span><\/span><\/span><\/p>\n<p class=\"western\" lang=\"es-ES\" align=\"justify\">\u2013<span style=\"font-family: Times New Roman, serif\"><span style=\"font-size: large\"><span lang=\"fr-FR\">La deuxi\u00e8me chose qu\u2019il faut comprendre est ce qu\u2019on appelle la conscience d\u00e9croch\u00e9e. Si nous r\u00e9agissons sans pouvoir l\u2019\u00e9viter devant une situation donn\u00e9e, c\u2019est parce-que \u00e0 un niveau inconscient nous sommes en train de revivre une exp\u00e9rience non r\u00e9solue qui est rest\u00e9e attrap\u00e9e, et qui s\u2019est activ\u00e9e \u00e0 cause de sa similarit\u00e9 avec la situation pr\u00e9sente. Pensons \u00e0 une femme qui sent terreur de monter dans un bateau, parce qu\u2019elle est encore attrap\u00e9e et en train de lutter dans l\u2019eau glac\u00e9e la nuit du 14 avril de 1912, quand le Titanic est coul\u00e9. Ou quelqu\u2019un qui ne peut monter dans l\u2019ascenseur parce qu\u2019il sent claustrophobie et dans le pass\u00e9 il fut enterr\u00e9 vivant. Une chose assez fr\u00e9quente dans le pass\u00e9, comme mourir par l\u2019effondrement d\u2019une mine.\u2013<\/span><\/span><\/span><\/p>\n<p class=\"western\" lang=\"es-ES\" align=\"justify\">\u2013<span style=\"font-family: Times New Roman, serif\"><span style=\"font-size: large\"><span lang=\"fr-FR\"><b>Comment un professionnel, form\u00e9 scientifiquement, peut arriver \u00e0 s\u2019int\u00e9resser \u00e0 une th\u00e9rapie tellement peu courante\u00a0?\u2013<\/b><\/span><\/span><\/span><\/p>\n<p class=\"western\" lang=\"es-ES\" align=\"justify\">\u2013<span style=\"font-family: Times New Roman, serif\"><span style=\"font-size: large\"><span lang=\"fr-FR\">Le fait est que je n\u2019ai jamais laiss\u00e9 la m\u00e9thode scientifique, le chemin des trois piliers\u00a0: l\u2019observation, l\u2019exp\u00e9rimentation et la v\u00e9rification. Observer le ph\u00e9nom\u00e8ne et faire les exp\u00e9riences n\u00e9cessaires pour en constater la v\u00e9rit\u00e9. La th\u00e9rapie des vies pass\u00e9es a beaucoup en commun avec la psychologie classique. Dans tous les cas il s\u2019agit de rendre conscient l\u2019inconscient, tel que le disait aussi Freud. Avec la diff\u00e9rence que la th\u00e9rapie des vies pass\u00e9es cherche \u00e0 \u00e9largir l\u2019horizon, en surpassant l\u2019enfance, la naissance ou l\u2019\u00e9tat f\u0153tal, et arrivant jusqu\u2019\u00e0 des incarnations ant\u00e9rieures.\u2013<\/span><\/span><\/span><\/p>\n<p class=\"western\" lang=\"es-ES\" align=\"justify\">\u2013<span style=\"font-family: Times New Roman, serif\"><span style=\"font-size: large\"><span lang=\"fr-FR\"><b>Commentez-moi quelque cas.\u2013<\/b><\/span><\/span><\/span><\/p>\n<p class=\"western\" lang=\"es-ES\" align=\"justify\">\u2013<span style=\"font-family: Times New Roman, serif\"><span style=\"font-size: large\"><span lang=\"fr-FR\">En Espagne je m\u2019occupais d\u2019une dame qui avait horreur des serpents. On ne pouvait ni mentionner leur pr\u00e9sence parce qu\u2019elle commen\u00e7ait \u00e0 crier \u00e0 tue-t\u00eate. Dans la th\u00e9rapie elle v\u00e9cut \u00e0 nouveau un \u00e9pisode dans lequel elle \u00e9tait une fille qui marchait dans un chemin avec sa m\u00e8re quand soudain un serpent venimeux apparut, un cobra qui se balan\u00e7ait devant elles avec sa langue mena\u00e7ante. La m\u00e8re cherchait \u00e0 distraire le reptile se d\u00e9pla\u00e7ant vers un c\u00f4t\u00e9, mais alors, le serpent piquait la fille qui \u00e9tait rest\u00e9 seule, et elle mourut. Vivre \u00e0 nouveau ce moment d\u00e9gageait la dame et le jour apr\u00e8s elle me t\u00e9l\u00e9phonait pour m\u2019expliquer qu\u2019elle avait perdu la peur des reptiles, qu\u2019elle pensait aller au zoo et qu\u2019elle ferait une chose qu\u2019elle n\u2019aurait jamais imagin\u00e9\u00a0: elle visiterait le serpentarium.\u2013<\/span><\/span><\/span><\/p>\n<p class=\"western\" lang=\"es-ES\" align=\"justify\">\u2013<span style=\"font-family: Times New Roman, serif\"><span style=\"font-size: large\"><span lang=\"fr-FR\"><b>Quelque autre cas\u00a0?\u2013<\/b><\/span><\/span><\/span><\/p>\n<p class=\"western\" lang=\"es-ES\" align=\"justify\">\u2013<span style=\"font-family: Times New Roman, serif\"><span style=\"font-size: large\"><span lang=\"fr-FR\">Une dame, qui \u00e9tait en train de vivre \u00e0 nouveau sa naissance, exclamait\u00a0: Mais celle-ci n\u2019est pas ma m\u00e8re\u00a0! Elle ne savait pas qu\u2019elle avait \u00e9t\u00e9 adopt\u00e9e. Il y a des cas dans lesquels le patient d\u00e9couvre qu\u2019il est la r\u00e9incarnation d\u2019un fr\u00e8re ain\u00e9, mort au moment de na\u00eetre.\u2013<\/span><\/span><\/span><\/p>\n<p class=\"western\" lang=\"es-ES\" align=\"justify\">\u2013<span style=\"font-family: Times New Roman, serif\"><span style=\"font-size: large\"><span lang=\"fr-FR\"><b>Qu\u2019est ce que c\u2019est la r\u00e9incarnation pour vous\u00a0?\u2013<\/b><\/span><\/span><\/span><\/p>\n<p class=\"western\" lang=\"es-ES\" align=\"justify\">\u2013<span style=\"font-family: Times New Roman, serif\"><span style=\"font-size: large\"><span lang=\"fr-FR\">Pour moi, c\u2019est une r\u00e9alit\u00e9, une exp\u00e9rience, m\u00eame si je comprends parfaitement que quelqu\u2019un puisse ne pas penser comme moi.\u2013<\/span><\/span><\/span><\/p>\n<p class=\"western\" lang=\"fr-FR\" align=\"justify\"><span style=\"font-family: Times New Roman, serif\"><span style=\"font-size: large\">Link de l\u2019interview originelle en espagnol dans le web site de \u00ab\u00a0Th\u00e9rapie de Vies Pass\u00e9es\u00a0\u00bb\u00a0:<\/span><\/span><\/p>\n<p class=\"western\" lang=\"es-ES\" align=\"justify\"><span style=\"color: #0000ff\"><u><a href=\"https:\/\/www.vidaspasadas.com.ar\/articulos\/entrevista2.html\"><span style=\"font-family: Times New Roman, serif\"><span style=\"font-size: large\"><span lang=\"fr-FR\">https:\/\/www.vidaspasadas.com.ar\/articulos\/entrevista2.html<\/span><\/span><\/span><\/a><\/u><\/span><\/p>\n<p class=\"western\" lang=\"es-ES\" align=\"justify\"><span style=\"font-family: Times New Roman, serif\"><span style=\"font-size: large\"><b>Traduction\u00a0: Loto Perrella.<\/b><\/span><\/span><\/p>","protected":false},"excerpt":{"rendered":"<p>Jos\u00e9 Luis Cabouli: \u00ab\u00a0J\u2019ai voulu \u00eatre un chirurgien des \u00e2mes\u00a0\u00bb. Par Luis Aubele. Interview publi\u00e9 dans le journal \u00ab\u00a0La Naci\u00f3n\u00a0\u00bb, Buenos Aires, 22.03.2009. \u00ab\u00a0Qu\u2019\u00e9tais-je avant d\u2019\u00eatre Jos\u00e9 Luis\u00a0?\u00a0\u00bb Il commen\u00e7ait &hellip; <a href=\"https:\/\/animaweb.blog.pangea.org\/fr\/jose-luis-cabouli-vaig-voler-ser-un-cirurgia-danimes\/\" class=\"more-link\">Continuer la lecture<span class=\"screen-reader-text\"> de &laquo;&nbsp;Jos\u00e9 Luis Cabouli: \u00ab J\u2019ai voulu \u00eatre un chirurgien des \u00e2mes \u00bb.&nbsp;&raquo;<\/span><\/a><\/p>\n","protected":false},"author":12345698,"featured_media":0,"parent":0,"menu_order":0,"comment_status":"closed","ping_status":"closed","template":"","meta":{"ngg_post_thumbnail":0,"footnotes":""},"class_list":["post-34","page","type-page","status-publish","hentry"],"_links":{"self":[{"href":"https:\/\/animaweb.blog.pangea.org\/fr\/wp-json\/wp\/v2\/pages\/34","targetHints":{"allow":["GET"]}}],"collection":[{"href":"https:\/\/animaweb.blog.pangea.org\/fr\/wp-json\/wp\/v2\/pages"}],"about":[{"href":"https:\/\/animaweb.blog.pangea.org\/fr\/wp-json\/wp\/v2\/types\/page"}],"author":[{"embeddable":true,"href":"https:\/\/animaweb.blog.pangea.org\/fr\/wp-json\/wp\/v2\/users\/12345698"}],"replies":[{"embeddable":true,"href":"https:\/\/animaweb.blog.pangea.org\/fr\/wp-json\/wp\/v2\/comments?post=34"}],"version-history":[{"count":10,"href":"https:\/\/animaweb.blog.pangea.org\/fr\/wp-json\/wp\/v2\/pages\/34\/revisions"}],"predecessor-version":[{"id":2400,"href":"https:\/\/animaweb.blog.pangea.org\/fr\/wp-json\/wp\/v2\/pages\/34\/revisions\/2400"}],"wp:attachment":[{"href":"https:\/\/animaweb.blog.pangea.org\/fr\/wp-json\/wp\/v2\/media?parent=34"}],"curies":[{"name":"wp","href":"https:\/\/api.w.org\/{rel}","templated":true}]}}